{"id":3328,"date":"2018-03-20T01:07:58","date_gmt":"2018-03-20T01:07:58","guid":{"rendered":"http:\/\/wbamp.com\/product\/thunderbird-dual-mono-wzmacniacz-zintegrowany\/"},"modified":"2018-10-19T17:49:48","modified_gmt":"2018-10-19T17:49:48","slug":"thunderbird-dual-mono-wzmacniacz-zintegrowany","status":"publish","type":"product","link":"https:\/\/www.wbamp.com\/pl\/produkt\/thunderbird-dual-mono-wzmacniacz-zintegrowany\/","title":{"rendered":"Thunderbird Dual Mono \u2013 wzmacniacz zintegrowany"},"content":{"rendered":"<p><img loading=\"lazy\" decoding=\"async\" src=\"http:\/\/wbamp.com\/wp-content\/uploads\/\/Thunderbird-Dual-Mono-Integrated-Tube-Amplifier-front-top-900x600.jpg\" alt=\"\" width=\"700\" height=\"467\" class=\"alignright size-medium wp-image-3206\" srcset=\"https:\/\/www.wbamp.com\/wp-content\/uploads\/Thunderbird-Dual-Mono-Integrated-Tube-Amplifier-front-top-900x600.jpg 900w, https:\/\/www.wbamp.com\/wp-content\/uploads\/Thunderbird-Dual-Mono-Integrated-Tube-Amplifier-front-top-700x467.jpg 700w, https:\/\/www.wbamp.com\/wp-content\/uploads\/Thunderbird-Dual-Mono-Integrated-Tube-Amplifier-front-top-768x512.jpg 768w, https:\/\/www.wbamp.com\/wp-content\/uploads\/Thunderbird-Dual-Mono-Integrated-Tube-Amplifier-front-top-1080x720.jpg 1080w, https:\/\/www.wbamp.com\/wp-content\/uploads\/Thunderbird-Dual-Mono-Integrated-Tube-Amplifier-front-top.jpg 1500w\" sizes=\"(max-width: 700px) 100vw, 700px\" \/><strong class=\"intro\">Ka\u017cdy z kana\u0142\u00f3w posiada zupe\u0142nie odr\u0119bny wzmacniacz z w\u0142asnym transformatorem zasilaj\u0105cym, zasilaczami anodowymi, biasu, \u017carzenia lamp oraz pozosta\u0142ymi obwodami nie maj\u0105cymi po\u0142\u0105cze\u0144 z uk\u0142adami drugiego kana\u0142u wzmacniacza. Pozwala to na uzyskanie idealnej stereofonii odbieranej jako brzmienie przestrzenne i pe\u0142ne je\u015bli chodzi o pasmo i scen\u0119. Klasa AB pozwala na uzyskanie relatywnie du\u017cej mocy wzmacniacza. W por\u00f3wnaniu ze wzmacniaczami klasy A w klasie AB to g\u0142\u00f3wnie sygna\u0142 akustyczny steruje pr\u0105dem p\u0142yn\u0105cym w lampach mocy co przek\u0142ada si\u0119 na ich wi\u0119ksz\u0105 \u017cywotno\u015b\u0107. W niskich przedzia\u0142ach g\u0142o\u015bno\u015bci (do 7W na kana\u0142) wzmacniacz nie przekracza pr\u0105du spoczynkowego i pracuje jako pe\u0142na klasa A. W klas\u0119 B przechodzi automatycznie gdy warto\u015b\u0107 pr\u0105du lamp przekroczy pr\u0105d spoczynkowy co ma miejsce podczas g\u0142o\u015bniejszych ods\u0142uch\u00f3w.<\/strong><\/p>\n<p>Thunderbird wykorzystuje dwie pary lamp KT150 co umo\u017cliwia mu oddawanie do g\u0142o\u015bnik\u00f3w bez zniekszta\u0142ce\u0144 ci\u0105g\u0142ej mocy oko\u0142o 2 x 70W. Jako lampa steruj\u0105ca w ka\u017cdym z kana\u0142\u00f3w pracuje 12AX7 EHG, kt\u00f3rej jedna z wewn\u0119trznych triod wzmacnia napi\u0119cie sygna\u0142u wej\u015bciowego, a druga pracuje jako inwerter fazy. Dzi\u0119ki zrealizowaniu odwracacza fazy na pojedynczej triodzie po\u0142\u00f3wki sygna\u0142u w przeciwfazach s\u0105 precyzyjne i m.in. z tego powodu wzmacniacz charakteryzuje si\u0119 bardzo ma\u0142ymi zniekszta\u0142ceniami nawet na du\u017cych poziomach g\u0142o\u015bno\u015bci. Taki uk\u0142ad zapewnia mu tak\u017ce \u015bwietn\u0105 kontrol\u0119 nad pasmem akustycznym. D\u017awi\u0119k jest przestrzenny oraz zr\u00f3wnowa\u017cony w ka\u017cdym zakresie pasma. U\u017cycie pojedynczej duotriody w stopniu wst\u0119pnym oraz inwertera pozwala tak\u017ce unikn\u0105\u0107 konieczno\u015bci parowania lamp steruj\u0105cych w ka\u017cdym z kana\u0142\u00f3w co ma miejsce w wi\u0119kszo\u015bci konstrukcji wzmacniaczy PP. U\u017cytkownik mo\u017ce zatem przy minimalnej inwestycji w lampy steruj\u0105ce (2 x lampa typu ECC83 na ca\u0142y wzmacniacz) modyfikowa\u0107 jego brzmienie.<\/p>\n<p>Thunderbird Dual Mono posiada dwa dedykowane do urz\u0105dze\u0144 audio transformatory zasilaj\u0105ce (ka\u017cdy dla osobnego kana\u0142u). Pozwala to na wykasowanie drga\u0144 transformatora i wyt\u0142umienie jego pracy. Ka\u017cdy z transformator\u00f3w podaje napi\u0119cie na zasilacz anodowy, \u017carzenie lamp mocy, \u017carzenie lampy steruj\u0105cej i inwertera (lampa \u017carzy si\u0119 pr\u0105dem sta\u0142ym stabilizowanym za pomoc\u0105 elektroniki co eliminuje zak\u0142\u00f3cenia sieci energetycznej), zasilacz biasu oraz pod\u015bwietlenia zegara na przednim panelu, kt\u00f3ry jest wska\u017anikiem wysterowania wzmacniacza.<\/p>\n<p><img loading=\"lazy\" decoding=\"async\" src=\"http:\/\/wbamp.com\/wp-content\/uploads\/\/Thunderbird-Dual-Mono-Integrated-Tube-Amplifier-back-top-900x600.jpg\" alt=\"\" width=\"700\" height=\"467\" class=\"alignleft size-medium wp-image-3208\" srcset=\"https:\/\/www.wbamp.com\/wp-content\/uploads\/Thunderbird-Dual-Mono-Integrated-Tube-Amplifier-back-top-900x600.jpg 900w, https:\/\/www.wbamp.com\/wp-content\/uploads\/Thunderbird-Dual-Mono-Integrated-Tube-Amplifier-back-top-700x467.jpg 700w, https:\/\/www.wbamp.com\/wp-content\/uploads\/Thunderbird-Dual-Mono-Integrated-Tube-Amplifier-back-top-768x512.jpg 768w, https:\/\/www.wbamp.com\/wp-content\/uploads\/Thunderbird-Dual-Mono-Integrated-Tube-Amplifier-back-top-1080x720.jpg 1080w, https:\/\/www.wbamp.com\/wp-content\/uploads\/Thunderbird-Dual-Mono-Integrated-Tube-Amplifier-back-top.jpg 1500w\" sizes=\"(max-width: 700px) 100vw, 700px\" \/>W sekcji wyj\u015bciowej wzmacniacza Thunderbird Dual Mono pracuj\u0105 dwa transformatory g\u0142o\u015bnikowe Edis LO-PP80-1. Zapewniaj\u0105 mo\u017cliwo\u015b\u0107 wsp\u00f3\u0142pracy wzmacniacza z obci\u0105\u017ceniem 4\u03a9, 6\u03a9 oraz 8\u03a9. Na tylnym panelu znajduje si\u0119 selektor wyboru 4\u03a9\/8\u03a9 (dla impedancji kolumn 6\u03a9 wybiera si\u0119 ustawienie 8\u03a9). Transformatory g\u0142o\u015bnikowe daj\u0105 mo\u017cliwo\u015b\u0107 ustawienia pracy lamp mocy w trybie tzw. ultralinearnym oraz jako trioda. Na \u017cyczenie klienta mo\u017cliwe jest zastosowanie dodatkowego prze\u0142\u0105cznika, kt\u00f3ry umo\u017cliwia wyb\u00f3r pracy pomi\u0119dzy tymi dwoma trybami. W przypadku wersji bez takiego selektora wzmacniacz ustawiony jest domy\u015blnie w tryb ultralinearny. W trybie triody wzmacniacz posiada mniejsze wzmocnienie, a brzmienie jest bardziej zaokr\u0105glone z nieco wolniejszym d\u017awi\u0119kiem. Tryb ultralinearny zapewnia najwi\u0119ksze wzmocnienie oraz dynamik\u0119. \u0141\u0105czy w sobie zalety triody oraz pentody. Wszystkie transformatory znajduj\u0105 si\u0119 wewn\u0105trz obudowy wzmacniacza. Dzi\u0119ki temu mo\u017cna by\u0142o unikn\u0105\u0107 wystawiania ich na g\u00f3rnym panelu co cz\u0119sto ma miejsce w wielu konstrukcjach wzmacniaczy lampowych. Mimo, \u017ce standardowo stosujemy ta\u0144sze transformatory z rdzeniami nieamorficznymi jako opcja mo\u017cliwe jest tak\u017ce zam\u00f3wienie egzemplarza wzmacniacza Silverbird wyposa\u017conego w par\u0119 transformator\u00f3w wyj\u015bciowych z rdzeniami amorficznymi produkcji firmy Edis \u2013 L.Ogonowski. Zapewniaj\u0105 one absolutnie bezkompromisow\u0105 jako\u015b\u0107 brzmienia. <\/p>\n<p>Na specjalne \u017cyczenie klienta mo\u017cliwe jest wyposa\u017cenie wzmacniacza w dodatkowy modu\u0142 zdalnego sterowania g\u0142o\u015bno\u015bci oraz za\u0142\u0105czania zasilania. Poza tym zamiast potencjometru mo\u017cliwe jest tak\u017ce zamontowanie drabinki rezystorowej firmy Khozmo Acoustic r\u00f3wnie\u017c w wersji z silnikiem umo\u017cliwiaj\u0105cym zdalne sterowanie pilotem.<br \/>\nThunderbird Dual Mono powstaje w du\u017cej metalowej obudowie do kt\u00f3rej montowane s\u0105 markowe gniazda o wysokiej jako\u015bci. Istnieje jednak mo\u017cliwo\u015b\u0107 wyboru z\u0142\u0105cz innych ni\u017c standardowe zgodnie z wol\u0105 klienta. Na przednim panelu poza 30mm aluminiow\u0105 ga\u0142k\u0105 do ustawiania g\u0142o\u015bno\u015bci znajduj\u0105 si\u0119 dwa analogowe zegary wskazuj\u0105ce wysterowanie wzmacniacza w ka\u017cdym z kana\u0142\u00f3w. Wzmacniacz stoi na solidnych, szerokich n\u00f3\u017ckach wykonanych z wysokiej jako\u015bci aluminium. N\u00f3\u017cki od spodu posiadaj\u0105 warstw\u0119 gumy co dodatkowo (poza jego mas\u0105 \u2013 ponad 30kg) stabilizuje wzmacniacz na pod\u0142o\u017cu.<\/p>\n","protected":false},"excerpt":{"rendered":"<p>Thunderbird Dual Mono &#8211; zintegrowany, w pe\u0142ni lampowy wzmacniacz typu Push-Pull (klasa AB) pracuj\u0105cy w trybie dw\u00f3ch ca\u0142kowicie odseparowanych tor\u00f3w audio oraz zasilania. Odpowiednia konstrukcja zapewnia mu mo\u017cliwo\u015b\u0107 wsp\u00f3\u0142pracy ze \u017ar\u00f3d\u0142ami sygna\u0142u liniowego (np. CD, DAC) bez konieczno\u015bci stosowania dodatkowego przedwzmacniacza jednocze\u015bnie nie wykluczaj\u0105c jego u\u017cycia.<\/p>\n<div class='one_half'>\n\t\t\t\t\t<ul>\n<li>Typ: <b>lampowy, klasa AB, trioda, tetroda Dual Mono<\/b>\n<li>Moc wyj\u015bciowa: <b>2 x 70W \/ 4\u03a9 \/ 8\u03a9<\/b>\n<li>Impedancja wej\u015bciowa: <b>50k\u03a9<\/b>\n<li>Impedancja wyj\u015bciowa: <b>4\u03a9 \/ 8\u03a9<\/b>\n<li>Amplituda napi\u0119cia wej\u015bciowego: <b>2 V \u2013 12 V (max)<\/b>\n<li>Zasilanie anodowe: <b>550VDC<\/b>\n<\/ul>\n\t\t\t\t<\/div><div class='one_half et_column_last'>\n\t\t\t\t\t<ul>\n<li>Zasilanie \u017carzenia: <b>6,3 VAC, 12,6 VDC<\/b>\n<li>Wej\u015bcia: <b>1 x RCA Stereo<\/b>\n<li>Pob\u00f3r mocy: <b>300W<\/b>\n<li>Bezpiecznik: <b>3,15A<\/b>\n<li>Masa: <b>28 kg<\/b>\n<li>Wymiary: <b>440mm (szer.), 460mm (g\u0142\u0119b.), 100mm (wys.)<\/b>\n<\/ul>\n\t\t\t\t<\/div><div class='clear'><\/div><\/p>\n","protected":false},"featured_media":3211,"template":"","meta":{"_et_pb_use_builder":"","_et_pb_old_content":"","_et_gb_content_width":""},"product_brand":[],"product_cat":[36,35],"product_tag":[],"class_list":{"0":"post-3328","1":"product","2":"type-product","3":"status-publish","4":"has-post-thumbnail","6":"product_cat-klasa-ab","7":"product_cat-lampowe-wzmacniacze-do-kolumn","9":"first","10":"instock","11":"shipping-taxable","12":"purchasable","13":"product-type-simple"},"yoast_head":"<!-- This site is optimized with the Yoast SEO plugin v25.3.1 - https:\/\/yoast.com\/wordpress\/plugins\/seo\/ -->\n<title>Thunderbird Dual Mono \u2013 wzmacniacz zintegrowany - White Bird Amplification<\/title>\n<meta name=\"robots\" content=\"index, follow, max-snippet:-1, max-image-preview:large, max-video-preview:-1\" \/>\n<link rel=\"canonical\" href=\"https:\/\/www.wbamp.com\/pl\/produkt\/thunderbird-dual-mono-wzmacniacz-zintegrowany\/\" \/>\n<meta property=\"og:locale\" content=\"pl_PL\" \/>\n<meta property=\"og:type\" content=\"article\" \/>\n<meta property=\"og:title\" content=\"Thunderbird Dual Mono \u2013 wzmacniacz zintegrowany - White Bird Amplification\" \/>\n<meta property=\"og:description\" content=\"Thunderbird Dual Mono - zintegrowany, w pe\u0142ni lampowy wzmacniacz typu Push-Pull (klasa AB) pracuj\u0105cy w trybie dw\u00f3ch ca\u0142kowicie odseparowanych tor\u00f3w audio oraz zasilania. Odpowiednia konstrukcja zapewnia mu mo\u017cliwo\u015b\u0107 wsp\u00f3\u0142pracy ze \u017ar\u00f3d\u0142ami sygna\u0142u liniowego (np. CD, DAC) bez konieczno\u015bci stosowania dodatkowego przedwzmacniacza jednocze\u015bnie nie wykluczaj\u0105c jego u\u017cycia.\" \/>\n<meta property=\"og:url\" content=\"https:\/\/www.wbamp.com\/pl\/produkt\/thunderbird-dual-mono-wzmacniacz-zintegrowany\/\" \/>\n<meta property=\"og:site_name\" content=\"White Bird Amplification\" \/>\n<meta property=\"article:modified_time\" content=\"2018-10-19T17:49:48+00:00\" \/>\n<meta property=\"og:image\" content=\"https:\/\/www.wbamp.com\/wp-content\/uploads\/Thunderbird-Dual-Mono-Integrated-Tube-Amplifier-side-top.jpg\" \/>\n\t<meta property=\"og:image:width\" content=\"1500\" \/>\n\t<meta property=\"og:image:height\" content=\"1000\" \/>\n\t<meta property=\"og:image:type\" content=\"image\/jpeg\" \/>\n<meta name=\"twitter:card\" content=\"summary_large_image\" \/>\n<meta name=\"twitter:label1\" content=\"Szacowany czas czytania\" \/>\n\t<meta name=\"twitter:data1\" content=\"4 minuty\" \/>\n<script type=\"application\/ld+json\" class=\"yoast-schema-graph\">{\"@context\":\"https:\/\/schema.org\",\"@graph\":[{\"@type\":\"WebPage\",\"@id\":\"https:\/\/www.wbamp.com\/pl\/produkt\/thunderbird-dual-mono-wzmacniacz-zintegrowany\/\",\"url\":\"https:\/\/www.wbamp.com\/pl\/produkt\/thunderbird-dual-mono-wzmacniacz-zintegrowany\/\",\"name\":\"Thunderbird Dual Mono \u2013 wzmacniacz zintegrowany - White Bird Amplification\",\"isPartOf\":{\"@id\":\"http:\/\/www.wbamp.com\/#website\"},\"primaryImageOfPage\":{\"@id\":\"https:\/\/www.wbamp.com\/pl\/produkt\/thunderbird-dual-mono-wzmacniacz-zintegrowany\/#primaryimage\"},\"image\":{\"@id\":\"https:\/\/www.wbamp.com\/pl\/produkt\/thunderbird-dual-mono-wzmacniacz-zintegrowany\/#primaryimage\"},\"thumbnailUrl\":\"https:\/\/www.wbamp.com\/wp-content\/uploads\/Thunderbird-Dual-Mono-Integrated-Tube-Amplifier-side-top.jpg\",\"datePublished\":\"2018-03-20T01:07:58+00:00\",\"dateModified\":\"2018-10-19T17:49:48+00:00\",\"breadcrumb\":{\"@id\":\"https:\/\/www.wbamp.com\/pl\/produkt\/thunderbird-dual-mono-wzmacniacz-zintegrowany\/#breadcrumb\"},\"inLanguage\":\"pl-PL\",\"potentialAction\":[{\"@type\":\"ReadAction\",\"target\":[\"https:\/\/www.wbamp.com\/pl\/produkt\/thunderbird-dual-mono-wzmacniacz-zintegrowany\/\"]}]},{\"@type\":\"ImageObject\",\"inLanguage\":\"pl-PL\",\"@id\":\"https:\/\/www.wbamp.com\/pl\/produkt\/thunderbird-dual-mono-wzmacniacz-zintegrowany\/#primaryimage\",\"url\":\"https:\/\/www.wbamp.com\/wp-content\/uploads\/Thunderbird-Dual-Mono-Integrated-Tube-Amplifier-side-top.jpg\",\"contentUrl\":\"https:\/\/www.wbamp.com\/wp-content\/uploads\/Thunderbird-Dual-Mono-Integrated-Tube-Amplifier-side-top.jpg\",\"width\":1500,\"height\":1000},{\"@type\":\"BreadcrumbList\",\"@id\":\"https:\/\/www.wbamp.com\/pl\/produkt\/thunderbird-dual-mono-wzmacniacz-zintegrowany\/#breadcrumb\",\"itemListElement\":[{\"@type\":\"ListItem\",\"position\":1,\"name\":\"Home\",\"item\":\"https:\/\/www.wbamp.com\/pl\/\"},{\"@type\":\"ListItem\",\"position\":2,\"name\":\"Sklep\",\"item\":\"https:\/\/www.wbamp.com\/pl\/sklep\/\"},{\"@type\":\"ListItem\",\"position\":3,\"name\":\"Thunderbird Dual Mono \u2013 wzmacniacz zintegrowany\"}]},{\"@type\":\"WebSite\",\"@id\":\"http:\/\/www.wbamp.com\/#website\",\"url\":\"http:\/\/www.wbamp.com\/\",\"name\":\"White Bird Amplification\",\"description\":\"Tube Amplifiers and Preamplifiers\",\"potentialAction\":[{\"@type\":\"SearchAction\",\"target\":{\"@type\":\"EntryPoint\",\"urlTemplate\":\"http:\/\/www.wbamp.com\/?s={search_term_string}\"},\"query-input\":{\"@type\":\"PropertyValueSpecification\",\"valueRequired\":true,\"valueName\":\"search_term_string\"}}],\"inLanguage\":\"pl-PL\"}]}<\/script>\n<!-- \/ Yoast SEO plugin. -->","yoast_head_json":{"title":"Thunderbird Dual Mono \u2013 wzmacniacz zintegrowany - White Bird Amplification","robots":{"index":"index","follow":"follow","max-snippet":"max-snippet:-1","max-image-preview":"max-image-preview:large","max-video-preview":"max-video-preview:-1"},"canonical":"https:\/\/www.wbamp.com\/pl\/produkt\/thunderbird-dual-mono-wzmacniacz-zintegrowany\/","og_locale":"pl_PL","og_type":"article","og_title":"Thunderbird Dual Mono \u2013 wzmacniacz zintegrowany - White Bird Amplification","og_description":"Thunderbird Dual Mono - zintegrowany, w pe\u0142ni lampowy wzmacniacz typu Push-Pull (klasa AB) pracuj\u0105cy w trybie dw\u00f3ch ca\u0142kowicie odseparowanych tor\u00f3w audio oraz zasilania. Odpowiednia konstrukcja zapewnia mu mo\u017cliwo\u015b\u0107 wsp\u00f3\u0142pracy ze \u017ar\u00f3d\u0142ami sygna\u0142u liniowego (np. CD, DAC) bez konieczno\u015bci stosowania dodatkowego przedwzmacniacza jednocze\u015bnie nie wykluczaj\u0105c jego u\u017cycia.","og_url":"https:\/\/www.wbamp.com\/pl\/produkt\/thunderbird-dual-mono-wzmacniacz-zintegrowany\/","og_site_name":"White Bird Amplification","article_modified_time":"2018-10-19T17:49:48+00:00","og_image":[{"width":1500,"height":1000,"url":"https:\/\/www.wbamp.com\/wp-content\/uploads\/Thunderbird-Dual-Mono-Integrated-Tube-Amplifier-side-top.jpg","type":"image\/jpeg"}],"twitter_card":"summary_large_image","twitter_misc":{"Szacowany czas czytania":"4 minuty"},"schema":{"@context":"https:\/\/schema.org","@graph":[{"@type":"WebPage","@id":"https:\/\/www.wbamp.com\/pl\/produkt\/thunderbird-dual-mono-wzmacniacz-zintegrowany\/","url":"https:\/\/www.wbamp.com\/pl\/produkt\/thunderbird-dual-mono-wzmacniacz-zintegrowany\/","name":"Thunderbird Dual Mono \u2013 wzmacniacz zintegrowany - White Bird Amplification","isPartOf":{"@id":"http:\/\/www.wbamp.com\/#website"},"primaryImageOfPage":{"@id":"https:\/\/www.wbamp.com\/pl\/produkt\/thunderbird-dual-mono-wzmacniacz-zintegrowany\/#primaryimage"},"image":{"@id":"https:\/\/www.wbamp.com\/pl\/produkt\/thunderbird-dual-mono-wzmacniacz-zintegrowany\/#primaryimage"},"thumbnailUrl":"https:\/\/www.wbamp.com\/wp-content\/uploads\/Thunderbird-Dual-Mono-Integrated-Tube-Amplifier-side-top.jpg","datePublished":"2018-03-20T01:07:58+00:00","dateModified":"2018-10-19T17:49:48+00:00","breadcrumb":{"@id":"https:\/\/www.wbamp.com\/pl\/produkt\/thunderbird-dual-mono-wzmacniacz-zintegrowany\/#breadcrumb"},"inLanguage":"pl-PL","potentialAction":[{"@type":"ReadAction","target":["https:\/\/www.wbamp.com\/pl\/produkt\/thunderbird-dual-mono-wzmacniacz-zintegrowany\/"]}]},{"@type":"ImageObject","inLanguage":"pl-PL","@id":"https:\/\/www.wbamp.com\/pl\/produkt\/thunderbird-dual-mono-wzmacniacz-zintegrowany\/#primaryimage","url":"https:\/\/www.wbamp.com\/wp-content\/uploads\/Thunderbird-Dual-Mono-Integrated-Tube-Amplifier-side-top.jpg","contentUrl":"https:\/\/www.wbamp.com\/wp-content\/uploads\/Thunderbird-Dual-Mono-Integrated-Tube-Amplifier-side-top.jpg","width":1500,"height":1000},{"@type":"BreadcrumbList","@id":"https:\/\/www.wbamp.com\/pl\/produkt\/thunderbird-dual-mono-wzmacniacz-zintegrowany\/#breadcrumb","itemListElement":[{"@type":"ListItem","position":1,"name":"Home","item":"https:\/\/www.wbamp.com\/pl\/"},{"@type":"ListItem","position":2,"name":"Sklep","item":"https:\/\/www.wbamp.com\/pl\/sklep\/"},{"@type":"ListItem","position":3,"name":"Thunderbird Dual Mono \u2013 wzmacniacz zintegrowany"}]},{"@type":"WebSite","@id":"http:\/\/www.wbamp.com\/#website","url":"http:\/\/www.wbamp.com\/","name":"White Bird Amplification","description":"Tube Amplifiers and Preamplifiers","potentialAction":[{"@type":"SearchAction","target":{"@type":"EntryPoint","urlTemplate":"http:\/\/www.wbamp.com\/?s={search_term_string}"},"query-input":{"@type":"PropertyValueSpecification","valueRequired":true,"valueName":"search_term_string"}}],"inLanguage":"pl-PL"}]}},"_links":{"self":[{"href":"https:\/\/www.wbamp.com\/pl\/wp-json\/wp\/v2\/product\/3328","targetHints":{"allow":["GET"]}}],"collection":[{"href":"https:\/\/www.wbamp.com\/pl\/wp-json\/wp\/v2\/product"}],"about":[{"href":"https:\/\/www.wbamp.com\/pl\/wp-json\/wp\/v2\/types\/product"}],"wp:featuredmedia":[{"embeddable":true,"href":"https:\/\/www.wbamp.com\/pl\/wp-json\/wp\/v2\/media\/3211"}],"wp:attachment":[{"href":"https:\/\/www.wbamp.com\/pl\/wp-json\/wp\/v2\/media?parent=3328"}],"wp:term":[{"taxonomy":"product_brand","embeddable":true,"href":"https:\/\/www.wbamp.com\/pl\/wp-json\/wp\/v2\/product_brand?post=3328"},{"taxonomy":"product_cat","embeddable":true,"href":"https:\/\/www.wbamp.com\/pl\/wp-json\/wp\/v2\/product_cat?post=3328"},{"taxonomy":"product_tag","embeddable":true,"href":"https:\/\/www.wbamp.com\/pl\/wp-json\/wp\/v2\/product_tag?post=3328"}],"curies":[{"name":"wp","href":"https:\/\/api.w.org\/{rel}","templated":true}]}}