{"id":3326,"date":"2018-03-19T23:03:27","date_gmt":"2018-03-19T23:03:27","guid":{"rendered":"http:\/\/wbamp.com\/product\/firebird\/"},"modified":"2018-10-20T14:15:35","modified_gmt":"2018-10-20T14:15:35","slug":"firebird","status":"publish","type":"product","link":"https:\/\/www.wbamp.com\/pl\/produkt\/firebird\/","title":{"rendered":"Firebird"},"content":{"rendered":"<p><img loading=\"lazy\" decoding=\"async\" src=\"http:\/\/wbamp.com\/wp-content\/uploads\/\/Firebird-Class-A-Preamplifier-back-900x600.jpg\" alt=\"\" width=\"700\" height=\"467\" class=\"alignright size-medium wp-image-3201\" srcset=\"https:\/\/www.wbamp.com\/wp-content\/uploads\/Firebird-Class-A-Preamplifier-back-900x600.jpg 900w, https:\/\/www.wbamp.com\/wp-content\/uploads\/Firebird-Class-A-Preamplifier-back-700x467.jpg 700w, https:\/\/www.wbamp.com\/wp-content\/uploads\/Firebird-Class-A-Preamplifier-back-768x512.jpg 768w, https:\/\/www.wbamp.com\/wp-content\/uploads\/Firebird-Class-A-Preamplifier-back-1080x720.jpg 1080w, https:\/\/www.wbamp.com\/wp-content\/uploads\/Firebird-Class-A-Preamplifier-back.jpg 1500w\" sizes=\"(max-width: 700px) 100vw, 700px\" \/><strong class=\"intro\">Preamp Firebird posiada stopie\u0144 wzmocnienia napi\u0119ciowego oraz wt\u00f3rnik pr\u0105dowy (tzw. bufor) w ka\u017cdym z kana\u0142\u00f3w. Pozwala to uzyska\u0107 optymalne wzmocnienie, a tak\u017ce przyczynia si\u0119 do wyeksponowania maksimum charakteru lampowego brzmienia. Umo\u017cliwia tak\u017ce uzyskanie r\u00f3\u017cnych rodzaj\u00f3w brzmienia tylko poprzez wymian\u0119 lamp. Wymiana lamp jest mo\u017cliwa tylko na odpowiedniki danego rodzaju lampy zastosowanej w premapie &#8211; 6922 EHG (ECC88), 12AU7 EHG (ECC82), 6H30Pi (6N6P). <\/strong><\/p>\n<p>Przedwzmacniacz Firebird oferuje brzmienie naturalne z szerok\u0105 mo\u017cliwo\u015bci\u0105 jego edycji poprzez stosowanie r\u00f3\u017cnych lamp. Np. dla lamp 6922 EHG s\u0105 to ECC88, 6N23P, 6N23P-EW, 6DJ8 itp. \u017bywotno\u015b\u0107 lamp tego typu mo\u017ce si\u0119ga\u0107 nawet do 10 000h. U\u017cycie na wyj\u015bciu bufora pr\u0105dowego pozwala dopasowa\u0107 przedwzmacniacz nawet do najbardziej wymagaj\u0105cych wzmacniaczy mocy. Dzi\u0119ki temu preamp mo\u017ce wsp\u00f3\u0142pracowa\u0107 zar\u00f3wno ze wzmacniaczami zintegrowanymi jak i ko\u0144c\u00f3wkami mocy.<\/p>\n<p>Firebird posiada solidn\u0105 metalow\u0105 obudow\u0119 (ca\u0142o\u015b\u0107 w podstawowej wersji ma mas\u0119 oko\u0142o 7kg), aluminiowe ga\u0142ki o \u015brednicy 30mm, metalowe, toczone n\u00f3\u017cki, solidne markowe prze\u0142\u0105czniki, gniazda RCA CMC, IEC oraz dedykowany system selekcji \u017ar\u00f3de\u0142 i pod\u0142\u0105czonych odbiornik\u00f3w. Prze\u0142\u0105czanie sygna\u0142\u00f3w wej\u015bciowych odbywa si\u0119 za pomoc\u0105 przeka\u017anik\u00f3w mechanicznych (najlepsza separacja sygna\u0142\u00f3w oraz transparentno\u015b\u0107) umieszczonych w bezpo\u015brednim s\u0105siedztwie gniazd RCA. Pozwala to na unikni\u0119cie prowadzenia sygna\u0142\u00f3w audio podatnych na zak\u0142\u00f3cenia do selektor\u00f3w na przednim panelu. Selektory na przednim panelu s\u0142u\u017c\u0105 jedynie do sterowania niezale\u017cnymi od toru audio mikrokontrolerami, kt\u00f3re wt\u00f3rnie za\u0142\u0105czaj\u0105 odpowiednie przeka\u017aniki co pozwala u\u017cytkownikowi wybra\u0107 \u017ar\u00f3d\u0142o lub odbiornik, kt\u00f3re go interesuj\u0105. Na \u017cyczenie mo\u017cliwe jest tak\u017ce zastosowanie regulacji g\u0142o\u015bno\u015bci za pomoc\u0105 pilota oraz zdalne za\u0142\u0105czanie zasilania.<\/p>\n","protected":false},"excerpt":{"rendered":"<p>Firebird \u2013 przedwzmacniacz lampowy przeznaczony do wsp\u00f3\u0142pracy z sygna\u0142ami liniowymi (np. z CD, DAC itp.) Jego tor audio (w 100% lampowy) opiera si\u0119 na dw\u00f3ch lampach ECC88 Gold Lion, 12AU7 EHG lub 6H30Pi EHG (do wyboru). W wyj\u015bciowej wersji tego modelu s\u0105 to lampy 6922 EHG, ale mo\u017cliwe jest skonfigurowanie go do pracy z inn\u0105 par\u0105 lamp. Ka\u017cdy z wymienionych modeli lamp ma w\u0142asne specyficzne brzmienie i klient mo\u017ce wed\u0142ug w\u0142asnego uznania wybra\u0107 rodzaj triod pracuj\u0105cych w przedwzmacniaczu. Preamp posiada zintegrowany zasilacz o poczw\u00f3rnej filtracji bez zastosowania stabilizuj\u0105cych element\u00f3w p\u00f3\u0142przewodnikowych. Filtracja zrealizowana jest wy\u0142\u0105cznie na elementach dyskretnych w postaci rezystor\u00f3w oraz kondensator\u00f3w. Drug\u0105 zintegrowan\u0105 sekcj\u0105 uk\u0142adu jest zasilacz \u017carzenia lamp, kt\u00f3ry dla zapewnienia jak najlepszych warunk\u00f3w pracy przedwzmacniacza dostarcza ich \u017carnikom pr\u0105d sta\u0142y. Filtracja eliminuje zupe\u0142nie zak\u0142\u00f3cenia sieci energetycznej oraz dostarcza precyzyjne napi\u0119cie pracy. Toroidalny transformator zasilaj\u0105cy wykonany jest w technologii stosowanej w sprz\u0119cie audio (eliminacja przyd\u017awi\u0119k\u00f3w transformatora).<\/p>\n<div class='one_half'>\n\t\t\t\t\t<ul>\n<li>Typ: <b>lampowy, klasa A, trioda, Dual Mono<\/b>\n<li>Impedancja wej\u015bciowa: <b>50k\u03a9<\/b>\n<li>Impedancja wyj\u015bciowa: <b>85\u03a9<\/b>\n<li>Amplituda napi\u0119cia wej\u015bciowego: <b>2 V \u2013 12 V (max)<\/b>\n<li>Zasilanie anodowe: <b>200VDC<\/b>\n<li>Zasilanie \u017carzenia: <b>6,3 VDC<\/b><\/ul>\n\t\t\t\t<\/div><div class='one_half et_column_last'>\n\t\t\t\t\t<ul>\n<li>Lampy: <b>ECC88 Gold Lion  x 2<\/b>\n<li>Pob\u00f3r mocy: <b>20W<\/b>\n<li>Bezpiecznik: <b>400mA<\/b>\n<li>Masa: <b>7,5 kg<\/b>\n<li>Wymiary: <b>310mm (szer.), 260mm (g\u0142\u0119b.), 70mm (wys.)<\/b><\/ul>\n\t\t\t\t<\/div><div class='clear'><\/div><\/p>\n","protected":false},"featured_media":3200,"template":"","meta":{"_et_pb_use_builder":"","_et_pb_old_content":"","_et_gb_content_width":""},"product_brand":[],"product_cat":[33,34],"product_tag":[],"class_list":{"0":"post-3326","1":"product","2":"type-product","3":"status-publish","4":"has-post-thumbnail","6":"product_cat-klasa-a","7":"product_cat-przedwzmacniacze-lampowe","9":"first","10":"instock","11":"shipping-taxable","12":"purchasable","13":"product-type-simple"},"yoast_head":"<!-- This site is optimized with the Yoast SEO plugin v25.3.1 - https:\/\/yoast.com\/wordpress\/plugins\/seo\/ -->\n<title>Firebird - White Bird Amplification<\/title>\n<meta name=\"robots\" content=\"index, follow, max-snippet:-1, max-image-preview:large, max-video-preview:-1\" \/>\n<link rel=\"canonical\" href=\"https:\/\/www.wbamp.com\/pl\/produkt\/firebird\/\" \/>\n<meta property=\"og:locale\" content=\"pl_PL\" \/>\n<meta property=\"og:type\" content=\"article\" \/>\n<meta property=\"og:title\" content=\"Firebird - White Bird Amplification\" \/>\n<meta property=\"og:description\" content=\"Firebird \u2013 przedwzmacniacz lampowy przeznaczony do wsp\u00f3\u0142pracy z sygna\u0142ami liniowymi (np. z CD, DAC itp.) Jego tor audio (w 100% lampowy) opiera si\u0119 na dw\u00f3ch lampach ECC88 Gold Lion, 12AU7 EHG lub 6H30Pi EHG (do wyboru). W wyj\u015bciowej wersji tego modelu s\u0105 to lampy 6922 EHG, ale mo\u017cliwe jest skonfigurowanie go do pracy z inn\u0105 par\u0105 lamp. Ka\u017cdy z wymienionych modeli lamp ma w\u0142asne specyficzne brzmienie i klient mo\u017ce wed\u0142ug w\u0142asnego uznania wybra\u0107 rodzaj triod pracuj\u0105cych w przedwzmacniaczu. Preamp posiada zintegrowany zasilacz o poczw\u00f3rnej filtracji bez zastosowania stabilizuj\u0105cych element\u00f3w p\u00f3\u0142przewodnikowych. Filtracja zrealizowana jest wy\u0142\u0105cznie na elementach dyskretnych w postaci rezystor\u00f3w oraz kondensator\u00f3w. Drug\u0105 zintegrowan\u0105 sekcj\u0105 uk\u0142adu jest zasilacz \u017carzenia lamp, kt\u00f3ry dla zapewnienia jak najlepszych warunk\u00f3w pracy przedwzmacniacza dostarcza ich \u017carnikom pr\u0105d sta\u0142y. Filtracja eliminuje zupe\u0142nie zak\u0142\u00f3cenia sieci energetycznej oraz dostarcza precyzyjne napi\u0119cie pracy. Toroidalny transformator zasilaj\u0105cy wykonany jest w technologii stosowanej w sprz\u0119cie audio (eliminacja przyd\u017awi\u0119k\u00f3w transformatora).\" \/>\n<meta property=\"og:url\" content=\"https:\/\/www.wbamp.com\/pl\/produkt\/firebird\/\" \/>\n<meta property=\"og:site_name\" content=\"White Bird Amplification\" \/>\n<meta property=\"article:modified_time\" content=\"2018-10-20T14:15:35+00:00\" \/>\n<meta property=\"og:image\" content=\"https:\/\/www.wbamp.com\/wp-content\/uploads\/Firebird-Class-A-Preamplifier-top-side.jpg\" \/>\n\t<meta property=\"og:image:width\" content=\"1500\" \/>\n\t<meta property=\"og:image:height\" content=\"1000\" \/>\n\t<meta property=\"og:image:type\" content=\"image\/jpeg\" \/>\n<meta name=\"twitter:card\" content=\"summary_large_image\" \/>\n<meta name=\"twitter:label1\" content=\"Szacowany czas czytania\" \/>\n\t<meta name=\"twitter:data1\" content=\"2 minuty\" \/>\n<script type=\"application\/ld+json\" class=\"yoast-schema-graph\">{\"@context\":\"https:\/\/schema.org\",\"@graph\":[{\"@type\":\"WebPage\",\"@id\":\"https:\/\/www.wbamp.com\/pl\/produkt\/firebird\/\",\"url\":\"https:\/\/www.wbamp.com\/pl\/produkt\/firebird\/\",\"name\":\"Firebird - White Bird Amplification\",\"isPartOf\":{\"@id\":\"http:\/\/www.wbamp.com\/#website\"},\"primaryImageOfPage\":{\"@id\":\"https:\/\/www.wbamp.com\/pl\/produkt\/firebird\/#primaryimage\"},\"image\":{\"@id\":\"https:\/\/www.wbamp.com\/pl\/produkt\/firebird\/#primaryimage\"},\"thumbnailUrl\":\"https:\/\/www.wbamp.com\/wp-content\/uploads\/Firebird-Class-A-Preamplifier-top-side.jpg\",\"datePublished\":\"2018-03-19T23:03:27+00:00\",\"dateModified\":\"2018-10-20T14:15:35+00:00\",\"breadcrumb\":{\"@id\":\"https:\/\/www.wbamp.com\/pl\/produkt\/firebird\/#breadcrumb\"},\"inLanguage\":\"pl-PL\",\"potentialAction\":[{\"@type\":\"ReadAction\",\"target\":[\"https:\/\/www.wbamp.com\/pl\/produkt\/firebird\/\"]}]},{\"@type\":\"ImageObject\",\"inLanguage\":\"pl-PL\",\"@id\":\"https:\/\/www.wbamp.com\/pl\/produkt\/firebird\/#primaryimage\",\"url\":\"https:\/\/www.wbamp.com\/wp-content\/uploads\/Firebird-Class-A-Preamplifier-top-side.jpg\",\"contentUrl\":\"https:\/\/www.wbamp.com\/wp-content\/uploads\/Firebird-Class-A-Preamplifier-top-side.jpg\",\"width\":1500,\"height\":1000},{\"@type\":\"BreadcrumbList\",\"@id\":\"https:\/\/www.wbamp.com\/pl\/produkt\/firebird\/#breadcrumb\",\"itemListElement\":[{\"@type\":\"ListItem\",\"position\":1,\"name\":\"Home\",\"item\":\"https:\/\/www.wbamp.com\/pl\/\"},{\"@type\":\"ListItem\",\"position\":2,\"name\":\"Sklep\",\"item\":\"https:\/\/www.wbamp.com\/pl\/sklep\/\"},{\"@type\":\"ListItem\",\"position\":3,\"name\":\"Firebird\"}]},{\"@type\":\"WebSite\",\"@id\":\"http:\/\/www.wbamp.com\/#website\",\"url\":\"http:\/\/www.wbamp.com\/\",\"name\":\"White Bird Amplification\",\"description\":\"Tube Amplifiers and Preamplifiers\",\"potentialAction\":[{\"@type\":\"SearchAction\",\"target\":{\"@type\":\"EntryPoint\",\"urlTemplate\":\"http:\/\/www.wbamp.com\/?s={search_term_string}\"},\"query-input\":{\"@type\":\"PropertyValueSpecification\",\"valueRequired\":true,\"valueName\":\"search_term_string\"}}],\"inLanguage\":\"pl-PL\"}]}<\/script>\n<!-- \/ Yoast SEO plugin. -->","yoast_head_json":{"title":"Firebird - White Bird Amplification","robots":{"index":"index","follow":"follow","max-snippet":"max-snippet:-1","max-image-preview":"max-image-preview:large","max-video-preview":"max-video-preview:-1"},"canonical":"https:\/\/www.wbamp.com\/pl\/produkt\/firebird\/","og_locale":"pl_PL","og_type":"article","og_title":"Firebird - White Bird Amplification","og_description":"Firebird \u2013 przedwzmacniacz lampowy przeznaczony do wsp\u00f3\u0142pracy z sygna\u0142ami liniowymi (np. z CD, DAC itp.) Jego tor audio (w 100% lampowy) opiera si\u0119 na dw\u00f3ch lampach ECC88 Gold Lion, 12AU7 EHG lub 6H30Pi EHG (do wyboru). W wyj\u015bciowej wersji tego modelu s\u0105 to lampy 6922 EHG, ale mo\u017cliwe jest skonfigurowanie go do pracy z inn\u0105 par\u0105 lamp. Ka\u017cdy z wymienionych modeli lamp ma w\u0142asne specyficzne brzmienie i klient mo\u017ce wed\u0142ug w\u0142asnego uznania wybra\u0107 rodzaj triod pracuj\u0105cych w przedwzmacniaczu. Preamp posiada zintegrowany zasilacz o poczw\u00f3rnej filtracji bez zastosowania stabilizuj\u0105cych element\u00f3w p\u00f3\u0142przewodnikowych. Filtracja zrealizowana jest wy\u0142\u0105cznie na elementach dyskretnych w postaci rezystor\u00f3w oraz kondensator\u00f3w. Drug\u0105 zintegrowan\u0105 sekcj\u0105 uk\u0142adu jest zasilacz \u017carzenia lamp, kt\u00f3ry dla zapewnienia jak najlepszych warunk\u00f3w pracy przedwzmacniacza dostarcza ich \u017carnikom pr\u0105d sta\u0142y. Filtracja eliminuje zupe\u0142nie zak\u0142\u00f3cenia sieci energetycznej oraz dostarcza precyzyjne napi\u0119cie pracy. Toroidalny transformator zasilaj\u0105cy wykonany jest w technologii stosowanej w sprz\u0119cie audio (eliminacja przyd\u017awi\u0119k\u00f3w transformatora).","og_url":"https:\/\/www.wbamp.com\/pl\/produkt\/firebird\/","og_site_name":"White Bird Amplification","article_modified_time":"2018-10-20T14:15:35+00:00","og_image":[{"width":1500,"height":1000,"url":"https:\/\/www.wbamp.com\/wp-content\/uploads\/Firebird-Class-A-Preamplifier-top-side.jpg","type":"image\/jpeg"}],"twitter_card":"summary_large_image","twitter_misc":{"Szacowany czas czytania":"2 minuty"},"schema":{"@context":"https:\/\/schema.org","@graph":[{"@type":"WebPage","@id":"https:\/\/www.wbamp.com\/pl\/produkt\/firebird\/","url":"https:\/\/www.wbamp.com\/pl\/produkt\/firebird\/","name":"Firebird - White Bird Amplification","isPartOf":{"@id":"http:\/\/www.wbamp.com\/#website"},"primaryImageOfPage":{"@id":"https:\/\/www.wbamp.com\/pl\/produkt\/firebird\/#primaryimage"},"image":{"@id":"https:\/\/www.wbamp.com\/pl\/produkt\/firebird\/#primaryimage"},"thumbnailUrl":"https:\/\/www.wbamp.com\/wp-content\/uploads\/Firebird-Class-A-Preamplifier-top-side.jpg","datePublished":"2018-03-19T23:03:27+00:00","dateModified":"2018-10-20T14:15:35+00:00","breadcrumb":{"@id":"https:\/\/www.wbamp.com\/pl\/produkt\/firebird\/#breadcrumb"},"inLanguage":"pl-PL","potentialAction":[{"@type":"ReadAction","target":["https:\/\/www.wbamp.com\/pl\/produkt\/firebird\/"]}]},{"@type":"ImageObject","inLanguage":"pl-PL","@id":"https:\/\/www.wbamp.com\/pl\/produkt\/firebird\/#primaryimage","url":"https:\/\/www.wbamp.com\/wp-content\/uploads\/Firebird-Class-A-Preamplifier-top-side.jpg","contentUrl":"https:\/\/www.wbamp.com\/wp-content\/uploads\/Firebird-Class-A-Preamplifier-top-side.jpg","width":1500,"height":1000},{"@type":"BreadcrumbList","@id":"https:\/\/www.wbamp.com\/pl\/produkt\/firebird\/#breadcrumb","itemListElement":[{"@type":"ListItem","position":1,"name":"Home","item":"https:\/\/www.wbamp.com\/pl\/"},{"@type":"ListItem","position":2,"name":"Sklep","item":"https:\/\/www.wbamp.com\/pl\/sklep\/"},{"@type":"ListItem","position":3,"name":"Firebird"}]},{"@type":"WebSite","@id":"http:\/\/www.wbamp.com\/#website","url":"http:\/\/www.wbamp.com\/","name":"White Bird Amplification","description":"Tube Amplifiers and Preamplifiers","potentialAction":[{"@type":"SearchAction","target":{"@type":"EntryPoint","urlTemplate":"http:\/\/www.wbamp.com\/?s={search_term_string}"},"query-input":{"@type":"PropertyValueSpecification","valueRequired":true,"valueName":"search_term_string"}}],"inLanguage":"pl-PL"}]}},"_links":{"self":[{"href":"https:\/\/www.wbamp.com\/pl\/wp-json\/wp\/v2\/product\/3326","targetHints":{"allow":["GET"]}}],"collection":[{"href":"https:\/\/www.wbamp.com\/pl\/wp-json\/wp\/v2\/product"}],"about":[{"href":"https:\/\/www.wbamp.com\/pl\/wp-json\/wp\/v2\/types\/product"}],"wp:featuredmedia":[{"embeddable":true,"href":"https:\/\/www.wbamp.com\/pl\/wp-json\/wp\/v2\/media\/3200"}],"wp:attachment":[{"href":"https:\/\/www.wbamp.com\/pl\/wp-json\/wp\/v2\/media?parent=3326"}],"wp:term":[{"taxonomy":"product_brand","embeddable":true,"href":"https:\/\/www.wbamp.com\/pl\/wp-json\/wp\/v2\/product_brand?post=3326"},{"taxonomy":"product_cat","embeddable":true,"href":"https:\/\/www.wbamp.com\/pl\/wp-json\/wp\/v2\/product_cat?post=3326"},{"taxonomy":"product_tag","embeddable":true,"href":"https:\/\/www.wbamp.com\/pl\/wp-json\/wp\/v2\/product_tag?post=3326"}],"curies":[{"name":"wp","href":"https:\/\/api.w.org\/{rel}","templated":true}]}}