{"id":3323,"date":"2018-03-19T21:58:20","date_gmt":"2018-03-19T21:58:20","guid":{"rendered":"http:\/\/wbamp.com\/product\/firebird-balanced\/"},"modified":"2018-10-20T14:18:24","modified_gmt":"2018-10-20T14:18:24","slug":"firebird-balanced","status":"publish","type":"product","link":"https:\/\/www.wbamp.com\/pl\/produkt\/firebird-balanced\/","title":{"rendered":"Firebird Balanced"},"content":{"rendered":"<p><img loading=\"lazy\" decoding=\"async\" src=\"http:\/\/wbamp.com\/wp-content\/uploads\/\/Firebird-Balanced-Class-A-Preamplifier-back-900x600.jpg\" alt=\"\" width=\"700\" height=\"467\" class=\"alignright size-medium wp-image-3167\" srcset=\"https:\/\/www.wbamp.com\/wp-content\/uploads\/Firebird-Balanced-Class-A-Preamplifier-back-900x600.jpg 900w, https:\/\/www.wbamp.com\/wp-content\/uploads\/Firebird-Balanced-Class-A-Preamplifier-back-700x467.jpg 700w, https:\/\/www.wbamp.com\/wp-content\/uploads\/Firebird-Balanced-Class-A-Preamplifier-back-768x512.jpg 768w, https:\/\/www.wbamp.com\/wp-content\/uploads\/Firebird-Balanced-Class-A-Preamplifier-back-1080x720.jpg 1080w, https:\/\/www.wbamp.com\/wp-content\/uploads\/Firebird-Balanced-Class-A-Preamplifier-back.jpg 1500w\" sizes=\"(max-width: 700px) 100vw, 700px\" \/><strong class=\"intro\">System selekcji wej\u015bcia\/wyj\u015bcia pozwala na wykorzystanie uk\u0142adu Dual Mono tak\u017ce w przypadku korzystania z wej\u015b\u0107 niezbalansowanych. Przy wyborze tego typu \u017ar\u00f3d\u0142a ka\u017cdy z kana\u0142\u00f3w podawany jest na osobny modu\u0142 lampowy preampa (z w\u0142asnym, oddzielnym zasilaniem). Firebird Dual Mono umo\u017cliwia tak\u017ce konfiguracje mieszane czyli np. sygna\u0142 zbalansowany wej\u015bciowy po wzmocnieniu przez preamp mo\u017ce by\u0107 podawany na wyj\u015bcia niezbalansowane. Podobnie sygna\u0142 wej\u015bciowy niezbalansowany mo\u017ce by\u0107 podawany na wyj\u015bcia zbalansowane XLR. Pozwala to wykorzysta\u0107 system prze\u0142\u0105czania sygna\u0142\u00f3w we wszystkich mo\u017cliwych konfiguracjach.<\/strong><\/p>\n<p>Preamp Firebird posiada stopie\u0144 wzmocnienia napi\u0119ciowego oraz wt\u00f3rnik pr\u0105dowy (tzw. bufor) w ka\u017cdej z czterech linii wzmocnienia zbalansowanych sygna\u0142\u00f3w audio. Pozwala to uzyska\u0107 optymalne wzmocnienie, a tak\u017ce przyczynia si\u0119 do wyeksponowania maksimum charakteru lampowego brzmienia. Umo\u017cliwia tak\u017ce uzyskanie r\u00f3\u017cnych rodzaj\u00f3w brzmienia tylko poprzez wymian\u0119 lamp. Wymiana lamp jest mo\u017cliwa tylko na odpowiedniki danego rodzaju lampy zastosowanej w premapie &#8211; ECC88 Gold Lion, 12AU7 EHG (ECC82), 6H30Pi (6N6P). <\/p>\n<p>Przedwzmacniacz Firebird oferuje brzmienie naturalne z szerok\u0105 mo\u017cliwo\u015bci\u0105 jego edycji poprzez stosowanie r\u00f3\u017cnych lamp. Np. dla lamp 6922 EHG s\u0105 to ECC88, 6N23P, 6N23P-EW, 6DJ8 itp. \u017bywotno\u015b\u0107 lamp tego typu mo\u017ce si\u0119ga\u0107 nawet do 10 000h. U\u017cycie na wyj\u015bciu bufora pr\u0105dowego pozwala dopasowa\u0107 przedwzmacniacz nawet do najbardziej wymagaj\u0105cych wzmacniaczy mocy. Dzi\u0119ki temu preamp mo\u017ce wsp\u00f3\u0142pracowa\u0107 zar\u00f3wno ze wzmacniaczami zintegrowanymi jak i ko\u0144c\u00f3wkami mocy.<\/p>\n<p>Firebird posiada solidn\u0105 metalow\u0105 obudow\u0119 (ca\u0142o\u015b\u0107 w podstawowej wersji ma mas\u0119 oko\u0142o 11kg), aluminiowe ga\u0142ki o \u015brednicy 30mm, metalowe, toczone n\u00f3\u017cki, solidne markowe prze\u0142\u0105czniki, gniazda RCA CMC, IEC oraz dedykowany system selekcji \u017ar\u00f3de\u0142 i pod\u0142\u0105czonych odbiornik\u00f3w. Na specjalne \u017cyczenie klienta mo\u017cliwe jest skonfigurowanie wej\u015b\u0107 i wyj\u015b\u0107 przedwzmacniacza pod konkretny system audio. Prze\u0142\u0105czanie sygna\u0142\u00f3w odbywa si\u0119 za pomoc\u0105 przeka\u017anik\u00f3w mechanicznych (najlepsza separacja sygna\u0142\u00f3w oraz transparentno\u015b\u0107) umieszczonych w bezpo\u015brednim s\u0105siedztwie gniazd wej\u015bciowych i wyj\u015bciowych. Pozwala to na unikni\u0119cie prowadzenia sygna\u0142\u00f3w audio podatnych na zak\u0142\u00f3cenia do selektor\u00f3w na przednim panelu. Selektory na przednim panelu s\u0142u\u017c\u0105 jedynie do sterowania niezale\u017cnymi od toru audio mikrokontrolerami, kt\u00f3re wt\u00f3rnie za\u0142\u0105czaj\u0105 odpowiednie przeka\u017aniki co pozwala u\u017cytkownikowi wybra\u0107 \u017ar\u00f3d\u0142o lub odbiornik, kt\u00f3re go interesuj\u0105. Na \u017cyczenie mo\u017cliwe jest tak\u017ce zastosowanie regulacji g\u0142o\u015bno\u015bci za pomoc\u0105 pilota oraz zdalne za\u0142\u0105czanie zasilania.<\/p>\n","protected":false},"excerpt":{"rendered":"<p>Firebird Balanced &#8211; najwy\u017cszy model linii przedwzmacniaczy Firebird obs\u0142uguj\u0105cy sygna\u0142y zbalansowane. Preamp zbudowany jest w oparciu o dwa w pe\u0142ni odseparowane od siebie modu\u0142y wzmacniaj\u0105ce. W takim rozwi\u0105zaniu w jednym kanale pracuj\u0105 dwie lampy elektronowe 6922 EHG, 12AU7 EHG lub 6H30Pi EHG (do wyboru), a w ca\u0142ym urz\u0105dzeniu \u2013 cztery. Jest to niezb\u0119dne do obs\u0142ugi sygna\u0142\u00f3w symetrycznych gdzie wzmocnieniu podlega dwa razy wi\u0119cej sygna\u0142\u00f3w ni\u017c w przypadku standardowych system\u00f3w niezbalansowanych. Ka\u017cdy z kana\u0142\u00f3w posiada w tej wersji niezale\u017cny zasilacz anodowy, zasilacz \u017carzenia oraz transformator zasilaj\u0105cy wi\u0119c separacja kana\u0142\u00f3w (stereofonia) jest tutaj na najwy\u017cszym poziomie.<\/p>\n<div class='one_half'>\n\t\t\t\t\t<ul>\n<li>Typ: <b>lampowy, klasa A, trioda, Dual Mono<\/b>\n<li>Impedancja wej\u015bciowa:<b>50k\u03a9<\/b>\n<li>Impedancja wyj\u015bciowa:<b> 85\u03a9<\/b>\n<li>Amplituda napi\u0119cia wej\u015bciowego: <b>2 V \u2013 12 V (max)<\/b>\n<li>Zasilanie anodowe: <b>200VDC<\/b>\n<li>Zasilanie \u017carzenia: <b>6,3 VDC<\/b>\n<\/ul>\n\t\t\t\t<\/div><div class='one_half et_column_last'>\n\t\t\t\t\t<ul>\n<li>Lampy: <b>ECC88 Gold Lion  x 4<\/b>\n<li>Pob\u00f3r mocy: <b>40W<\/b>\n<li>Bezpiecznik: <b>1A<\/b>\n<li>Masa: <b>11 kg<\/b>\n<li>Wymiary: <b>400mm (szer.), 360mm (g\u0142\u0119b.), 80mm (wys.)<\/b>\n<\/ul>\n\t\t\t\t<\/div><div class='clear'><\/div><\/p>\n","protected":false},"featured_media":4465,"template":"","meta":{"_et_pb_use_builder":"","_et_pb_old_content":"","_et_gb_content_width":""},"product_brand":[],"product_cat":[33,34],"product_tag":[],"class_list":{"0":"post-3323","1":"product","2":"type-product","3":"status-publish","4":"has-post-thumbnail","6":"product_cat-klasa-a","7":"product_cat-przedwzmacniacze-lampowe","9":"first","10":"instock","11":"shipping-taxable","12":"purchasable","13":"product-type-simple"},"yoast_head":"<!-- This site is optimized with the Yoast SEO plugin v25.3.1 - https:\/\/yoast.com\/wordpress\/plugins\/seo\/ -->\n<title>Firebird Balanced - White Bird Amplification<\/title>\n<meta name=\"robots\" content=\"index, follow, max-snippet:-1, max-image-preview:large, max-video-preview:-1\" \/>\n<link rel=\"canonical\" href=\"http:\/\/www.wbamp.com\/pl\/produkt\/firebird-balanced\/\" \/>\n<meta property=\"og:locale\" content=\"pl_PL\" \/>\n<meta property=\"og:type\" content=\"article\" \/>\n<meta property=\"og:title\" content=\"Firebird Balanced - White Bird Amplification\" \/>\n<meta property=\"og:description\" content=\"Firebird Balanced - najwy\u017cszy model linii przedwzmacniaczy Firebird obs\u0142uguj\u0105cy sygna\u0142y zbalansowane. Preamp zbudowany jest w oparciu o dwa w pe\u0142ni odseparowane od siebie modu\u0142y wzmacniaj\u0105ce. W takim rozwi\u0105zaniu w jednym kanale pracuj\u0105 dwie lampy elektronowe 6922 EHG, 12AU7 EHG lub 6H30Pi EHG (do wyboru), a w ca\u0142ym urz\u0105dzeniu \u2013 cztery. Jest to niezb\u0119dne do obs\u0142ugi sygna\u0142\u00f3w symetrycznych gdzie wzmocnieniu podlega dwa razy wi\u0119cej sygna\u0142\u00f3w ni\u017c w przypadku standardowych system\u00f3w niezbalansowanych. Ka\u017cdy z kana\u0142\u00f3w posiada w tej wersji niezale\u017cny zasilacz anodowy, zasilacz \u017carzenia oraz transformator zasilaj\u0105cy wi\u0119c separacja kana\u0142\u00f3w (stereofonia) jest tutaj na najwy\u017cszym poziomie.\" \/>\n<meta property=\"og:url\" content=\"http:\/\/www.wbamp.com\/pl\/produkt\/firebird-balanced\/\" \/>\n<meta property=\"og:site_name\" content=\"White Bird Amplification\" \/>\n<meta property=\"article:modified_time\" content=\"2018-10-20T14:18:24+00:00\" \/>\n<meta property=\"og:image\" content=\"http:\/\/www.wbamp.com\/wp-content\/uploads\/Firebird-Balanced-Class-A-Preamplifier-Top.jpg\" \/>\n\t<meta property=\"og:image:width\" content=\"1500\" \/>\n\t<meta property=\"og:image:height\" content=\"1000\" \/>\n\t<meta property=\"og:image:type\" content=\"image\/jpeg\" \/>\n<meta name=\"twitter:card\" content=\"summary_large_image\" \/>\n<meta name=\"twitter:label1\" content=\"Szacowany czas czytania\" \/>\n\t<meta name=\"twitter:data1\" content=\"2 minuty\" \/>\n<script type=\"application\/ld+json\" class=\"yoast-schema-graph\">{\"@context\":\"https:\/\/schema.org\",\"@graph\":[{\"@type\":\"WebPage\",\"@id\":\"http:\/\/www.wbamp.com\/pl\/produkt\/firebird-balanced\/\",\"url\":\"http:\/\/www.wbamp.com\/pl\/produkt\/firebird-balanced\/\",\"name\":\"Firebird Balanced - White Bird Amplification\",\"isPartOf\":{\"@id\":\"http:\/\/www.wbamp.com\/#website\"},\"primaryImageOfPage\":{\"@id\":\"http:\/\/www.wbamp.com\/pl\/produkt\/firebird-balanced\/#primaryimage\"},\"image\":{\"@id\":\"http:\/\/www.wbamp.com\/pl\/produkt\/firebird-balanced\/#primaryimage\"},\"thumbnailUrl\":\"https:\/\/www.wbamp.com\/wp-content\/uploads\/Firebird-Balanced-Class-A-Preamplifier-Top.jpg\",\"datePublished\":\"2018-03-19T21:58:20+00:00\",\"dateModified\":\"2018-10-20T14:18:24+00:00\",\"breadcrumb\":{\"@id\":\"http:\/\/www.wbamp.com\/pl\/produkt\/firebird-balanced\/#breadcrumb\"},\"inLanguage\":\"pl-PL\",\"potentialAction\":[{\"@type\":\"ReadAction\",\"target\":[\"http:\/\/www.wbamp.com\/pl\/produkt\/firebird-balanced\/\"]}]},{\"@type\":\"ImageObject\",\"inLanguage\":\"pl-PL\",\"@id\":\"http:\/\/www.wbamp.com\/pl\/produkt\/firebird-balanced\/#primaryimage\",\"url\":\"https:\/\/www.wbamp.com\/wp-content\/uploads\/Firebird-Balanced-Class-A-Preamplifier-Top.jpg\",\"contentUrl\":\"https:\/\/www.wbamp.com\/wp-content\/uploads\/Firebird-Balanced-Class-A-Preamplifier-Top.jpg\",\"width\":1500,\"height\":1000},{\"@type\":\"BreadcrumbList\",\"@id\":\"http:\/\/www.wbamp.com\/pl\/produkt\/firebird-balanced\/#breadcrumb\",\"itemListElement\":[{\"@type\":\"ListItem\",\"position\":1,\"name\":\"Home\",\"item\":\"https:\/\/www.wbamp.com\/pl\/\"},{\"@type\":\"ListItem\",\"position\":2,\"name\":\"Sklep\",\"item\":\"https:\/\/www.wbamp.com\/pl\/sklep\/\"},{\"@type\":\"ListItem\",\"position\":3,\"name\":\"Firebird Balanced\"}]},{\"@type\":\"WebSite\",\"@id\":\"http:\/\/www.wbamp.com\/#website\",\"url\":\"http:\/\/www.wbamp.com\/\",\"name\":\"White Bird Amplification\",\"description\":\"Tube Amplifiers and Preamplifiers\",\"potentialAction\":[{\"@type\":\"SearchAction\",\"target\":{\"@type\":\"EntryPoint\",\"urlTemplate\":\"http:\/\/www.wbamp.com\/?s={search_term_string}\"},\"query-input\":{\"@type\":\"PropertyValueSpecification\",\"valueRequired\":true,\"valueName\":\"search_term_string\"}}],\"inLanguage\":\"pl-PL\"}]}<\/script>\n<!-- \/ Yoast SEO plugin. -->","yoast_head_json":{"title":"Firebird Balanced - White Bird Amplification","robots":{"index":"index","follow":"follow","max-snippet":"max-snippet:-1","max-image-preview":"max-image-preview:large","max-video-preview":"max-video-preview:-1"},"canonical":"http:\/\/www.wbamp.com\/pl\/produkt\/firebird-balanced\/","og_locale":"pl_PL","og_type":"article","og_title":"Firebird Balanced - White Bird Amplification","og_description":"Firebird Balanced - najwy\u017cszy model linii przedwzmacniaczy Firebird obs\u0142uguj\u0105cy sygna\u0142y zbalansowane. Preamp zbudowany jest w oparciu o dwa w pe\u0142ni odseparowane od siebie modu\u0142y wzmacniaj\u0105ce. W takim rozwi\u0105zaniu w jednym kanale pracuj\u0105 dwie lampy elektronowe 6922 EHG, 12AU7 EHG lub 6H30Pi EHG (do wyboru), a w ca\u0142ym urz\u0105dzeniu \u2013 cztery. Jest to niezb\u0119dne do obs\u0142ugi sygna\u0142\u00f3w symetrycznych gdzie wzmocnieniu podlega dwa razy wi\u0119cej sygna\u0142\u00f3w ni\u017c w przypadku standardowych system\u00f3w niezbalansowanych. Ka\u017cdy z kana\u0142\u00f3w posiada w tej wersji niezale\u017cny zasilacz anodowy, zasilacz \u017carzenia oraz transformator zasilaj\u0105cy wi\u0119c separacja kana\u0142\u00f3w (stereofonia) jest tutaj na najwy\u017cszym poziomie.","og_url":"http:\/\/www.wbamp.com\/pl\/produkt\/firebird-balanced\/","og_site_name":"White Bird Amplification","article_modified_time":"2018-10-20T14:18:24+00:00","og_image":[{"width":1500,"height":1000,"url":"http:\/\/www.wbamp.com\/wp-content\/uploads\/Firebird-Balanced-Class-A-Preamplifier-Top.jpg","type":"image\/jpeg"}],"twitter_card":"summary_large_image","twitter_misc":{"Szacowany czas czytania":"2 minuty"},"schema":{"@context":"https:\/\/schema.org","@graph":[{"@type":"WebPage","@id":"http:\/\/www.wbamp.com\/pl\/produkt\/firebird-balanced\/","url":"http:\/\/www.wbamp.com\/pl\/produkt\/firebird-balanced\/","name":"Firebird Balanced - White Bird Amplification","isPartOf":{"@id":"http:\/\/www.wbamp.com\/#website"},"primaryImageOfPage":{"@id":"http:\/\/www.wbamp.com\/pl\/produkt\/firebird-balanced\/#primaryimage"},"image":{"@id":"http:\/\/www.wbamp.com\/pl\/produkt\/firebird-balanced\/#primaryimage"},"thumbnailUrl":"https:\/\/www.wbamp.com\/wp-content\/uploads\/Firebird-Balanced-Class-A-Preamplifier-Top.jpg","datePublished":"2018-03-19T21:58:20+00:00","dateModified":"2018-10-20T14:18:24+00:00","breadcrumb":{"@id":"http:\/\/www.wbamp.com\/pl\/produkt\/firebird-balanced\/#breadcrumb"},"inLanguage":"pl-PL","potentialAction":[{"@type":"ReadAction","target":["http:\/\/www.wbamp.com\/pl\/produkt\/firebird-balanced\/"]}]},{"@type":"ImageObject","inLanguage":"pl-PL","@id":"http:\/\/www.wbamp.com\/pl\/produkt\/firebird-balanced\/#primaryimage","url":"https:\/\/www.wbamp.com\/wp-content\/uploads\/Firebird-Balanced-Class-A-Preamplifier-Top.jpg","contentUrl":"https:\/\/www.wbamp.com\/wp-content\/uploads\/Firebird-Balanced-Class-A-Preamplifier-Top.jpg","width":1500,"height":1000},{"@type":"BreadcrumbList","@id":"http:\/\/www.wbamp.com\/pl\/produkt\/firebird-balanced\/#breadcrumb","itemListElement":[{"@type":"ListItem","position":1,"name":"Home","item":"https:\/\/www.wbamp.com\/pl\/"},{"@type":"ListItem","position":2,"name":"Sklep","item":"https:\/\/www.wbamp.com\/pl\/sklep\/"},{"@type":"ListItem","position":3,"name":"Firebird Balanced"}]},{"@type":"WebSite","@id":"http:\/\/www.wbamp.com\/#website","url":"http:\/\/www.wbamp.com\/","name":"White Bird Amplification","description":"Tube Amplifiers and Preamplifiers","potentialAction":[{"@type":"SearchAction","target":{"@type":"EntryPoint","urlTemplate":"http:\/\/www.wbamp.com\/?s={search_term_string}"},"query-input":{"@type":"PropertyValueSpecification","valueRequired":true,"valueName":"search_term_string"}}],"inLanguage":"pl-PL"}]}},"_links":{"self":[{"href":"https:\/\/www.wbamp.com\/pl\/wp-json\/wp\/v2\/product\/3323","targetHints":{"allow":["GET"]}}],"collection":[{"href":"https:\/\/www.wbamp.com\/pl\/wp-json\/wp\/v2\/product"}],"about":[{"href":"https:\/\/www.wbamp.com\/pl\/wp-json\/wp\/v2\/types\/product"}],"wp:featuredmedia":[{"embeddable":true,"href":"https:\/\/www.wbamp.com\/pl\/wp-json\/wp\/v2\/media\/4465"}],"wp:attachment":[{"href":"https:\/\/www.wbamp.com\/pl\/wp-json\/wp\/v2\/media?parent=3323"}],"wp:term":[{"taxonomy":"product_brand","embeddable":true,"href":"https:\/\/www.wbamp.com\/pl\/wp-json\/wp\/v2\/product_brand?post=3323"},{"taxonomy":"product_cat","embeddable":true,"href":"https:\/\/www.wbamp.com\/pl\/wp-json\/wp\/v2\/product_cat?post=3323"},{"taxonomy":"product_tag","embeddable":true,"href":"https:\/\/www.wbamp.com\/pl\/wp-json\/wp\/v2\/product_tag?post=3323"}],"curies":[{"name":"wp","href":"https:\/\/api.w.org\/{rel}","templated":true}]}}