{"id":3403,"date":"2018-03-20T22:02:20","date_gmt":"2018-03-20T22:02:20","guid":{"rendered":"http:\/\/wbamp.com\/wzmacniacze-lampowe-do-kolumn\/"},"modified":"2025-06-26T08:33:39","modified_gmt":"2025-06-26T08:33:39","slug":"wzmacniacze-lampowe-do-kolumn","status":"publish","type":"page","link":"https:\/\/www.wbamp.com\/pl\/wzmacniacze-lampowe-do-kolumn\/","title":{"rendered":"Wzmacniacze Lampowe do Kolumn"},"content":{"rendered":"<p>[et_pb_section fb_built=&#8221;1&#8243; disabled_on=&#8221;off|off|off&#8221; _builder_version=&#8221;4.16&#8243; background_image=&#8221;http:\/\/www.wbamp.com\/wp-content\/uploads\/wba-amps-background-speakers-1-1.jpg&#8221; parallax=&#8221;on&#8221; parallax_method=&#8221;off&#8221; animation_style=&#8221;fade&#8221; animation_duration=&#8221;500ms&#8221; global_colors_info=&#8221;{}&#8221;][et_pb_row column_structure=&#8221;1_2,1_2&#8243; disabled_on=&#8221;off|off|off&#8221; _builder_version=&#8221;4.16&#8243; global_colors_info=&#8221;{}&#8221;][et_pb_column type=&#8221;1_2&#8243; _builder_version=&#8221;4.16&#8243; background_position=&#8221;top_left&#8221; custom_padding=&#8221;|||&#8221; global_colors_info=&#8221;{}&#8221; custom_padding__hover=&#8221;|||&#8221;][et_pb_cta title=&#8221;Wzmacniacze Klasy A&#8221; module_class=&#8221;shadow wba-text-head text-shadow wba-round&#8221; _builder_version=&#8221;4.24.2&#8243; background_color=&#8221;#62c4e5&#8243; use_background_color_gradient=&#8221;on&#8221; background_color_gradient_direction=&#8221;170deg&#8221; background_color_gradient_stops=&#8221;#901515 0%|#c32d2d 100%&#8221; background_color_gradient_start=&#8221;#901515&#8243; background_color_gradient_end=&#8221;#c32d2d&#8221; animation_direction=&#8221;top&#8221; global_colors_info=&#8221;{}&#8221; button_text_size__hover_enabled=&#8221;off&#8221; button_one_text_size__hover_enabled=&#8221;off&#8221; button_two_text_size__hover_enabled=&#8221;off&#8221; button_text_color__hover_enabled=&#8221;off&#8221; button_one_text_color__hover_enabled=&#8221;off&#8221; button_two_text_color__hover_enabled=&#8221;off&#8221; button_border_width__hover_enabled=&#8221;off&#8221; button_one_border_width__hover_enabled=&#8221;off&#8221; button_two_border_width__hover_enabled=&#8221;off&#8221; button_border_color__hover_enabled=&#8221;off&#8221; button_one_border_color__hover_enabled=&#8221;off&#8221; button_two_border_color__hover_enabled=&#8221;off&#8221; button_border_radius__hover_enabled=&#8221;off&#8221; button_one_border_radius__hover_enabled=&#8221;off&#8221; button_two_border_radius__hover_enabled=&#8221;off&#8221; button_letter_spacing__hover_enabled=&#8221;off&#8221; button_one_letter_spacing__hover_enabled=&#8221;off&#8221; button_two_letter_spacing__hover_enabled=&#8221;off&#8221; button_bg_color__hover_enabled=&#8221;off&#8221; button_one_bg_color__hover_enabled=&#8221;off&#8221; button_two_bg_color__hover_enabled=&#8221;off&#8221;]<\/p>\n<p style=\"text-align: center;\">Wzmacniacze typu Single-Ended (klasa A) pracuj\u0105ce w trybie dw\u00f3ch ca\u0142kowicie odseparowanych tor\u00f3w audio oraz zasilania<\/p>\n<p>[\/et_pb_cta][et_pb_blurb title=&#8221;Ironbird&#8221; url=&#8221;\/pl\/produkt\/ironbird\/&#8221; image=&#8221;http:\/\/www.wbamp.com\/wp-content\/uploads\/Ironbird-Class-A-Tube-Amplifier-front.jpg&#8221; admin_label=&#8221;Ironbird Monoblock&#8221; module_id=&#8221;item_1&#8243; module_class=&#8221;shadow bordo  wba-product-list wba-round&#8221; _builder_version=&#8221;4.24.2&#8243; header_font=&#8221;|on|||&#8221; header_font_size=&#8221;22&#8243; background_color=&#8221;#ffffff&#8221; max_width_tablet=&#8221;50px&#8221; custom_padding=&#8221;20px|20px|20px|20px&#8221; animation_direction=&#8221;left&#8221; border_width_all=&#8221;8px&#8221; border_color_all=&#8221;#c32d2d&#8221; use_border_color=&#8221;on&#8221; global_colors_info=&#8221;{}&#8221;]<\/p>\n<h5>Wzmacniacz mocy Monoblock x 2<\/h5>\n<div class=\"row\">\n<div class=\"col-md-2\"><i data-item=\"1\" class=\"wba-text-button bxm-fa-active fa fa-2x fa-align-justify\" aria-hidden=\"true\"><\/i><br \/><i data-item=\"1\" class=\"wba-specs-button bxm-fa-inactive fa fa-2x fa-table\" aria-hidden=\"true\"><\/i><\/div>\n<div class=\"col-md-10 wba-text\">Lampowy wzmacniacz mocy Single Ended o konstrukcji w postaci dw\u00f3ch monoblok\u00f3w. Ka\u017cdy kana\u0142 audio obs\u0142ugiwany jest osobno przez pojedynczy wzmacniacz monofoniczny wykonany we w\u0142asnej obudowie. Ironbird to najwy\u017cszy model wzmacniacza do kolumn w ofercie WBA. Ka\u017cdy z blok\u00f3w pracuje w oparciu o dwie triody mocy bezpo\u015brednio \u017carzone \u2013 211 oraz lamp\u0119 steruj\u0105c\u0105 6H30Pi EHG.<\/div>\n<div class=\"col-md-10 wba-specs wba-hided\">Typ: <strong>lampowy, klasa A, trioda<\/strong><br \/>Moc wyj\u015bciowa: <strong> 1 x 40W \/ 4\u03a9 \/ 8\u03a9 <\/strong><br \/>Impedancja wyj\u015bciowa: <strong> 4\u03a9 \/ 8\u03a9 <\/strong><br \/>Lampy: <strong> 2 x 211 and a 6H30Pi EHG <\/strong><br \/>Pob\u00f3r mocy: <strong> 500W <\/strong><br \/>Wej\u015bcia: <strong> 1 x RCA Mono <\/strong><br \/>Bezpiecznik: <strong> 3.15A <\/strong><\/div>\n<\/div>\n<p class=\"center\"><a class=\"wba-more\" href=\"http:\/\/wbamp.com\/pl\/produkt\/ironbird\/\">Czytaj dalej<\/a><\/p>\n<p>[\/et_pb_blurb][et_pb_blurb title=&#8221;Silverbird&#8221; url=&#8221;\/pl\/produkt\/silverbird-dual-mono-wzmacniacz-zintegrowany\/&#8221; image=&#8221;http:\/\/www.wbamp.com\/wp-content\/uploads\/Silverbird-Dual-Mono-top-768&#215;512.jpg&#8221; admin_label=&#8221;Silverbird Dual Mono&#8221; module_id=&#8221;item_1&#8243; module_class=&#8221;shadow bordo  wba-product-list wba-round&#8221; _builder_version=&#8221;4.24.2&#8243; header_font=&#8221;|on|||&#8221; header_font_size=&#8221;22&#8243; background_color=&#8221;#ffffff&#8221; max_width_tablet=&#8221;50px&#8221; custom_padding=&#8221;20px|20px|20px|20px&#8221; animation_direction=&#8221;left&#8221; border_width_all=&#8221;8px&#8221; border_color_all=&#8221;#c32d2d&#8221; use_border_color=&#8221;on&#8221; global_colors_info=&#8221;{}&#8221;]<\/p>\n<h5>Wzmacniacz zintegrowany Dual Mono<\/h5>\n<div class=\"row\">\n<div class=\"col-md-2\"><i data-item=\"1\" class=\"wba-text-button bxm-fa-active fa fa-2x fa-align-justify\" aria-hidden=\"true\"><\/i><br \/><i data-item=\"1\" class=\"wba-specs-button bxm-fa-inactive fa fa-2x fa-table\" aria-hidden=\"true\"><\/i><\/div>\n<div class=\"col-md-10 wba-text\">\n<p>Silverbird Dual Mono \u2013 zintegrowany, w pe\u0142ni lampowy wzmacniacz typu Single Ended (klasa A) pracuj\u0105cy w trybie dw\u00f3ch ca\u0142kowicie odseparowanych tor\u00f3w audio oraz zasilania. Odpowiednia konstrukcja zapewnia mu mo\u017cliwo\u015b\u0107 wsp\u00f3\u0142pracy ze \u017ar\u00f3d\u0142ami sygna\u0142u liniowego (np. CD, DAC) bez konieczno\u015bci stosowania dodatkowego przedwzmacniacza jednocze\u015bnie nie wykluczaj\u0105c jego u\u017cycia.<\/p>\n<\/div>\n<div class=\"col-md-10 wba-specs wba-hided\">\n<p>Typ: <strong>lampowy, klasa A, trioda, Dual Mono<\/strong><br \/>Moc wyj\u015bciowa: <strong>2 x 18W \/ 4\u03a9 \/ 8\u03a9<\/strong><br \/>Impedancja wyj\u015bciowa: <strong>4\u03a9 \/ 8\u03a9<\/strong><br \/>Lampy: <strong>6H30Pi EHG x 2, 300B x 4<\/strong><br \/>Pob\u00f3r mocy: <strong>300W<\/strong><br \/>Wej\u015bcia: <strong>1 x RCA Mono<\/strong><br \/>Bezpiecznik: <strong>3,15A<\/strong><\/p>\n<\/div>\n<\/div>\n<p class=\"center\"><a class=\"wba-more\" href=\"http:\/\/wbamp.com\/pl\/produkt\/silverbird-dual-mono-wzmacniacz-zintegrowany\/\">Czytaj dalej<\/a><\/p>\n<p>[\/et_pb_blurb][\/et_pb_column][et_pb_column type=&#8221;1_2&#8243; _builder_version=&#8221;4.16&#8243; background_position=&#8221;top_left&#8221; custom_padding=&#8221;|||&#8221; global_colors_info=&#8221;{}&#8221; custom_padding__hover=&#8221;|||&#8221;][et_pb_cta title=&#8221;Wzmacniacze Klasy AB&#8221; module_class=&#8221;shadow wba-text-head text-shadow wba-round&#8221; _builder_version=&#8221;4.24.2&#8243; use_background_color_gradient=&#8221;on&#8221; background_color_gradient_direction=&#8221;170deg&#8221; background_color_gradient_stops=&#8221;#e27110 0%|#ffa43c 100%&#8221; background_color_gradient_start=&#8221;#e27110&#8243; background_color_gradient_end=&#8221;#ffa43c&#8221; animation_direction=&#8221;top&#8221; global_colors_info=&#8221;{}&#8221; button_text_size__hover_enabled=&#8221;off&#8221; button_one_text_size__hover_enabled=&#8221;off&#8221; button_two_text_size__hover_enabled=&#8221;off&#8221; button_text_color__hover_enabled=&#8221;off&#8221; button_one_text_color__hover_enabled=&#8221;off&#8221; button_two_text_color__hover_enabled=&#8221;off&#8221; button_border_width__hover_enabled=&#8221;off&#8221; button_one_border_width__hover_enabled=&#8221;off&#8221; button_two_border_width__hover_enabled=&#8221;off&#8221; button_border_color__hover_enabled=&#8221;off&#8221; button_one_border_color__hover_enabled=&#8221;off&#8221; button_two_border_color__hover_enabled=&#8221;off&#8221; button_border_radius__hover_enabled=&#8221;off&#8221; button_one_border_radius__hover_enabled=&#8221;off&#8221; button_two_border_radius__hover_enabled=&#8221;off&#8221; button_letter_spacing__hover_enabled=&#8221;off&#8221; button_one_letter_spacing__hover_enabled=&#8221;off&#8221; button_two_letter_spacing__hover_enabled=&#8221;off&#8221; button_bg_color__hover_enabled=&#8221;off&#8221; button_one_bg_color__hover_enabled=&#8221;off&#8221; button_two_bg_color__hover_enabled=&#8221;off&#8221;]<\/p>\n<p style=\"text-align: center;\">Wzmacniacze typu Push-Pull (klasa AB) pracuj\u0105ce w trybie dw\u00f3ch ca\u0142kowicie odseparowanych tor\u00f3w audio oraz zasilania<\/p>\n<p>[\/et_pb_cta][et_pb_blurb title=&#8221;Thunderbird&#8221; url=&#8221;\/pl\/produkt\/thunderbird-dual-mono-wzmacniacz-zintegrowany\/&#8221; image=&#8221;http:\/\/www.wbamp.com\/wp-content\/uploads\/Thunderbird-Dual-Mono-hd-side-top-768&#215;512.jpg&#8221; admin_label=&#8221;Thunderbird Dual Mono &#8221; module_id=&#8221;item_1&#8243; module_class=&#8221;shadow gold wba-product-list wba-round&#8221; _builder_version=&#8221;4.24.2&#8243; header_font=&#8221;|on|||&#8221; header_font_size=&#8221;22&#8243; background_color=&#8221;#ffffff&#8221; max_width_tablet=&#8221;50px&#8221; custom_padding=&#8221;20px|20px|20px|20px&#8221; animation_direction=&#8221;right&#8221; border_width_all=&#8221;8px&#8221; border_color_all=&#8221;#ffa43c&#8221; use_border_color=&#8221;on&#8221; global_colors_info=&#8221;{}&#8221;]<\/p>\n<h5>Wzmacniacz zintegrowany Dual Mono<\/h5>\n<div class=\"row\">\n<div class=\"col-md-2\"><i data-item=\"1\" class=\"wba-text-button bxm-fa-active fa fa-2x fa-align-justify\" aria-hidden=\"true\"><\/i><br \/><i data-item=\"1\" class=\"wba-specs-button bxm-fa-inactive fa fa-2x fa-table\" aria-hidden=\"true\"><\/i><\/div>\n<div class=\"col-md-10 wba-text\">Thunderbird Dual Mono &#8211; zintegrowany, w pe\u0142ni lampowy wzmacniacz typu Push-Pull (klasa AB) pracuj\u0105cy w trybie dw\u00f3ch ca\u0142kowicie odseparowanych tor\u00f3w audio oraz zasilania. Odpowiednia konstrukcja zapewnia mu mo\u017cliwo\u015b\u0107 wsp\u00f3\u0142pracy ze \u017ar\u00f3d\u0142ami sygna\u0142u liniowego (np. CD, DAC) bez konieczno\u015bci stosowania dodatkowego przedwzmacniacza jednocze\u015bnie nie wykluczaj\u0105c jego u\u017cycia.<\/div>\n<div class=\"col-md-10 wba-specs wba-hided\">Typ: <strong>lampowy, klasa AB, trioda, tetroda Dual Mono<\/strong><br \/>Moc wyj\u015bciowa: <strong>2 x 70W \/ 4\u03a9 \/ 8\u03a9<\/strong><br \/>Impedancja wyj\u015bciowa: <strong>4\u03a9 \/ 8\u03a9<\/strong><br \/>Lampy: <strong>ECC88 Gold Lion x 2, KT150 x 4<\/strong><br \/>Pob\u00f3r mocy: <strong>300W<\/strong><br \/>Wej\u015bcia: <strong>1 x RCA Stereo<\/strong><br \/>Bezpiecznik: <strong>5A<\/strong><\/div>\n<\/div>\n<p class=\"center\"><a class=\"wba-more\" href=\"http:\/\/wbamp.com\/pl\/produkt\/thunderbird-dual-mono-wzmacniacz-zintegrowany\/\">Czytaj dalej<\/a><\/p>\n<p>[\/et_pb_blurb][et_pb_blurb title=&#8221;Thunderbird&#8221; url=&#8221;\/pl\/produkt\/thunderbird-monoblock-x-2\/&#8221; image=&#8221;http:\/\/www.wbamp.com\/wp-content\/uploads\/IMG_0241-2.jpg&#8221; admin_label=&#8221;Thunderbird Monoblock&#8221; module_id=&#8221;item_1&#8243; module_class=&#8221;shadow gold wba-product-list wba-round&#8221; _builder_version=&#8221;4.24.2&#8243; header_font=&#8221;|on|||&#8221; header_font_size=&#8221;22&#8243; background_color=&#8221;#ffffff&#8221; max_width_tablet=&#8221;50px&#8221; custom_padding=&#8221;20px|20px|20px|20px&#8221; animation_direction=&#8221;right&#8221; border_width_all=&#8221;8px&#8221; border_color_all=&#8221;#ffa43c&#8221; use_border_color=&#8221;on&#8221; global_colors_info=&#8221;{}&#8221;]<\/p>\n<h5>Wzmacniacz mocy Monoblock x 2<\/h5>\n<div class=\"row\">\n<div class=\"col-md-2\"><i data-item=\"1\" class=\"wba-text-button bxm-fa-active fa fa-2x fa-align-justify\" aria-hidden=\"true\"><\/i><br \/><i data-item=\"1\" class=\"wba-specs-button bxm-fa-inactive fa fa-2x fa-table\" aria-hidden=\"true\"><\/i><\/div>\n<div class=\"col-md-10 wba-text\">Thunderbird Monoblock \u2013 lampowy wzmacniacz mocy Push-Pull (klasa AB) o konstrukcji w postaci dw\u00f3ch monoblok\u00f3w. Ka\u017cdy kana\u0142 audio (prawy i lewy) obs\u0142ugiwany jest osobno przez pojedynczy wzmacniacz monofoniczny wykonany we w\u0142asnej obudowie. Konstrukcja ka\u017cdego z blok\u00f3w nawi\u0105zuje do architektury pojedynczego kana\u0142u wzmacniacza Thunderbird Dual Mono jednak rozdzielenie elektroniki kana\u0142u prawego i lewego w osobnych obudowach zapewnia najlepsz\u0105 ich separacj\u0119.<\/div>\n<div class=\"col-md-10 wba-specs wba-hided\">\n<p>Typ: <strong>lampowy, klasa AB, trioda, tetroda Dual Mono<\/strong><br \/>Moc wyj\u015bciowa: <strong>1 x 70W \/ 4\u03a9 \/ 8\u03a9<\/strong><br \/>Impedancja wyj\u015bciowa: <strong>4\u03a9 \/ 8\u03a9<\/strong><br \/>Lampy: <strong>ECC88 Gold Lion x 2, KT150 x 4<\/strong><br \/>Pob\u00f3r mocy: <strong>150W<\/strong><br \/>Wej\u015bcia: <strong>1 x RCA Mono<\/strong><br \/>Bezpiecznik: <strong>2A<\/strong><\/p>\n<\/div>\n<\/div>\n<p class=\"center\"><a class=\"wba-more\" href=\"http:\/\/wbamp.com\/pl\/produkt\/thunderbird-monoblock-x-2\/\">Czytaj dalej<\/a><\/p>\n<p>[\/et_pb_blurb][\/et_pb_column][\/et_pb_row][\/et_pb_section]<\/p>\n","protected":false},"excerpt":{"rendered":"<p>Wzmacniacze typu Single-Ended (klasa A) pracuj\u0105ce w trybie dw\u00f3ch ca\u0142kowicie odseparowanych tor\u00f3w audio oraz zasilaniaWzmacniacz mocy Monoblock x 2 Lampowy wzmacniacz mocy Single Ended o konstrukcji w postaci dw\u00f3ch monoblok\u00f3w. Ka\u017cdy kana\u0142 audio obs\u0142ugiwany jest osobno przez pojedynczy wzmacniacz monofoniczny wykonany we w\u0142asnej obudowie. Ironbird to najwy\u017cszy model wzmacniacza do kolumn w ofercie WBA. Ka\u017cdy z blok\u00f3w pracuje w oparciu o dwie triody mocy bezpo\u015brednio \u017carzone \u2013 211 oraz lamp\u0119 steruj\u0105c\u0105 6H30Pi EHG. Typ: lampowy, klasa A, triodaMoc wyj\u015bciowa: 1 x 40W \/ 4\u03a9 \/ 8\u03a9 Impedancja wyj\u015bciowa: 4\u03a9 \/ 8\u03a9 Lampy: 2 x 211 and a 6H30Pi EHG Pob\u00f3r mocy: 500W Wej\u015bcia: 1 x RCA Mono Bezpiecznik: 3.15A Czytaj dalejWzmacniacz zintegrowany Dual Mono Silverbird Dual Mono \u2013 zintegrowany, w pe\u0142ni lampowy wzmacniacz typu Single Ended (klasa A) pracuj\u0105cy w trybie dw\u00f3ch ca\u0142kowicie odseparowanych tor\u00f3w audio oraz zasilania. Odpowiednia konstrukcja zapewnia mu mo\u017cliwo\u015b\u0107 wsp\u00f3\u0142pracy ze \u017ar\u00f3d\u0142ami sygna\u0142u liniowego (np. CD, DAC) bez konieczno\u015bci stosowania dodatkowego przedwzmacniacza jednocze\u015bnie nie wykluczaj\u0105c jego u\u017cycia. Typ: lampowy, klasa A, trioda, Dual MonoMoc wyj\u015bciowa: 2 x 18W \/ 4\u03a9 \/ 8\u03a9Impedancja wyj\u015bciowa: 4\u03a9 \/ 8\u03a9Lampy: 6H30Pi EHG x 2, 300B x 4Pob\u00f3r mocy: 300WWej\u015bcia: 1 x RCA MonoBezpiecznik: 3,15A Czytaj dalejWzmacniacze typu Push-Pull (klasa AB) [&hellip;]<\/p>\n","protected":false},"author":1,"featured_media":3235,"parent":0,"menu_order":0,"comment_status":"closed","ping_status":"closed","template":"","meta":{"_et_pb_use_builder":"on","_et_pb_old_content":"","_et_gb_content_width":"","footnotes":""},"class_list":["post-3403","page","type-page","status-publish","has-post-thumbnail","hentry"],"yoast_head":"<!-- This site is optimized with the Yoast SEO plugin v25.3.1 - https:\/\/yoast.com\/wordpress\/plugins\/seo\/ -->\n<title>Wzmacniacze Lampowe do Kolumn - White Bird Amplification<\/title>\n<meta name=\"robots\" content=\"index, follow, max-snippet:-1, max-image-preview:large, max-video-preview:-1\" \/>\n<link rel=\"canonical\" href=\"http:\/\/www.wbamp.com\/pl\/wzmacniacze-lampowe-do-kolumn\/\" \/>\n<meta property=\"og:locale\" content=\"pl_PL\" \/>\n<meta property=\"og:type\" content=\"article\" \/>\n<meta property=\"og:title\" content=\"Wzmacniacze Lampowe do Kolumn - White Bird Amplification\" \/>\n<meta property=\"og:description\" content=\"Wzmacniacze typu Single-Ended (klasa A) pracuj\u0105ce w trybie dw\u00f3ch ca\u0142kowicie odseparowanych tor\u00f3w audio oraz zasilaniaWzmacniacz mocy Monoblock x 2 Lampowy wzmacniacz mocy Single Ended o konstrukcji w postaci dw\u00f3ch monoblok\u00f3w. Ka\u017cdy kana\u0142 audio obs\u0142ugiwany jest osobno przez pojedynczy wzmacniacz monofoniczny wykonany we w\u0142asnej obudowie. Ironbird to najwy\u017cszy model wzmacniacza do kolumn w ofercie WBA. Ka\u017cdy z blok\u00f3w pracuje w oparciu o dwie triody mocy bezpo\u015brednio \u017carzone \u2013 211 oraz lamp\u0119 steruj\u0105c\u0105 6H30Pi EHG. Typ: lampowy, klasa A, triodaMoc wyj\u015bciowa: 1 x 40W \/ 4\u03a9 \/ 8\u03a9 Impedancja wyj\u015bciowa: 4\u03a9 \/ 8\u03a9 Lampy: 2 x 211 and a 6H30Pi EHG Pob\u00f3r mocy: 500W Wej\u015bcia: 1 x RCA Mono Bezpiecznik: 3.15A Czytaj dalejWzmacniacz zintegrowany Dual Mono Silverbird Dual Mono \u2013 zintegrowany, w pe\u0142ni lampowy wzmacniacz typu Single Ended (klasa A) pracuj\u0105cy w trybie dw\u00f3ch ca\u0142kowicie odseparowanych tor\u00f3w audio oraz zasilania. Odpowiednia konstrukcja zapewnia mu mo\u017cliwo\u015b\u0107 wsp\u00f3\u0142pracy ze \u017ar\u00f3d\u0142ami sygna\u0142u liniowego (np. CD, DAC) bez konieczno\u015bci stosowania dodatkowego przedwzmacniacza jednocze\u015bnie nie wykluczaj\u0105c jego u\u017cycia. Typ: lampowy, klasa A, trioda, Dual MonoMoc wyj\u015bciowa: 2 x 18W \/ 4\u03a9 \/ 8\u03a9Impedancja wyj\u015bciowa: 4\u03a9 \/ 8\u03a9Lampy: 6H30Pi EHG x 2, 300B x 4Pob\u00f3r mocy: 300WWej\u015bcia: 1 x RCA MonoBezpiecznik: 3,15A Czytaj dalejWzmacniacze typu Push-Pull (klasa AB) [&hellip;]\" \/>\n<meta property=\"og:url\" content=\"http:\/\/www.wbamp.com\/pl\/wzmacniacze-lampowe-do-kolumn\/\" \/>\n<meta property=\"og:site_name\" content=\"White Bird Amplification\" \/>\n<meta property=\"article:modified_time\" content=\"2025-06-26T08:33:39+00:00\" \/>\n<meta property=\"og:image\" content=\"http:\/\/www.wbamp.com\/wp-content\/uploads\/Silverbird-Dual-Mono-Integrated-Tube-Amplifier-top.jpg\" \/>\n\t<meta property=\"og:image:width\" content=\"1500\" \/>\n\t<meta property=\"og:image:height\" content=\"1000\" \/>\n\t<meta property=\"og:image:type\" content=\"image\/jpeg\" \/>\n<meta name=\"twitter:card\" content=\"summary_large_image\" \/>\n<meta name=\"twitter:label1\" content=\"Szacowany czas czytania\" \/>\n\t<meta name=\"twitter:data1\" content=\"6 minut\" \/>\n<script type=\"application\/ld+json\" class=\"yoast-schema-graph\">{\"@context\":\"https:\/\/schema.org\",\"@graph\":[{\"@type\":\"WebPage\",\"@id\":\"http:\/\/www.wbamp.com\/pl\/wzmacniacze-lampowe-do-kolumn\/\",\"url\":\"http:\/\/www.wbamp.com\/pl\/wzmacniacze-lampowe-do-kolumn\/\",\"name\":\"Wzmacniacze Lampowe do Kolumn - White Bird Amplification\",\"isPartOf\":{\"@id\":\"http:\/\/www.wbamp.com\/pl\/#website\"},\"primaryImageOfPage\":{\"@id\":\"http:\/\/www.wbamp.com\/pl\/wzmacniacze-lampowe-do-kolumn\/#primaryimage\"},\"image\":{\"@id\":\"http:\/\/www.wbamp.com\/pl\/wzmacniacze-lampowe-do-kolumn\/#primaryimage\"},\"thumbnailUrl\":\"https:\/\/www.wbamp.com\/wp-content\/uploads\/Silverbird-Dual-Mono-Integrated-Tube-Amplifier-top.jpg\",\"datePublished\":\"2018-03-20T22:02:20+00:00\",\"dateModified\":\"2025-06-26T08:33:39+00:00\",\"breadcrumb\":{\"@id\":\"http:\/\/www.wbamp.com\/pl\/wzmacniacze-lampowe-do-kolumn\/#breadcrumb\"},\"inLanguage\":\"pl-PL\",\"potentialAction\":[{\"@type\":\"ReadAction\",\"target\":[\"http:\/\/www.wbamp.com\/pl\/wzmacniacze-lampowe-do-kolumn\/\"]}]},{\"@type\":\"ImageObject\",\"inLanguage\":\"pl-PL\",\"@id\":\"http:\/\/www.wbamp.com\/pl\/wzmacniacze-lampowe-do-kolumn\/#primaryimage\",\"url\":\"https:\/\/www.wbamp.com\/wp-content\/uploads\/Silverbird-Dual-Mono-Integrated-Tube-Amplifier-top.jpg\",\"contentUrl\":\"https:\/\/www.wbamp.com\/wp-content\/uploads\/Silverbird-Dual-Mono-Integrated-Tube-Amplifier-top.jpg\",\"width\":1500,\"height\":1000},{\"@type\":\"BreadcrumbList\",\"@id\":\"http:\/\/www.wbamp.com\/pl\/wzmacniacze-lampowe-do-kolumn\/#breadcrumb\",\"itemListElement\":[{\"@type\":\"ListItem\",\"position\":1,\"name\":\"Home\",\"item\":\"http:\/\/www.wbamp.com\/pl\/\"},{\"@type\":\"ListItem\",\"position\":2,\"name\":\"Wzmacniacze Lampowe do Kolumn\"}]},{\"@type\":\"WebSite\",\"@id\":\"http:\/\/www.wbamp.com\/pl\/#website\",\"url\":\"http:\/\/www.wbamp.com\/pl\/\",\"name\":\"White Bird Amplification\",\"description\":\"Tube Amplifiers and Preamplifiers\",\"potentialAction\":[{\"@type\":\"SearchAction\",\"target\":{\"@type\":\"EntryPoint\",\"urlTemplate\":\"http:\/\/www.wbamp.com\/pl\/?s={search_term_string}\"},\"query-input\":{\"@type\":\"PropertyValueSpecification\",\"valueRequired\":true,\"valueName\":\"search_term_string\"}}],\"inLanguage\":\"pl-PL\"}]}<\/script>\n<!-- \/ Yoast SEO plugin. -->","yoast_head_json":{"title":"Wzmacniacze Lampowe do Kolumn - White Bird Amplification","robots":{"index":"index","follow":"follow","max-snippet":"max-snippet:-1","max-image-preview":"max-image-preview:large","max-video-preview":"max-video-preview:-1"},"canonical":"http:\/\/www.wbamp.com\/pl\/wzmacniacze-lampowe-do-kolumn\/","og_locale":"pl_PL","og_type":"article","og_title":"Wzmacniacze Lampowe do Kolumn - White Bird Amplification","og_description":"Wzmacniacze typu Single-Ended (klasa A) pracuj\u0105ce w trybie dw\u00f3ch ca\u0142kowicie odseparowanych tor\u00f3w audio oraz zasilaniaWzmacniacz mocy Monoblock x 2 Lampowy wzmacniacz mocy Single Ended o konstrukcji w postaci dw\u00f3ch monoblok\u00f3w. Ka\u017cdy kana\u0142 audio obs\u0142ugiwany jest osobno przez pojedynczy wzmacniacz monofoniczny wykonany we w\u0142asnej obudowie. Ironbird to najwy\u017cszy model wzmacniacza do kolumn w ofercie WBA. Ka\u017cdy z blok\u00f3w pracuje w oparciu o dwie triody mocy bezpo\u015brednio \u017carzone \u2013 211 oraz lamp\u0119 steruj\u0105c\u0105 6H30Pi EHG. Typ: lampowy, klasa A, triodaMoc wyj\u015bciowa: 1 x 40W \/ 4\u03a9 \/ 8\u03a9 Impedancja wyj\u015bciowa: 4\u03a9 \/ 8\u03a9 Lampy: 2 x 211 and a 6H30Pi EHG Pob\u00f3r mocy: 500W Wej\u015bcia: 1 x RCA Mono Bezpiecznik: 3.15A Czytaj dalejWzmacniacz zintegrowany Dual Mono Silverbird Dual Mono \u2013 zintegrowany, w pe\u0142ni lampowy wzmacniacz typu Single Ended (klasa A) pracuj\u0105cy w trybie dw\u00f3ch ca\u0142kowicie odseparowanych tor\u00f3w audio oraz zasilania. Odpowiednia konstrukcja zapewnia mu mo\u017cliwo\u015b\u0107 wsp\u00f3\u0142pracy ze \u017ar\u00f3d\u0142ami sygna\u0142u liniowego (np. CD, DAC) bez konieczno\u015bci stosowania dodatkowego przedwzmacniacza jednocze\u015bnie nie wykluczaj\u0105c jego u\u017cycia. Typ: lampowy, klasa A, trioda, Dual MonoMoc wyj\u015bciowa: 2 x 18W \/ 4\u03a9 \/ 8\u03a9Impedancja wyj\u015bciowa: 4\u03a9 \/ 8\u03a9Lampy: 6H30Pi EHG x 2, 300B x 4Pob\u00f3r mocy: 300WWej\u015bcia: 1 x RCA MonoBezpiecznik: 3,15A Czytaj dalejWzmacniacze typu Push-Pull (klasa AB) [&hellip;]","og_url":"http:\/\/www.wbamp.com\/pl\/wzmacniacze-lampowe-do-kolumn\/","og_site_name":"White Bird Amplification","article_modified_time":"2025-06-26T08:33:39+00:00","og_image":[{"width":1500,"height":1000,"url":"http:\/\/www.wbamp.com\/wp-content\/uploads\/Silverbird-Dual-Mono-Integrated-Tube-Amplifier-top.jpg","type":"image\/jpeg"}],"twitter_card":"summary_large_image","twitter_misc":{"Szacowany czas czytania":"6 minut"},"schema":{"@context":"https:\/\/schema.org","@graph":[{"@type":"WebPage","@id":"http:\/\/www.wbamp.com\/pl\/wzmacniacze-lampowe-do-kolumn\/","url":"http:\/\/www.wbamp.com\/pl\/wzmacniacze-lampowe-do-kolumn\/","name":"Wzmacniacze Lampowe do Kolumn - White Bird Amplification","isPartOf":{"@id":"http:\/\/www.wbamp.com\/pl\/#website"},"primaryImageOfPage":{"@id":"http:\/\/www.wbamp.com\/pl\/wzmacniacze-lampowe-do-kolumn\/#primaryimage"},"image":{"@id":"http:\/\/www.wbamp.com\/pl\/wzmacniacze-lampowe-do-kolumn\/#primaryimage"},"thumbnailUrl":"https:\/\/www.wbamp.com\/wp-content\/uploads\/Silverbird-Dual-Mono-Integrated-Tube-Amplifier-top.jpg","datePublished":"2018-03-20T22:02:20+00:00","dateModified":"2025-06-26T08:33:39+00:00","breadcrumb":{"@id":"http:\/\/www.wbamp.com\/pl\/wzmacniacze-lampowe-do-kolumn\/#breadcrumb"},"inLanguage":"pl-PL","potentialAction":[{"@type":"ReadAction","target":["http:\/\/www.wbamp.com\/pl\/wzmacniacze-lampowe-do-kolumn\/"]}]},{"@type":"ImageObject","inLanguage":"pl-PL","@id":"http:\/\/www.wbamp.com\/pl\/wzmacniacze-lampowe-do-kolumn\/#primaryimage","url":"https:\/\/www.wbamp.com\/wp-content\/uploads\/Silverbird-Dual-Mono-Integrated-Tube-Amplifier-top.jpg","contentUrl":"https:\/\/www.wbamp.com\/wp-content\/uploads\/Silverbird-Dual-Mono-Integrated-Tube-Amplifier-top.jpg","width":1500,"height":1000},{"@type":"BreadcrumbList","@id":"http:\/\/www.wbamp.com\/pl\/wzmacniacze-lampowe-do-kolumn\/#breadcrumb","itemListElement":[{"@type":"ListItem","position":1,"name":"Home","item":"http:\/\/www.wbamp.com\/pl\/"},{"@type":"ListItem","position":2,"name":"Wzmacniacze Lampowe do Kolumn"}]},{"@type":"WebSite","@id":"http:\/\/www.wbamp.com\/pl\/#website","url":"http:\/\/www.wbamp.com\/pl\/","name":"White Bird Amplification","description":"Tube Amplifiers and Preamplifiers","potentialAction":[{"@type":"SearchAction","target":{"@type":"EntryPoint","urlTemplate":"http:\/\/www.wbamp.com\/pl\/?s={search_term_string}"},"query-input":{"@type":"PropertyValueSpecification","valueRequired":true,"valueName":"search_term_string"}}],"inLanguage":"pl-PL"}]}},"_links":{"self":[{"href":"https:\/\/www.wbamp.com\/pl\/wp-json\/wp\/v2\/pages\/3403","targetHints":{"allow":["GET"]}}],"collection":[{"href":"https:\/\/www.wbamp.com\/pl\/wp-json\/wp\/v2\/pages"}],"about":[{"href":"https:\/\/www.wbamp.com\/pl\/wp-json\/wp\/v2\/types\/page"}],"author":[{"embeddable":true,"href":"https:\/\/www.wbamp.com\/pl\/wp-json\/wp\/v2\/users\/1"}],"replies":[{"embeddable":true,"href":"https:\/\/www.wbamp.com\/pl\/wp-json\/wp\/v2\/comments?post=3403"}],"version-history":[{"count":1,"href":"https:\/\/www.wbamp.com\/pl\/wp-json\/wp\/v2\/pages\/3403\/revisions"}],"predecessor-version":[{"id":4710,"href":"https:\/\/www.wbamp.com\/pl\/wp-json\/wp\/v2\/pages\/3403\/revisions\/4710"}],"wp:featuredmedia":[{"embeddable":true,"href":"https:\/\/www.wbamp.com\/pl\/wp-json\/wp\/v2\/media\/3235"}],"wp:attachment":[{"href":"https:\/\/www.wbamp.com\/pl\/wp-json\/wp\/v2\/media?parent=3403"}],"curies":[{"name":"wp","href":"https:\/\/api.w.org\/{rel}","templated":true}]}}