{"id":4131,"date":"2018-07-26T14:55:32","date_gmt":"2018-07-26T14:55:32","guid":{"rendered":"http:\/\/wbamp.com\/product\/virtus-300b-wzmacniacz-sluchawkowy-olt-se-klasa-a\/"},"modified":"2019-03-09T07:40:38","modified_gmt":"2019-03-09T07:40:38","slug":"virtus-300b-wzmacniacz-sluchawkowy-olt-se-klasa-a","status":"publish","type":"product","link":"http:\/\/www.wbamp.com\/pl\/produkt\/virtus-300b-wzmacniacz-sluchawkowy-olt-se-klasa-a\/","title":{"rendered":"Virtus 300B"},"content":{"rendered":"<p><img loading=\"lazy\" decoding=\"async\" src=\"\/wp-content\/uploads\/IMG_9057-700x467.jpg\" alt=\"\" width=\"900\" height=\"600\" class=\"alignright size-medium\" \/><strong class=\"intro\">Wzmacniacz oferuje mo\u017cliwo\u015b\u0107 indywidualnego kreowania brzmienia poprzez wymian\u0119 lamp. Najwi\u0119kszy wp\u0142yw na zmiany w charakterze d\u017awi\u0119ku maj\u0105 lampy steruj\u0105ce, a w dalszej kolejno\u015bci para lamp mocy. We wzmacniaczu Virtus-300B z powodzeniem mo\u017cna stosowa\u0107 wszystkie odpowiedniki lamp ECC88 jako lampy steruj\u0105ce oraz odpowiedniki 300B jako lampy stopnia mocy\/wyj\u015bciowego.<\/strong><\/p>\n<p>Virtus-300B posiada konstrukcje typu Dual Mono, kt\u00f3ra polega na tym, \u017ce ka\u017cdy z kana\u0142\u00f3w poza tym, \u017ce jest zupe\u0142nie odr\u0119bnym wzmacniaczem posiada po cztery niezale\u017cne zasilacze dostarczaj\u0105ce pr\u0105d do wybranych sekcji uk\u0142adu. Dla zapewnienia jak najlepszych warunk\u00f3w pracy zasilacze \u017carzenia lamp steruj\u0105cych dostarczaj\u0105 ich \u017carnikom pr\u0105d sta\u0142y. Filtracja eliminuje zupe\u0142nie zak\u0142\u00f3cenia sieci energetycznej oraz zapewnia precyzyjne napi\u0119cie pracy. Dwa toroidalne transformatory zasilaj\u0105ce wykonane s\u0105 w technologii stosowanej w sprz\u0119cie audio (eliminacja przyd\u017awi\u0119k\u00f3w transformatora). Zupe\u0142na separacja kana\u0142\u00f3w wzmacniacza poprzez osiem niezale\u017cnych zasilaczy oraz dwa transformatory zasilaj\u0105ce oferuje przestrze\u0144 oraz scen\u0119 na najwy\u017cszym poziomie. Triody mocy typu 300B zapewniaj\u0105 ocieplenie d\u017awi\u0119ku jednak bez spowolnienia go ani utraty rozdzielczo\u015bci. Virtus-300B posiada w ka\u017cdym z kana\u0142\u00f3w lampowy stopie\u0144 wzmocnienia napi\u0119cia i wt\u00f3rnik pr\u0105dowy (tzw. bufor) zrealizowane na lampie 6922 EHG. Lampy 300B pracuj\u0105 w uk\u0142adzie wt\u00f3rnik\u00f3w gdzie sygna\u0142 z ich katod po przej\u015bciu przez kondensatory wyj\u015bciowe podawany jest na s\u0142uchawki.<\/p>\n<p>W sekcji lamp ECC mo\u017cna stosowa\u0107 wszelkie odpowiedniki lampy ECC88 np. 6922, 6N23P, 6N23P-EW, 6DJ8 itp. \u017bywotno\u015b\u0107 lamp tego typu mo\u017ce si\u0119ga\u0107 nawet do 10 000h.<\/p>\n<p>Tryb pracy bez u\u017cycia transformator\u00f3w wyj\u015bciowych zapewnia najwi\u0119ksz\u0105 precyzj\u0119 d\u017awi\u0119ku oraz najmniej zniekszta\u0142ce\u0144. Wyj\u015bcie obydwu kana\u0142\u00f3w zrealizowane jest z katod lamp mocy po przej\u015bciu przez kondensatory sygna\u0142owe Nichicon KZ Muse dedykowane specjalnie urz\u0105dzeniom audio wysokiej jako\u015bci. <\/p>\n<p>W sekcji mocy wzmacniacza Virtus-300B mo\u017cna zastosowa\u0107 r\u00f3\u017cne rodzaje lamp 300B. Nie wymaga to \u017cadnych zmian w uk\u0142adzie wzmacniacza, poniewa\u017c Virtus posiada uk\u0142ad auto-biasu, kt\u00f3ry umo\u017cliwia samodzielne dostrojenie si\u0119 jego elektroniki do rodzaju zastosowanych lamp. Maksymalna moc wyj\u015bciowa wzmacniacza wynosi do 2 x 1W. <\/p>\n<p>Virtus-300B wykonywany jest w solidnej metalowej obudowie stoj\u0105cej na aluminiowych n\u00f3\u017ckach posiadaj\u0105cych na spodniej cz\u0119\u015bci gum\u0119 stabilizuj\u0105c\u0105 wzmacniacz na pod\u0142o\u017cu. Na przednim panelu znajduj\u0105 si\u0119 pod\u015bwietlane zegary analogowe, kt\u00f3rych wskaz\u00f3wki wychylaj\u0105 si\u0119 dynamicznie w rytm muzyki. Wzmacniacz mo\u017ce by\u0107 opcjonalnie wyposa\u017cony w dodatkow\u0105 par\u0119 z\u0142\u0105cz XLR (wej\u015bcie stereo), a tak\u017ce atenuator (48-stopniow\u0105 drabink\u0119 rezystorow\u0105 polskiego producenta Khozmo Acoustic). Z\u0142\u0105czem sieciowym jest gniazdo typu IEC.<\/p>\n","protected":false},"excerpt":{"rendered":"<p>Virtus-300B &#8211; wzmacniacz s\u0142uchawkowy OTL Single Ended (bez transformatora wyj\u015bciowego; klasa A) w architekturze Dual Mono. Zastosowanie w stopniu mocy bezpo\u015brednio \u017carzonych triod typu 300B w wydajnym uk\u0142adzie pracy umo\u017cliwia wsp\u00f3\u0142prac\u0119 urz\u0105dzenia z wieloma modelami s\u0142uchawek dynamicznych. Optimum dopasowania impedancyjnego (op\u00f3r s\u0142uchawek) wzmacniacz osi\u0105ga przy 200 Ohm, ale dzi\u0119ki stosunkowo du\u017cej mocy wyj\u015bciowej (tryb OTL) sprz\u0119t zapewnia s\u0142uchawkom 2 x 1W mocy co w przypadku modeli s\u0142uchawek dynamicznych (nie-planarnych) jest ju\u017c du\u017c\u0105 rezerw\u0105 je\u015bli chodzi o wydajno\u015b\u0107. Nawet w przypadku u\u017cycia s\u0142uchawek o ni\u017cszych oraz wy\u017cszym impedancjach ni\u017c znamionowa Virtus jest w stanie z powodzeniem je wysterowa\u0107. Jako lampy steruj\u0105ce zastosowane s\u0105 standardowo 6922 EHG czyli odpowiednik popularnej ECC88. Brzmienie modelu to w pe\u0142ni charakterystyczny dla lamp elektronowych ciep\u0142y, przestrzenny i dynamiczny d\u017awi\u0119k z du\u017c\u0105 ilo\u015bci\u0105 szczeg\u00f3\u0142\u00f3w, kt\u00f3ry w razie potrzeby mo\u017cna modyfikowa\u0107 za pomoc\u0105 stosowania r\u00f3\u017cnych modeli lamp.<br \/>\n<div class='one_half'>\n\t\t\t\t\t<ul>\n<li> Typ: <b> lampowy, klasa A, trioda, OTL<\/b>\n<li> Moc wyj\u015bciowa przy 200\u03a9 obci\u0105\u017cenia: <b> 2 x 1W<\/b>\n<li> Impedancja wej\u015bciowa: <b> 50k\u03a9 <\/b>\n<li> Amplituda napi\u0119cia wej\u015bciowego: <b> 2 V &#8211; 12 V (max) <\/b>\n<li> Przedzia\u0142 impedancji obci\u0105\u017cenia: <b>64\u03a9 &#8211; 350\u03a9<\/b>\n<li> Zasilanie anodowe: <b> 250 VDC <\/b>\n<li> Zasilanie \u017carzenia: <b> 6.3 VDC, 5 VDC <\/b>\n<\/ul>\n\t\t\t\t<\/div><div class='one_half et_column_last'>\n\t\t\t\t\t<ul>\n<li> Wej\u015bcia: <b> 1 x RCA Stereo<\/b>\n<li> Wyj\u015bcia: <b> 1 x TRS Stereo<\/b>\n<li> Pob\u00f3r mocy: <b> 200 W <\/b>\n<li> Bezpiecznik: <b> 3.15A <\/b>\n<li> Masa: <b> 15 kg <\/b>\n<li> Wymiary: <b> 305mm (szer.), 400mm (g\u0142\u0119b.), 80mm (wys.)  <\/b>\n<\/ul>\n\t\t\t\t<\/div><div class='clear'><\/div><\/p>\n","protected":false},"featured_media":4122,"template":"","meta":{"_et_pb_use_builder":"","_et_pb_old_content":"","_et_gb_content_width":""},"product_brand":[],"product_cat":[45],"product_tag":[],"class_list":{"0":"post-4131","1":"product","2":"type-product","3":"status-publish","4":"has-post-thumbnail","6":"product_cat-uncategorized-pl","8":"first","9":"instock","10":"shipping-taxable","11":"purchasable","12":"product-type-simple"},"yoast_head":"<!-- This site is optimized with the Yoast SEO plugin v25.3.1 - https:\/\/yoast.com\/wordpress\/plugins\/seo\/ -->\n<title>Virtus 300B - White Bird Amplification<\/title>\n<meta name=\"robots\" content=\"index, follow, max-snippet:-1, max-image-preview:large, max-video-preview:-1\" \/>\n<link rel=\"canonical\" href=\"http:\/\/www.wbamp.com\/pl\/produkt\/virtus-300b-wzmacniacz-sluchawkowy-olt-se-klasa-a\/\" \/>\n<meta property=\"og:locale\" content=\"pl_PL\" \/>\n<meta property=\"og:type\" content=\"article\" \/>\n<meta property=\"og:title\" content=\"Virtus 300B - White Bird Amplification\" \/>\n<meta property=\"og:description\" content=\"Virtus-300B - wzmacniacz s\u0142uchawkowy OTL Single Ended (bez transformatora wyj\u015bciowego; klasa A) w architekturze Dual Mono. Zastosowanie w stopniu mocy bezpo\u015brednio \u017carzonych triod typu 300B w wydajnym uk\u0142adzie pracy umo\u017cliwia wsp\u00f3\u0142prac\u0119 urz\u0105dzenia z wieloma modelami s\u0142uchawek dynamicznych. Optimum dopasowania impedancyjnego (op\u00f3r s\u0142uchawek) wzmacniacz osi\u0105ga przy 200 Ohm, ale dzi\u0119ki stosunkowo du\u017cej mocy wyj\u015bciowej (tryb OTL) sprz\u0119t zapewnia s\u0142uchawkom 2 x 1W mocy co w przypadku modeli s\u0142uchawek dynamicznych (nie-planarnych) jest ju\u017c du\u017c\u0105 rezerw\u0105 je\u015bli chodzi o wydajno\u015b\u0107. Nawet w przypadku u\u017cycia s\u0142uchawek o ni\u017cszych oraz wy\u017cszym impedancjach ni\u017c znamionowa Virtus jest w stanie z powodzeniem je wysterowa\u0107. Jako lampy steruj\u0105ce zastosowane s\u0105 standardowo 6922 EHG czyli odpowiednik popularnej ECC88. Brzmienie modelu to w pe\u0142ni charakterystyczny dla lamp elektronowych ciep\u0142y, przestrzenny i dynamiczny d\u017awi\u0119k z du\u017c\u0105 ilo\u015bci\u0105 szczeg\u00f3\u0142\u00f3w, kt\u00f3ry w razie potrzeby mo\u017cna modyfikowa\u0107 za pomoc\u0105 stosowania r\u00f3\u017cnych modeli lamp.\" \/>\n<meta property=\"og:url\" content=\"http:\/\/www.wbamp.com\/pl\/produkt\/virtus-300b-wzmacniacz-sluchawkowy-olt-se-klasa-a\/\" \/>\n<meta property=\"og:site_name\" content=\"White Bird Amplification\" \/>\n<meta property=\"article:modified_time\" content=\"2019-03-09T07:40:38+00:00\" \/>\n<meta property=\"og:image\" content=\"http:\/\/www.wbamp.com\/wp-content\/uploads\/IMG_9009.jpg\" \/>\n\t<meta property=\"og:image:width\" content=\"1500\" \/>\n\t<meta property=\"og:image:height\" content=\"1000\" \/>\n\t<meta property=\"og:image:type\" content=\"image\/jpeg\" \/>\n<meta name=\"twitter:card\" content=\"summary_large_image\" \/>\n<meta name=\"twitter:label1\" content=\"Szacowany czas czytania\" \/>\n\t<meta name=\"twitter:data1\" content=\"2 minuty\" \/>\n<script type=\"application\/ld+json\" class=\"yoast-schema-graph\">{\"@context\":\"https:\/\/schema.org\",\"@graph\":[{\"@type\":\"WebPage\",\"@id\":\"http:\/\/www.wbamp.com\/pl\/produkt\/virtus-300b-wzmacniacz-sluchawkowy-olt-se-klasa-a\/\",\"url\":\"http:\/\/www.wbamp.com\/pl\/produkt\/virtus-300b-wzmacniacz-sluchawkowy-olt-se-klasa-a\/\",\"name\":\"Virtus 300B - White Bird Amplification\",\"isPartOf\":{\"@id\":\"http:\/\/www.wbamp.com\/pl\/#website\"},\"primaryImageOfPage\":{\"@id\":\"http:\/\/www.wbamp.com\/pl\/produkt\/virtus-300b-wzmacniacz-sluchawkowy-olt-se-klasa-a\/#primaryimage\"},\"image\":{\"@id\":\"http:\/\/www.wbamp.com\/pl\/produkt\/virtus-300b-wzmacniacz-sluchawkowy-olt-se-klasa-a\/#primaryimage\"},\"thumbnailUrl\":\"http:\/\/www.wbamp.com\/wp-content\/uploads\/IMG_9009.jpg\",\"datePublished\":\"2018-07-26T14:55:32+00:00\",\"dateModified\":\"2019-03-09T07:40:38+00:00\",\"breadcrumb\":{\"@id\":\"http:\/\/www.wbamp.com\/pl\/produkt\/virtus-300b-wzmacniacz-sluchawkowy-olt-se-klasa-a\/#breadcrumb\"},\"inLanguage\":\"pl-PL\",\"potentialAction\":[{\"@type\":\"ReadAction\",\"target\":[\"http:\/\/www.wbamp.com\/pl\/produkt\/virtus-300b-wzmacniacz-sluchawkowy-olt-se-klasa-a\/\"]}]},{\"@type\":\"ImageObject\",\"inLanguage\":\"pl-PL\",\"@id\":\"http:\/\/www.wbamp.com\/pl\/produkt\/virtus-300b-wzmacniacz-sluchawkowy-olt-se-klasa-a\/#primaryimage\",\"url\":\"http:\/\/www.wbamp.com\/wp-content\/uploads\/IMG_9009.jpg\",\"contentUrl\":\"http:\/\/www.wbamp.com\/wp-content\/uploads\/IMG_9009.jpg\",\"width\":1500,\"height\":1000},{\"@type\":\"BreadcrumbList\",\"@id\":\"http:\/\/www.wbamp.com\/pl\/produkt\/virtus-300b-wzmacniacz-sluchawkowy-olt-se-klasa-a\/#breadcrumb\",\"itemListElement\":[{\"@type\":\"ListItem\",\"position\":1,\"name\":\"Home\",\"item\":\"http:\/\/www.wbamp.com\/pl\/\"},{\"@type\":\"ListItem\",\"position\":2,\"name\":\"Sklep\",\"item\":\"http:\/\/www.wbamp.com\/pl\/sklep\/\"},{\"@type\":\"ListItem\",\"position\":3,\"name\":\"Virtus 300B\"}]},{\"@type\":\"WebSite\",\"@id\":\"http:\/\/www.wbamp.com\/pl\/#website\",\"url\":\"http:\/\/www.wbamp.com\/pl\/\",\"name\":\"White Bird Amplification\",\"description\":\"Tube Amplifiers and Preamplifiers\",\"potentialAction\":[{\"@type\":\"SearchAction\",\"target\":{\"@type\":\"EntryPoint\",\"urlTemplate\":\"http:\/\/www.wbamp.com\/pl\/?s={search_term_string}\"},\"query-input\":{\"@type\":\"PropertyValueSpecification\",\"valueRequired\":true,\"valueName\":\"search_term_string\"}}],\"inLanguage\":\"pl-PL\"}]}<\/script>\n<!-- \/ Yoast SEO plugin. -->","yoast_head_json":{"title":"Virtus 300B - White Bird Amplification","robots":{"index":"index","follow":"follow","max-snippet":"max-snippet:-1","max-image-preview":"max-image-preview:large","max-video-preview":"max-video-preview:-1"},"canonical":"http:\/\/www.wbamp.com\/pl\/produkt\/virtus-300b-wzmacniacz-sluchawkowy-olt-se-klasa-a\/","og_locale":"pl_PL","og_type":"article","og_title":"Virtus 300B - White Bird Amplification","og_description":"Virtus-300B - wzmacniacz s\u0142uchawkowy OTL Single Ended (bez transformatora wyj\u015bciowego; klasa A) w architekturze Dual Mono. Zastosowanie w stopniu mocy bezpo\u015brednio \u017carzonych triod typu 300B w wydajnym uk\u0142adzie pracy umo\u017cliwia wsp\u00f3\u0142prac\u0119 urz\u0105dzenia z wieloma modelami s\u0142uchawek dynamicznych. Optimum dopasowania impedancyjnego (op\u00f3r s\u0142uchawek) wzmacniacz osi\u0105ga przy 200 Ohm, ale dzi\u0119ki stosunkowo du\u017cej mocy wyj\u015bciowej (tryb OTL) sprz\u0119t zapewnia s\u0142uchawkom 2 x 1W mocy co w przypadku modeli s\u0142uchawek dynamicznych (nie-planarnych) jest ju\u017c du\u017c\u0105 rezerw\u0105 je\u015bli chodzi o wydajno\u015b\u0107. Nawet w przypadku u\u017cycia s\u0142uchawek o ni\u017cszych oraz wy\u017cszym impedancjach ni\u017c znamionowa Virtus jest w stanie z powodzeniem je wysterowa\u0107. Jako lampy steruj\u0105ce zastosowane s\u0105 standardowo 6922 EHG czyli odpowiednik popularnej ECC88. Brzmienie modelu to w pe\u0142ni charakterystyczny dla lamp elektronowych ciep\u0142y, przestrzenny i dynamiczny d\u017awi\u0119k z du\u017c\u0105 ilo\u015bci\u0105 szczeg\u00f3\u0142\u00f3w, kt\u00f3ry w razie potrzeby mo\u017cna modyfikowa\u0107 za pomoc\u0105 stosowania r\u00f3\u017cnych modeli lamp.","og_url":"http:\/\/www.wbamp.com\/pl\/produkt\/virtus-300b-wzmacniacz-sluchawkowy-olt-se-klasa-a\/","og_site_name":"White Bird Amplification","article_modified_time":"2019-03-09T07:40:38+00:00","og_image":[{"width":1500,"height":1000,"url":"http:\/\/www.wbamp.com\/wp-content\/uploads\/IMG_9009.jpg","type":"image\/jpeg"}],"twitter_card":"summary_large_image","twitter_misc":{"Szacowany czas czytania":"2 minuty"},"schema":{"@context":"https:\/\/schema.org","@graph":[{"@type":"WebPage","@id":"http:\/\/www.wbamp.com\/pl\/produkt\/virtus-300b-wzmacniacz-sluchawkowy-olt-se-klasa-a\/","url":"http:\/\/www.wbamp.com\/pl\/produkt\/virtus-300b-wzmacniacz-sluchawkowy-olt-se-klasa-a\/","name":"Virtus 300B - White Bird Amplification","isPartOf":{"@id":"http:\/\/www.wbamp.com\/pl\/#website"},"primaryImageOfPage":{"@id":"http:\/\/www.wbamp.com\/pl\/produkt\/virtus-300b-wzmacniacz-sluchawkowy-olt-se-klasa-a\/#primaryimage"},"image":{"@id":"http:\/\/www.wbamp.com\/pl\/produkt\/virtus-300b-wzmacniacz-sluchawkowy-olt-se-klasa-a\/#primaryimage"},"thumbnailUrl":"http:\/\/www.wbamp.com\/wp-content\/uploads\/IMG_9009.jpg","datePublished":"2018-07-26T14:55:32+00:00","dateModified":"2019-03-09T07:40:38+00:00","breadcrumb":{"@id":"http:\/\/www.wbamp.com\/pl\/produkt\/virtus-300b-wzmacniacz-sluchawkowy-olt-se-klasa-a\/#breadcrumb"},"inLanguage":"pl-PL","potentialAction":[{"@type":"ReadAction","target":["http:\/\/www.wbamp.com\/pl\/produkt\/virtus-300b-wzmacniacz-sluchawkowy-olt-se-klasa-a\/"]}]},{"@type":"ImageObject","inLanguage":"pl-PL","@id":"http:\/\/www.wbamp.com\/pl\/produkt\/virtus-300b-wzmacniacz-sluchawkowy-olt-se-klasa-a\/#primaryimage","url":"http:\/\/www.wbamp.com\/wp-content\/uploads\/IMG_9009.jpg","contentUrl":"http:\/\/www.wbamp.com\/wp-content\/uploads\/IMG_9009.jpg","width":1500,"height":1000},{"@type":"BreadcrumbList","@id":"http:\/\/www.wbamp.com\/pl\/produkt\/virtus-300b-wzmacniacz-sluchawkowy-olt-se-klasa-a\/#breadcrumb","itemListElement":[{"@type":"ListItem","position":1,"name":"Home","item":"http:\/\/www.wbamp.com\/pl\/"},{"@type":"ListItem","position":2,"name":"Sklep","item":"http:\/\/www.wbamp.com\/pl\/sklep\/"},{"@type":"ListItem","position":3,"name":"Virtus 300B"}]},{"@type":"WebSite","@id":"http:\/\/www.wbamp.com\/pl\/#website","url":"http:\/\/www.wbamp.com\/pl\/","name":"White Bird Amplification","description":"Tube Amplifiers and Preamplifiers","potentialAction":[{"@type":"SearchAction","target":{"@type":"EntryPoint","urlTemplate":"http:\/\/www.wbamp.com\/pl\/?s={search_term_string}"},"query-input":{"@type":"PropertyValueSpecification","valueRequired":true,"valueName":"search_term_string"}}],"inLanguage":"pl-PL"}]}},"_links":{"self":[{"href":"http:\/\/www.wbamp.com\/pl\/wp-json\/wp\/v2\/product\/4131","targetHints":{"allow":["GET"]}}],"collection":[{"href":"http:\/\/www.wbamp.com\/pl\/wp-json\/wp\/v2\/product"}],"about":[{"href":"http:\/\/www.wbamp.com\/pl\/wp-json\/wp\/v2\/types\/product"}],"wp:featuredmedia":[{"embeddable":true,"href":"http:\/\/www.wbamp.com\/pl\/wp-json\/wp\/v2\/media\/4122"}],"wp:attachment":[{"href":"http:\/\/www.wbamp.com\/pl\/wp-json\/wp\/v2\/media?parent=4131"}],"wp:term":[{"taxonomy":"product_brand","embeddable":true,"href":"http:\/\/www.wbamp.com\/pl\/wp-json\/wp\/v2\/product_brand?post=4131"},{"taxonomy":"product_cat","embeddable":true,"href":"http:\/\/www.wbamp.com\/pl\/wp-json\/wp\/v2\/product_cat?post=4131"},{"taxonomy":"product_tag","embeddable":true,"href":"http:\/\/www.wbamp.com\/pl\/wp-json\/wp\/v2\/product_tag?post=4131"}],"curies":[{"name":"wp","href":"https:\/\/api.w.org\/{rel}","templated":true}]}}