{"id":4011,"date":"2018-05-02T16:25:37","date_gmt":"2018-05-02T16:25:37","guid":{"rendered":"http:\/\/wbamp.com\/product\/phoenix-source-driver\/"},"modified":"2018-05-10T14:19:07","modified_gmt":"2018-05-10T14:19:07","slug":"phoenix-source-driver","status":"publish","type":"product","link":"http:\/\/www.wbamp.com\/pl\/produkt\/phoenix-source-driver\/","title":{"rendered":"Phoenix &#8211; Source Driver"},"content":{"rendered":"<p><img loading=\"lazy\" decoding=\"async\" src=\"http:\/\/wbamp.com\/wp-content\/uploads\/\/Pheonix-Source-Selector-Back-Top-900x600.jpg\" alt=\"\" width=\"700\" height=\"467\" class=\"alignright size-medium wp-image-4000\" srcset=\"http:\/\/www.wbamp.com\/wp-content\/uploads\/Pheonix-Source-Selector-Back-Top-900x600.jpg 900w, http:\/\/www.wbamp.com\/wp-content\/uploads\/Pheonix-Source-Selector-Back-Top-700x467.jpg 700w, http:\/\/www.wbamp.com\/wp-content\/uploads\/Pheonix-Source-Selector-Back-Top-768x512.jpg 768w, http:\/\/www.wbamp.com\/wp-content\/uploads\/Pheonix-Source-Selector-Back-Top-1080x720.jpg 1080w, http:\/\/www.wbamp.com\/wp-content\/uploads\/Pheonix-Source-Selector-Back-Top.jpg 1500w\" sizes=\"(max-width: 700px) 100vw, 700px\" \/>Prze\u0142\u0105czanie sygna\u0142\u00f3w wej\u015bciowych odbywa si\u0119 za pomoc\u0105 przeka\u017anik\u00f3w mechanicznych (najlepsza separacja sygna\u0142\u00f3w oraz transparentno\u015b\u0107) umieszczonych w bezpo\u015brednim s\u0105siedztwie gniazd RCA. Pozwala to na unikni\u0119cie prowadzenia sygna\u0142\u00f3w audio podatnych na zak\u0142\u00f3cenia do selektora na przednim panelu. Selektor na przednim panelu s\u0142u\u017cy jedynie do sterowania niezale\u017cnymi od toru audio mikrokontrolerami, kt\u00f3re wt\u00f3rnie za\u0142\u0105czaj\u0105 odpowiednie przeka\u017aniki co pozwala u\u017cytkownikowi wybra\u0107 \u017ar\u00f3d\u0142o, kt\u00f3re go interesuje.<\/p>\n<p>W sekcji przedwzmacniacza gramofonowego ze sprz\u0119\u017ceniem zwrotnym typu RIAA zastosowany zosta\u0142 podw\u00f3jny wzmacniacz operacyjny OPA2111. Zapewnia on wysok\u0105 precyzj\u0119 ton\u00f3w \u015brednich oraz g\u00f3ry pasma, a tak\u017ce szybki i g\u0142\u0119boki bas. Uk\u0142ad scalony nie jest wlutowany w p\u0142ytk\u0119 z elektronik\u0105, a umieszczony w dedykowanej podstawce co umo\u017cliwia u\u017cytkownikowi na jego samodzieln\u0105 wymian\u0119, a tym samym ingerencj\u0119 w brzmienie. Do dyspozycji jest wiele zamiennik\u00f3w np. TL072, NE5532, OPA2604 i wiele innych. Ka\u017cdy model ma nieco inny charakter d\u017awi\u0119ku. <\/p>\n<p>Zasilanie preampu gramofonowego jest w pe\u0142ni symetryczne (najlepsza kultura pracy i stabilno\u015b\u0107 uk\u0142adu), filtrowane za pomoc\u0105 element\u00f3w pasywnych oraz stabilizowane dodatkowo przez obwody elektroniczne zapewniaj\u0105ce ograniczenie przyd\u017awi\u0119ku i brumu sieciowego do absolutnego minimum. Du\u017ce pojemno\u015bci kondensator\u00f3w zasilaj\u0105cych dodatkowo przyczyniaj\u0105 si\u0119 do tego by przedwzmacniacz charakteryzowa\u0142 si\u0119 jak najlepszymi w\u0142a\u015bciwo\u015bciami pracy co bezpo\u015brednio przek\u0142ada si\u0119 tak\u017ce na brzmienie. <\/p>\n<p>Jako dodatkowa opcja mo\u017cliwe jest wybranie w konfiguratorze zam\u00f3wienia uk\u0142adu Burson Audio Supreme. Jest to odpowiednik zastosowanego w Phoenixie wzmacniacza operacyjnego zbudowany na elementach dyskretnych czyli podstawowych elementach elektronicznych. Szczeg\u00f3\u0142owe informacje na temat uk\u0142ad\u00f3w Burson Audio mo\u017cna znale\u017a\u0107 na stronie producenta pod adresem: <a href=\"https:\/\/www.bursonaudio.com\/products\/supreme-sound-opamp-v5\/\">https:\/\/www.bursonaudio.com\/<\/a><\/p>\n<p>Selektor \u017ar\u00f3de\u0142 Phoenix mo\u017cna konfigurowa\u0107 wed\u0142ug w\u0142asnych potrzeb u\u017cywaj\u0105c przy jego zam\u00f3wieniu konfiguratora na stronie www.wbamp.com Mo\u017ce by\u0107 on tak\u017ce dostosowany do obs\u0142ugi sygna\u0142\u00f3w symetrycznych (np. 2 x XLR Stereo) lub mieszanych (np. 1 x XLR Stereo + 2 x RCA Stereo). Do wyboru jest tak\u017ce wi\u0119ksza liczba wyj\u015b\u0107 oraz ich rodzaj (RCA, XLR lub XLR + RCA). Poza tym model Phoenix nie musi by\u0107 wyposa\u017cony w przedwzmacniacz gramofonowy mo\u017cliwe jest wi\u0119c wiele praktycznych konfiguracji. <\/p>\n","protected":false},"excerpt":{"rendered":"<p>Phoenix \u2013 modu\u0142 steruj\u0105cy \u017ar\u00f3d\u0142ami sygna\u0142u w tym (opcjonalnie) sygna\u0142ami z gramofonowych wk\u0142adek typu MM. Sygna\u0142 z wej\u015bcia gramofonowego podawany jest na aktywny uk\u0142ad elektroniczny, kt\u00f3ry odpowiedzialny jest za wzmocnienie napi\u0119ciowe oraz korekcj\u0119 wyr\u00f3wnawcz\u0105 pasma zgodnie z mi\u0119dzynarodow\u0105 norm\u0105 RIAA. Poza dostosowaniem sygna\u0142\u00f3w z wk\u0142adki gramofonowej typu MM do charakterystyki standardowych sygna\u0142\u00f3w liniowych (takich jak np. CD, DAC) Phoenix daje mo\u017cliwo\u015b\u0107 wyboru kilku \u017ar\u00f3de\u0142 w sytuacji gdy wzmacniacz mocy (do kolumn lub s\u0142uchawkowy) posiada jedno lub niewystarczaj\u0105c\u0105 liczb\u0119 wej\u015b\u0107 sygna\u0142owych. <div class='one_half'>\n\t\t\t\t\t<ul>\n<li>Typ: <b>pasywny + opcjonalnie sekcja Phono Op-Amp OPA2111<\/b>\n<li>Impedancja wej\u015bciowa sekcji Phono: <b>47,5k\u03a9<\/b>\n<li>Impedancja wyj\u015bciowa secji Phono: <b>< 100\u03a9<\/b>\n<li>Amplituda napi\u0119cia wej\u015bciowego sekcji Phono: <b>1 mV \u2013  10mV (max)<\/b>\n<li>Zasilanie sekcji Phono: <b>2 x 12VDC<\/b>\n<\/ul>\n\t\t\t\t<\/div><div class='one_half et_column_last'>\n\t\t\t\t\t<ul>\n<li>Zasilanie sekcji sterownika przeka\u017anik\u00f3w: <b>1 x 5VDC<\/b>\n<li>Wzmacniacz operacyjny sekcji Phono: <b>OPA2111<\/b>\n<li>Pob\u00f3r mocy: <b>5W<\/b>\n<li>Masa: <b>3kg<\/b>\n<li>Wymiary: <b>310mm (szer.), 260mm (g\u0142\u0119b.), 70mm (wys.)<\/b>\n<\/ul>\n\t\t\t\t<\/div><div class='clear'><\/div><\/p>\n","protected":false},"featured_media":3997,"template":"","meta":{"_et_pb_use_builder":"","_et_pb_old_content":"","_et_gb_content_width":""},"product_brand":[],"product_cat":[43,44],"product_tag":[],"class_list":{"0":"post-4011","1":"product","2":"type-product","3":"status-publish","4":"has-post-thumbnail","6":"product_cat-przedwzmacniacz-gramofonowy","7":"product_cat-source-driver-pl","9":"first","10":"instock","11":"shipping-taxable","12":"purchasable","13":"product-type-simple"},"yoast_head":"<!-- This site is optimized with the Yoast SEO plugin v25.3.1 - https:\/\/yoast.com\/wordpress\/plugins\/seo\/ -->\n<title>Phoenix - Source Driver - White Bird Amplification<\/title>\n<meta name=\"robots\" content=\"index, follow, max-snippet:-1, max-image-preview:large, max-video-preview:-1\" \/>\n<link rel=\"canonical\" href=\"http:\/\/www.wbamp.com\/pl\/produkt\/phoenix-source-driver\/\" \/>\n<meta property=\"og:locale\" content=\"pl_PL\" \/>\n<meta property=\"og:type\" content=\"article\" \/>\n<meta property=\"og:title\" content=\"Phoenix - Source Driver - White Bird Amplification\" \/>\n<meta property=\"og:description\" content=\"Phoenix \u2013 modu\u0142 steruj\u0105cy \u017ar\u00f3d\u0142ami sygna\u0142u w tym (opcjonalnie) sygna\u0142ami z gramofonowych wk\u0142adek typu MM. Sygna\u0142 z wej\u015bcia gramofonowego podawany jest na aktywny uk\u0142ad elektroniczny, kt\u00f3ry odpowiedzialny jest za wzmocnienie napi\u0119ciowe oraz korekcj\u0119 wyr\u00f3wnawcz\u0105 pasma zgodnie z mi\u0119dzynarodow\u0105 norm\u0105 RIAA. Poza dostosowaniem sygna\u0142\u00f3w z wk\u0142adki gramofonowej typu MM do charakterystyki standardowych sygna\u0142\u00f3w liniowych (takich jak np. CD, DAC) Phoenix daje mo\u017cliwo\u015b\u0107 wyboru kilku \u017ar\u00f3de\u0142 w sytuacji gdy wzmacniacz mocy (do kolumn lub s\u0142uchawkowy) posiada jedno lub niewystarczaj\u0105c\u0105 liczb\u0119 wej\u015b\u0107 sygna\u0142owych.  Typ: pasywny + opcjonalnie sekcja Phono Op-Amp OPA2111 Impedancja wej\u015bciowa sekcji Phono: 47,5k\u03a9 Impedancja wyj\u015bciowa secji Phono: &lt; 100\u03a9 Amplituda napi\u0119cia wej\u015bciowego sekcji Phono: 1 mV \u2013 10mV (max) Zasilanie sekcji Phono: 2 x 12VDC [\/one_half][one_half_last]Zasilanie sekcji sterownika przeka\u017anik\u00f3w: 1 x 5VDC Wzmacniacz operacyjny sekcji Phono: OPA2111 Pob\u00f3r mocy: 5W Masa: 3kg Wymiary: 310mm (szer.), 260mm (g\u0142\u0119b.), 70mm (wys.) [\/one_half_last]\" \/>\n<meta property=\"og:url\" content=\"http:\/\/www.wbamp.com\/pl\/produkt\/phoenix-source-driver\/\" \/>\n<meta property=\"og:site_name\" content=\"White Bird Amplification\" \/>\n<meta property=\"article:modified_time\" content=\"2018-05-10T14:19:07+00:00\" \/>\n<meta property=\"og:image\" content=\"http:\/\/www.wbamp.com\/wp-content\/uploads\/Pheonix-Source-Selector-Side.jpg\" \/>\n\t<meta property=\"og:image:width\" content=\"1500\" \/>\n\t<meta property=\"og:image:height\" content=\"1000\" \/>\n\t<meta property=\"og:image:type\" content=\"image\/jpeg\" \/>\n<meta name=\"twitter:card\" content=\"summary_large_image\" \/>\n<meta name=\"twitter:label1\" content=\"Szacowany czas czytania\" \/>\n\t<meta name=\"twitter:data1\" content=\"2 minuty\" \/>\n<script type=\"application\/ld+json\" class=\"yoast-schema-graph\">{\"@context\":\"https:\/\/schema.org\",\"@graph\":[{\"@type\":\"WebPage\",\"@id\":\"http:\/\/www.wbamp.com\/pl\/produkt\/phoenix-source-driver\/\",\"url\":\"http:\/\/www.wbamp.com\/pl\/produkt\/phoenix-source-driver\/\",\"name\":\"Phoenix - Source Driver - White Bird Amplification\",\"isPartOf\":{\"@id\":\"http:\/\/www.wbamp.com\/pl\/#website\"},\"primaryImageOfPage\":{\"@id\":\"http:\/\/www.wbamp.com\/pl\/produkt\/phoenix-source-driver\/#primaryimage\"},\"image\":{\"@id\":\"http:\/\/www.wbamp.com\/pl\/produkt\/phoenix-source-driver\/#primaryimage\"},\"thumbnailUrl\":\"http:\/\/www.wbamp.com\/wp-content\/uploads\/Pheonix-Source-Selector-Side.jpg\",\"datePublished\":\"2018-05-02T16:25:37+00:00\",\"dateModified\":\"2018-05-10T14:19:07+00:00\",\"breadcrumb\":{\"@id\":\"http:\/\/www.wbamp.com\/pl\/produkt\/phoenix-source-driver\/#breadcrumb\"},\"inLanguage\":\"pl-PL\",\"potentialAction\":[{\"@type\":\"ReadAction\",\"target\":[\"http:\/\/www.wbamp.com\/pl\/produkt\/phoenix-source-driver\/\"]}]},{\"@type\":\"ImageObject\",\"inLanguage\":\"pl-PL\",\"@id\":\"http:\/\/www.wbamp.com\/pl\/produkt\/phoenix-source-driver\/#primaryimage\",\"url\":\"http:\/\/www.wbamp.com\/wp-content\/uploads\/Pheonix-Source-Selector-Side.jpg\",\"contentUrl\":\"http:\/\/www.wbamp.com\/wp-content\/uploads\/Pheonix-Source-Selector-Side.jpg\",\"width\":1500,\"height\":1000},{\"@type\":\"BreadcrumbList\",\"@id\":\"http:\/\/www.wbamp.com\/pl\/produkt\/phoenix-source-driver\/#breadcrumb\",\"itemListElement\":[{\"@type\":\"ListItem\",\"position\":1,\"name\":\"Home\",\"item\":\"http:\/\/www.wbamp.com\/pl\/\"},{\"@type\":\"ListItem\",\"position\":2,\"name\":\"Sklep\",\"item\":\"https:\/\/www.wbamp.com\/pl\/sklep\/\"},{\"@type\":\"ListItem\",\"position\":3,\"name\":\"Phoenix &#8211; Source Driver\"}]},{\"@type\":\"WebSite\",\"@id\":\"http:\/\/www.wbamp.com\/pl\/#website\",\"url\":\"http:\/\/www.wbamp.com\/pl\/\",\"name\":\"White Bird Amplification\",\"description\":\"Tube Amplifiers and Preamplifiers\",\"potentialAction\":[{\"@type\":\"SearchAction\",\"target\":{\"@type\":\"EntryPoint\",\"urlTemplate\":\"http:\/\/www.wbamp.com\/pl\/?s={search_term_string}\"},\"query-input\":{\"@type\":\"PropertyValueSpecification\",\"valueRequired\":true,\"valueName\":\"search_term_string\"}}],\"inLanguage\":\"pl-PL\"}]}<\/script>\n<!-- \/ Yoast SEO plugin. -->","yoast_head_json":{"title":"Phoenix - Source Driver - White Bird Amplification","robots":{"index":"index","follow":"follow","max-snippet":"max-snippet:-1","max-image-preview":"max-image-preview:large","max-video-preview":"max-video-preview:-1"},"canonical":"http:\/\/www.wbamp.com\/pl\/produkt\/phoenix-source-driver\/","og_locale":"pl_PL","og_type":"article","og_title":"Phoenix - Source Driver - White Bird Amplification","og_description":"Phoenix \u2013 modu\u0142 steruj\u0105cy \u017ar\u00f3d\u0142ami sygna\u0142u w tym (opcjonalnie) sygna\u0142ami z gramofonowych wk\u0142adek typu MM. Sygna\u0142 z wej\u015bcia gramofonowego podawany jest na aktywny uk\u0142ad elektroniczny, kt\u00f3ry odpowiedzialny jest za wzmocnienie napi\u0119ciowe oraz korekcj\u0119 wyr\u00f3wnawcz\u0105 pasma zgodnie z mi\u0119dzynarodow\u0105 norm\u0105 RIAA. Poza dostosowaniem sygna\u0142\u00f3w z wk\u0142adki gramofonowej typu MM do charakterystyki standardowych sygna\u0142\u00f3w liniowych (takich jak np. CD, DAC) Phoenix daje mo\u017cliwo\u015b\u0107 wyboru kilku \u017ar\u00f3de\u0142 w sytuacji gdy wzmacniacz mocy (do kolumn lub s\u0142uchawkowy) posiada jedno lub niewystarczaj\u0105c\u0105 liczb\u0119 wej\u015b\u0107 sygna\u0142owych.  Typ: pasywny + opcjonalnie sekcja Phono Op-Amp OPA2111 Impedancja wej\u015bciowa sekcji Phono: 47,5k\u03a9 Impedancja wyj\u015bciowa secji Phono: < 100\u03a9 Amplituda napi\u0119cia wej\u015bciowego sekcji Phono: 1 mV \u2013 10mV (max) Zasilanie sekcji Phono: 2 x 12VDC [\/one_half][one_half_last]Zasilanie sekcji sterownika przeka\u017anik\u00f3w: 1 x 5VDC Wzmacniacz operacyjny sekcji Phono: OPA2111 Pob\u00f3r mocy: 5W Masa: 3kg Wymiary: 310mm (szer.), 260mm (g\u0142\u0119b.), 70mm (wys.) [\/one_half_last]","og_url":"http:\/\/www.wbamp.com\/pl\/produkt\/phoenix-source-driver\/","og_site_name":"White Bird Amplification","article_modified_time":"2018-05-10T14:19:07+00:00","og_image":[{"width":1500,"height":1000,"url":"http:\/\/www.wbamp.com\/wp-content\/uploads\/Pheonix-Source-Selector-Side.jpg","type":"image\/jpeg"}],"twitter_card":"summary_large_image","twitter_misc":{"Szacowany czas czytania":"2 minuty"},"schema":{"@context":"https:\/\/schema.org","@graph":[{"@type":"WebPage","@id":"http:\/\/www.wbamp.com\/pl\/produkt\/phoenix-source-driver\/","url":"http:\/\/www.wbamp.com\/pl\/produkt\/phoenix-source-driver\/","name":"Phoenix - Source Driver - White Bird Amplification","isPartOf":{"@id":"http:\/\/www.wbamp.com\/pl\/#website"},"primaryImageOfPage":{"@id":"http:\/\/www.wbamp.com\/pl\/produkt\/phoenix-source-driver\/#primaryimage"},"image":{"@id":"http:\/\/www.wbamp.com\/pl\/produkt\/phoenix-source-driver\/#primaryimage"},"thumbnailUrl":"http:\/\/www.wbamp.com\/wp-content\/uploads\/Pheonix-Source-Selector-Side.jpg","datePublished":"2018-05-02T16:25:37+00:00","dateModified":"2018-05-10T14:19:07+00:00","breadcrumb":{"@id":"http:\/\/www.wbamp.com\/pl\/produkt\/phoenix-source-driver\/#breadcrumb"},"inLanguage":"pl-PL","potentialAction":[{"@type":"ReadAction","target":["http:\/\/www.wbamp.com\/pl\/produkt\/phoenix-source-driver\/"]}]},{"@type":"ImageObject","inLanguage":"pl-PL","@id":"http:\/\/www.wbamp.com\/pl\/produkt\/phoenix-source-driver\/#primaryimage","url":"http:\/\/www.wbamp.com\/wp-content\/uploads\/Pheonix-Source-Selector-Side.jpg","contentUrl":"http:\/\/www.wbamp.com\/wp-content\/uploads\/Pheonix-Source-Selector-Side.jpg","width":1500,"height":1000},{"@type":"BreadcrumbList","@id":"http:\/\/www.wbamp.com\/pl\/produkt\/phoenix-source-driver\/#breadcrumb","itemListElement":[{"@type":"ListItem","position":1,"name":"Home","item":"http:\/\/www.wbamp.com\/pl\/"},{"@type":"ListItem","position":2,"name":"Sklep","item":"https:\/\/www.wbamp.com\/pl\/sklep\/"},{"@type":"ListItem","position":3,"name":"Phoenix &#8211; Source Driver"}]},{"@type":"WebSite","@id":"http:\/\/www.wbamp.com\/pl\/#website","url":"http:\/\/www.wbamp.com\/pl\/","name":"White Bird Amplification","description":"Tube Amplifiers and Preamplifiers","potentialAction":[{"@type":"SearchAction","target":{"@type":"EntryPoint","urlTemplate":"http:\/\/www.wbamp.com\/pl\/?s={search_term_string}"},"query-input":{"@type":"PropertyValueSpecification","valueRequired":true,"valueName":"search_term_string"}}],"inLanguage":"pl-PL"}]}},"_links":{"self":[{"href":"http:\/\/www.wbamp.com\/pl\/wp-json\/wp\/v2\/product\/4011","targetHints":{"allow":["GET"]}}],"collection":[{"href":"http:\/\/www.wbamp.com\/pl\/wp-json\/wp\/v2\/product"}],"about":[{"href":"http:\/\/www.wbamp.com\/pl\/wp-json\/wp\/v2\/types\/product"}],"wp:featuredmedia":[{"embeddable":true,"href":"http:\/\/www.wbamp.com\/pl\/wp-json\/wp\/v2\/media\/3997"}],"wp:attachment":[{"href":"http:\/\/www.wbamp.com\/pl\/wp-json\/wp\/v2\/media?parent=4011"}],"wp:term":[{"taxonomy":"product_brand","embeddable":true,"href":"http:\/\/www.wbamp.com\/pl\/wp-json\/wp\/v2\/product_brand?post=4011"},{"taxonomy":"product_cat","embeddable":true,"href":"http:\/\/www.wbamp.com\/pl\/wp-json\/wp\/v2\/product_cat?post=4011"},{"taxonomy":"product_tag","embeddable":true,"href":"http:\/\/www.wbamp.com\/pl\/wp-json\/wp\/v2\/product_tag?post=4011"}],"curies":[{"name":"wp","href":"https:\/\/api.w.org\/{rel}","templated":true}]}}