{"id":3840,"date":"2018-04-06T23:20:36","date_gmt":"2018-04-06T23:20:36","guid":{"rendered":"http:\/\/wbamp.com\/product\/ironbird-monoblock-x-2-power-amplifier\/"},"modified":"2018-05-10T14:19:41","modified_gmt":"2018-05-10T14:19:41","slug":"ironbird","status":"publish","type":"product","link":"http:\/\/www.wbamp.com\/pl\/produkt\/ironbird\/","title":{"rendered":"Ironbird"},"content":{"rendered":"<p><img loading=\"lazy\" decoding=\"async\" src=\"http:\/\/wbamp.com\/wp-content\/uploads\/\/Ironbird-Class-A-Tube-Amplifier-top-half-900x600.jpg\" alt=\"\" width=\"700\" height=\"467\" class=\"alignright size-medium wp-image-3988\" srcset=\"http:\/\/www.wbamp.com\/wp-content\/uploads\/Ironbird-Class-A-Tube-Amplifier-top-half-900x600.jpg 900w, http:\/\/www.wbamp.com\/wp-content\/uploads\/Ironbird-Class-A-Tube-Amplifier-top-half-700x467.jpg 700w, http:\/\/www.wbamp.com\/wp-content\/uploads\/Ironbird-Class-A-Tube-Amplifier-top-half-768x512.jpg 768w, http:\/\/www.wbamp.com\/wp-content\/uploads\/Ironbird-Class-A-Tube-Amplifier-top-half-1080x720.jpg 1080w, http:\/\/www.wbamp.com\/wp-content\/uploads\/Ironbird-Class-A-Tube-Amplifier-top-half.jpg 1500w\" sizes=\"(max-width: 700px) 100vw, 700px\" \/><strong>Ironbird  Monoblock wymaga zastosowania mi\u0119dzy nim, a \u017ar\u00f3d\u0142em sygna\u0142u przedwzmacniacza. Dedykowanymi dla niego urz\u0105dzeniami s\u0105 lampowe preampy: Firebird oraz Blazebird dost\u0119pne w ofercie White Bird Amplification. Stereofoniczny sygna\u0142 z przedwzmacniacza podaje si\u0119 na wej\u015bcie RCA ka\u017cdego z dw\u00f3ch monoblok\u00f3w, do kt\u00f3rych z kolei pod\u0142\u0105cza si\u0119 po jednej kolumnie g\u0142o\u015bnikowej. Ka\u017cdy z monoblok\u00f3w posiada mo\u017cliwo\u015b\u0107 wyboru impedancji obci\u0105\u017cenia 4\u03a9 lub 8\u03a9 (dla impedancji kolumn 6\u03a9 wybiera si\u0119 ustawienie 8\u03a9). S\u0142u\u017cy do tego prze\u0142\u0105cznik umieszczony na tylnym panelu. Ironbird Monoblock nie jest wyposa\u017cony w regulator g\u0142o\u015bno\u015bci \u2013 sygna\u0142 jest podawany bezpo\u015brednio z wej\u015bcia na jego obwody lampowe. Pozwala to ca\u0142kowicie wyeliminowa\u0107 wp\u0142yw regulator\u00f3w (potencjometr lub atenuator) na sygna\u0142. Na przednich panelach zainstalowane s\u0105 analogowe zegary wskazuj\u0105ce poziom wysterowania danego bloku. Maj\u0105 one funkcj\u0119 pod\u015bwietlenia, kt\u00f3ra informuje tak\u017ce o za\u0142\u0105czeniu zasilania prze\u0142\u0105cznikiem \u201ePower\u201d. Ka\u017cdy z blok\u00f3w mono wyposa\u017cony jest w z\u0142\u0105cze sieciowe typu IEC. Na \u017cyczenie klienta mo\u017cliwe jest zastosowanie podzespo\u0142\u00f3w innych ni\u017c standardowe. Tyczy si\u0119 to rodzaju lamp oraz wszystkich gniazd sygna\u0142owych.<\/strong><\/p>\n<p>Pojedynczy Ironbird Monoblock wykorzystuje par\u0119 lamp 211 Shuguang co umo\u017cliwia mu oddawanie do g\u0142o\u015bnik\u00f3w ci\u0105g\u0142ej mocy bez zniekszta\u0142ce\u0144 oko\u0142o 1 x 40W. Jako lampa steruj\u0105ca pracuje 6H30Pi EHG, kt\u00f3rej ka\u017cda z wewn\u0119trznych triod odpowiedzialna jest za wzmocnienie napi\u0119cia sygna\u0142u audio co umo\u017cliwia skuteczne wysterowanie lamp mocy. Zadaniem lamp steruj\u0105cych jest tak\u017ce kreowanie barwy d\u017awi\u0119ku oraz wst\u0119pne nadanie wzmacniaczowi charakteru pod wzgl\u0119dem dynamiki co jest odczuwalne zw\u0142aszcza w dolnych rejestrach pasma (szybko\u015b\u0107 basu). Lampy mocy typu 211 czy podobne 845 to bezpo\u015brednio \u017carzone triody nadawcze, kt\u00f3re z powodzeniem mog\u0105 tak\u017ce pracowa\u0107 w najwy\u017cszej jako\u015bci wzmacniaczach akustycznych. Ich konstrukcja wymaga zastosowania specyficznego zasilania o napi\u0119ciu znacznie przekraczaj\u0105cym 1000 V pr\u0105du sta\u0142ego. Dodatkowo \u017carzenie 211 wymaga zapewnienia im zasilania pr\u0105dem sta\u0142ym o wysokim ampera\u017cu, poniewa\u017c lampy mocy w modelu Ironbird w ka\u017cdym z blok\u00f3w po\u0142\u0105czone s\u0105 r\u00f3wnolegle. Zalet\u0105 takiego rozwi\u0105zania jest mo\u017cliwo\u015b\u0107 uzyskania relatywnie du\u017cej mocy wzmacniacza oraz brak konieczno\u015bci stosowania transformatora g\u0142o\u015bnikowego posiadaj\u0105cego wi\u0119ksz\u0105 liczb\u0119 zwoj\u00f3w w uzwojeniu wt\u00f3rnym. Wi\u0119ksza liczba zwoj\u00f3w powoduje, \u017ce w transformatorze g\u0142o\u015bnikowym tworz\u0105 si\u0119 pojemno\u015bci paso\u017cytnicze co wp\u0142ywa niekorzystnie na przenoszenie wysokich cz\u0119stotliwo\u015bci. Model Ironbird wykorzystuj\u0105c transformatory g\u0142o\u015bnikowe z mniejsz\u0105 liczb\u0105 zwoj\u00f3w w uzwojeniu wt\u00f3rnym zapewnia wyj\u0105tkowo wierne przekazywanie g\u00f3ry pasma. Poza tym bardzo du\u017cy zapas energii w zasilaczu 211 (12 pojemnych wysokonapi\u0119ciowych kondensator\u00f3w elektrolitycznych) umo\u017cliwia uzyskanie dynamiki por\u00f3wnywalnej nawet ze wzmacniaczami du\u017cej mocy w uk\u0142adach Push-Pull (klasa AB). <\/p>\n<p>Ironbird oferuje brzmienie b\u0119d\u0105ce kwintesencj\u0105  triody. Ciep\u0142a, barwna oraz muzykalna \u015brednica i g\u00f3ra pasma z jednoczesn\u0105 g\u0142\u0119bi\u0105 i du\u017c\u0105 dynamik\u0105 ni\u017cszych cz\u0119stotliwo\u015bci powoduj\u0105, \u017ce odbi\u00f3r muzyki jest bardzo naturalny i przyjemny dla ucha. Nasycenie d\u017awi\u0119ku przez parzyste harmoniczne daje wra\u017cenie muzyki granej na \u017cywo. W szczeg\u00f3lno\u015bci je\u015bli chodzi o wokale. Przestrze\u0144 pod wzgl\u0119dem sceny, g\u0142\u0119bi plan\u00f3w, a tak\u017ce samej stereofonii s\u0105 tutaj na bezkompromisowym poziomie. Przyczynia si\u0119 do tego m.in. zupe\u0142na separacja zasilania lamp mocy oraz lampy steruj\u0105cej. Ta ostania posiada swoje w\u0142asne zasilacze (anodowy oraz \u017carzeniowy; obydwa pr\u0105du sta\u0142ego), do kt\u00f3rych napi\u0119cia dostarczane s\u0105 z niezale\u017cnych uzwoje\u0144 transformatora zasilaj\u0105cego. W ka\u017cdym z blok\u00f3w pracuj\u0105 po dwa g\u0142\u00f3wne transformatory zasilaj\u0105ce. Jeden odpowiedzialny jest za dostarczenie napi\u0119\u0107 anodowych dla 211 oraz 6H30Pi (tu tak\u017ce napi\u0119cie \u017carzenia), a drugi za \u017carzenie lamp mocy. Rozdzielenie transformator\u00f3w zwi\u0119ksza kultur\u0119 pracy wzmacniacza oraz zapewnia lepsze odprowadzanie ciep\u0142a. <\/p>\n<p><img loading=\"lazy\" decoding=\"async\" src=\"http:\/\/wbamp.com\/wp-content\/uploads\/\/Ironbird-Class-A-Tube-Amplifier-valve-tubes-night-900x600.jpg\" alt=\"\" width=\"700\" height=\"467\" class=\"alignleft size-medium wp-image-3990\" srcset=\"http:\/\/www.wbamp.com\/wp-content\/uploads\/Ironbird-Class-A-Tube-Amplifier-valve-tubes-night-900x600.jpg 900w, http:\/\/www.wbamp.com\/wp-content\/uploads\/Ironbird-Class-A-Tube-Amplifier-valve-tubes-night-700x467.jpg 700w, http:\/\/www.wbamp.com\/wp-content\/uploads\/Ironbird-Class-A-Tube-Amplifier-valve-tubes-night-768x512.jpg 768w, http:\/\/www.wbamp.com\/wp-content\/uploads\/Ironbird-Class-A-Tube-Amplifier-valve-tubes-night-1080x720.jpg 1080w, http:\/\/www.wbamp.com\/wp-content\/uploads\/Ironbird-Class-A-Tube-Amplifier-valve-tubes-night.jpg 1500w\" sizes=\"(max-width: 700px) 100vw, 700px\" \/>Ironbird pracuje w pe\u0142nej klasie A, kt\u00f3ra zapewnia najwy\u017csz\u0105 wierno\u015b\u0107 przenoszenia sygna\u0142\u00f3w oraz najmniej zniekszta\u0142ce\u0144. Jedyn\u0105 wad\u0105 tej klasy jest niska sprawno\u015b\u0107 uk\u0142adu co powoduje stosunkowo du\u017ce straty cieplne oraz mniejsz\u0105 moc wyj\u015bciow\u0105 ni\u017c w przypadku wzmacniaczy Push-Pull. Fakt ten powoduje, \u017ce w przypadku ch\u0119ci sterowania zestaw\u00f3w g\u0142o\u015bnikowych o ni\u017cszej sprawno\u015bci u\u017cytkownicy cz\u0119sto wybieraj\u0105 wzmacniacze klasy AB. Mimo, \u017ce Ironbird to wzmacniacz typu Single Ended u\u017cycie w nim r\u00f3wnolegle po\u0142\u0105czonych lamp 211 (ka\u017cda lampa po 100W) pozwoli\u0142o uzyska\u0107 na g\u0142o\u015bnikach moc ci\u0105g\u0142\u0105 40W na kana\u0142. Dzi\u0119ki rezerwie mocy u\u017cytkownicy nawet trudniejszych do wysterowania, mniej sprawnych zestaw\u00f3w g\u0142o\u015bnikowych mog\u0105 z powodzeniem korzysta\u0107 z tego wzmacniacza klasy A w swoich systemach. <\/p>\n<p>Jako dodatkowa opcja ka\u017cdy z monoblok\u00f3w wzmacniacza Ironbird mo\u017ce by\u0107 wyposa\u017cony w dodatkowy prze\u0142\u0105cznik obrotowy, kt\u00f3ry umo\u017cliwia regulacj\u0119 g\u0142\u0119boko\u015bci sprz\u0119\u017cenia zwrotnego. Do dyspozycji jest sze\u015b\u0107 kolejnych ustawie\u0144. W pierwszym po\u0142o\u017ceniu sprz\u0119\u017cenie zwrotne jest najmniejsze co skutkuje brzmieniem z najszybszym w pe\u0142ni kontrolowanym basem oraz bardziej technicznym \u015brodkiem oraz g\u00f3r\u0105 pasma. W miar\u0119 obrotu ga\u0142ki w prawo sprz\u0119\u017cenie zwrotne ulega zwi\u0119kszeniu, a d\u017awi\u0119k staje si\u0119 cieplejszy poprzez naturalne zaokr\u0105glenie \u015brodka oraz g\u00f3ry pasma. W skrajnym po\u0142o\u017ceniu prze\u0142\u0105cznika w prawo brzmienie ulega maksymalnemu ociepleniu, ale dolna cz\u0119\u015b\u0107 pasma mo\u017ce by\u0107 nieco \u201erozlu\u017aniona\u201d co jest zjawiskiem w pe\u0142ni naturalnym. Kompromis mi\u0119dzy szybkim basem oraz \u015bpiewnym \u015brodkiem i g\u00f3r\u0105 pasma uzyskuje si\u0119 w granicach \u015brodkowych ustawie\u0144 kontrolera sprz\u0119\u017cenia zwrotnego (FB Low\/High). Regulacja sprz\u0119\u017cenia zwrotnego pozwala w prosty spos\u00f3b dostroi\u0107 wzmacniacz do charakterystyki posiadanych kolumn, \u017ar\u00f3d\u0142a sygna\u0142u oraz w\u0142a\u015bciwo\u015bci akustycznych pomieszczenia ods\u0142uchowego.<\/p>\n","protected":false},"excerpt":{"rendered":"<p>Ironbird Monoblok (dwa w zestawie) \u2013  lampowy wzmacniacz mocy Single Ended (klasa A) o konstrukcji w postaci dw\u00f3ch monoblok\u00f3w. Ka\u017cdy kana\u0142 audio (prawy i lewy) obs\u0142ugiwany jest osobno przez pojedynczy wzmacniacz monofoniczny wykonany we w\u0142asnej obudowie. Ironbird to najwy\u017cszy model wzmacniacza do kolumn w ofercie WBA. Ka\u017cdy z blok\u00f3w pracuje w oparciu o dwie triody mocy bezpo\u015brednio \u017carzone \u2013 211 oraz lamp\u0119 steruj\u0105c\u0105 6H30Pi EHG.<br \/>\n<div class='one_half'>\n\t\t\t\t\t<ul>\n<li>Typ: <b>lampowy, klasa A, trioda<\/b>\n<li>Moc wyj\u015bciowa: <b>1 x 40W \/ 4\u03a9 \/ 8\u03a9<\/b>\n<li>Impedancja wej\u015bciowa: <b>20k\u03a9<\/b>\n<li>Impedancja wyj\u015bciowa: <b>4\u03a9 \/ 8\u03a9<\/b>\n<li>Amplituda napi\u0119cia wej\u015bciowego: <b>2 V \u2013 12 V (max)<\/b>\n<li>Zasilanie anodowe: <b>1300 VDC<\/b><\/ul>\n\t\t\t\t<\/div><div class='one_half et_column_last'>\n\t\t\t\t\t<ul>\n<li>Zasilanie \u017carzenia: <b>6,3 VAC, 10 VDC<\/b>\n<li>Wej\u015bcia: <b>1 x RCA Mono<\/b>\n<li>Pob\u00f3r mocy: <b>500 W<\/b>\n<li>Bezpiecznik: <b>3,15 A<\/b>\n<li>Masa: <b>25 kg<\/b>\n<li>Wymiary: <b>280mm (szer.), 490mm (g\u0142\u0119b.), 150mm (wys.)<\/b><\/ul>\n\t\t\t\t<\/div><div class='clear'><\/div><\/p>\n","protected":false},"featured_media":3835,"template":"","meta":{"_et_pb_use_builder":"","_et_pb_old_content":"","_et_gb_content_width":""},"product_brand":[],"product_cat":[33,35],"product_tag":[],"class_list":{"0":"post-3840","1":"product","2":"type-product","3":"status-publish","4":"has-post-thumbnail","6":"product_cat-klasa-a","7":"product_cat-lampowe-wzmacniacze-do-kolumn","9":"first","10":"instock","11":"shipping-taxable","12":"purchasable","13":"product-type-simple"},"yoast_head":"<!-- This site is optimized with the Yoast SEO plugin v25.3.1 - https:\/\/yoast.com\/wordpress\/plugins\/seo\/ -->\n<title>Ironbird - White Bird Amplification<\/title>\n<meta name=\"robots\" content=\"index, follow, max-snippet:-1, max-image-preview:large, max-video-preview:-1\" \/>\n<link rel=\"canonical\" href=\"http:\/\/www.wbamp.com\/pl\/produkt\/ironbird\/\" \/>\n<meta property=\"og:locale\" content=\"pl_PL\" \/>\n<meta property=\"og:type\" content=\"article\" \/>\n<meta property=\"og:title\" content=\"Ironbird - White Bird Amplification\" \/>\n<meta property=\"og:description\" content=\"Ironbird Monoblok (dwa w zestawie) \u2013 lampowy wzmacniacz mocy Single Ended (klasa A) o konstrukcji w postaci dw\u00f3ch monoblok\u00f3w. Ka\u017cdy kana\u0142 audio (prawy i lewy) obs\u0142ugiwany jest osobno przez pojedynczy wzmacniacz monofoniczny wykonany we w\u0142asnej obudowie. Ironbird to najwy\u017cszy model wzmacniacza do kolumn w ofercie WBA. Ka\u017cdy z blok\u00f3w pracuje w oparciu o dwie triody mocy bezpo\u015brednio \u017carzone \u2013 211 oraz lamp\u0119 steruj\u0105c\u0105 6H30Pi EHG.\" \/>\n<meta property=\"og:url\" content=\"http:\/\/www.wbamp.com\/pl\/produkt\/ironbird\/\" \/>\n<meta property=\"og:site_name\" content=\"White Bird Amplification\" \/>\n<meta property=\"article:modified_time\" content=\"2018-05-10T14:19:41+00:00\" \/>\n<meta property=\"og:image\" content=\"http:\/\/www.wbamp.com\/wp-content\/uploads\/Ironbird-Class-A-Tube-Amplifier-front.jpg\" \/>\n\t<meta property=\"og:image:width\" content=\"1500\" \/>\n\t<meta property=\"og:image:height\" content=\"1000\" \/>\n\t<meta property=\"og:image:type\" content=\"image\/jpeg\" \/>\n<meta name=\"twitter:card\" content=\"summary_large_image\" \/>\n<meta name=\"twitter:label1\" content=\"Szacowany czas czytania\" \/>\n\t<meta name=\"twitter:data1\" content=\"5 minut\" \/>\n<script type=\"application\/ld+json\" class=\"yoast-schema-graph\">{\"@context\":\"https:\/\/schema.org\",\"@graph\":[{\"@type\":\"WebPage\",\"@id\":\"http:\/\/www.wbamp.com\/pl\/produkt\/ironbird\/\",\"url\":\"http:\/\/www.wbamp.com\/pl\/produkt\/ironbird\/\",\"name\":\"Ironbird - White Bird Amplification\",\"isPartOf\":{\"@id\":\"https:\/\/www.wbamp.com\/#website\"},\"primaryImageOfPage\":{\"@id\":\"http:\/\/www.wbamp.com\/pl\/produkt\/ironbird\/#primaryimage\"},\"image\":{\"@id\":\"http:\/\/www.wbamp.com\/pl\/produkt\/ironbird\/#primaryimage\"},\"thumbnailUrl\":\"http:\/\/www.wbamp.com\/wp-content\/uploads\/Ironbird-Class-A-Tube-Amplifier-front.jpg\",\"datePublished\":\"2018-04-06T23:20:36+00:00\",\"dateModified\":\"2018-05-10T14:19:41+00:00\",\"breadcrumb\":{\"@id\":\"http:\/\/www.wbamp.com\/pl\/produkt\/ironbird\/#breadcrumb\"},\"inLanguage\":\"pl-PL\",\"potentialAction\":[{\"@type\":\"ReadAction\",\"target\":[\"http:\/\/www.wbamp.com\/pl\/produkt\/ironbird\/\"]}]},{\"@type\":\"ImageObject\",\"inLanguage\":\"pl-PL\",\"@id\":\"http:\/\/www.wbamp.com\/pl\/produkt\/ironbird\/#primaryimage\",\"url\":\"http:\/\/www.wbamp.com\/wp-content\/uploads\/Ironbird-Class-A-Tube-Amplifier-front.jpg\",\"contentUrl\":\"http:\/\/www.wbamp.com\/wp-content\/uploads\/Ironbird-Class-A-Tube-Amplifier-front.jpg\",\"width\":1500,\"height\":1000},{\"@type\":\"BreadcrumbList\",\"@id\":\"http:\/\/www.wbamp.com\/pl\/produkt\/ironbird\/#breadcrumb\",\"itemListElement\":[{\"@type\":\"ListItem\",\"position\":1,\"name\":\"Home\",\"item\":\"https:\/\/www.wbamp.com\/pl\/\"},{\"@type\":\"ListItem\",\"position\":2,\"name\":\"Sklep\",\"item\":\"https:\/\/www.wbamp.com\/pl\/sklep\/\"},{\"@type\":\"ListItem\",\"position\":3,\"name\":\"Ironbird\"}]},{\"@type\":\"WebSite\",\"@id\":\"https:\/\/www.wbamp.com\/#website\",\"url\":\"https:\/\/www.wbamp.com\/\",\"name\":\"White Bird Amplification\",\"description\":\"Tube Amplifiers and Preamplifiers\",\"potentialAction\":[{\"@type\":\"SearchAction\",\"target\":{\"@type\":\"EntryPoint\",\"urlTemplate\":\"https:\/\/www.wbamp.com\/?s={search_term_string}\"},\"query-input\":{\"@type\":\"PropertyValueSpecification\",\"valueRequired\":true,\"valueName\":\"search_term_string\"}}],\"inLanguage\":\"pl-PL\"}]}<\/script>\n<!-- \/ Yoast SEO plugin. -->","yoast_head_json":{"title":"Ironbird - White Bird Amplification","robots":{"index":"index","follow":"follow","max-snippet":"max-snippet:-1","max-image-preview":"max-image-preview:large","max-video-preview":"max-video-preview:-1"},"canonical":"http:\/\/www.wbamp.com\/pl\/produkt\/ironbird\/","og_locale":"pl_PL","og_type":"article","og_title":"Ironbird - White Bird Amplification","og_description":"Ironbird Monoblok (dwa w zestawie) \u2013 lampowy wzmacniacz mocy Single Ended (klasa A) o konstrukcji w postaci dw\u00f3ch monoblok\u00f3w. Ka\u017cdy kana\u0142 audio (prawy i lewy) obs\u0142ugiwany jest osobno przez pojedynczy wzmacniacz monofoniczny wykonany we w\u0142asnej obudowie. Ironbird to najwy\u017cszy model wzmacniacza do kolumn w ofercie WBA. Ka\u017cdy z blok\u00f3w pracuje w oparciu o dwie triody mocy bezpo\u015brednio \u017carzone \u2013 211 oraz lamp\u0119 steruj\u0105c\u0105 6H30Pi EHG.","og_url":"http:\/\/www.wbamp.com\/pl\/produkt\/ironbird\/","og_site_name":"White Bird Amplification","article_modified_time":"2018-05-10T14:19:41+00:00","og_image":[{"width":1500,"height":1000,"url":"http:\/\/www.wbamp.com\/wp-content\/uploads\/Ironbird-Class-A-Tube-Amplifier-front.jpg","type":"image\/jpeg"}],"twitter_card":"summary_large_image","twitter_misc":{"Szacowany czas czytania":"5 minut"},"schema":{"@context":"https:\/\/schema.org","@graph":[{"@type":"WebPage","@id":"http:\/\/www.wbamp.com\/pl\/produkt\/ironbird\/","url":"http:\/\/www.wbamp.com\/pl\/produkt\/ironbird\/","name":"Ironbird - White Bird Amplification","isPartOf":{"@id":"https:\/\/www.wbamp.com\/#website"},"primaryImageOfPage":{"@id":"http:\/\/www.wbamp.com\/pl\/produkt\/ironbird\/#primaryimage"},"image":{"@id":"http:\/\/www.wbamp.com\/pl\/produkt\/ironbird\/#primaryimage"},"thumbnailUrl":"http:\/\/www.wbamp.com\/wp-content\/uploads\/Ironbird-Class-A-Tube-Amplifier-front.jpg","datePublished":"2018-04-06T23:20:36+00:00","dateModified":"2018-05-10T14:19:41+00:00","breadcrumb":{"@id":"http:\/\/www.wbamp.com\/pl\/produkt\/ironbird\/#breadcrumb"},"inLanguage":"pl-PL","potentialAction":[{"@type":"ReadAction","target":["http:\/\/www.wbamp.com\/pl\/produkt\/ironbird\/"]}]},{"@type":"ImageObject","inLanguage":"pl-PL","@id":"http:\/\/www.wbamp.com\/pl\/produkt\/ironbird\/#primaryimage","url":"http:\/\/www.wbamp.com\/wp-content\/uploads\/Ironbird-Class-A-Tube-Amplifier-front.jpg","contentUrl":"http:\/\/www.wbamp.com\/wp-content\/uploads\/Ironbird-Class-A-Tube-Amplifier-front.jpg","width":1500,"height":1000},{"@type":"BreadcrumbList","@id":"http:\/\/www.wbamp.com\/pl\/produkt\/ironbird\/#breadcrumb","itemListElement":[{"@type":"ListItem","position":1,"name":"Home","item":"https:\/\/www.wbamp.com\/pl\/"},{"@type":"ListItem","position":2,"name":"Sklep","item":"https:\/\/www.wbamp.com\/pl\/sklep\/"},{"@type":"ListItem","position":3,"name":"Ironbird"}]},{"@type":"WebSite","@id":"https:\/\/www.wbamp.com\/#website","url":"https:\/\/www.wbamp.com\/","name":"White Bird Amplification","description":"Tube Amplifiers and Preamplifiers","potentialAction":[{"@type":"SearchAction","target":{"@type":"EntryPoint","urlTemplate":"https:\/\/www.wbamp.com\/?s={search_term_string}"},"query-input":{"@type":"PropertyValueSpecification","valueRequired":true,"valueName":"search_term_string"}}],"inLanguage":"pl-PL"}]}},"_links":{"self":[{"href":"http:\/\/www.wbamp.com\/pl\/wp-json\/wp\/v2\/product\/3840","targetHints":{"allow":["GET"]}}],"collection":[{"href":"http:\/\/www.wbamp.com\/pl\/wp-json\/wp\/v2\/product"}],"about":[{"href":"http:\/\/www.wbamp.com\/pl\/wp-json\/wp\/v2\/types\/product"}],"wp:featuredmedia":[{"embeddable":true,"href":"http:\/\/www.wbamp.com\/pl\/wp-json\/wp\/v2\/media\/3835"}],"wp:attachment":[{"href":"http:\/\/www.wbamp.com\/pl\/wp-json\/wp\/v2\/media?parent=3840"}],"wp:term":[{"taxonomy":"product_brand","embeddable":true,"href":"http:\/\/www.wbamp.com\/pl\/wp-json\/wp\/v2\/product_brand?post=3840"},{"taxonomy":"product_cat","embeddable":true,"href":"http:\/\/www.wbamp.com\/pl\/wp-json\/wp\/v2\/product_cat?post=3840"},{"taxonomy":"product_tag","embeddable":true,"href":"http:\/\/www.wbamp.com\/pl\/wp-json\/wp\/v2\/product_tag?post=3840"}],"curies":[{"name":"wp","href":"https:\/\/api.w.org\/{rel}","templated":true}]}}