{"id":3325,"date":"2018-03-20T02:34:06","date_gmt":"2018-03-20T02:34:06","guid":{"rendered":"http:\/\/wbamp.com\/product\/silverbird-dual-mono-wzmacniacz-zintegrowany\/"},"modified":"2018-05-10T14:20:07","modified_gmt":"2018-05-10T14:20:07","slug":"silverbird-dual-mono-wzmacniacz-zintegrowany","status":"publish","type":"product","link":"http:\/\/www.wbamp.com\/pl\/produkt\/silverbird-dual-mono-wzmacniacz-zintegrowany\/","title":{"rendered":"Silverbird Dual Mono \u2013 wzmacniacz zintegrowany"},"content":{"rendered":"<p><img loading=\"lazy\" decoding=\"async\" src=\"http:\/\/wbamp.com\/wp-content\/uploads\/\/Silverbird-Dual-Mono-Integrated-Tube-Amplifier-tubes-900x600.jpg\" alt=\"\" width=\"700\" height=\"467\" class=\"alignright size-medium wp-image-3236\" srcset=\"http:\/\/www.wbamp.com\/wp-content\/uploads\/Silverbird-Dual-Mono-Integrated-Tube-Amplifier-tubes-900x600.jpg 900w, http:\/\/www.wbamp.com\/wp-content\/uploads\/Silverbird-Dual-Mono-Integrated-Tube-Amplifier-tubes-700x467.jpg 700w, http:\/\/www.wbamp.com\/wp-content\/uploads\/Silverbird-Dual-Mono-Integrated-Tube-Amplifier-tubes-768x512.jpg 768w, http:\/\/www.wbamp.com\/wp-content\/uploads\/Silverbird-Dual-Mono-Integrated-Tube-Amplifier-tubes-1080x720.jpg 1080w, http:\/\/www.wbamp.com\/wp-content\/uploads\/Silverbird-Dual-Mono-Integrated-Tube-Amplifier-tubes.jpg 1500w\" sizes=\"(max-width: 700px) 100vw, 700px\" \/><strong class=\"intro\">Ka\u017cdy z kana\u0142\u00f3w posiada zupe\u0142nie odr\u0119bny wzmacniacz z w\u0142asnym transformatorem zasilaj\u0105cym, zasilaczami anodowymi, biasu, \u017carzenia lamp oraz pozosta\u0142ymi obwodami nie maj\u0105cymi po\u0142\u0105cze\u0144 z uk\u0142adami drugiego kana\u0142u wzmacniacza. Pozwala to na uzyskanie idealnej stereofonii odbieranej jako brzmienie przestrzenne i pe\u0142ne je\u015bli chodzi o pasmo i scen\u0119. Klasa A zapewnia uzyskanie najwy\u017cszej jako\u015bci brzmienia i eliminacj\u0119 zniekszta\u0142ce\u0144.<\/strong><\/p>\n<p>Ze wzgl\u0119du na to, \u017ce wzmacniacze Single Ended maj\u0105 najmniejsz\u0105 sprawno\u015b\u0107 (oko\u0142o 25%) w ka\u017cdym z kana\u0142\u00f3w modelu Silverbird zastosowali\u015bmy po dwie lampy 300B po\u0142\u0105czone r\u00f3wnolegle. Umo\u017cliwia to uzyskanie wi\u0119kszej mocy ni\u017c z pojedynczej lampy pracuj\u0105cej w trybie SE. W przypadku dw\u00f3ch lamp 300B pracuj\u0105cych w takim uk\u0142adzie mo\u017cliwe jest uzyskanie mocy do 18W na kana\u0142 co jest ju\u017c warto\u015bci\u0105 wystarczaj\u0105c\u0105 do wysterowania wi\u0119kszo\u015bci zestaw\u00f3w g\u0142o\u015bnikowych.<\/p>\n<p>W stopniu steruj\u0105cym wzmacniacza Silverbird zosta\u0142a zastosowana podw\u00f3jna trioda 6H30Pi EHG. W po\u0142\u0105czeniu z lampami 300B oraz transformatorami g\u0142o\u015bnikowymi firmy Edis brzmienie wzmacniacza oferuje d\u017awi\u0119k bardzo ciep\u0142y i muzykalny, ale zarazem szczeg\u00f3\u0142owy. Silverbird oddaje w ca\u0142o\u015bci charakter lamp 300B, z kt\u00f3rym podczas ods\u0142uch\u00f3w muzyki klasycznej czy jazzowej trudno konkurowa\u0107.<\/p>\n<p>Silverbird Dual Mono posiada dwa dedykowane do urz\u0105dze\u0144 audio transformatory zasilaj\u0105ce z firmy toroidy.pl (ka\u017cdy dla osobnego kana\u0142u). Pozwala to na wykasowanie drga\u0144 transformatora i wyt\u0142umienie jego pracy. Ka\u017cdy z transformator\u00f3w podaje napi\u0119cie na zasilacz anodowy, \u017carzenie lampy steruj\u0105cej i lamp mocy (lampy \u017carz\u0105 si\u0119 pr\u0105dem sta\u0142ym stabilizowanym za pomoc\u0105 elektroniki co eliminuje zak\u0142\u00f3cenia sieci energetycznej), zasilacz biasu oraz pod\u015bwietlenia zegara na przednim panelu, kt\u00f3ry jest wska\u017anikiem wysterowania wzmacniacza.<\/p>\n<p>W sekcji wyj\u015bciowej wzmacniacza Silverbird Dual Mono pracuje transformator g\u0142o\u015bnikowy Edis LO-PP80-3, kt\u00f3ry zapewnia mo\u017cliwo\u015b\u0107 wsp\u00f3\u0142pracy wzmacniacza z obci\u0105\u017ceniem 4\u03a9, 6\u03a9 oraz 8\u03a9. Na tylnym panelu znajduje si\u0119 selektor wyboru 4\u03a9\/8\u03a9 (dla impedancji kolumn 6\u03a9 wybiera si\u0119 ustawienie 8\u03a9). Obydwa transformatory znajduj\u0105 si\u0119 wewn\u0105trz obudowy wzmacniacza. Dzi\u0119ki temu mo\u017cna by\u0142o unikn\u0105\u0107 wystawiania ich na g\u00f3rnym panelu co cz\u0119sto ma miejsce w wielu konstrukcjach wzmacniaczy lampowych. Mimo, \u017ce standardowo stosujemy ta\u0144sze transformatory z rdzeniami nieamorficznymi jako opcja mo\u017cliwe jest tak\u017ce zam\u00f3wienie egzemplarza wzmacniacza Silverbird wyposa\u017conego w par\u0119 transformator\u00f3w wyj\u015bciowych z rdzeniami amorficznymi produkcji firmy Edis \u2013 L.Ogonowski. Zapewniaj\u0105 one absolutnie bezkompromisow\u0105 jako\u015b\u0107 brzmienia. <\/p>\n<p><img loading=\"lazy\" decoding=\"async\" src=\"http:\/\/wbamp.com\/wp-content\/uploads\/Silverbird-Dual-Mono-back-side-768x512.jpg\" alt=\"\" width=\"700\" height=\"467\" class=\"alignleft size-medium wp-image-122\" srcset=\"http:\/\/www.wbamp.com\/wp-content\/uploads\/Silverbird-Dual-Mono-back-side-768x512.jpg 768w, http:\/\/www.wbamp.com\/wp-content\/uploads\/Silverbird-Dual-Mono-back-side-768x512-700x467.jpg 700w\" sizes=\"(max-width: 700px) 100vw, 700px\" \/>Na \u017cyczenie klienta mo\u017cliwe jest wyposa\u017cenie wzmacniacza w dodatkowy modu\u0142 zdalnego sterowania g\u0142o\u015bno\u015bci oraz za\u0142\u0105czania zasilania. Poza tym zamiast potencjometru mo\u017cliwe jest tak\u017ce zamontowanie drabinki rezystorowej firmy Khozmo Acoustic r\u00f3wnie\u017c w wersji z silnikiem umo\u017cliwiaj\u0105cym zdalne sterowanie pilotem. <\/p>\n<p>Silverbird Dual Mono powstaje w du\u017cej metalowej obudowie do kt\u00f3rej montowane s\u0105 markowe gniazda o wysokiej jako\u015bci. Istnieje jednak mo\u017cliwo\u015b\u0107 wyboru z\u0142\u0105cz innych ni\u017c standardowe zgodnie z wol\u0105 klienta. Wzmacniacz stoi na solidnych, szerokich n\u00f3\u017ckach wykonanych z wysokiej jako\u015bci aluminium. N\u00f3\u017cki od spodu posiadaj\u0105 warstw\u0119 gumy co dodatkowo (poza jego mas\u0105 &#8211; prawie 30kg) stabilizuje wzmacniacz na pod\u0142o\u017cu.<\/p>\n","protected":false},"excerpt":{"rendered":"<p>Silverbird Dual Mono \u2013 zintegrowany, w pe\u0142ni lampowy wzmacniacz typu Single Ended (klasa A) pracuj\u0105cy w trybie dw\u00f3ch ca\u0142kowicie odseparowanych tor\u00f3w audio oraz zasilania. Odpowiednia konstrukcja zapewnia mu mo\u017cliwo\u015b\u0107 wsp\u00f3\u0142pracy ze \u017ar\u00f3d\u0142ami sygna\u0142u liniowego (np. CD, DAC) bez konieczno\u015bci stosowania dodatkowego przedwzmacniacza jednocze\u015bnie nie wykluczaj\u0105c jego u\u017cycia.<\/p>\n<div class='one_half'>\n\t\t\t\t\t<ul>\n<li>Typ: <b>lampowy, klasa A, trioda, Dual Mono<\/b>\n<li>Moc wyj\u015bciowa: <b>2 x 18W \/ 4\u03a9 \/ 8\u03a9<\/b>\n<li>Impedancja wej\u015bciowa: <b>50k\u03a9<\/b>\n<li>Impedancja wyj\u015bciowa: <b>4\u03a9 \/ 8\u03a9<\/b>\n<li>Amplituda napi\u0119cia wej\u015bciowego: <b>2 V \u2013 12 V (max)<\/b>\n<li>Zasilanie anodowe: <b>350VDC<\/b>\n<li>Zasilanie \u017carzenia: <b>6,3 VDC, 5 VDC<\/b>\n<\/ul>\n\t\t\t\t<\/div><div class='one_half et_column_last'>\n\t\t\t\t\t<ul>\n<li>Lampy: <b>6H30Pi EHG  x 2, 300B x 4<\/b>\n<li>Wej\u015bcia: <b>1 x RCA Stereo<\/b>\n<li>Pob\u00f3r mocy: <b>300W<\/b>\n<li>Bezpiecznik: <b>3,15A<\/b>\n<li>Masa: <b>28 kg<\/b>\n<li>Wymiary: <b>440mm (szer.), 460mm (g\u0142\u0119b.), 100mm (wys.)<\/b>\n<\/ul>\n\t\t\t\t<\/div><div class='clear'><\/div><\/p>\n","protected":false},"featured_media":3975,"template":"","meta":{"_et_pb_use_builder":"","_et_pb_old_content":"","_et_gb_content_width":""},"product_brand":[],"product_cat":[33,35],"product_tag":[],"class_list":{"0":"post-3325","1":"product","2":"type-product","3":"status-publish","4":"has-post-thumbnail","6":"product_cat-klasa-a","7":"product_cat-lampowe-wzmacniacze-do-kolumn","9":"first","10":"instock","11":"shipping-taxable","12":"purchasable","13":"product-type-simple"},"yoast_head":"<!-- This site is optimized with the Yoast SEO plugin v25.3.1 - https:\/\/yoast.com\/wordpress\/plugins\/seo\/ -->\n<title>Silverbird Dual Mono \u2013 wzmacniacz zintegrowany - White Bird Amplification<\/title>\n<meta name=\"robots\" content=\"index, follow, max-snippet:-1, max-image-preview:large, max-video-preview:-1\" \/>\n<link rel=\"canonical\" href=\"http:\/\/www.wbamp.com\/pl\/produkt\/silverbird-dual-mono-wzmacniacz-zintegrowany\/\" \/>\n<meta property=\"og:locale\" content=\"pl_PL\" \/>\n<meta property=\"og:type\" content=\"article\" \/>\n<meta property=\"og:title\" content=\"Silverbird Dual Mono \u2013 wzmacniacz zintegrowany - White Bird Amplification\" \/>\n<meta property=\"og:description\" content=\"Silverbird Dual Mono \u2013 zintegrowany, w pe\u0142ni lampowy wzmacniacz typu Single Ended (klasa A) pracuj\u0105cy w trybie dw\u00f3ch ca\u0142kowicie odseparowanych tor\u00f3w audio oraz zasilania. Odpowiednia konstrukcja zapewnia mu mo\u017cliwo\u015b\u0107 wsp\u00f3\u0142pracy ze \u017ar\u00f3d\u0142ami sygna\u0142u liniowego (np. CD, DAC) bez konieczno\u015bci stosowania dodatkowego przedwzmacniacza jednocze\u015bnie nie wykluczaj\u0105c jego u\u017cycia.\" \/>\n<meta property=\"og:url\" content=\"http:\/\/www.wbamp.com\/pl\/produkt\/silverbird-dual-mono-wzmacniacz-zintegrowany\/\" \/>\n<meta property=\"og:site_name\" content=\"White Bird Amplification\" \/>\n<meta property=\"article:modified_time\" content=\"2018-05-10T14:20:07+00:00\" \/>\n<meta property=\"og:image\" content=\"http:\/\/www.wbamp.com\/wp-content\/uploads\/Silverbird-Dual-Mono-Integrated-Tube-Amplifier-front-top-v2.jpg\" \/>\n\t<meta property=\"og:image:width\" content=\"1500\" \/>\n\t<meta property=\"og:image:height\" content=\"1000\" \/>\n\t<meta property=\"og:image:type\" content=\"image\/jpeg\" \/>\n<meta name=\"twitter:card\" content=\"summary_large_image\" \/>\n<meta name=\"twitter:label1\" content=\"Szacowany czas czytania\" \/>\n\t<meta name=\"twitter:data1\" content=\"3 minuty\" \/>\n<script type=\"application\/ld+json\" class=\"yoast-schema-graph\">{\"@context\":\"https:\/\/schema.org\",\"@graph\":[{\"@type\":\"WebPage\",\"@id\":\"http:\/\/www.wbamp.com\/pl\/produkt\/silverbird-dual-mono-wzmacniacz-zintegrowany\/\",\"url\":\"http:\/\/www.wbamp.com\/pl\/produkt\/silverbird-dual-mono-wzmacniacz-zintegrowany\/\",\"name\":\"Silverbird Dual Mono \u2013 wzmacniacz zintegrowany - White Bird Amplification\",\"isPartOf\":{\"@id\":\"http:\/\/www.wbamp.com\/pl\/#website\"},\"primaryImageOfPage\":{\"@id\":\"http:\/\/www.wbamp.com\/pl\/produkt\/silverbird-dual-mono-wzmacniacz-zintegrowany\/#primaryimage\"},\"image\":{\"@id\":\"http:\/\/www.wbamp.com\/pl\/produkt\/silverbird-dual-mono-wzmacniacz-zintegrowany\/#primaryimage\"},\"thumbnailUrl\":\"http:\/\/www.wbamp.com\/wp-content\/uploads\/Silverbird-Dual-Mono-Integrated-Tube-Amplifier-front-top-v2.jpg\",\"datePublished\":\"2018-03-20T02:34:06+00:00\",\"dateModified\":\"2018-05-10T14:20:07+00:00\",\"breadcrumb\":{\"@id\":\"http:\/\/www.wbamp.com\/pl\/produkt\/silverbird-dual-mono-wzmacniacz-zintegrowany\/#breadcrumb\"},\"inLanguage\":\"pl-PL\",\"potentialAction\":[{\"@type\":\"ReadAction\",\"target\":[\"http:\/\/www.wbamp.com\/pl\/produkt\/silverbird-dual-mono-wzmacniacz-zintegrowany\/\"]}]},{\"@type\":\"ImageObject\",\"inLanguage\":\"pl-PL\",\"@id\":\"http:\/\/www.wbamp.com\/pl\/produkt\/silverbird-dual-mono-wzmacniacz-zintegrowany\/#primaryimage\",\"url\":\"http:\/\/www.wbamp.com\/wp-content\/uploads\/Silverbird-Dual-Mono-Integrated-Tube-Amplifier-front-top-v2.jpg\",\"contentUrl\":\"http:\/\/www.wbamp.com\/wp-content\/uploads\/Silverbird-Dual-Mono-Integrated-Tube-Amplifier-front-top-v2.jpg\",\"width\":1500,\"height\":1000},{\"@type\":\"BreadcrumbList\",\"@id\":\"http:\/\/www.wbamp.com\/pl\/produkt\/silverbird-dual-mono-wzmacniacz-zintegrowany\/#breadcrumb\",\"itemListElement\":[{\"@type\":\"ListItem\",\"position\":1,\"name\":\"Home\",\"item\":\"http:\/\/www.wbamp.com\/pl\/\"},{\"@type\":\"ListItem\",\"position\":2,\"name\":\"Sklep\",\"item\":\"http:\/\/www.wbamp.com\/pl\/sklep\/\"},{\"@type\":\"ListItem\",\"position\":3,\"name\":\"Silverbird Dual Mono \u2013 wzmacniacz zintegrowany\"}]},{\"@type\":\"WebSite\",\"@id\":\"http:\/\/www.wbamp.com\/pl\/#website\",\"url\":\"http:\/\/www.wbamp.com\/pl\/\",\"name\":\"White Bird Amplification\",\"description\":\"Tube Amplifiers and Preamplifiers\",\"potentialAction\":[{\"@type\":\"SearchAction\",\"target\":{\"@type\":\"EntryPoint\",\"urlTemplate\":\"http:\/\/www.wbamp.com\/pl\/?s={search_term_string}\"},\"query-input\":{\"@type\":\"PropertyValueSpecification\",\"valueRequired\":true,\"valueName\":\"search_term_string\"}}],\"inLanguage\":\"pl-PL\"}]}<\/script>\n<!-- \/ Yoast SEO plugin. -->","yoast_head_json":{"title":"Silverbird Dual Mono \u2013 wzmacniacz zintegrowany - White Bird Amplification","robots":{"index":"index","follow":"follow","max-snippet":"max-snippet:-1","max-image-preview":"max-image-preview:large","max-video-preview":"max-video-preview:-1"},"canonical":"http:\/\/www.wbamp.com\/pl\/produkt\/silverbird-dual-mono-wzmacniacz-zintegrowany\/","og_locale":"pl_PL","og_type":"article","og_title":"Silverbird Dual Mono \u2013 wzmacniacz zintegrowany - White Bird Amplification","og_description":"Silverbird Dual Mono \u2013 zintegrowany, w pe\u0142ni lampowy wzmacniacz typu Single Ended (klasa A) pracuj\u0105cy w trybie dw\u00f3ch ca\u0142kowicie odseparowanych tor\u00f3w audio oraz zasilania. Odpowiednia konstrukcja zapewnia mu mo\u017cliwo\u015b\u0107 wsp\u00f3\u0142pracy ze \u017ar\u00f3d\u0142ami sygna\u0142u liniowego (np. CD, DAC) bez konieczno\u015bci stosowania dodatkowego przedwzmacniacza jednocze\u015bnie nie wykluczaj\u0105c jego u\u017cycia.","og_url":"http:\/\/www.wbamp.com\/pl\/produkt\/silverbird-dual-mono-wzmacniacz-zintegrowany\/","og_site_name":"White Bird Amplification","article_modified_time":"2018-05-10T14:20:07+00:00","og_image":[{"width":1500,"height":1000,"url":"http:\/\/www.wbamp.com\/wp-content\/uploads\/Silverbird-Dual-Mono-Integrated-Tube-Amplifier-front-top-v2.jpg","type":"image\/jpeg"}],"twitter_card":"summary_large_image","twitter_misc":{"Szacowany czas czytania":"3 minuty"},"schema":{"@context":"https:\/\/schema.org","@graph":[{"@type":"WebPage","@id":"http:\/\/www.wbamp.com\/pl\/produkt\/silverbird-dual-mono-wzmacniacz-zintegrowany\/","url":"http:\/\/www.wbamp.com\/pl\/produkt\/silverbird-dual-mono-wzmacniacz-zintegrowany\/","name":"Silverbird Dual Mono \u2013 wzmacniacz zintegrowany - White Bird Amplification","isPartOf":{"@id":"http:\/\/www.wbamp.com\/pl\/#website"},"primaryImageOfPage":{"@id":"http:\/\/www.wbamp.com\/pl\/produkt\/silverbird-dual-mono-wzmacniacz-zintegrowany\/#primaryimage"},"image":{"@id":"http:\/\/www.wbamp.com\/pl\/produkt\/silverbird-dual-mono-wzmacniacz-zintegrowany\/#primaryimage"},"thumbnailUrl":"http:\/\/www.wbamp.com\/wp-content\/uploads\/Silverbird-Dual-Mono-Integrated-Tube-Amplifier-front-top-v2.jpg","datePublished":"2018-03-20T02:34:06+00:00","dateModified":"2018-05-10T14:20:07+00:00","breadcrumb":{"@id":"http:\/\/www.wbamp.com\/pl\/produkt\/silverbird-dual-mono-wzmacniacz-zintegrowany\/#breadcrumb"},"inLanguage":"pl-PL","potentialAction":[{"@type":"ReadAction","target":["http:\/\/www.wbamp.com\/pl\/produkt\/silverbird-dual-mono-wzmacniacz-zintegrowany\/"]}]},{"@type":"ImageObject","inLanguage":"pl-PL","@id":"http:\/\/www.wbamp.com\/pl\/produkt\/silverbird-dual-mono-wzmacniacz-zintegrowany\/#primaryimage","url":"http:\/\/www.wbamp.com\/wp-content\/uploads\/Silverbird-Dual-Mono-Integrated-Tube-Amplifier-front-top-v2.jpg","contentUrl":"http:\/\/www.wbamp.com\/wp-content\/uploads\/Silverbird-Dual-Mono-Integrated-Tube-Amplifier-front-top-v2.jpg","width":1500,"height":1000},{"@type":"BreadcrumbList","@id":"http:\/\/www.wbamp.com\/pl\/produkt\/silverbird-dual-mono-wzmacniacz-zintegrowany\/#breadcrumb","itemListElement":[{"@type":"ListItem","position":1,"name":"Home","item":"http:\/\/www.wbamp.com\/pl\/"},{"@type":"ListItem","position":2,"name":"Sklep","item":"http:\/\/www.wbamp.com\/pl\/sklep\/"},{"@type":"ListItem","position":3,"name":"Silverbird Dual Mono \u2013 wzmacniacz zintegrowany"}]},{"@type":"WebSite","@id":"http:\/\/www.wbamp.com\/pl\/#website","url":"http:\/\/www.wbamp.com\/pl\/","name":"White Bird Amplification","description":"Tube Amplifiers and Preamplifiers","potentialAction":[{"@type":"SearchAction","target":{"@type":"EntryPoint","urlTemplate":"http:\/\/www.wbamp.com\/pl\/?s={search_term_string}"},"query-input":{"@type":"PropertyValueSpecification","valueRequired":true,"valueName":"search_term_string"}}],"inLanguage":"pl-PL"}]}},"_links":{"self":[{"href":"http:\/\/www.wbamp.com\/pl\/wp-json\/wp\/v2\/product\/3325","targetHints":{"allow":["GET"]}}],"collection":[{"href":"http:\/\/www.wbamp.com\/pl\/wp-json\/wp\/v2\/product"}],"about":[{"href":"http:\/\/www.wbamp.com\/pl\/wp-json\/wp\/v2\/types\/product"}],"wp:featuredmedia":[{"embeddable":true,"href":"http:\/\/www.wbamp.com\/pl\/wp-json\/wp\/v2\/media\/3975"}],"wp:attachment":[{"href":"http:\/\/www.wbamp.com\/pl\/wp-json\/wp\/v2\/media?parent=3325"}],"wp:term":[{"taxonomy":"product_brand","embeddable":true,"href":"http:\/\/www.wbamp.com\/pl\/wp-json\/wp\/v2\/product_brand?post=3325"},{"taxonomy":"product_cat","embeddable":true,"href":"http:\/\/www.wbamp.com\/pl\/wp-json\/wp\/v2\/product_cat?post=3325"},{"taxonomy":"product_tag","embeddable":true,"href":"http:\/\/www.wbamp.com\/pl\/wp-json\/wp\/v2\/product_tag?post=3325"}],"curies":[{"name":"wp","href":"https:\/\/api.w.org\/{rel}","templated":true}]}}