{"id":3324,"date":"2018-03-19T20:55:11","date_gmt":"2018-03-19T20:55:11","guid":{"rendered":"http:\/\/wbamp.com\/product\/blazebird-dual-mono\/"},"modified":"2018-05-10T14:21:23","modified_gmt":"2018-05-10T14:21:23","slug":"blazebird-dual-mono","status":"publish","type":"product","link":"http:\/\/www.wbamp.com\/pl\/produkt\/blazebird-dual-mono\/","title":{"rendered":"Blazebird Dual Mono"},"content":{"rendered":"<p><img loading=\"lazy\" decoding=\"async\" src=\"http:\/\/wbamp.com\/wp-content\/uploads\/Blazebird-Dual-Mono-Class-A-Tube-Preamplifier-top-side.jpg\" alt=\"\" width=\"700\" height=\"467\" class=\"alignright size-medium wp-image-3157\" srcset=\"http:\/\/www.wbamp.com\/wp-content\/uploads\/Blazebird-Dual-Mono-Class-A-Tube-Preamplifier-top-side.jpg 1500w, http:\/\/www.wbamp.com\/wp-content\/uploads\/Blazebird-Dual-Mono-Class-A-Tube-Preamplifier-top-side-700x467.jpg 700w, http:\/\/www.wbamp.com\/wp-content\/uploads\/Blazebird-Dual-Mono-Class-A-Tube-Preamplifier-top-side-900x600.jpg 900w, http:\/\/www.wbamp.com\/wp-content\/uploads\/Blazebird-Dual-Mono-Class-A-Tube-Preamplifier-top-side-768x512.jpg 768w, http:\/\/www.wbamp.com\/wp-content\/uploads\/Blazebird-Dual-Mono-Class-A-Tube-Preamplifier-top-side-1080x720.jpg 1080w\" sizes=\"(max-width: 700px) 100vw, 700px\" \/><strong class=\"intro\">Zupe\u0142na separacja kana\u0142\u00f3w przedwzmacniacza poprzez osiem niezale\u017cnych zasilaczy oraz dwa transformatory zasilaj\u0105ce oferuje przestrze\u0144 oraz scen\u0119 na najwy\u017cszym poziomie. Lampy 2A3 s\u0105 znane z d\u017awi\u0119ku zbli\u017conego do 300B, ale z dynamiczniejszym charakterem zw\u0142aszcza w dolnej cz\u0119\u015bci pasma. S\u0105 wi\u0119c bardzo uniwersalne i sprawdzaj\u0105 si\u0119 praktycznie w ka\u017cdej stylistyce muzycznej. D\u017awi\u0119k jest ciep\u0142y, szczeg\u00f3\u0142owy i dynamiczny. Stanowi kwintesencj\u0119 lampowego brzmienia triody bezpo\u015brednio \u017carzonej. Blazebird posiada dwa lampowe stopnie wzmocnienia napi\u0119cia i wt\u00f3rnik pr\u0105dowy (tzw. bufor) w ka\u017cdym z kana\u0142\u00f3w. Pozwala to uzyska\u0107 optymalne wzmocnienie, a tak\u017ce przyczynia si\u0119 do wyeksponowania maksimum charakteru lampowego brzmienia. Umo\u017cliwia tak\u017ce uzyskanie r\u00f3\u017cnych rodzaj\u00f3w d\u017awi\u0119ku tylko poprzez wymian\u0119 lamp. <\/strong><\/p>\n<p>Dzi\u0119ki specyfice lamp 2A3 przedwzmacniacz Blazebird oferuje brzmienie bardzo muzykalne z szerok\u0105 mo\u017cliwo\u015bci\u0105 jego edycji poprzez stosowanie lamp r\u00f3\u017cnych producent\u00f3w. W sekcji lamp ECC mo\u017cna stosowa\u0107 wszelkie odpowiedniki lampy ECC88 np. 6922, 6N23P, 6N23P-EW, 6DJ8 itp. \u017bywotno\u015b\u0107 lamp tego typu mo\u017ce si\u0119ga\u0107 nawet do 10 000h. U\u017cycie na wyj\u015bciu bufora pr\u0105dowego (druga po\u0142owa 6922 EHG) pozwala dopasowa\u0107 przedwzmacniacz nawet do najbardziej wymagaj\u0105cych wzmacniaczy mocy. Dzi\u0119ki temu preamp mo\u017ce wsp\u00f3\u0142pracowa\u0107 zar\u00f3wno ze wzmacniaczami zintegrowanymi jak i ko\u0144c\u00f3wkami mocy.<\/p>\n<p>Blazebird posiada solidn\u0105 metalow\u0105 obudow\u0119 (ca\u0142o\u015b\u0107 w podstawowej wersji ma mas\u0119 oko\u0142o 13kg), aluminiowe ga\u0142ki o \u015brednicy 30mm, metalowe, toczone n\u00f3\u017cki, solidne markowe prze\u0142\u0105czniki, gniazda RCA CMC, IEC oraz dedykowany system selekcji \u017ar\u00f3de\u0142 i pod\u0142\u0105czonych odbiornik\u00f3w. Prze\u0142\u0105czanie sygna\u0142\u00f3w odbywa si\u0119 za pomoc\u0105 przeka\u017anik\u00f3w mechanicznych (najlepsza separacja sygna\u0142\u00f3w oraz transparentno\u015b\u0107) umieszczonych w bezpo\u015brednim s\u0105siedztwie gniazd wej\u015bciowych i wyj\u015bciowych. Pozwala to na unikni\u0119cie prowadzenia sygna\u0142\u00f3w audio podatnych na zak\u0142\u00f3cenia do selektor\u00f3w na przednim panelu. Selektory na przednim panelu s\u0142u\u017c\u0105 jedynie do sterowania niezale\u017cnymi od toru audio mikrokontrolerami, kt\u00f3re wt\u00f3rnie za\u0142\u0105czaj\u0105 odpowiednie przeka\u017aniki co pozwala u\u017cytkownikowi wybra\u0107 \u017ar\u00f3d\u0142o lub odbiornik, kt\u00f3re go interesuj\u0105. <\/p>\n<p>Blazebird mo\u017ce by\u0107 wyposa\u017cony w dwie  pary z\u0142\u0105cz sygna\u0142owych XLR. Jedn\u0105 o funkcji wej\u015bcia, a drug\u0105 wyj\u015bcia. Na wej\u015bcie XLR mo\u017cna podawa\u0107 sygna\u0142 zar\u00f3wno niezbalansowany jak i zbalansowany jednak wyj\u015bcie XLR zapewnia sygna\u0142 niesymetryczny (niezbalansowany). Do pe\u0142nej obs\u0142ugi sygna\u0142\u00f3w zbalansowanych polecamy nasze przedwzmacniacze Firebird Balanced i Blazebird Blanced. Na \u017cyczenie mo\u017cliwe jest tak\u017ce zastosowanie regulacji g\u0142o\u015bno\u015bci za pomoc\u0105 pilota oraz zdalne za\u0142\u0105czanie zasilania.<\/p>\n","protected":false},"excerpt":{"rendered":"<p>Blazebird Dual Mono &#8211; pracuj\u0105cy w trybie dw\u00f3ch ca\u0142kowicie odseparowanych tor\u00f3w audio oraz zasilania w pe\u0142ni lampowy przedwzmacniacz przeznaczony do wsp\u00f3\u0142pracy z sygna\u0142ami liniowymi (np. z CD, DAC itp.) Jego tor opiera si\u0119 na lampach 6922 EHG oraz 2A3 EH Gold. Ka\u017cdy z kana\u0142\u00f3w (b\u0119d\u0105cy zupe\u0142nie odr\u0119bnym przedwzmacniaczem) posiada po cztery niezale\u017cne zasilacze dostarczaj\u0105ce pr\u0105d do wybranych sekcji uk\u0142adu. Dla zapewnienia jak najlepszych warunk\u00f3w pracy zasilacze \u017carzenia lamp przedwzmacniacza dostarczaj\u0105 ich \u017carnikom pr\u0105d sta\u0142y. Filtracja eliminuje zupe\u0142nie zak\u0142\u00f3cenia sieci energetycznej oraz zapewnia precyzyjne napi\u0119cie pracy. Dwa toroidalne transformatory zasilaj\u0105ce wykonane s\u0105 w technologii stosowanej w sprz\u0119cie audio (eliminacja przyd\u017awi\u0119k\u00f3w transformatora).<br \/>\n<div class='one_half'>\n\t\t\t\t\t<ul>\n<li>Typ: <b>lampowy, klasa A, trioda, Dual Mono<\/b>\n<li>Impedancja wej\u015bciowa: <b>50k\u03a9<\/b>\n<li>Impedancja wyj\u015bciowa: <b>85\u03a9<\/b>\n<li>Amplituda napi\u0119cia wej\u015bciowego: <b>2 V \u2013 12 V (max)<\/b>\n<li>Zasilanie anodowe: <b>250 VDC<\/b>\n<li>Zasilanie \u017carzenia: <b>6,3 VDC, 2,5 VDC<\/b>\n<\/ul>\n\t\t\t\t<\/div><div class='one_half et_column_last'>\n\t\t\t\t\t<ul>\n<li>Lampy: <b>6922 EHG x 2, 2A3 x 2<\/b>\n<li>Pob\u00f3r mocy: <b>50W<\/b>\n<li>Bezpiecznik: <b>1,6A<\/b>\n<li>Masa: <b>13 kg<\/b>\n<li>Wymiary: <b>305mm (szer.), 400mm (g\u0142\u0119b.), 80mm (wys.)<\/b><\/ul>\n\t\t\t\t<\/div><div class='clear'><\/div><\/p>\n","protected":false},"featured_media":3154,"template":"","meta":{"_et_pb_use_builder":"","_et_pb_old_content":"","_et_gb_content_width":""},"product_brand":[],"product_cat":[33,34],"product_tag":[],"class_list":{"0":"post-3324","1":"product","2":"type-product","3":"status-publish","4":"has-post-thumbnail","6":"product_cat-klasa-a","7":"product_cat-przedwzmacniacze-lampowe","9":"first","10":"instock","11":"shipping-taxable","12":"purchasable","13":"product-type-simple"},"yoast_head":"<!-- This site is optimized with the Yoast SEO plugin v25.3.1 - https:\/\/yoast.com\/wordpress\/plugins\/seo\/ -->\n<title>Blazebird Dual Mono - White Bird Amplification<\/title>\n<meta name=\"robots\" content=\"index, follow, max-snippet:-1, max-image-preview:large, max-video-preview:-1\" \/>\n<link rel=\"canonical\" href=\"https:\/\/www.wbamp.com\/pl\/produkt\/blazebird-dual-mono\/\" \/>\n<meta property=\"og:locale\" content=\"pl_PL\" \/>\n<meta property=\"og:type\" content=\"article\" \/>\n<meta property=\"og:title\" content=\"Blazebird Dual Mono - White Bird Amplification\" \/>\n<meta property=\"og:description\" content=\"Blazebird Dual Mono - pracuj\u0105cy w trybie dw\u00f3ch ca\u0142kowicie odseparowanych tor\u00f3w audio oraz zasilania w pe\u0142ni lampowy przedwzmacniacz przeznaczony do wsp\u00f3\u0142pracy z sygna\u0142ami liniowymi (np. z CD, DAC itp.) Jego tor opiera si\u0119 na lampach 6922 EHG oraz 2A3 EH Gold. Ka\u017cdy z kana\u0142\u00f3w (b\u0119d\u0105cy zupe\u0142nie odr\u0119bnym przedwzmacniaczem) posiada po cztery niezale\u017cne zasilacze dostarczaj\u0105ce pr\u0105d do wybranych sekcji uk\u0142adu. Dla zapewnienia jak najlepszych warunk\u00f3w pracy zasilacze \u017carzenia lamp przedwzmacniacza dostarczaj\u0105 ich \u017carnikom pr\u0105d sta\u0142y. Filtracja eliminuje zupe\u0142nie zak\u0142\u00f3cenia sieci energetycznej oraz zapewnia precyzyjne napi\u0119cie pracy. Dwa toroidalne transformatory zasilaj\u0105ce wykonane s\u0105 w technologii stosowanej w sprz\u0119cie audio (eliminacja przyd\u017awi\u0119k\u00f3w transformatora).\" \/>\n<meta property=\"og:url\" content=\"https:\/\/www.wbamp.com\/pl\/produkt\/blazebird-dual-mono\/\" \/>\n<meta property=\"og:site_name\" content=\"White Bird Amplification\" \/>\n<meta property=\"article:modified_time\" content=\"2018-05-10T14:21:23+00:00\" \/>\n<meta property=\"og:image\" content=\"https:\/\/www.wbamp.com\/wp-content\/uploads\/Blazebird-Dual-Mono-Class-A-Tube-Preamplifier-front-top.jpg\" \/>\n\t<meta property=\"og:image:width\" content=\"1500\" \/>\n\t<meta property=\"og:image:height\" content=\"1000\" \/>\n\t<meta property=\"og:image:type\" content=\"image\/jpeg\" \/>\n<meta name=\"twitter:card\" content=\"summary_large_image\" \/>\n<meta name=\"twitter:label1\" content=\"Szacowany czas czytania\" \/>\n\t<meta name=\"twitter:data1\" content=\"2 minuty\" \/>\n<script type=\"application\/ld+json\" class=\"yoast-schema-graph\">{\"@context\":\"https:\/\/schema.org\",\"@graph\":[{\"@type\":\"WebPage\",\"@id\":\"https:\/\/www.wbamp.com\/pl\/produkt\/blazebird-dual-mono\/\",\"url\":\"https:\/\/www.wbamp.com\/pl\/produkt\/blazebird-dual-mono\/\",\"name\":\"Blazebird Dual Mono - White Bird Amplification\",\"isPartOf\":{\"@id\":\"http:\/\/www.wbamp.com\/pl\/#website\"},\"primaryImageOfPage\":{\"@id\":\"https:\/\/www.wbamp.com\/pl\/produkt\/blazebird-dual-mono\/#primaryimage\"},\"image\":{\"@id\":\"https:\/\/www.wbamp.com\/pl\/produkt\/blazebird-dual-mono\/#primaryimage\"},\"thumbnailUrl\":\"http:\/\/www.wbamp.com\/wp-content\/uploads\/Blazebird-Dual-Mono-Class-A-Tube-Preamplifier-front-top.jpg\",\"datePublished\":\"2018-03-19T20:55:11+00:00\",\"dateModified\":\"2018-05-10T14:21:23+00:00\",\"breadcrumb\":{\"@id\":\"https:\/\/www.wbamp.com\/pl\/produkt\/blazebird-dual-mono\/#breadcrumb\"},\"inLanguage\":\"pl-PL\",\"potentialAction\":[{\"@type\":\"ReadAction\",\"target\":[\"https:\/\/www.wbamp.com\/pl\/produkt\/blazebird-dual-mono\/\"]}]},{\"@type\":\"ImageObject\",\"inLanguage\":\"pl-PL\",\"@id\":\"https:\/\/www.wbamp.com\/pl\/produkt\/blazebird-dual-mono\/#primaryimage\",\"url\":\"http:\/\/www.wbamp.com\/wp-content\/uploads\/Blazebird-Dual-Mono-Class-A-Tube-Preamplifier-front-top.jpg\",\"contentUrl\":\"http:\/\/www.wbamp.com\/wp-content\/uploads\/Blazebird-Dual-Mono-Class-A-Tube-Preamplifier-front-top.jpg\",\"width\":1500,\"height\":1000},{\"@type\":\"BreadcrumbList\",\"@id\":\"https:\/\/www.wbamp.com\/pl\/produkt\/blazebird-dual-mono\/#breadcrumb\",\"itemListElement\":[{\"@type\":\"ListItem\",\"position\":1,\"name\":\"Home\",\"item\":\"http:\/\/www.wbamp.com\/pl\/\"},{\"@type\":\"ListItem\",\"position\":2,\"name\":\"Sklep\",\"item\":\"https:\/\/www.wbamp.com\/pl\/sklep\/\"},{\"@type\":\"ListItem\",\"position\":3,\"name\":\"Blazebird Dual Mono\"}]},{\"@type\":\"WebSite\",\"@id\":\"http:\/\/www.wbamp.com\/pl\/#website\",\"url\":\"http:\/\/www.wbamp.com\/pl\/\",\"name\":\"White Bird Amplification\",\"description\":\"Tube Amplifiers and Preamplifiers\",\"potentialAction\":[{\"@type\":\"SearchAction\",\"target\":{\"@type\":\"EntryPoint\",\"urlTemplate\":\"http:\/\/www.wbamp.com\/pl\/?s={search_term_string}\"},\"query-input\":{\"@type\":\"PropertyValueSpecification\",\"valueRequired\":true,\"valueName\":\"search_term_string\"}}],\"inLanguage\":\"pl-PL\"}]}<\/script>\n<!-- \/ Yoast SEO plugin. -->","yoast_head_json":{"title":"Blazebird Dual Mono - White Bird Amplification","robots":{"index":"index","follow":"follow","max-snippet":"max-snippet:-1","max-image-preview":"max-image-preview:large","max-video-preview":"max-video-preview:-1"},"canonical":"https:\/\/www.wbamp.com\/pl\/produkt\/blazebird-dual-mono\/","og_locale":"pl_PL","og_type":"article","og_title":"Blazebird Dual Mono - White Bird Amplification","og_description":"Blazebird Dual Mono - pracuj\u0105cy w trybie dw\u00f3ch ca\u0142kowicie odseparowanych tor\u00f3w audio oraz zasilania w pe\u0142ni lampowy przedwzmacniacz przeznaczony do wsp\u00f3\u0142pracy z sygna\u0142ami liniowymi (np. z CD, DAC itp.) Jego tor opiera si\u0119 na lampach 6922 EHG oraz 2A3 EH Gold. Ka\u017cdy z kana\u0142\u00f3w (b\u0119d\u0105cy zupe\u0142nie odr\u0119bnym przedwzmacniaczem) posiada po cztery niezale\u017cne zasilacze dostarczaj\u0105ce pr\u0105d do wybranych sekcji uk\u0142adu. Dla zapewnienia jak najlepszych warunk\u00f3w pracy zasilacze \u017carzenia lamp przedwzmacniacza dostarczaj\u0105 ich \u017carnikom pr\u0105d sta\u0142y. Filtracja eliminuje zupe\u0142nie zak\u0142\u00f3cenia sieci energetycznej oraz zapewnia precyzyjne napi\u0119cie pracy. Dwa toroidalne transformatory zasilaj\u0105ce wykonane s\u0105 w technologii stosowanej w sprz\u0119cie audio (eliminacja przyd\u017awi\u0119k\u00f3w transformatora).","og_url":"https:\/\/www.wbamp.com\/pl\/produkt\/blazebird-dual-mono\/","og_site_name":"White Bird Amplification","article_modified_time":"2018-05-10T14:21:23+00:00","og_image":[{"width":1500,"height":1000,"url":"https:\/\/www.wbamp.com\/wp-content\/uploads\/Blazebird-Dual-Mono-Class-A-Tube-Preamplifier-front-top.jpg","type":"image\/jpeg"}],"twitter_card":"summary_large_image","twitter_misc":{"Szacowany czas czytania":"2 minuty"},"schema":{"@context":"https:\/\/schema.org","@graph":[{"@type":"WebPage","@id":"https:\/\/www.wbamp.com\/pl\/produkt\/blazebird-dual-mono\/","url":"https:\/\/www.wbamp.com\/pl\/produkt\/blazebird-dual-mono\/","name":"Blazebird Dual Mono - White Bird Amplification","isPartOf":{"@id":"http:\/\/www.wbamp.com\/pl\/#website"},"primaryImageOfPage":{"@id":"https:\/\/www.wbamp.com\/pl\/produkt\/blazebird-dual-mono\/#primaryimage"},"image":{"@id":"https:\/\/www.wbamp.com\/pl\/produkt\/blazebird-dual-mono\/#primaryimage"},"thumbnailUrl":"http:\/\/www.wbamp.com\/wp-content\/uploads\/Blazebird-Dual-Mono-Class-A-Tube-Preamplifier-front-top.jpg","datePublished":"2018-03-19T20:55:11+00:00","dateModified":"2018-05-10T14:21:23+00:00","breadcrumb":{"@id":"https:\/\/www.wbamp.com\/pl\/produkt\/blazebird-dual-mono\/#breadcrumb"},"inLanguage":"pl-PL","potentialAction":[{"@type":"ReadAction","target":["https:\/\/www.wbamp.com\/pl\/produkt\/blazebird-dual-mono\/"]}]},{"@type":"ImageObject","inLanguage":"pl-PL","@id":"https:\/\/www.wbamp.com\/pl\/produkt\/blazebird-dual-mono\/#primaryimage","url":"http:\/\/www.wbamp.com\/wp-content\/uploads\/Blazebird-Dual-Mono-Class-A-Tube-Preamplifier-front-top.jpg","contentUrl":"http:\/\/www.wbamp.com\/wp-content\/uploads\/Blazebird-Dual-Mono-Class-A-Tube-Preamplifier-front-top.jpg","width":1500,"height":1000},{"@type":"BreadcrumbList","@id":"https:\/\/www.wbamp.com\/pl\/produkt\/blazebird-dual-mono\/#breadcrumb","itemListElement":[{"@type":"ListItem","position":1,"name":"Home","item":"http:\/\/www.wbamp.com\/pl\/"},{"@type":"ListItem","position":2,"name":"Sklep","item":"https:\/\/www.wbamp.com\/pl\/sklep\/"},{"@type":"ListItem","position":3,"name":"Blazebird Dual Mono"}]},{"@type":"WebSite","@id":"http:\/\/www.wbamp.com\/pl\/#website","url":"http:\/\/www.wbamp.com\/pl\/","name":"White Bird Amplification","description":"Tube Amplifiers and Preamplifiers","potentialAction":[{"@type":"SearchAction","target":{"@type":"EntryPoint","urlTemplate":"http:\/\/www.wbamp.com\/pl\/?s={search_term_string}"},"query-input":{"@type":"PropertyValueSpecification","valueRequired":true,"valueName":"search_term_string"}}],"inLanguage":"pl-PL"}]}},"_links":{"self":[{"href":"http:\/\/www.wbamp.com\/pl\/wp-json\/wp\/v2\/product\/3324","targetHints":{"allow":["GET"]}}],"collection":[{"href":"http:\/\/www.wbamp.com\/pl\/wp-json\/wp\/v2\/product"}],"about":[{"href":"http:\/\/www.wbamp.com\/pl\/wp-json\/wp\/v2\/types\/product"}],"wp:featuredmedia":[{"embeddable":true,"href":"http:\/\/www.wbamp.com\/pl\/wp-json\/wp\/v2\/media\/3154"}],"wp:attachment":[{"href":"http:\/\/www.wbamp.com\/pl\/wp-json\/wp\/v2\/media?parent=3324"}],"wp:term":[{"taxonomy":"product_brand","embeddable":true,"href":"http:\/\/www.wbamp.com\/pl\/wp-json\/wp\/v2\/product_brand?post=3324"},{"taxonomy":"product_cat","embeddable":true,"href":"http:\/\/www.wbamp.com\/pl\/wp-json\/wp\/v2\/product_cat?post=3324"},{"taxonomy":"product_tag","embeddable":true,"href":"http:\/\/www.wbamp.com\/pl\/wp-json\/wp\/v2\/product_tag?post=3324"}],"curies":[{"name":"wp","href":"https:\/\/api.w.org\/{rel}","templated":true}]}}