{"id":3322,"date":"2018-03-19T19:30:25","date_gmt":"2018-03-19T19:30:25","guid":{"rendered":"http:\/\/wbamp.com\/product\/hpa-master-wzmacniacz-sluchawkowy-otl\/"},"modified":"2018-05-10T14:21:32","modified_gmt":"2018-05-10T14:21:32","slug":"hpa-master-wzmacniacz-sluchawkowy-otl","status":"publish","type":"product","link":"http:\/\/www.wbamp.com\/pl\/produkt\/hpa-master-wzmacniacz-sluchawkowy-otl\/","title":{"rendered":"HPA Master &#8211; wzmacniacz s\u0142uchawkowy OTL"},"content":{"rendered":"<p><img loading=\"lazy\" decoding=\"async\" src=\"http:\/\/wbamp.com\/wp-content\/uploads\/HPA-Master-OTL-Headphones-Amplifier-part.jpg\" alt=\"\" width=\"700\" height=\"467\" class=\"alignright size-medium wp-image-3138\" srcset=\"http:\/\/www.wbamp.com\/wp-content\/uploads\/HPA-Master-OTL-Headphones-Amplifier-part.jpg 1500w, http:\/\/www.wbamp.com\/wp-content\/uploads\/HPA-Master-OTL-Headphones-Amplifier-part-700x467.jpg 700w, http:\/\/www.wbamp.com\/wp-content\/uploads\/HPA-Master-OTL-Headphones-Amplifier-part-900x600.jpg 900w, http:\/\/www.wbamp.com\/wp-content\/uploads\/HPA-Master-OTL-Headphones-Amplifier-part-768x512.jpg 768w, http:\/\/www.wbamp.com\/wp-content\/uploads\/HPA-Master-OTL-Headphones-Amplifier-part-1080x720.jpg 1080w\" sizes=\"(max-width: 700px) 100vw, 700px\" \/><strong class=\"intro\">Brzmienie modelu to w pe\u0142ni charakterystyczny dla lamp elektronowych ciep\u0142y, przestrzenny i dynamiczny d\u017awi\u0119k z du\u017c\u0105 ilo\u015bci\u0105 szczeg\u00f3\u0142\u00f3w, kt\u00f3ry w razie potrzeby mo\u017cna modyfikowa\u0107 za pomoc\u0105 stosowania r\u00f3\u017cnych modeli lamp. \u015arodek i g\u00f3ra pasma podawane s\u0105 w naturalny, nie dra\u017cni\u0105cy s\u0142uchu spos\u00f3b, tak \u017ce nawet d\u0142ugotrwa\u0142e s\u0142uchanie muzyki nie powoduje zm\u0119czenia.<\/strong><\/p>\n<p>Wzmacniacz oferuje mo\u017cliwo\u015b\u0107 indywidualnego kreowania brzmienia poprzez wymian\u0119 lamp. Najwi\u0119kszy wp\u0142yw na zmiany w charakterze d\u017awi\u0119ku ma pojedyncza lampa steruj\u0105ca, a w dalszej kolejno\u015bci para lamp mocy. W HPA Master z powodzeniem mo\u017cna stosowa\u0107 wszystkie odpowiedniki lamp ECC88 jako lamp\u0119 steruj\u0105c\u0105 oraz odpowiedniki 6N6P jako lampy stopnia mocy\/wyj\u015bciowego. Lampy mo\u017cna wymienia\u0107 bez ingerencji we wn\u0119trze wzmacniacza.<\/p>\n<p>HPA Master wsp\u00f3\u0142pracuje z s\u0142uchawkami o przedziale impedancji od 32\u03a9 do 400\u03a9. Optimum jego dopasowania je\u015bli chodzi o obci\u0105\u017cenie uzyskuje przy s\u0142uchawkach niskoomowych \u2013 do 100\u03a9, ale mo\u017ce r\u00f3wnie\u017c wsp\u00f3\u0142pracowa\u0107 z s\u0142uchawkami o wy\u017cszej impedancji pod warunkiem, \u017ce ich sprawno\u015b\u0107 nie jest ni\u017csza ni\u017c 100dB. W przeciwnym wypadku s\u0142uchawki mog\u0105 zagra\u0107 nieco ciszej.<\/p>\n<p>Tryb pracy bez u\u017cycia transformator\u00f3w wyj\u015bciowych zapewnia najwi\u0119ksz\u0105 precyzj\u0119 d\u017awi\u0119ku oraz najmniej zniekszta\u0142ce\u0144. Wyj\u015bcie obydwu kana\u0142\u00f3w zrealizowane jest z katod lamp mocy po przej\u015bciu przez kondensatory sygna\u0142owe Nichicon KZ Muse dedykowane specjalnie urz\u0105dzeniom audio wysokiej jako\u015bci. Zintegrowany ze wzmacniaczem zasilacz wyposa\u017cony jest w filtry elektroniczne co zapewnia wysok\u0105 kultur\u0119 pracy (brak zak\u0142\u00f3ce\u0144, brumu i przyd\u017awi\u0119k\u00f3w).<\/p>\n<p>HPA Master wykonywany jest w solidnej metalowej obudowie stoj\u0105cej na aluminiowych n\u00f3\u017ckach posiadaj\u0105cych na spodniej cz\u0119\u015bci gum\u0119 stabilizuj\u0105c\u0105 wzmacniacz na pod\u0142o\u017cu. Z\u0142\u0105czem sieciowym jest gniazdo typu IEC.<\/p>\n","protected":false},"excerpt":{"rendered":"<p>HPA Master \u2013 wzmacniacz s\u0142uchawkowy OTL Single Ended (bez transformatora wyj\u015bciowego; klasa A). Jest to podstawowy model w ofercie wzmacniaczy s\u0142uchawkowych White Bird Amplification. Zastosowanie w stopniu mocy podw\u00f3jnych triod 6N6P, kt\u00f3re s\u0105 po\u0142\u0105czone r\u00f3wnolegle w ka\u017cdym z kana\u0142\u00f3w umo\u017cliwia wsp\u00f3\u0142prac\u0119 urz\u0105dzenia z wieloma modelami s\u0142uchawek dynamicznych. Jako lampa steruj\u0105ca zastosowana jest standardowo 6922 EHG czyli odpowiednik popularnej ECC88.<\/p>\n<div class='one_half'>\n\t\t\t\t\t<ul>\n<li>Typ wzmacniacza: <b>lampowy, klasa A, trioda, OTL<\/b>\n<li>Moc wyj\u015bciowa: <b>2 x 300mW \/34 \u03a9<\/b>\n<li>Impedancja wej\u015bciowa: <b>50k\u03a9<\/b>\n<li>Amplituda napi\u0119cia wej\u015bciowego: <b>2 V \u2013 12 V (max)<\/b>\n<li>Zasilanie anodowe: <b>200 VDC<\/b>\n<li>Zasilanie \u017carzenia: <b>6,3 VAC<\/b>\n<li>Lampy: <b>1 x 6922 EHG, 2 x 6N6P<\/b>\n<\/ul>\n\t\t\t\t<\/div><div class='one_half et_column_last'>\n\t\t\t\t\t<ul>\n<li>Przedzia\u0142 impedancji obci\u0105\u017cenia: <b>24\u03a9 \u2013 400\u03a9<\/b>\n<li>Wej\u015bcia: <b>1 x RCA Stereo<\/b>\n<li>Wyj\u015bcia: <b>1 x TRS Stereo<\/b>\n<li>Pob\u00f3r mocy: <b>20W<\/b>\n<li>Bezpiecznik: <b>400mA<\/b>\n<li>Masa: <b>6 kg<\/b>\n<li>Wymiary: <b>235mm (szer.), 250mm (g\u0142\u0119b.), 70mm (wys.)<\/b>\n<\/ul>\n\t\t\t\t<\/div><div class='clear'><\/div><\/p>\n","protected":false},"featured_media":3143,"template":"","meta":{"_et_pb_use_builder":"","_et_pb_old_content":"","_et_gb_content_width":""},"product_brand":[],"product_cat":[33,32],"product_tag":[],"class_list":{"0":"post-3322","1":"product","2":"type-product","3":"status-publish","4":"has-post-thumbnail","6":"product_cat-klasa-a","7":"product_cat-lampowe-wzmacniacze-sluchawkowe","9":"first","10":"instock","11":"shipping-taxable","12":"purchasable","13":"product-type-simple"},"yoast_head":"<!-- This site is optimized with the Yoast SEO plugin v25.3.1 - https:\/\/yoast.com\/wordpress\/plugins\/seo\/ -->\n<title>HPA Master - wzmacniacz s\u0142uchawkowy OTL - White Bird Amplification<\/title>\n<meta name=\"robots\" content=\"index, follow, max-snippet:-1, max-image-preview:large, max-video-preview:-1\" \/>\n<link rel=\"canonical\" href=\"https:\/\/www.wbamp.com\/pl\/produkt\/hpa-master-wzmacniacz-sluchawkowy-otl\/\" \/>\n<meta property=\"og:locale\" content=\"pl_PL\" \/>\n<meta property=\"og:type\" content=\"article\" \/>\n<meta property=\"og:title\" content=\"HPA Master - wzmacniacz s\u0142uchawkowy OTL - White Bird Amplification\" \/>\n<meta property=\"og:description\" content=\"HPA Master \u2013 wzmacniacz s\u0142uchawkowy OTL Single Ended (bez transformatora wyj\u015bciowego; klasa A). Jest to podstawowy model w ofercie wzmacniaczy s\u0142uchawkowych White Bird Amplification. Zastosowanie w stopniu mocy podw\u00f3jnych triod 6N6P, kt\u00f3re s\u0105 po\u0142\u0105czone r\u00f3wnolegle w ka\u017cdym z kana\u0142\u00f3w umo\u017cliwia wsp\u00f3\u0142prac\u0119 urz\u0105dzenia z wieloma modelami s\u0142uchawek dynamicznych. Jako lampa steruj\u0105ca zastosowana jest standardowo 6922 EHG czyli odpowiednik popularnej ECC88.\" \/>\n<meta property=\"og:url\" content=\"https:\/\/www.wbamp.com\/pl\/produkt\/hpa-master-wzmacniacz-sluchawkowy-otl\/\" \/>\n<meta property=\"og:site_name\" content=\"White Bird Amplification\" \/>\n<meta property=\"article:modified_time\" content=\"2018-05-10T14:21:32+00:00\" \/>\n<meta property=\"og:image\" content=\"https:\/\/www.wbamp.com\/wp-content\/uploads\/HPA-Master-OTL-Headphones-Amplifier-top-side.jpg\" \/>\n\t<meta property=\"og:image:width\" content=\"1500\" \/>\n\t<meta property=\"og:image:height\" content=\"1000\" \/>\n\t<meta property=\"og:image:type\" content=\"image\/jpeg\" \/>\n<meta name=\"twitter:card\" content=\"summary_large_image\" \/>\n<meta name=\"twitter:label1\" content=\"Szacowany czas czytania\" \/>\n\t<meta name=\"twitter:data1\" content=\"2 minuty\" \/>\n<script type=\"application\/ld+json\" class=\"yoast-schema-graph\">{\"@context\":\"https:\/\/schema.org\",\"@graph\":[{\"@type\":\"WebPage\",\"@id\":\"https:\/\/www.wbamp.com\/pl\/produkt\/hpa-master-wzmacniacz-sluchawkowy-otl\/\",\"url\":\"https:\/\/www.wbamp.com\/pl\/produkt\/hpa-master-wzmacniacz-sluchawkowy-otl\/\",\"name\":\"HPA Master - wzmacniacz s\u0142uchawkowy OTL - White Bird Amplification\",\"isPartOf\":{\"@id\":\"https:\/\/www.wbamp.com\/#website\"},\"primaryImageOfPage\":{\"@id\":\"https:\/\/www.wbamp.com\/pl\/produkt\/hpa-master-wzmacniacz-sluchawkowy-otl\/#primaryimage\"},\"image\":{\"@id\":\"https:\/\/www.wbamp.com\/pl\/produkt\/hpa-master-wzmacniacz-sluchawkowy-otl\/#primaryimage\"},\"thumbnailUrl\":\"http:\/\/www.wbamp.com\/wp-content\/uploads\/HPA-Master-OTL-Headphones-Amplifier-top-side.jpg\",\"datePublished\":\"2018-03-19T19:30:25+00:00\",\"dateModified\":\"2018-05-10T14:21:32+00:00\",\"breadcrumb\":{\"@id\":\"https:\/\/www.wbamp.com\/pl\/produkt\/hpa-master-wzmacniacz-sluchawkowy-otl\/#breadcrumb\"},\"inLanguage\":\"pl-PL\",\"potentialAction\":[{\"@type\":\"ReadAction\",\"target\":[\"https:\/\/www.wbamp.com\/pl\/produkt\/hpa-master-wzmacniacz-sluchawkowy-otl\/\"]}]},{\"@type\":\"ImageObject\",\"inLanguage\":\"pl-PL\",\"@id\":\"https:\/\/www.wbamp.com\/pl\/produkt\/hpa-master-wzmacniacz-sluchawkowy-otl\/#primaryimage\",\"url\":\"http:\/\/www.wbamp.com\/wp-content\/uploads\/HPA-Master-OTL-Headphones-Amplifier-top-side.jpg\",\"contentUrl\":\"http:\/\/www.wbamp.com\/wp-content\/uploads\/HPA-Master-OTL-Headphones-Amplifier-top-side.jpg\",\"width\":1500,\"height\":1000},{\"@type\":\"BreadcrumbList\",\"@id\":\"https:\/\/www.wbamp.com\/pl\/produkt\/hpa-master-wzmacniacz-sluchawkowy-otl\/#breadcrumb\",\"itemListElement\":[{\"@type\":\"ListItem\",\"position\":1,\"name\":\"Home\",\"item\":\"https:\/\/www.wbamp.com\/pl\/\"},{\"@type\":\"ListItem\",\"position\":2,\"name\":\"Sklep\",\"item\":\"https:\/\/www.wbamp.com\/pl\/sklep\/\"},{\"@type\":\"ListItem\",\"position\":3,\"name\":\"HPA Master &#8211; wzmacniacz s\u0142uchawkowy OTL\"}]},{\"@type\":\"WebSite\",\"@id\":\"https:\/\/www.wbamp.com\/#website\",\"url\":\"https:\/\/www.wbamp.com\/\",\"name\":\"White Bird Amplification\",\"description\":\"Tube Amplifiers and Preamplifiers\",\"potentialAction\":[{\"@type\":\"SearchAction\",\"target\":{\"@type\":\"EntryPoint\",\"urlTemplate\":\"https:\/\/www.wbamp.com\/?s={search_term_string}\"},\"query-input\":{\"@type\":\"PropertyValueSpecification\",\"valueRequired\":true,\"valueName\":\"search_term_string\"}}],\"inLanguage\":\"pl-PL\"}]}<\/script>\n<!-- \/ Yoast SEO plugin. -->","yoast_head_json":{"title":"HPA Master - wzmacniacz s\u0142uchawkowy OTL - White Bird Amplification","robots":{"index":"index","follow":"follow","max-snippet":"max-snippet:-1","max-image-preview":"max-image-preview:large","max-video-preview":"max-video-preview:-1"},"canonical":"https:\/\/www.wbamp.com\/pl\/produkt\/hpa-master-wzmacniacz-sluchawkowy-otl\/","og_locale":"pl_PL","og_type":"article","og_title":"HPA Master - wzmacniacz s\u0142uchawkowy OTL - White Bird Amplification","og_description":"HPA Master \u2013 wzmacniacz s\u0142uchawkowy OTL Single Ended (bez transformatora wyj\u015bciowego; klasa A). Jest to podstawowy model w ofercie wzmacniaczy s\u0142uchawkowych White Bird Amplification. Zastosowanie w stopniu mocy podw\u00f3jnych triod 6N6P, kt\u00f3re s\u0105 po\u0142\u0105czone r\u00f3wnolegle w ka\u017cdym z kana\u0142\u00f3w umo\u017cliwia wsp\u00f3\u0142prac\u0119 urz\u0105dzenia z wieloma modelami s\u0142uchawek dynamicznych. Jako lampa steruj\u0105ca zastosowana jest standardowo 6922 EHG czyli odpowiednik popularnej ECC88.","og_url":"https:\/\/www.wbamp.com\/pl\/produkt\/hpa-master-wzmacniacz-sluchawkowy-otl\/","og_site_name":"White Bird Amplification","article_modified_time":"2018-05-10T14:21:32+00:00","og_image":[{"width":1500,"height":1000,"url":"https:\/\/www.wbamp.com\/wp-content\/uploads\/HPA-Master-OTL-Headphones-Amplifier-top-side.jpg","type":"image\/jpeg"}],"twitter_card":"summary_large_image","twitter_misc":{"Szacowany czas czytania":"2 minuty"},"schema":{"@context":"https:\/\/schema.org","@graph":[{"@type":"WebPage","@id":"https:\/\/www.wbamp.com\/pl\/produkt\/hpa-master-wzmacniacz-sluchawkowy-otl\/","url":"https:\/\/www.wbamp.com\/pl\/produkt\/hpa-master-wzmacniacz-sluchawkowy-otl\/","name":"HPA Master - wzmacniacz s\u0142uchawkowy OTL - White Bird Amplification","isPartOf":{"@id":"https:\/\/www.wbamp.com\/#website"},"primaryImageOfPage":{"@id":"https:\/\/www.wbamp.com\/pl\/produkt\/hpa-master-wzmacniacz-sluchawkowy-otl\/#primaryimage"},"image":{"@id":"https:\/\/www.wbamp.com\/pl\/produkt\/hpa-master-wzmacniacz-sluchawkowy-otl\/#primaryimage"},"thumbnailUrl":"http:\/\/www.wbamp.com\/wp-content\/uploads\/HPA-Master-OTL-Headphones-Amplifier-top-side.jpg","datePublished":"2018-03-19T19:30:25+00:00","dateModified":"2018-05-10T14:21:32+00:00","breadcrumb":{"@id":"https:\/\/www.wbamp.com\/pl\/produkt\/hpa-master-wzmacniacz-sluchawkowy-otl\/#breadcrumb"},"inLanguage":"pl-PL","potentialAction":[{"@type":"ReadAction","target":["https:\/\/www.wbamp.com\/pl\/produkt\/hpa-master-wzmacniacz-sluchawkowy-otl\/"]}]},{"@type":"ImageObject","inLanguage":"pl-PL","@id":"https:\/\/www.wbamp.com\/pl\/produkt\/hpa-master-wzmacniacz-sluchawkowy-otl\/#primaryimage","url":"http:\/\/www.wbamp.com\/wp-content\/uploads\/HPA-Master-OTL-Headphones-Amplifier-top-side.jpg","contentUrl":"http:\/\/www.wbamp.com\/wp-content\/uploads\/HPA-Master-OTL-Headphones-Amplifier-top-side.jpg","width":1500,"height":1000},{"@type":"BreadcrumbList","@id":"https:\/\/www.wbamp.com\/pl\/produkt\/hpa-master-wzmacniacz-sluchawkowy-otl\/#breadcrumb","itemListElement":[{"@type":"ListItem","position":1,"name":"Home","item":"https:\/\/www.wbamp.com\/pl\/"},{"@type":"ListItem","position":2,"name":"Sklep","item":"https:\/\/www.wbamp.com\/pl\/sklep\/"},{"@type":"ListItem","position":3,"name":"HPA Master &#8211; wzmacniacz s\u0142uchawkowy OTL"}]},{"@type":"WebSite","@id":"https:\/\/www.wbamp.com\/#website","url":"https:\/\/www.wbamp.com\/","name":"White Bird Amplification","description":"Tube Amplifiers and Preamplifiers","potentialAction":[{"@type":"SearchAction","target":{"@type":"EntryPoint","urlTemplate":"https:\/\/www.wbamp.com\/?s={search_term_string}"},"query-input":{"@type":"PropertyValueSpecification","valueRequired":true,"valueName":"search_term_string"}}],"inLanguage":"pl-PL"}]}},"_links":{"self":[{"href":"http:\/\/www.wbamp.com\/pl\/wp-json\/wp\/v2\/product\/3322","targetHints":{"allow":["GET"]}}],"collection":[{"href":"http:\/\/www.wbamp.com\/pl\/wp-json\/wp\/v2\/product"}],"about":[{"href":"http:\/\/www.wbamp.com\/pl\/wp-json\/wp\/v2\/types\/product"}],"wp:featuredmedia":[{"embeddable":true,"href":"http:\/\/www.wbamp.com\/pl\/wp-json\/wp\/v2\/media\/3143"}],"wp:attachment":[{"href":"http:\/\/www.wbamp.com\/pl\/wp-json\/wp\/v2\/media?parent=3322"}],"wp:term":[{"taxonomy":"product_brand","embeddable":true,"href":"http:\/\/www.wbamp.com\/pl\/wp-json\/wp\/v2\/product_brand?post=3322"},{"taxonomy":"product_cat","embeddable":true,"href":"http:\/\/www.wbamp.com\/pl\/wp-json\/wp\/v2\/product_cat?post=3322"},{"taxonomy":"product_tag","embeddable":true,"href":"http:\/\/www.wbamp.com\/pl\/wp-json\/wp\/v2\/product_tag?post=3322"}],"curies":[{"name":"wp","href":"https:\/\/api.w.org\/{rel}","templated":true}]}}