{"id":3320,"date":"2018-03-17T13:35:33","date_gmt":"2018-03-17T13:35:33","guid":{"rendered":"http:\/\/wbamp.com\/product\/virtus-01-wzmacniacz-sluchawkowy-otl\/"},"modified":"2018-05-10T14:22:05","modified_gmt":"2018-05-10T14:22:05","slug":"virtus-01-wzmacniacz-sluchawkowy-otl","status":"publish","type":"product","link":"http:\/\/www.wbamp.com\/pl\/produkt\/virtus-01-wzmacniacz-sluchawkowy-otl\/","title":{"rendered":"Virtus-01 &#8211; wzmacniacz s\u0142uchawkowy OTL"},"content":{"rendered":"<p><img loading=\"lazy\" decoding=\"async\" src=\"http:\/\/wbamp.com\/wp-content\/uploads\/Virtus-01-interior-4.jpg\" alt=\"\" width=\"900\" height=\"600\" class=\"alignright size-medium wp-image-3625\" srcset=\"http:\/\/www.wbamp.com\/wp-content\/uploads\/Virtus-01-interior-4.jpg 1920w, http:\/\/www.wbamp.com\/wp-content\/uploads\/Virtus-01-interior-4-700x467.jpg 700w, http:\/\/www.wbamp.com\/wp-content\/uploads\/Virtus-01-interior-4-900x600.jpg 900w, http:\/\/www.wbamp.com\/wp-content\/uploads\/Virtus-01-interior-4-768x512.jpg 768w, http:\/\/www.wbamp.com\/wp-content\/uploads\/Virtus-01-interior-4-1620x1080.jpg 1620w, http:\/\/www.wbamp.com\/wp-content\/uploads\/Virtus-01-interior-4-1080x720.jpg 1080w\" sizes=\"(max-width: 900px) 100vw, 900px\" \/><strong class=\"intro\">Wzmacniacz oferuje mo\u017cliwo\u015b\u0107 indywidualnego kreowania brzmienia poprzez wymian\u0119 lamp. Najwi\u0119kszy wp\u0142yw na zmiany w charakterze d\u017awi\u0119ku ma pojedyncza lampa steruj\u0105ca, a w dalszej kolejno\u015bci para lamp mocy. We wzmacniaczu Virtus-01 z powodzeniem mo\u017cna stosowa\u0107 wszystkie odpowiedniki lamp ECC88 jako lamp\u0119 steruj\u0105c\u0105 oraz odpowiedniki KT88\/KT120\/KT150 jako lampy stopnia mocy\/wyj\u015bciowego. Lampy mo\u017cna wymienia\u0107 bez ingerencji we wn\u0119trze wzmacniacza.<\/strong><\/p>\n<p>Virtus-01 posiada konstrukcje typu Dual Mono, kt\u00f3ra polega na tym, \u017ce ka\u017cdy z kana\u0142\u00f3w poza tym, \u017ce jest zupe\u0142nie odr\u0119bnym wzmacniaczem posiada po cztery niezale\u017cne zasilacze dostarczaj\u0105ce pr\u0105d do wybranych sekcji uk\u0142adu. Dla zapewnienia jak najlepszych warunk\u00f3w pracy zasilacze \u017carzenia lamp steruj\u0105cych dostarczaj\u0105 ich \u017carnikom pr\u0105d sta\u0142y. Filtracja eliminuje zupe\u0142nie zak\u0142\u00f3cenia sieci energetycznej oraz zapewnia precyzyjne napi\u0119cie pracy. Dwa toroidalne transformatory zasilaj\u0105ce wykonane s\u0105 w technologii stosowanej w sprz\u0119cie audio (eliminacja przyd\u017awi\u0119k\u00f3w transformatora). Zupe\u0142na separacja kana\u0142\u00f3w wzmacniacza poprzez osiem niezale\u017cnych zasilaczy oraz dwa transformatory zasilaj\u0105ce oferuje przestrze\u0144 oraz scen\u0119 na najwy\u017cszym poziomie. Lampy typu KT s\u0105 znane z dynamicznego i precyzyjnego d\u017awi\u0119ku. S\u0105 bardzo uniwersalne i sprawdzaj\u0105 si\u0119 w ka\u017cdej stylistyce muzycznej. D\u017awi\u0119k jest ciep\u0142y, szczeg\u00f3\u0142owy i masywny.<\/p>\n<p>Virtus-01 posiada w ka\u017cdym z kana\u0142\u00f3w lampowy stopie\u0144 wzmocnienia napi\u0119cia i wt\u00f3rnik pr\u0105dowy (tzw. bufor) zrealizowane na lampie 6922 EHG. Lampy KT pracuj\u0105 w uk\u0142adzie wt\u00f3rnik\u00f3w gdzie sygna\u0142 z ich katod po przej\u015bciu przez kondensatory wyj\u015bciowe podawany jest na s\u0142uchawki.<\/p>\n<p>W sekcji lamp ECC mo\u017cna stosowa\u0107 wszelkie odpowiedniki lampy ECC88 np. 6922, 6N23P, 6N23P-EW, 6DJ8 itp. \u017bywotno\u015b\u0107 lamp tego typu mo\u017ce si\u0119ga\u0107 nawet do 10 000h.<\/p>\n<p>Virtus-01 wsp\u00f3\u0142pracuje z s\u0142uchawkami o przedziale impedancji od 24\u03a9 do 600\u03a9. Optimum jego dopasowania je\u015bli chodzi o obci\u0105\u017cenie uzyskuje przy s\u0142uchawkach o impedancji oko\u0142o 100\u03a9, ale dzi\u0119ki du\u017cemu zapasowi mocy wyj\u015bciowej mo\u017ce r\u00f3wnie\u017c wsp\u00f3\u0142pracowa\u0107 z s\u0142uchawkami o wy\u017cszej impedancji ni\u017c znamionowa.<\/p>\n<p><img loading=\"lazy\" decoding=\"async\" src=\"http:\/\/wbamp.com\/wp-content\/uploads\/Virtus-01-Headphones-OTL-Tube-Amplifier-tubes-bright.jpg\" alt=\"\" width=\"700\" height=\"467\" class=\"alignleft size-medium wp-image-3144\" srcset=\"http:\/\/www.wbamp.com\/wp-content\/uploads\/Virtus-01-Headphones-OTL-Tube-Amplifier-tubes-bright.jpg 1500w, http:\/\/www.wbamp.com\/wp-content\/uploads\/Virtus-01-Headphones-OTL-Tube-Amplifier-tubes-bright-700x467.jpg 700w, http:\/\/www.wbamp.com\/wp-content\/uploads\/Virtus-01-Headphones-OTL-Tube-Amplifier-tubes-bright-900x600.jpg 900w, http:\/\/www.wbamp.com\/wp-content\/uploads\/Virtus-01-Headphones-OTL-Tube-Amplifier-tubes-bright-768x512.jpg 768w, http:\/\/www.wbamp.com\/wp-content\/uploads\/Virtus-01-Headphones-OTL-Tube-Amplifier-tubes-bright-1080x720.jpg 1080w\" sizes=\"(max-width: 700px) 100vw, 700px\" \/>Tryb pracy bez u\u017cycia transformator\u00f3w wyj\u015bciowych zapewnia najwi\u0119ksz\u0105 precyzj\u0119 d\u017awi\u0119ku oraz najmniej zniekszta\u0142ce\u0144. Wyj\u015bcie obydwu kana\u0142\u00f3w zrealizowane jest z katod lamp mocy po przej\u015bciu przez kondensatory sygna\u0142owe Nichicon KZ Muse dedykowane specjalnie urz\u0105dzeniom audio wysokiej jako\u015bci. W sekcji mocy wzmacniacza Virtus-01 mo\u017cna zastosowa\u0107 trzy rodzaje lamp: KT88, KT120 oraz KT150. Nie wymaga to \u017cadnych zmian w uk\u0142adzie wzmacniacza, poniewa\u017c Virtus posiada uk\u0142ad auto-biasu, kt\u00f3ry umo\u017cliwia samodzielne dostrojenie si\u0119 jego elektroniki do rodzaju zastosowanych lamp. Maksymalna moc wyj\u015bciowa wzmacniacza zamyka si\u0119 w przedziale od 2 x 1W dla KT88 przez 2 x 1,2W dla KT120 do 2 x 1,5W dla KT150. Umo\u017cliwia to wykorzystanie Virtusa tak\u017ce jako wzmacniacza do s\u0142uchawek planarnych, kt\u00f3rych impedancja zbli\u017cona jest do jego impedancji wyj\u015bciowej czyli oko\u0142o 80\u03a9 \u2013 120\u03a9. Dla s\u0142uchawek planarnych wymagaj\u0105cych wi\u0119kszej mocy wyj\u015bciowej wzmacniacza polecamy nasze modele pracuj\u0105ce w klasie AB, kt\u00f3re oferuj\u0105 moc ponad 10W na kana\u0142.<\/p>\n<p>Virtus-01 wykonywany jest w solidnej metalowej obudowie stoj\u0105cej na aluminiowych n\u00f3\u017ckach posiadaj\u0105cych na spodniej cz\u0119\u015bci gum\u0119 stabilizuj\u0105c\u0105 wzmacniacz na pod\u0142o\u017cu. Na przednim panelu znajduj\u0105 si\u0119 pod\u015bwietlane zegary analogowe, kt\u00f3rych wskaz\u00f3wki wychylaj\u0105 si\u0119 dynamicznie w rytm muzyki. Wzmacniacz mo\u017ce by\u0107 opcjonalnie wyposa\u017cony w dodatkow\u0105 par\u0119 z\u0142\u0105cz XLR (wej\u015bcie stereo), a tak\u017ce atenuator (48-stopniow\u0105 drabink\u0119 rezystorow\u0105 polskiego producenta Khozmo Acoustic). Z\u0142\u0105czem sieciowym jest gniazdo typu IEC.<\/p>\n","protected":false},"excerpt":{"rendered":"<p>Virtus-01- wzmacniacz s\u0142uchawkowy OTL Single Ended (bez transformatora wyj\u015bciowego; klasa A) w architekturze Dual Mono. Zastosowanie w stopniu mocy tetrod typu KT88\/KT120\/KT150 umo\u017cliwia wsp\u00f3\u0142prac\u0119 urz\u0105dzenia z wieloma modelami s\u0142uchawek dynamicznych, a tak\u017ce niekt\u00f3rymi modelami s\u0142uchawek planarnych. Jako lampy steruj\u0105ce zastosowane s\u0105 standardowo 6922 EHG czyli odpowiednik popularnej ECC88. Brzmienie modelu to w pe\u0142ni charakterystyczny dla lamp elektronowych ciep\u0142y, przestrzenny i dynamiczny d\u017awi\u0119k z du\u017c\u0105 ilo\u015bci\u0105 szczeg\u00f3\u0142\u00f3w, kt\u00f3ry w razie potrzeby mo\u017cna modyfikowa\u0107 za pomoc\u0105 stosowania r\u00f3\u017cnych modeli lamp. \u015arodek i g\u00f3ra pasma podawane s\u0105 w naturalny, nie dra\u017cni\u0105cy s\u0142uchu spos\u00f3b tak, \u017ce nawet d\u0142ugotrwa\u0142e s\u0142uchanie muzyki nie powoduje zm\u0119czenia.<\/p>\n<div class='one_half'>\n\t\t\t\t\t<ul>\n<li>Typ: <b>lampowy, klasa A, trioda, tetroda, OTL<\/b>\n<li>Moc wyj\u015bciowa przy 85\u03a9 obci\u0105\u017cenia:\n<ul style=\"list-style-type: square;\">\n<li>\n<b>2 x 1W (KT88); 2 x 1,2W (KT120); 2 x 1,5W (KT150)<\/b><\/ul>\n<li>Impedancja wej\u015bciowa: <b>50k\u03a9<\/b>\n<li>Amplituda napi\u0119cia wej\u015bciowego: <b>2 V \u2013 12 V (max)<\/b>\n<li>Zasilanie anodowe: <b>250 VDC<\/b>\n<li>Zasilanie \u017carzenia: <b>6,3 VAC, 6,3 VDC<\/b>\n<\/ul>\n\t\t\t\t<\/div><div class='one_half et_column_last'>\n\t\t\t\t\t<ul>\n<li>Przedzia\u0142 impedancji obci\u0105\u017cenia: <b>24\u03a9 \u2013 600\u03a9<\/b>\n<li>Wej\u015bcia: <b>1 x RCA Stereo<\/b>\n<li>Wyj\u015bcia: <b>1 x TRS Stereo<\/b>\n<li>Pob\u00f3r mocy: <b>200W<\/b>\n<li>Bezpiecznik: <b>3,15A<\/b>\n<li>Masa: <b>13 kg<\/b>\n<li>Wymiary: <b>305mm (szer.), 400mm (g\u0142\u0119b.), 80mm (wys.)<\/b>\n<\/ul>\n\t\t\t\t<\/div><div class='clear'><\/div><\/p>\n","protected":false},"featured_media":3082,"template":"","meta":{"_et_pb_use_builder":"","_et_pb_old_content":"","_et_gb_content_width":""},"product_brand":[],"product_cat":[33,32],"product_tag":[],"class_list":{"0":"post-3320","1":"product","2":"type-product","3":"status-publish","4":"has-post-thumbnail","6":"product_cat-klasa-a","7":"product_cat-lampowe-wzmacniacze-sluchawkowe","9":"first","10":"instock","11":"shipping-taxable","12":"purchasable","13":"product-type-simple"},"yoast_head":"<!-- This site is optimized with the Yoast SEO plugin v25.3.1 - https:\/\/yoast.com\/wordpress\/plugins\/seo\/ -->\n<title>Virtus-01 - wzmacniacz s\u0142uchawkowy OTL - White Bird Amplification<\/title>\n<meta name=\"robots\" content=\"index, follow, max-snippet:-1, max-image-preview:large, max-video-preview:-1\" \/>\n<link rel=\"canonical\" href=\"http:\/\/www.wbamp.com\/pl\/produkt\/virtus-01-wzmacniacz-sluchawkowy-otl\/\" \/>\n<meta property=\"og:locale\" content=\"pl_PL\" \/>\n<meta property=\"og:type\" content=\"article\" \/>\n<meta property=\"og:title\" content=\"Virtus-01 - wzmacniacz s\u0142uchawkowy OTL - White Bird Amplification\" \/>\n<meta property=\"og:description\" content=\"Virtus-01- wzmacniacz s\u0142uchawkowy OTL Single Ended (bez transformatora wyj\u015bciowego; klasa A) w architekturze Dual Mono. Zastosowanie w stopniu mocy tetrod typu KT88\/KT120\/KT150 umo\u017cliwia wsp\u00f3\u0142prac\u0119 urz\u0105dzenia z wieloma modelami s\u0142uchawek dynamicznych, a tak\u017ce niekt\u00f3rymi modelami s\u0142uchawek planarnych. Jako lampy steruj\u0105ce zastosowane s\u0105 standardowo 6922 EHG czyli odpowiednik popularnej ECC88. Brzmienie modelu to w pe\u0142ni charakterystyczny dla lamp elektronowych ciep\u0142y, przestrzenny i dynamiczny d\u017awi\u0119k z du\u017c\u0105 ilo\u015bci\u0105 szczeg\u00f3\u0142\u00f3w, kt\u00f3ry w razie potrzeby mo\u017cna modyfikowa\u0107 za pomoc\u0105 stosowania r\u00f3\u017cnych modeli lamp. \u015arodek i g\u00f3ra pasma podawane s\u0105 w naturalny, nie dra\u017cni\u0105cy s\u0142uchu spos\u00f3b tak, \u017ce nawet d\u0142ugotrwa\u0142e s\u0142uchanie muzyki nie powoduje zm\u0119czenia.\" \/>\n<meta property=\"og:url\" content=\"http:\/\/www.wbamp.com\/pl\/produkt\/virtus-01-wzmacniacz-sluchawkowy-otl\/\" \/>\n<meta property=\"og:site_name\" content=\"White Bird Amplification\" \/>\n<meta property=\"article:modified_time\" content=\"2018-05-10T14:22:05+00:00\" \/>\n<meta property=\"og:image\" content=\"http:\/\/www.wbamp.com\/wp-content\/uploads\/Virtus-01v2-front-top.jpg\" \/>\n\t<meta property=\"og:image:width\" content=\"1500\" \/>\n\t<meta property=\"og:image:height\" content=\"1000\" \/>\n\t<meta property=\"og:image:type\" content=\"image\/jpeg\" \/>\n<meta name=\"twitter:card\" content=\"summary_large_image\" \/>\n<meta name=\"twitter:label1\" content=\"Szacowany czas czytania\" \/>\n\t<meta name=\"twitter:data1\" content=\"3 minuty\" \/>\n<script type=\"application\/ld+json\" class=\"yoast-schema-graph\">{\"@context\":\"https:\/\/schema.org\",\"@graph\":[{\"@type\":\"WebPage\",\"@id\":\"http:\/\/www.wbamp.com\/pl\/produkt\/virtus-01-wzmacniacz-sluchawkowy-otl\/\",\"url\":\"http:\/\/www.wbamp.com\/pl\/produkt\/virtus-01-wzmacniacz-sluchawkowy-otl\/\",\"name\":\"Virtus-01 - wzmacniacz s\u0142uchawkowy OTL - White Bird Amplification\",\"isPartOf\":{\"@id\":\"https:\/\/www.wbamp.com\/#website\"},\"primaryImageOfPage\":{\"@id\":\"http:\/\/www.wbamp.com\/pl\/produkt\/virtus-01-wzmacniacz-sluchawkowy-otl\/#primaryimage\"},\"image\":{\"@id\":\"http:\/\/www.wbamp.com\/pl\/produkt\/virtus-01-wzmacniacz-sluchawkowy-otl\/#primaryimage\"},\"thumbnailUrl\":\"http:\/\/www.wbamp.com\/wp-content\/uploads\/Virtus-01v2-front-top.jpg\",\"datePublished\":\"2018-03-17T13:35:33+00:00\",\"dateModified\":\"2018-05-10T14:22:05+00:00\",\"breadcrumb\":{\"@id\":\"http:\/\/www.wbamp.com\/pl\/produkt\/virtus-01-wzmacniacz-sluchawkowy-otl\/#breadcrumb\"},\"inLanguage\":\"pl-PL\",\"potentialAction\":[{\"@type\":\"ReadAction\",\"target\":[\"http:\/\/www.wbamp.com\/pl\/produkt\/virtus-01-wzmacniacz-sluchawkowy-otl\/\"]}]},{\"@type\":\"ImageObject\",\"inLanguage\":\"pl-PL\",\"@id\":\"http:\/\/www.wbamp.com\/pl\/produkt\/virtus-01-wzmacniacz-sluchawkowy-otl\/#primaryimage\",\"url\":\"http:\/\/www.wbamp.com\/wp-content\/uploads\/Virtus-01v2-front-top.jpg\",\"contentUrl\":\"http:\/\/www.wbamp.com\/wp-content\/uploads\/Virtus-01v2-front-top.jpg\",\"width\":1500,\"height\":1000},{\"@type\":\"BreadcrumbList\",\"@id\":\"http:\/\/www.wbamp.com\/pl\/produkt\/virtus-01-wzmacniacz-sluchawkowy-otl\/#breadcrumb\",\"itemListElement\":[{\"@type\":\"ListItem\",\"position\":1,\"name\":\"Home\",\"item\":\"https:\/\/www.wbamp.com\/pl\/\"},{\"@type\":\"ListItem\",\"position\":2,\"name\":\"Sklep\",\"item\":\"https:\/\/www.wbamp.com\/pl\/sklep\/\"},{\"@type\":\"ListItem\",\"position\":3,\"name\":\"Virtus-01 &#8211; wzmacniacz s\u0142uchawkowy OTL\"}]},{\"@type\":\"WebSite\",\"@id\":\"https:\/\/www.wbamp.com\/#website\",\"url\":\"https:\/\/www.wbamp.com\/\",\"name\":\"White Bird Amplification\",\"description\":\"Tube Amplifiers and Preamplifiers\",\"potentialAction\":[{\"@type\":\"SearchAction\",\"target\":{\"@type\":\"EntryPoint\",\"urlTemplate\":\"https:\/\/www.wbamp.com\/?s={search_term_string}\"},\"query-input\":{\"@type\":\"PropertyValueSpecification\",\"valueRequired\":true,\"valueName\":\"search_term_string\"}}],\"inLanguage\":\"pl-PL\"}]}<\/script>\n<!-- \/ Yoast SEO plugin. -->","yoast_head_json":{"title":"Virtus-01 - wzmacniacz s\u0142uchawkowy OTL - White Bird Amplification","robots":{"index":"index","follow":"follow","max-snippet":"max-snippet:-1","max-image-preview":"max-image-preview:large","max-video-preview":"max-video-preview:-1"},"canonical":"http:\/\/www.wbamp.com\/pl\/produkt\/virtus-01-wzmacniacz-sluchawkowy-otl\/","og_locale":"pl_PL","og_type":"article","og_title":"Virtus-01 - wzmacniacz s\u0142uchawkowy OTL - White Bird Amplification","og_description":"Virtus-01- wzmacniacz s\u0142uchawkowy OTL Single Ended (bez transformatora wyj\u015bciowego; klasa A) w architekturze Dual Mono. Zastosowanie w stopniu mocy tetrod typu KT88\/KT120\/KT150 umo\u017cliwia wsp\u00f3\u0142prac\u0119 urz\u0105dzenia z wieloma modelami s\u0142uchawek dynamicznych, a tak\u017ce niekt\u00f3rymi modelami s\u0142uchawek planarnych. Jako lampy steruj\u0105ce zastosowane s\u0105 standardowo 6922 EHG czyli odpowiednik popularnej ECC88. Brzmienie modelu to w pe\u0142ni charakterystyczny dla lamp elektronowych ciep\u0142y, przestrzenny i dynamiczny d\u017awi\u0119k z du\u017c\u0105 ilo\u015bci\u0105 szczeg\u00f3\u0142\u00f3w, kt\u00f3ry w razie potrzeby mo\u017cna modyfikowa\u0107 za pomoc\u0105 stosowania r\u00f3\u017cnych modeli lamp. \u015arodek i g\u00f3ra pasma podawane s\u0105 w naturalny, nie dra\u017cni\u0105cy s\u0142uchu spos\u00f3b tak, \u017ce nawet d\u0142ugotrwa\u0142e s\u0142uchanie muzyki nie powoduje zm\u0119czenia.","og_url":"http:\/\/www.wbamp.com\/pl\/produkt\/virtus-01-wzmacniacz-sluchawkowy-otl\/","og_site_name":"White Bird Amplification","article_modified_time":"2018-05-10T14:22:05+00:00","og_image":[{"width":1500,"height":1000,"url":"http:\/\/www.wbamp.com\/wp-content\/uploads\/Virtus-01v2-front-top.jpg","type":"image\/jpeg"}],"twitter_card":"summary_large_image","twitter_misc":{"Szacowany czas czytania":"3 minuty"},"schema":{"@context":"https:\/\/schema.org","@graph":[{"@type":"WebPage","@id":"http:\/\/www.wbamp.com\/pl\/produkt\/virtus-01-wzmacniacz-sluchawkowy-otl\/","url":"http:\/\/www.wbamp.com\/pl\/produkt\/virtus-01-wzmacniacz-sluchawkowy-otl\/","name":"Virtus-01 - wzmacniacz s\u0142uchawkowy OTL - White Bird Amplification","isPartOf":{"@id":"https:\/\/www.wbamp.com\/#website"},"primaryImageOfPage":{"@id":"http:\/\/www.wbamp.com\/pl\/produkt\/virtus-01-wzmacniacz-sluchawkowy-otl\/#primaryimage"},"image":{"@id":"http:\/\/www.wbamp.com\/pl\/produkt\/virtus-01-wzmacniacz-sluchawkowy-otl\/#primaryimage"},"thumbnailUrl":"http:\/\/www.wbamp.com\/wp-content\/uploads\/Virtus-01v2-front-top.jpg","datePublished":"2018-03-17T13:35:33+00:00","dateModified":"2018-05-10T14:22:05+00:00","breadcrumb":{"@id":"http:\/\/www.wbamp.com\/pl\/produkt\/virtus-01-wzmacniacz-sluchawkowy-otl\/#breadcrumb"},"inLanguage":"pl-PL","potentialAction":[{"@type":"ReadAction","target":["http:\/\/www.wbamp.com\/pl\/produkt\/virtus-01-wzmacniacz-sluchawkowy-otl\/"]}]},{"@type":"ImageObject","inLanguage":"pl-PL","@id":"http:\/\/www.wbamp.com\/pl\/produkt\/virtus-01-wzmacniacz-sluchawkowy-otl\/#primaryimage","url":"http:\/\/www.wbamp.com\/wp-content\/uploads\/Virtus-01v2-front-top.jpg","contentUrl":"http:\/\/www.wbamp.com\/wp-content\/uploads\/Virtus-01v2-front-top.jpg","width":1500,"height":1000},{"@type":"BreadcrumbList","@id":"http:\/\/www.wbamp.com\/pl\/produkt\/virtus-01-wzmacniacz-sluchawkowy-otl\/#breadcrumb","itemListElement":[{"@type":"ListItem","position":1,"name":"Home","item":"https:\/\/www.wbamp.com\/pl\/"},{"@type":"ListItem","position":2,"name":"Sklep","item":"https:\/\/www.wbamp.com\/pl\/sklep\/"},{"@type":"ListItem","position":3,"name":"Virtus-01 &#8211; wzmacniacz s\u0142uchawkowy OTL"}]},{"@type":"WebSite","@id":"https:\/\/www.wbamp.com\/#website","url":"https:\/\/www.wbamp.com\/","name":"White Bird Amplification","description":"Tube Amplifiers and Preamplifiers","potentialAction":[{"@type":"SearchAction","target":{"@type":"EntryPoint","urlTemplate":"https:\/\/www.wbamp.com\/?s={search_term_string}"},"query-input":{"@type":"PropertyValueSpecification","valueRequired":true,"valueName":"search_term_string"}}],"inLanguage":"pl-PL"}]}},"_links":{"self":[{"href":"http:\/\/www.wbamp.com\/pl\/wp-json\/wp\/v2\/product\/3320","targetHints":{"allow":["GET"]}}],"collection":[{"href":"http:\/\/www.wbamp.com\/pl\/wp-json\/wp\/v2\/product"}],"about":[{"href":"http:\/\/www.wbamp.com\/pl\/wp-json\/wp\/v2\/types\/product"}],"wp:featuredmedia":[{"embeddable":true,"href":"http:\/\/www.wbamp.com\/pl\/wp-json\/wp\/v2\/media\/3082"}],"wp:attachment":[{"href":"http:\/\/www.wbamp.com\/pl\/wp-json\/wp\/v2\/media?parent=3320"}],"wp:term":[{"taxonomy":"product_brand","embeddable":true,"href":"http:\/\/www.wbamp.com\/pl\/wp-json\/wp\/v2\/product_brand?post=3320"},{"taxonomy":"product_cat","embeddable":true,"href":"http:\/\/www.wbamp.com\/pl\/wp-json\/wp\/v2\/product_cat?post=3320"},{"taxonomy":"product_tag","embeddable":true,"href":"http:\/\/www.wbamp.com\/pl\/wp-json\/wp\/v2\/product_tag?post=3320"}],"curies":[{"name":"wp","href":"https:\/\/api.w.org\/{rel}","templated":true}]}}