{"id":3564,"date":"2018-03-21T01:02:24","date_gmt":"2018-03-21T01:02:24","guid":{"rendered":"http:\/\/wbamp.com\/serwis\/"},"modified":"2022-10-28T11:38:45","modified_gmt":"2022-10-28T11:38:45","slug":"serwis","status":"publish","type":"page","link":"http:\/\/www.wbamp.com\/pl\/serwis\/","title":{"rendered":"Serwis"},"content":{"rendered":"<p>[et_pb_section fb_built=&#8221;1&#8243; _builder_version=&#8221;3.22&#8243; background_image=&#8221;http:\/\/wbamp.com\/wp-content\/uploads\/wba-amps-background-osciloscope.jpg&#8221; parallax=&#8221;on&#8221; parallax_method=&#8221;off&#8221; animation_style=&#8221;fade&#8221; animation_duration=&#8221;500ms&#8221;][et_pb_row module_class=&#8221;strong-shadow  header-lined&#8221; _builder_version=&#8221;3.25&#8243; background_color=&#8221;#ffffff&#8221; custom_padding=&#8221;40px|||&#8221;][et_pb_column type=&#8221;4_4&#8243; _builder_version=&#8221;3.25&#8243; background_position=&#8221;top_left&#8221; custom_padding=&#8221;|||&#8221; custom_padding__hover=&#8221;|||&#8221;][et_pb_text admin_label=&#8221;Custom Shop&#8221; _builder_version=&#8221;3.27.4&#8243; text_font_size=&#8221;22&#8243; text_orientation=&#8221;center&#8221; module_alignment=&#8221;center&#8221; border_style=&#8221;solid&#8221;]<\/p>\n<h1>Serwis<\/h1>\n<p>[\/et_pb_text][\/et_pb_column][\/et_pb_row][et_pb_row module_class=&#8221;strong-shadow&#8221; _builder_version=&#8221;3.25&#8243; background_color=&#8221;#ffffff&#8221; custom_padding=&#8221;20px|40px|40px|40px&#8221; width_unit=&#8221;off&#8221; custom_width_percent=&#8221;70%&#8221;][et_pb_column type=&#8221;4_4&#8243; _builder_version=&#8221;3.25&#8243; background_position=&#8221;top_left&#8221; custom_padding=&#8221;|||&#8221; custom_padding__hover=&#8221;|||&#8221;][et_pb_text _builder_version=&#8221;3.27.4&#8243;]<\/p>\n<p><strong>Firma White Bird Amplifiacation zapewnia serwis swoich urz\u0105dze\u0144 zar\u00f3wno w okresie gwarancyjnym jak i pogwarancyjnym. Serwis nie obejmuje napraw urz\u0105dze\u0144 innych producent\u00f3w.<\/strong><\/p>\n<p><strong>W przypadku usterki lub wadliwego funkcjonowania serwis dla wszystkich urz\u0105dze\u0144 White Bird Amplification w ramach gwarancji tj. trzy lata na elektronik\u0119 oraz dwa lata na lampy dokonywany jest bezp\u0142atnie.<\/strong><\/p>\n<p>[\/et_pb_text][et_pb_text admin_label=&#8221;Gwarancja, Reklamacje i Zwroty&#8221; _builder_version=&#8221;3.27.4&#8243;]<\/p>\n<h2>Gwarancja, Reklamacje i Zwroty<\/h2>\n<p><Ol><\/p>\n<li> Produkty oferowane przez White Bird Amplification s\u0105 fabrycznie nowe.\n<\/li>\n<li> Reklamacje dotycz\u0105ce uszkodze\u0144 mechanicznych produkt\u00f3w i\/lub przesy\u0142ki powsta\u0142ych podczas transportu b\u0119d\u0105 rozpatrywane pod warunkiem spisania w obecno\u015bci osoby dostarczaj\u0105cej produkt protoko\u0142u reklamacyjnego w momencie dostawy produktu.\n<\/li>\n<li> W przypadku niezgodno\u015bci produkt\u00f3w z umow\u0105 oraz w przypadku wad produkt\u00f3w, zgodnie z obowi\u0105zuj\u0105cymi przepisami reklamacje mo\u017cna sk\u0142ada\u0107: w serwisie firmy White Bird Amplification.<\/li>\n<li> Klient zgodnie z Ustaw\u0105 z 2 marca 2000 r. o ochronie niekt\u00f3rych praw konsumenckich oraz o odpowiedzialno\u015bci za szkod\u0119 wyrz\u0105dzon\u0105 przez produkt niebezpieczny mo\u017ce odst\u0105pi\u0107 od umowy sprzeda\u017cy internetowej bez podania przyczyny w ci\u0105gu 10 dni od daty wydania produktu. Zwracany produkt ulega zwrotowi w stanie niezmienionym, musi mie\u0107 oryginalne opakowanie, kompletne wyposa\u017cenie i akcesoria. Koszty odes\u0142ania towaru oraz cena wykonanych na \u017cyczenie klienta us\u0142ug dodatkowych, w tym dostawy nie podlegaj\u0105 zwrotowi.\n<\/li>\n<li> Sklep nie przyjmuje \u017cadnych przesy\u0142ek odsy\u0142anych za pobraniem.\n<\/li>\n<li> Istnieje mo\u017cliwo\u015b\u0107 zam\u00f3wienia odp\u0142atnej modyfikacji posiadanego urz\u0105dzenia produkcji firmy White Bird Amplification . Koszty poszczeg\u00f3lnych modyfikacji ustalane s\u0105 indywidualnie.\n<\/li>\n<\/ol>\n<p>[\/et_pb_text][et_pb_text admin_label=&#8221;Dostawy&#8221; _builder_version=&#8221;3.27.4&#8243;]<\/p>\n<h2>Dostawy<\/h2>\n<ol>\n<li>Termin realizacji zam\u00f3wienia, jest ustalany indywidualnie<\/li>\n<li>Zam\u00f3wione produkty mog\u0105 zosta\u0107 dostarczone pod wskazany adres spedycj\u0105 kuriersk\u0105 DPD lub odebrane przez Klienta osobi\u015bcie w siedzibie firmy White Bird Amplification<\/li>\n<\/ol>\n<p>[\/et_pb_text][et_pb_text admin_label=&#8221;Gwarancja, Reklamacje i Zwroty&#8221; _builder_version=&#8221;3.27.4&#8243;]<\/p>\n<h2>Kontakt<\/h2>\n<p>Zach\u0119camy do kontaktu mailowego celem uzyskania dodatkowych informacji na temat produkt\u00f3w White Bird Amplification i realizacji zam\u00f3wie\u0144. Bezpo\u015bredni kontakt z producentem zapewnia maksimum fachowego, indywidualnego podej\u015bcia do klienta oraz gwarancj\u0119 rzetelno\u015bci. Odpiszemy najszybciej jak tylko to b\u0119dzie mo\u017cliwe.<\/p>\n<p><b>Kontakt dost\u0119pny jest poprzez email<strong>:\u00a0<a href=\"mailto:info@wbamp.com\">info@wbamp.com<\/a>, a<\/strong> tak\u017ce pod numerem telefonu 608\u00a0728\u00a0660 od godziny 15:00 do 20:00.<\/b><\/p>\n<p>[\/et_pb_text][\/et_pb_column][\/et_pb_row][\/et_pb_section]<\/p>\n","protected":false},"excerpt":{"rendered":"<p>Serwis Firma White Bird Amplifiacation zapewnia serwis swoich urz\u0105dze\u0144 zar\u00f3wno w okresie gwarancyjnym jak i pogwarancyjnym. Serwis nie obejmuje napraw urz\u0105dze\u0144 innych producent\u00f3w. W przypadku usterki lub wadliwego funkcjonowania serwis dla wszystkich urz\u0105dze\u0144 White Bird Amplification w ramach gwarancji tj. trzy lata na elektronik\u0119 oraz dwa lata na lampy dokonywany jest bezp\u0142atnie. Gwarancja, Reklamacje i Zwroty Produkty oferowane przez White Bird Amplification s\u0105 fabrycznie nowe. Reklamacje dotycz\u0105ce uszkodze\u0144 mechanicznych produkt\u00f3w i\/lub przesy\u0142ki powsta\u0142ych podczas transportu b\u0119d\u0105 rozpatrywane pod warunkiem spisania w obecno\u015bci osoby dostarczaj\u0105cej produkt protoko\u0142u reklamacyjnego w momencie dostawy produktu. W przypadku niezgodno\u015bci produkt\u00f3w z umow\u0105 oraz w przypadku wad produkt\u00f3w, zgodnie z obowi\u0105zuj\u0105cymi przepisami reklamacje mo\u017cna sk\u0142ada\u0107: w serwisie firmy White Bird Amplification. Klient zgodnie z Ustaw\u0105 z 2 marca 2000 r. o ochronie niekt\u00f3rych praw konsumenckich oraz o odpowiedzialno\u015bci za szkod\u0119 wyrz\u0105dzon\u0105 przez produkt niebezpieczny mo\u017ce odst\u0105pi\u0107 od umowy sprzeda\u017cy internetowej bez podania przyczyny w ci\u0105gu 10 dni od daty wydania produktu. Zwracany produkt ulega zwrotowi w stanie niezmienionym, musi mie\u0107 oryginalne opakowanie, kompletne wyposa\u017cenie i akcesoria. Koszty odes\u0142ania towaru oraz cena wykonanych na \u017cyczenie klienta us\u0142ug dodatkowych, w tym dostawy nie podlegaj\u0105 zwrotowi. Sklep nie przyjmuje \u017cadnych przesy\u0142ek odsy\u0142anych za pobraniem. Istnieje mo\u017cliwo\u015b\u0107 zam\u00f3wienia odp\u0142atnej modyfikacji [&hellip;]<\/p>\n","protected":false},"author":1,"featured_media":0,"parent":0,"menu_order":0,"comment_status":"closed","ping_status":"closed","template":"","meta":{"_et_pb_use_builder":"on","_et_pb_old_content":"","_et_gb_content_width":"","footnotes":""},"class_list":["post-3564","page","type-page","status-publish","hentry"],"yoast_head":"<!-- This site is optimized with the Yoast SEO plugin v25.3.1 - https:\/\/yoast.com\/wordpress\/plugins\/seo\/ -->\n<title>Serwis - White Bird Amplification<\/title>\n<meta name=\"robots\" content=\"index, follow, max-snippet:-1, max-image-preview:large, max-video-preview:-1\" \/>\n<link rel=\"canonical\" href=\"http:\/\/www.wbamp.com\/pl\/serwis\/\" \/>\n<meta property=\"og:locale\" content=\"pl_PL\" \/>\n<meta property=\"og:type\" content=\"article\" \/>\n<meta property=\"og:title\" content=\"Serwis - White Bird Amplification\" \/>\n<meta property=\"og:description\" content=\"Serwis Firma White Bird Amplifiacation zapewnia serwis swoich urz\u0105dze\u0144 zar\u00f3wno w okresie gwarancyjnym jak i pogwarancyjnym. Serwis nie obejmuje napraw urz\u0105dze\u0144 innych producent\u00f3w. W przypadku usterki lub wadliwego funkcjonowania serwis dla wszystkich urz\u0105dze\u0144 White Bird Amplification w ramach gwarancji tj. trzy lata na elektronik\u0119 oraz dwa lata na lampy dokonywany jest bezp\u0142atnie. Gwarancja, Reklamacje i Zwroty Produkty oferowane przez White Bird Amplification s\u0105 fabrycznie nowe. Reklamacje dotycz\u0105ce uszkodze\u0144 mechanicznych produkt\u00f3w i\/lub przesy\u0142ki powsta\u0142ych podczas transportu b\u0119d\u0105 rozpatrywane pod warunkiem spisania w obecno\u015bci osoby dostarczaj\u0105cej produkt protoko\u0142u reklamacyjnego w momencie dostawy produktu. W przypadku niezgodno\u015bci produkt\u00f3w z umow\u0105 oraz w przypadku wad produkt\u00f3w, zgodnie z obowi\u0105zuj\u0105cymi przepisami reklamacje mo\u017cna sk\u0142ada\u0107: w serwisie firmy White Bird Amplification. Klient zgodnie z Ustaw\u0105 z 2 marca 2000 r. o ochronie niekt\u00f3rych praw konsumenckich oraz o odpowiedzialno\u015bci za szkod\u0119 wyrz\u0105dzon\u0105 przez produkt niebezpieczny mo\u017ce odst\u0105pi\u0107 od umowy sprzeda\u017cy internetowej bez podania przyczyny w ci\u0105gu 10 dni od daty wydania produktu. Zwracany produkt ulega zwrotowi w stanie niezmienionym, musi mie\u0107 oryginalne opakowanie, kompletne wyposa\u017cenie i akcesoria. Koszty odes\u0142ania towaru oraz cena wykonanych na \u017cyczenie klienta us\u0142ug dodatkowych, w tym dostawy nie podlegaj\u0105 zwrotowi. Sklep nie przyjmuje \u017cadnych przesy\u0142ek odsy\u0142anych za pobraniem. Istnieje mo\u017cliwo\u015b\u0107 zam\u00f3wienia odp\u0142atnej modyfikacji [&hellip;]\" \/>\n<meta property=\"og:url\" content=\"http:\/\/www.wbamp.com\/pl\/serwis\/\" \/>\n<meta property=\"og:site_name\" content=\"White Bird Amplification\" \/>\n<meta property=\"article:modified_time\" content=\"2022-10-28T11:38:45+00:00\" \/>\n<meta name=\"twitter:card\" content=\"summary_large_image\" \/>\n<meta name=\"twitter:label1\" content=\"Szacowany czas czytania\" \/>\n\t<meta name=\"twitter:data1\" content=\"3 minuty\" \/>\n<script type=\"application\/ld+json\" class=\"yoast-schema-graph\">{\"@context\":\"https:\/\/schema.org\",\"@graph\":[{\"@type\":\"WebPage\",\"@id\":\"http:\/\/www.wbamp.com\/pl\/serwis\/\",\"url\":\"http:\/\/www.wbamp.com\/pl\/serwis\/\",\"name\":\"Serwis - White Bird Amplification\",\"isPartOf\":{\"@id\":\"http:\/\/www.wbamp.com\/pl\/#website\"},\"datePublished\":\"2018-03-21T01:02:24+00:00\",\"dateModified\":\"2022-10-28T11:38:45+00:00\",\"breadcrumb\":{\"@id\":\"http:\/\/www.wbamp.com\/pl\/serwis\/#breadcrumb\"},\"inLanguage\":\"pl-PL\",\"potentialAction\":[{\"@type\":\"ReadAction\",\"target\":[\"http:\/\/www.wbamp.com\/pl\/serwis\/\"]}]},{\"@type\":\"BreadcrumbList\",\"@id\":\"http:\/\/www.wbamp.com\/pl\/serwis\/#breadcrumb\",\"itemListElement\":[{\"@type\":\"ListItem\",\"position\":1,\"name\":\"Home\",\"item\":\"http:\/\/www.wbamp.com\/pl\/\"},{\"@type\":\"ListItem\",\"position\":2,\"name\":\"Serwis\"}]},{\"@type\":\"WebSite\",\"@id\":\"http:\/\/www.wbamp.com\/pl\/#website\",\"url\":\"http:\/\/www.wbamp.com\/pl\/\",\"name\":\"White Bird Amplification\",\"description\":\"Tube Amplifiers and Preamplifiers\",\"potentialAction\":[{\"@type\":\"SearchAction\",\"target\":{\"@type\":\"EntryPoint\",\"urlTemplate\":\"http:\/\/www.wbamp.com\/pl\/?s={search_term_string}\"},\"query-input\":{\"@type\":\"PropertyValueSpecification\",\"valueRequired\":true,\"valueName\":\"search_term_string\"}}],\"inLanguage\":\"pl-PL\"}]}<\/script>\n<!-- \/ Yoast SEO plugin. -->","yoast_head_json":{"title":"Serwis - White Bird Amplification","robots":{"index":"index","follow":"follow","max-snippet":"max-snippet:-1","max-image-preview":"max-image-preview:large","max-video-preview":"max-video-preview:-1"},"canonical":"http:\/\/www.wbamp.com\/pl\/serwis\/","og_locale":"pl_PL","og_type":"article","og_title":"Serwis - White Bird Amplification","og_description":"Serwis Firma White Bird Amplifiacation zapewnia serwis swoich urz\u0105dze\u0144 zar\u00f3wno w okresie gwarancyjnym jak i pogwarancyjnym. Serwis nie obejmuje napraw urz\u0105dze\u0144 innych producent\u00f3w. W przypadku usterki lub wadliwego funkcjonowania serwis dla wszystkich urz\u0105dze\u0144 White Bird Amplification w ramach gwarancji tj. trzy lata na elektronik\u0119 oraz dwa lata na lampy dokonywany jest bezp\u0142atnie. Gwarancja, Reklamacje i Zwroty Produkty oferowane przez White Bird Amplification s\u0105 fabrycznie nowe. Reklamacje dotycz\u0105ce uszkodze\u0144 mechanicznych produkt\u00f3w i\/lub przesy\u0142ki powsta\u0142ych podczas transportu b\u0119d\u0105 rozpatrywane pod warunkiem spisania w obecno\u015bci osoby dostarczaj\u0105cej produkt protoko\u0142u reklamacyjnego w momencie dostawy produktu. W przypadku niezgodno\u015bci produkt\u00f3w z umow\u0105 oraz w przypadku wad produkt\u00f3w, zgodnie z obowi\u0105zuj\u0105cymi przepisami reklamacje mo\u017cna sk\u0142ada\u0107: w serwisie firmy White Bird Amplification. Klient zgodnie z Ustaw\u0105 z 2 marca 2000 r. o ochronie niekt\u00f3rych praw konsumenckich oraz o odpowiedzialno\u015bci za szkod\u0119 wyrz\u0105dzon\u0105 przez produkt niebezpieczny mo\u017ce odst\u0105pi\u0107 od umowy sprzeda\u017cy internetowej bez podania przyczyny w ci\u0105gu 10 dni od daty wydania produktu. Zwracany produkt ulega zwrotowi w stanie niezmienionym, musi mie\u0107 oryginalne opakowanie, kompletne wyposa\u017cenie i akcesoria. Koszty odes\u0142ania towaru oraz cena wykonanych na \u017cyczenie klienta us\u0142ug dodatkowych, w tym dostawy nie podlegaj\u0105 zwrotowi. Sklep nie przyjmuje \u017cadnych przesy\u0142ek odsy\u0142anych za pobraniem. Istnieje mo\u017cliwo\u015b\u0107 zam\u00f3wienia odp\u0142atnej modyfikacji [&hellip;]","og_url":"http:\/\/www.wbamp.com\/pl\/serwis\/","og_site_name":"White Bird Amplification","article_modified_time":"2022-10-28T11:38:45+00:00","twitter_card":"summary_large_image","twitter_misc":{"Szacowany czas czytania":"3 minuty"},"schema":{"@context":"https:\/\/schema.org","@graph":[{"@type":"WebPage","@id":"http:\/\/www.wbamp.com\/pl\/serwis\/","url":"http:\/\/www.wbamp.com\/pl\/serwis\/","name":"Serwis - White Bird Amplification","isPartOf":{"@id":"http:\/\/www.wbamp.com\/pl\/#website"},"datePublished":"2018-03-21T01:02:24+00:00","dateModified":"2022-10-28T11:38:45+00:00","breadcrumb":{"@id":"http:\/\/www.wbamp.com\/pl\/serwis\/#breadcrumb"},"inLanguage":"pl-PL","potentialAction":[{"@type":"ReadAction","target":["http:\/\/www.wbamp.com\/pl\/serwis\/"]}]},{"@type":"BreadcrumbList","@id":"http:\/\/www.wbamp.com\/pl\/serwis\/#breadcrumb","itemListElement":[{"@type":"ListItem","position":1,"name":"Home","item":"http:\/\/www.wbamp.com\/pl\/"},{"@type":"ListItem","position":2,"name":"Serwis"}]},{"@type":"WebSite","@id":"http:\/\/www.wbamp.com\/pl\/#website","url":"http:\/\/www.wbamp.com\/pl\/","name":"White Bird Amplification","description":"Tube Amplifiers and Preamplifiers","potentialAction":[{"@type":"SearchAction","target":{"@type":"EntryPoint","urlTemplate":"http:\/\/www.wbamp.com\/pl\/?s={search_term_string}"},"query-input":{"@type":"PropertyValueSpecification","valueRequired":true,"valueName":"search_term_string"}}],"inLanguage":"pl-PL"}]}},"_links":{"self":[{"href":"http:\/\/www.wbamp.com\/pl\/wp-json\/wp\/v2\/pages\/3564","targetHints":{"allow":["GET"]}}],"collection":[{"href":"http:\/\/www.wbamp.com\/pl\/wp-json\/wp\/v2\/pages"}],"about":[{"href":"http:\/\/www.wbamp.com\/pl\/wp-json\/wp\/v2\/types\/page"}],"author":[{"embeddable":true,"href":"http:\/\/www.wbamp.com\/pl\/wp-json\/wp\/v2\/users\/1"}],"replies":[{"embeddable":true,"href":"http:\/\/www.wbamp.com\/pl\/wp-json\/wp\/v2\/comments?post=3564"}],"version-history":[{"count":0,"href":"http:\/\/www.wbamp.com\/pl\/wp-json\/wp\/v2\/pages\/3564\/revisions"}],"wp:attachment":[{"href":"http:\/\/www.wbamp.com\/pl\/wp-json\/wp\/v2\/media?parent=3564"}],"curies":[{"name":"wp","href":"https:\/\/api.w.org\/{rel}","templated":true}]}}