{"id":3443,"date":"2018-03-20T22:14:23","date_gmt":"2018-03-20T22:14:23","guid":{"rendered":"http:\/\/wbamp.com\/przedwzmacniacze-i-wzmacniacze-lampowe\/"},"modified":"2022-10-28T11:15:17","modified_gmt":"2022-10-28T11:15:17","slug":"przedwzmacniacze-i-wzmacniacze-lampowe","status":"publish","type":"page","link":"http:\/\/www.wbamp.com\/pl\/","title":{"rendered":"Przedwzmacniacze i Wzmacniacze Lampowe"},"content":{"rendered":"<p>[et_pb_section fb_built=&#8221;1&#8243; disabled_on=&#8221;off|off|&#8221; _builder_version=&#8221;3.22&#8243; background_image=&#8221;http:\/\/wbamp.com\/wp-content\/uploads\/tube-amps-sharp-optimized.jpg&#8221; parallax=&#8221;on&#8221; bottom_divider_style=&#8221;waves2&#8243; bottom_divider_color=&#8221;#000000&#8243; animation_style=&#8221;fade&#8221; animation_direction=&#8221;top&#8221; animation_duration=&#8221;500ms&#8221; custom_css_main_element=&#8221;position: relative;||display: block;||height: calc(100vh &#8211; 100px);&#8221;][et_pb_row module_id=&#8221;top-intro&#8221; _builder_version=&#8221;3.25&#8243; module_alignment=&#8221;center&#8221; custom_margin=&#8221;|||&#8221; custom_margin_tablet=&#8221;&#8221; custom_margin_phone=&#8221;|||&#8221; custom_margin_last_edited=&#8221;on|desktop&#8221; column_structure=&#8221;1_3,1_3,1_3&#8243;][et_pb_column type=&#8221;1_3&#8243; _builder_version=&#8221;3.25&#8243; custom_padding=&#8221;|||&#8221; custom_padding__hover=&#8221;|||&#8221;][et_pb_blurb title=&#8221;Przedwzmacniacze Sygna\u0142\u00f3w Audio&#8221; url=&#8221;\/pl\/przedwzmacniacze-lampowe\/&#8221; image=&#8221;http:\/\/wbamp.com\/wp-content\/uploads\/icon-amplitude-white-border.png&#8221; image_max_width=&#8221;65%&#8221; content_max_width=&#8221;570px&#8221; image_max_width_tablet=&#8221;&#8221; image_max_width_phone=&#8221;40%&#8221; image_max_width_last_edited=&#8221;on|phone&#8221; admin_label=&#8221;preamplifiers&#8221; module_class=&#8221;beeper&#8221; _builder_version=&#8221;4.4.2&#8243; header_level=&#8221;h1&#8243; header_font=&#8221;||||||||&#8221; header_text_align=&#8221;center&#8221; text_orientation=&#8221;center&#8221; background_layout=&#8221;dark&#8221; animation_direction=&#8221;right&#8221; animation=&#8221;right&#8221; hover_enabled=&#8221;0&#8243; header_font_size_tablet=&#8221;&#8221; header_font_size_phone=&#8221;15px&#8221; header_font_size_last_edited=&#8221;on|phone&#8221; custom_css_blurb_image=&#8221;margin-bottom: 0px;&#8221; custom_css_blurb_title=&#8221;margin: 0 auto;||text-shadow: 0px 2px #000, 2px 0 #000, -2px 0 #000, 0 -2px #000, 2px 2px #000, -2px -2px #000, 2px -2px #000, -2px 2px #000;  &#8222;][\/et_pb_blurb][\/et_pb_column][et_pb_column type=&#8221;1_3&#8243; _builder_version=&#8221;3.25&#8243; custom_padding=&#8221;|||&#8221; custom_padding__hover=&#8221;|||&#8221;][et_pb_blurb title=&#8221;Wzmacniacze S\u0142uchawkowe&#8221; url=&#8221;\/pl\/wzmacniacze-sluchawkowe\/&#8221; image=&#8221;http:\/\/wbamp.com\/wp-content\/uploads\/icon-headphones-white-border.png&#8221; image_max_width=&#8221;65%&#8221; content_max_width=&#8221;570px&#8221; image_max_width_tablet=&#8221;&#8221; image_max_width_phone=&#8221;40%&#8221; image_max_width_last_edited=&#8221;on|phone&#8221; admin_label=&#8221;Headphones Amplifiers&#8221; module_class=&#8221;beeper&#8221; _builder_version=&#8221;4.4.2&#8243; header_level=&#8221;h1&#8243; header_font=&#8221;||||||||&#8221; header_text_align=&#8221;center&#8221; text_orientation=&#8221;center&#8221; background_layout=&#8221;dark&#8221; custom_margin_tablet=&#8221;&#8221; custom_margin_phone=&#8221;15px|||&#8221; custom_margin_last_edited=&#8221;on|phone&#8221; animation_direction=&#8221;right&#8221; animation=&#8221;right&#8221; hover_enabled=&#8221;0&#8243; header_font_size_tablet=&#8221;&#8221; header_font_size_phone=&#8221;15px&#8221; header_font_size_last_edited=&#8221;on|phone&#8221; custom_css_blurb_image=&#8221;margin-bottom: 0px;&#8221; custom_css_blurb_title=&#8221;margin: 0 auto;||text-shadow: 0px 2px #000, 2px 0 #000, -2px 0 #000, 0 -2px #000, 2px 2px #000, -2px -2px #000, 2px -2px #000, -2px 2px #000;  &#8222;][\/et_pb_blurb][et_pb_image src=&#8221;http:\/\/wbamp.com\/wp-content\/uploads\/arrow-down.png&#8221; align=&#8221;center&#8221; align_tablet=&#8221;center&#8221; align_last_edited=&#8221;on|desktop&#8221; disabled_on=&#8221;on||&#8221; module_id=&#8221;wba_down&#8221; module_class=&#8221;beeper&#8221; _builder_version=&#8221;3.23&#8243; animation_style=&#8221;slide&#8221; animation_direction=&#8221;top&#8221; animation_delay=&#8221;1000ms&#8221;][\/et_pb_image][\/et_pb_column][et_pb_column type=&#8221;1_3&#8243; _builder_version=&#8221;3.25&#8243; custom_padding=&#8221;|||&#8221; custom_padding__hover=&#8221;|||&#8221;][et_pb_blurb title=&#8221;Wzmacniacze do Kolumn&#8221; url=&#8221;\/pl\/wzmacniacze-lampowe-do-kolumn\/&#8221; image=&#8221;http:\/\/wbamp.com\/wp-content\/uploads\/icon-speakers-white-border.png&#8221; image_max_width=&#8221;65%&#8221; content_max_width=&#8221;570px&#8221; image_max_width_tablet=&#8221;&#8221; image_max_width_phone=&#8221;40%&#8221; image_max_width_last_edited=&#8221;on|phone&#8221; admin_label=&#8221;Loudspeakers Amplifiers&#8221; module_class=&#8221;beeper&#8221; _builder_version=&#8221;4.4.2&#8243; header_level=&#8221;h1&#8243; header_font=&#8221;||||||||&#8221; header_text_align=&#8221;center&#8221; text_orientation=&#8221;center&#8221; background_layout=&#8221;dark&#8221; animation_direction=&#8221;right&#8221; animation=&#8221;right&#8221; hover_enabled=&#8221;0&#8243; header_font_size_tablet=&#8221;&#8221; header_font_size_phone=&#8221;15px&#8221; header_font_size_last_edited=&#8221;on|phone&#8221; custom_css_blurb_image=&#8221;margin-bottom: 0px;&#8221; custom_css_blurb_title=&#8221;margin: 0 auto;||text-shadow: 0px 2px #000, 2px 0 #000, -2px 0 #000, 0 -2px #000, 2px 2px #000, -2px -2px #000, 2px -2px #000, -2px 2px #000;  &#8222;][\/et_pb_blurb][\/et_pb_column][\/et_pb_row][\/et_pb_section][et_pb_section fb_built=&#8221;1&#8243; custom_padding_last_edited=&#8221;on|desktop&#8221; disabled_on=&#8221;on|on|&#8221; admin_label=&#8221;section&#8221; module_id=&#8221;bottom-intro&#8221; _builder_version=&#8221;3.22&#8243; use_background_color_gradient=&#8221;on&#8221; background_color_gradient_start=&#8221;#ffffff&#8221; background_color_gradient_end=&#8221;#e0f3ff&#8221; background_color_gradient_direction=&#8221;1deg&#8221; background_image=&#8221;http:\/\/wbamp.com\/wp-content\/uploads\/tube-amps-front-page-background-1.jpg&#8221; parallax=&#8221;on&#8221; custom_padding=&#8221;0||0|&#8221; custom_padding_tablet=&#8221;20px||20px|&#8221; custom_padding_phone=&#8221;&#8221; top_divider_style=&#8221;waves2&#8243; top_divider_color=&#8221;#000000&#8243; top_divider_height=&#8221;60px&#8221; bottom_divider_color=&#8221;#0c0c0c&#8221; animation_style=&#8221;fade&#8221; animation_duration=&#8221;500ms&#8221; custom_css_main_element=&#8221;position: relative;||display: block;||height: calc(100vh &#8211; 50px);&#8221;][et_pb_row _builder_version=&#8221;3.25&#8243; column_structure=&#8221;1_3,1_3,1_3&#8243;][et_pb_column type=&#8221;1_3&#8243; _builder_version=&#8221;3.25&#8243; custom_padding=&#8221;|||&#8221; custom_padding__hover=&#8221;|||&#8221;][\/et_pb_column][et_pb_column type=&#8221;1_3&#8243; _builder_version=&#8221;3.25&#8243; custom_padding=&#8221;|||&#8221; custom_padding__hover=&#8221;|||&#8221;][et_pb_image src=&#8221;http:\/\/wbamp.com\/wp-content\/uploads\/arrow-up.png&#8221; align=&#8221;center&#8221; align_tablet=&#8221;center&#8221; align_last_edited=&#8221;on|desktop&#8221; module_id=&#8221;wba_up&#8221; module_class=&#8221;beeper&#8221; _builder_version=&#8221;3.23&#8243; animation_style=&#8221;slide&#8221; animation_direction=&#8221;bottom&#8221; animation_delay=&#8221;1000ms&#8221;][\/et_pb_image][\/et_pb_column][et_pb_column type=&#8221;1_3&#8243; _builder_version=&#8221;3.25&#8243; custom_padding=&#8221;|||&#8221; custom_padding__hover=&#8221;|||&#8221;][\/et_pb_column][\/et_pb_row][et_pb_row admin_label=&#8221;row&#8221; _builder_version=&#8221;3.25&#8243; background_size=&#8221;initial&#8221; background_position=&#8221;top_left&#8221; background_repeat=&#8221;repeat&#8221; custom_margin_last_edited=&#8221;off|&#8221; column_structure=&#8221;1_3,1_3,1_3&#8243;][et_pb_column type=&#8221;1_3&#8243; _builder_version=&#8221;3.25&#8243; custom_padding=&#8221;|||&#8221; custom_padding__hover=&#8221;|||&#8221;][et_pb_blurb title=&#8221;Produkty&#8221; image=&#8221;http:\/\/wbamp.com\/wp-content\/uploads\/icon-products-1.png&#8221; admin_label=&#8221;Products&#8221; module_class=&#8221;gold-active-shadow wba-round&#8221; _builder_version=&#8221;4.4.2&#8243; background_color=&#8221;rgba(0,0,0,0.71)&#8221; background_size=&#8221;initial&#8221; background_position=&#8221;top_left&#8221; background_repeat=&#8221;repeat&#8221; text_orientation=&#8221;center&#8221; background_layout=&#8221;dark&#8221; max_width_tablet=&#8221;50px&#8221; custom_padding=&#8221;40px|20px|20px|20px&#8221; animation=&#8221;left&#8221; hover_enabled=&#8221;0&#8243; border_width_all=&#8221;4px&#8221; border_color_all=&#8221;#ffffff&#8221; use_border_color=&#8221;on&#8221;]<\/p>\n<p><a href=\"http:\/\/wbamp.com\/pl\/przedwzmacniacze-lampowe\/\">Przedwzmacniacze<\/a><br \/> <a href=\"http:\/\/wbamp.com\/pl\/wzmacniacze-sluchawkowe\/\">Wzmacniacze S\u0142uchawkowe<\/a><br \/> <a href=\"http:\/\/wbamp.com\/pl\/wzmacniacze-lampowe-do-kolumn\/\">Wzmacniacze do Kolumn<\/a><br \/> <a href=\"http:\/\/wbamp.com\/pl\/lampy-elektronowe\/\">Lampy Elektronowe<\/a><br \/> <a href=\"http:\/\/wbamp.com\/pl\/custom-shop\/\">Custom Shop<\/a><\/p>\n<p>[\/et_pb_blurb][\/et_pb_column][et_pb_column type=&#8221;1_3&#8243; _builder_version=&#8221;3.25&#8243; custom_padding=&#8221;|||&#8221; custom_padding__hover=&#8221;|||&#8221;][et_pb_blurb title=&#8221;Idea WBA&#8221; url=&#8221;\/pl\/idea-wba\/&#8221; image=&#8221;http:\/\/wbamp.com\/wp-content\/uploads\/icon-tube-technics.png&#8221; admin_label=&#8221;Technika Lampowa&#8221; module_class=&#8221;gold-active-shadow wba-round&#8221; _builder_version=&#8221;4.4.2&#8243; background_color=&#8221;rgba(0,0,0,0.71)&#8221; background_size=&#8221;initial&#8221; background_position=&#8221;top_left&#8221; background_repeat=&#8221;repeat&#8221; background_layout=&#8221;dark&#8221; max_width_tablet=&#8221;50px&#8221; custom_padding=&#8221;40px|20px|20px|20px&#8221; animation=&#8221;left&#8221; hover_enabled=&#8221;0&#8243; border_width_all=&#8221;4px&#8221; border_color_all=&#8221;#ffffff&#8221; use_border_color=&#8221;on&#8221;]<\/p>\n<p>Wszystkie urz\u0105dzenia White Bird Amplification s\u0105 wykonywane wed\u0142ug autorskich opracowa\u0144.<\/p>\n<p> <a href=\"http:\/\/wbamp.com\/pl\/idea-wba\/\">Czytaj dalej&#8230;<\/a><\/p>\n<p>[\/et_pb_blurb][\/et_pb_column][et_pb_column type=&#8221;1_3&#8243; _builder_version=&#8221;3.25&#8243; custom_padding=&#8221;|||&#8221; custom_padding__hover=&#8221;|||&#8221;][et_pb_blurb title=&#8221;O nas&#8221; url=&#8221;\/pl\/o-firmie\/&#8221; image=&#8221;http:\/\/wbamp.com\/wp-content\/uploads\/icon-company-1.png&#8221; admin_label=&#8221;About Us&#8221; module_class=&#8221;gold-active-shadow wba-round&#8221; _builder_version=&#8221;4.4.2&#8243; background_color=&#8221;rgba(0,0,0,0.71)&#8221; background_size=&#8221;initial&#8221; background_position=&#8221;top_left&#8221; background_repeat=&#8221;repeat&#8221; text_orientation=&#8221;center&#8221; background_layout=&#8221;dark&#8221; max_width_tablet=&#8221;50px&#8221; custom_padding=&#8221;40px|20px|20px|20px&#8221; animation=&#8221;left&#8221; hover_enabled=&#8221;0&#8243; border_width_all=&#8221;4px&#8221; border_color_all=&#8221;#ffffff&#8221; use_border_color=&#8221;on&#8221;]<\/p>\n<p><strong>White Bird Amplification<\/strong><br \/> Sikorskiego 12, 46-200 Kluczbork<br \/> Telefon: +48 608 728 660<\/p>\n<p> <a href=\"http:\/\/wbamp.com\/pl\/o-firmie\/\">Czytaj dalej&#8230;<\/a><\/p>\n<p>[\/et_pb_blurb][\/et_pb_column][\/et_pb_row][\/et_pb_section]<\/p>\n","protected":false},"excerpt":{"rendered":"<p>Przedwzmacniacze Wzmacniacze S\u0142uchawkowe Wzmacniacze do Kolumn Lampy Elektronowe Custom Shop Wszystkie urz\u0105dzenia White Bird Amplification s\u0105 wykonywane wed\u0142ug autorskich opracowa\u0144. Czytaj dalej&#8230; White Bird Amplification Sikorskiego 12, 46-200 Kluczbork Telefon: +48 608 728 660 Czytaj dalej&#8230;<\/p>\n","protected":false},"author":1,"featured_media":3590,"parent":0,"menu_order":0,"comment_status":"closed","ping_status":"closed","template":"","meta":{"_et_pb_use_builder":"on","_et_pb_old_content":"","_et_gb_content_width":"","footnotes":""},"class_list":["post-3443","page","type-page","status-publish","has-post-thumbnail","hentry"],"yoast_head":"<!-- This site is optimized with the Yoast SEO plugin v25.3.1 - https:\/\/yoast.com\/wordpress\/plugins\/seo\/ -->\n<title>Przedwzmacniacze i Wzmacniacze Lampowe - White Bird Amplification<\/title>\n<meta name=\"robots\" content=\"index, follow, max-snippet:-1, max-image-preview:large, max-video-preview:-1\" \/>\n<link rel=\"canonical\" href=\"http:\/\/www.wbamp.com\/pl\/\" \/>\n<meta property=\"og:locale\" content=\"pl_PL\" \/>\n<meta property=\"og:type\" content=\"article\" \/>\n<meta property=\"og:title\" content=\"Przedwzmacniacze i Wzmacniacze Lampowe - White Bird Amplification\" \/>\n<meta property=\"og:description\" content=\"Przedwzmacniacze Wzmacniacze S\u0142uchawkowe Wzmacniacze do Kolumn Lampy Elektronowe Custom Shop Wszystkie urz\u0105dzenia White Bird Amplification s\u0105 wykonywane wed\u0142ug autorskich opracowa\u0144. Czytaj dalej... White Bird Amplification Sikorskiego 12, 46-200 Kluczbork Telefon: +48 608 728 660 Czytaj dalej...\" \/>\n<meta property=\"og:url\" content=\"http:\/\/www.wbamp.com\/pl\/\" \/>\n<meta property=\"og:site_name\" content=\"White Bird Amplification\" \/>\n<meta property=\"article:modified_time\" content=\"2022-10-28T11:15:17+00:00\" \/>\n<meta property=\"og:image\" content=\"http:\/\/www.wbamp.com\/wp-content\/uploads\/tube-amps-front-page-background-optimized.jpg\" \/>\n\t<meta property=\"og:image:width\" content=\"1920\" \/>\n\t<meta property=\"og:image:height\" content=\"1280\" \/>\n\t<meta property=\"og:image:type\" content=\"image\/jpeg\" \/>\n<meta name=\"twitter:card\" content=\"summary_large_image\" \/>\n<meta name=\"twitter:label1\" content=\"Szacowany czas czytania\" \/>\n\t<meta name=\"twitter:data1\" content=\"5 minut\" \/>\n<script type=\"application\/ld+json\" class=\"yoast-schema-graph\">{\"@context\":\"https:\/\/schema.org\",\"@graph\":[{\"@type\":\"WebPage\",\"@id\":\"http:\/\/www.wbamp.com\/pl\/\",\"url\":\"http:\/\/www.wbamp.com\/pl\/\",\"name\":\"Przedwzmacniacze i Wzmacniacze Lampowe - White Bird Amplification\",\"isPartOf\":{\"@id\":\"http:\/\/www.wbamp.com\/pl\/#website\"},\"primaryImageOfPage\":{\"@id\":\"http:\/\/www.wbamp.com\/pl\/#primaryimage\"},\"image\":{\"@id\":\"http:\/\/www.wbamp.com\/pl\/#primaryimage\"},\"thumbnailUrl\":\"http:\/\/www.wbamp.com\/wp-content\/uploads\/tube-amps-front-page-background-optimized.jpg\",\"datePublished\":\"2018-03-20T22:14:23+00:00\",\"dateModified\":\"2022-10-28T11:15:17+00:00\",\"breadcrumb\":{\"@id\":\"http:\/\/www.wbamp.com\/pl\/#breadcrumb\"},\"inLanguage\":\"pl-PL\",\"potentialAction\":[{\"@type\":\"ReadAction\",\"target\":[\"http:\/\/www.wbamp.com\/pl\/\"]}]},{\"@type\":\"ImageObject\",\"inLanguage\":\"pl-PL\",\"@id\":\"http:\/\/www.wbamp.com\/pl\/#primaryimage\",\"url\":\"http:\/\/www.wbamp.com\/wp-content\/uploads\/tube-amps-front-page-background-optimized.jpg\",\"contentUrl\":\"http:\/\/www.wbamp.com\/wp-content\/uploads\/tube-amps-front-page-background-optimized.jpg\",\"width\":1920,\"height\":1280},{\"@type\":\"BreadcrumbList\",\"@id\":\"http:\/\/www.wbamp.com\/pl\/#breadcrumb\",\"itemListElement\":[{\"@type\":\"ListItem\",\"position\":1,\"name\":\"Home\",\"item\":\"http:\/\/www.wbamp.com\/pl\/\"},{\"@type\":\"ListItem\",\"position\":2,\"name\":\"Przedwzmacniacze i Wzmacniacze Lampowe\"}]},{\"@type\":\"WebSite\",\"@id\":\"http:\/\/www.wbamp.com\/pl\/#website\",\"url\":\"http:\/\/www.wbamp.com\/pl\/\",\"name\":\"White Bird Amplification\",\"description\":\"Tube Amplifiers and Preamplifiers\",\"potentialAction\":[{\"@type\":\"SearchAction\",\"target\":{\"@type\":\"EntryPoint\",\"urlTemplate\":\"http:\/\/www.wbamp.com\/pl\/?s={search_term_string}\"},\"query-input\":{\"@type\":\"PropertyValueSpecification\",\"valueRequired\":true,\"valueName\":\"search_term_string\"}}],\"inLanguage\":\"pl-PL\"}]}<\/script>\n<!-- \/ Yoast SEO plugin. -->","yoast_head_json":{"title":"Przedwzmacniacze i Wzmacniacze Lampowe - White Bird Amplification","robots":{"index":"index","follow":"follow","max-snippet":"max-snippet:-1","max-image-preview":"max-image-preview:large","max-video-preview":"max-video-preview:-1"},"canonical":"http:\/\/www.wbamp.com\/pl\/","og_locale":"pl_PL","og_type":"article","og_title":"Przedwzmacniacze i Wzmacniacze Lampowe - White Bird Amplification","og_description":"Przedwzmacniacze Wzmacniacze S\u0142uchawkowe Wzmacniacze do Kolumn Lampy Elektronowe Custom Shop Wszystkie urz\u0105dzenia White Bird Amplification s\u0105 wykonywane wed\u0142ug autorskich opracowa\u0144. Czytaj dalej... White Bird Amplification Sikorskiego 12, 46-200 Kluczbork Telefon: +48 608 728 660 Czytaj dalej...","og_url":"http:\/\/www.wbamp.com\/pl\/","og_site_name":"White Bird Amplification","article_modified_time":"2022-10-28T11:15:17+00:00","og_image":[{"width":1920,"height":1280,"url":"http:\/\/www.wbamp.com\/wp-content\/uploads\/tube-amps-front-page-background-optimized.jpg","type":"image\/jpeg"}],"twitter_card":"summary_large_image","twitter_misc":{"Szacowany czas czytania":"5 minut"},"schema":{"@context":"https:\/\/schema.org","@graph":[{"@type":"WebPage","@id":"http:\/\/www.wbamp.com\/pl\/","url":"http:\/\/www.wbamp.com\/pl\/","name":"Przedwzmacniacze i Wzmacniacze Lampowe - White Bird Amplification","isPartOf":{"@id":"http:\/\/www.wbamp.com\/pl\/#website"},"primaryImageOfPage":{"@id":"http:\/\/www.wbamp.com\/pl\/#primaryimage"},"image":{"@id":"http:\/\/www.wbamp.com\/pl\/#primaryimage"},"thumbnailUrl":"http:\/\/www.wbamp.com\/wp-content\/uploads\/tube-amps-front-page-background-optimized.jpg","datePublished":"2018-03-20T22:14:23+00:00","dateModified":"2022-10-28T11:15:17+00:00","breadcrumb":{"@id":"http:\/\/www.wbamp.com\/pl\/#breadcrumb"},"inLanguage":"pl-PL","potentialAction":[{"@type":"ReadAction","target":["http:\/\/www.wbamp.com\/pl\/"]}]},{"@type":"ImageObject","inLanguage":"pl-PL","@id":"http:\/\/www.wbamp.com\/pl\/#primaryimage","url":"http:\/\/www.wbamp.com\/wp-content\/uploads\/tube-amps-front-page-background-optimized.jpg","contentUrl":"http:\/\/www.wbamp.com\/wp-content\/uploads\/tube-amps-front-page-background-optimized.jpg","width":1920,"height":1280},{"@type":"BreadcrumbList","@id":"http:\/\/www.wbamp.com\/pl\/#breadcrumb","itemListElement":[{"@type":"ListItem","position":1,"name":"Home","item":"http:\/\/www.wbamp.com\/pl\/"},{"@type":"ListItem","position":2,"name":"Przedwzmacniacze i Wzmacniacze Lampowe"}]},{"@type":"WebSite","@id":"http:\/\/www.wbamp.com\/pl\/#website","url":"http:\/\/www.wbamp.com\/pl\/","name":"White Bird Amplification","description":"Tube Amplifiers and Preamplifiers","potentialAction":[{"@type":"SearchAction","target":{"@type":"EntryPoint","urlTemplate":"http:\/\/www.wbamp.com\/pl\/?s={search_term_string}"},"query-input":{"@type":"PropertyValueSpecification","valueRequired":true,"valueName":"search_term_string"}}],"inLanguage":"pl-PL"}]}},"_links":{"self":[{"href":"http:\/\/www.wbamp.com\/pl\/wp-json\/wp\/v2\/pages\/3443","targetHints":{"allow":["GET"]}}],"collection":[{"href":"http:\/\/www.wbamp.com\/pl\/wp-json\/wp\/v2\/pages"}],"about":[{"href":"http:\/\/www.wbamp.com\/pl\/wp-json\/wp\/v2\/types\/page"}],"author":[{"embeddable":true,"href":"http:\/\/www.wbamp.com\/pl\/wp-json\/wp\/v2\/users\/1"}],"replies":[{"embeddable":true,"href":"http:\/\/www.wbamp.com\/pl\/wp-json\/wp\/v2\/comments?post=3443"}],"version-history":[{"count":0,"href":"http:\/\/www.wbamp.com\/pl\/wp-json\/wp\/v2\/pages\/3443\/revisions"}],"wp:featuredmedia":[{"embeddable":true,"href":"http:\/\/www.wbamp.com\/pl\/wp-json\/wp\/v2\/media\/3590"}],"wp:attachment":[{"href":"http:\/\/www.wbamp.com\/pl\/wp-json\/wp\/v2\/media?parent=3443"}],"curies":[{"name":"wp","href":"https:\/\/api.w.org\/{rel}","templated":true}]}}