{"id":3415,"date":"2018-03-20T22:06:04","date_gmt":"2018-03-20T22:06:04","guid":{"rendered":"http:\/\/wbamp.com\/przedwzmacniacze-lampowe\/"},"modified":"2025-06-26T08:37:33","modified_gmt":"2025-06-26T08:37:33","slug":"przedwzmacniacze-lampowe","status":"publish","type":"page","link":"http:\/\/www.wbamp.com\/pl\/przedwzmacniacze-lampowe\/","title":{"rendered":"Przedwzmacniacze Lampowe"},"content":{"rendered":"<p>[et_pb_section fb_built=&#8221;1&#8243; disabled_on=&#8221;off|off|off&#8221; _builder_version=&#8221;4.16&#8243; background_image=&#8221;http:\/\/www.wbamp.com\/wp-content\/uploads\/wba-amps-background-1.jpg&#8221; parallax=&#8221;on&#8221; parallax_method=&#8221;off&#8221; animation_style=&#8221;fade&#8221; animation_duration=&#8221;500ms&#8221; global_colors_info=&#8221;{}&#8221;][et_pb_row _builder_version=&#8221;4.16&#8243; global_colors_info=&#8221;{}&#8221;][et_pb_column type=&#8221;4_4&#8243; _builder_version=&#8221;4.16&#8243; background_position=&#8221;top_left&#8221; custom_padding=&#8221;|||&#8221; global_colors_info=&#8221;{}&#8221; custom_padding__hover=&#8221;|||&#8221;][et_pb_cta title=&#8221;Przedwzmacniacze&#8221; module_class=&#8221;shadow wba-text-head text-shadow wba-round&#8221; _builder_version=&#8221;4.24.2&#8243; background_color=&#8221;#62c4e5&#8243; use_background_color_gradient=&#8221;on&#8221; background_color_gradient_direction=&#8221;170deg&#8221; background_color_gradient_stops=&#8221;#1593ff 0%|#65adce 100%&#8221; background_color_gradient_start=&#8221;#1593ff&#8221; background_color_gradient_end=&#8221;#65adce&#8221; animation_style=&#8221;fade&#8221; animation_direction=&#8221;top&#8221; animation_duration=&#8221;500ms&#8221; global_colors_info=&#8221;{}&#8221; button_text_size__hover_enabled=&#8221;off&#8221; button_one_text_size__hover_enabled=&#8221;off&#8221; button_two_text_size__hover_enabled=&#8221;off&#8221; button_text_color__hover_enabled=&#8221;off&#8221; button_one_text_color__hover_enabled=&#8221;off&#8221; button_two_text_color__hover_enabled=&#8221;off&#8221; button_border_width__hover_enabled=&#8221;off&#8221; button_one_border_width__hover_enabled=&#8221;off&#8221; button_two_border_width__hover_enabled=&#8221;off&#8221; button_border_color__hover_enabled=&#8221;off&#8221; button_one_border_color__hover_enabled=&#8221;off&#8221; button_two_border_color__hover_enabled=&#8221;off&#8221; button_border_radius__hover_enabled=&#8221;off&#8221; button_one_border_radius__hover_enabled=&#8221;off&#8221; button_two_border_radius__hover_enabled=&#8221;off&#8221; button_letter_spacing__hover_enabled=&#8221;off&#8221; button_one_letter_spacing__hover_enabled=&#8221;off&#8221; button_two_letter_spacing__hover_enabled=&#8221;off&#8221; button_bg_color__hover_enabled=&#8221;off&#8221; button_one_bg_color__hover_enabled=&#8221;off&#8221; button_two_bg_color__hover_enabled=&#8221;off&#8221;]<\/p>\n<p style=\"text-align: center;\">Przedwzmacniacze lampowe Single-Ended (klasa A)<\/p>\n<p>[\/et_pb_cta][\/et_pb_column][\/et_pb_row][et_pb_row column_structure=&#8221;1_2,1_2&#8243; _builder_version=&#8221;4.16&#8243; global_colors_info=&#8221;{}&#8221;][et_pb_column type=&#8221;1_2&#8243; _builder_version=&#8221;4.16&#8243; background_position=&#8221;top_left&#8221; custom_padding=&#8221;|||&#8221; global_colors_info=&#8221;{}&#8221; custom_padding__hover=&#8221;|||&#8221;][et_pb_blurb title=&#8221;Firebird Balanced&#8221; url=&#8221;https:\/\/www.wbamp.com\/pl\/przedwzmacniacze-lampowe\/firebird-balanced\/&#8221; image=&#8221;http:\/\/wbamp.com\/wp-content\/uploads\/\/Firebird-Balanced-Class-A-Preamplifier-Top-768&#215;512.jpg&#8221; admin_label=&#8221;Firebird Balanced&#8221; module_id=&#8221;item_1&#8243; module_class=&#8221;shadow aqua wba-product-list wba-round&#8221; _builder_version=&#8221;4.24.2&#8243; header_font=&#8221;|on|||&#8221; header_font_size=&#8221;22&#8243; background_color=&#8221;#ffffff&#8221; max_width_tablet=&#8221;50px&#8221; custom_padding=&#8221;20px|20px|20px|20px&#8221; animation_direction=&#8221;left&#8221; border_width_all=&#8221;8px&#8221; border_color_all=&#8221;#65adce&#8221; use_border_color=&#8221;on&#8221; global_colors_info=&#8221;{}&#8221;]<\/p>\n<h5>Preamp Dual Mono<\/h5>\n<div class=\"row\">\n<div class=\"col-md-2\"><i data-item=\"1\" class=\"wba-text-button bxm-fa-active fa fa-2x fa-align-justify\" aria-hidden=\"true\"><\/i><br \/><i data-item=\"1\" class=\"wba-specs-button bxm-fa-inactive fa fa-2x fa-table\" aria-hidden=\"true\"><\/i><\/div>\n<div class=\"col-md-10 wba-text\">Firebird Balanced &#8211; najwy\u017cszy model linii przedwzmacniaczy Firebird obs\u0142uguj\u0105cy sygna\u0142y zbalansowane. Preamp zbudowany jest w oparciu o dwa w pe\u0142ni odseparowane od siebie modu\u0142y wzmacniaj\u0105ce. W takim rozwi\u0105zaniu w jednym kanale pracuj\u0105 dwie lampy ECC88 Gold Lion, a w ca\u0142ym urz\u0105dzeniu \u2013 cztery<\/div>\n<div class=\"col-md-10 wba-specs wba-hided\">Typ: <strong>lampowy, klasa A, trioda, Dual Mono<\/strong><br \/>Amplituda napi\u0119cia wej\u015bciowego: <strong>2 V \u2013 12 V (max)<\/strong><br \/>Impedancja wej\u015bciowa: <strong>50k \u03a9 <\/strong><br \/>Impedancja wyj\u015bciowa: <strong>85 \u03a9<\/strong><br \/>Lampy: <strong>ECC88 Gold Lion x 4<\/strong><br \/>Pob\u00f3r mocy: <strong>40W<\/strong><\/div>\n<\/div>\n<p class=\"center\"><a class=\"wba-more\" href=\"https:\/\/www.wbamp.com\/pl\/przedwzmacniacze-lampowe\/firebird-balanced\/\">Czytaj dalej<\/a><\/p>\n<p>[\/et_pb_blurb][et_pb_blurb title=&#8221;Firebird&#8221; url=&#8221;https:\/\/www.wbamp.com\/pl\/przedwzmacniacze-lampowe\/firebird\/&#8221; image=&#8221;http:\/\/www.wbamp.com\/wp-content\/uploads\/Firebird-Preamp-v2-top-768&#215;512.jpg&#8221; admin_label=&#8221;Firebird&#8221; module_id=&#8221;item_1&#8243; module_class=&#8221;shadow aqua wba-product-list wba-round&#8221; _builder_version=&#8221;4.27.4&#8243; header_font=&#8221;|on|||&#8221; header_font_size=&#8221;22&#8243; background_color=&#8221;#ffffff&#8221; max_width_tablet=&#8221;50px&#8221; custom_padding=&#8221;20px|20px|20px|20px&#8221; animation_direction=&#8221;left&#8221; hover_enabled=&#8221;0&#8243; border_width_all=&#8221;8px&#8221; border_color_all=&#8221;#65adce&#8221; use_border_color=&#8221;on&#8221; global_colors_info=&#8221;{}&#8221; sticky_enabled=&#8221;0&#8243; title_text=&#8221;Firebird-Preamp-v2-top-768&#215;512&#8243;]<\/p>\n<h5>Preamp Dual Mono<\/h5>\n<div class=\"row\">\n<div class=\"col-md-2\"><i data-item=\"1\" class=\"wba-text-button bxm-fa-active fa fa-2x fa-align-justify\" aria-hidden=\"true\"><\/i><br \/><i data-item=\"1\" class=\"wba-specs-button bxm-fa-inactive fa fa-2x fa-table\" aria-hidden=\"true\"><\/i><\/div>\n<div class=\"col-md-10 wba-text\">\n<p>Firebird \u2013 przedwzmacniacz lampowy przeznaczony do wsp\u00f3\u0142pracy z sygna\u0142ami liniowymi (np. z CD, DAC itp.) Jego tor audio (w 100% lampowy) opiera si\u0119 na dw\u00f3ch lampach ECC88 Gold Lion.<br \/><span style=\"font-size: 14px;\">\u00a0<\/span><\/p>\n<\/div>\n<div class=\"col-md-10 wba-specs wba-hided\">Typ: <strong>lampowy, klasa A, trioda, Dual Mono<\/strong><br \/>Amplituda napi\u0119cia wyj\u015bciowego: <strong>2 V \u2013 12 V (max)<\/strong><br \/>Impedancja wej\u015bciowa: <strong>50 k\u03a9 <\/strong><br \/>Impedancja wyj\u015bciowa: <strong>85 \u03a9<\/strong><br \/>Lampy: <strong>ECC88 Gold Lion x 2<\/strong><br \/>Pob\u00f3r mocy: <strong>20W<\/strong><\/div>\n<\/div>\n<p class=\"center\"><a class=\"wba-more\" href=\"https:\/\/www.wbamp.com\/pl\/przedwzmacniacze-lampowe\/firebird\/\">Czytaj dalej<\/a><\/p>\n<p>[\/et_pb_blurb][\/et_pb_column][et_pb_column type=&#8221;1_2&#8243; _builder_version=&#8221;4.16&#8243; background_position=&#8221;top_left&#8221; custom_padding=&#8221;|||&#8221; global_colors_info=&#8221;{}&#8221; custom_padding__hover=&#8221;|||&#8221;][et_pb_blurb title=&#8221;Blazebird&#8221; url=&#8221;\/pl\/produkt\/blazebird-dual-mono\/&#8221; image=&#8221;http:\/\/www.wbamp.com\/wp-content\/uploads\/Blazebird-Dual-Mono-front-top-768&#215;512.jpg&#8221; admin_label=&#8221;Blazebird Dual Mono&#8221; module_id=&#8221;item_1&#8243; module_class=&#8221;shadow aqua wba-product-list wba-round&#8221; _builder_version=&#8221;4.27.4&#8243; header_font=&#8221;|on|||&#8221; header_font_size=&#8221;22&#8243; background_color=&#8221;#ffffff&#8221; max_width_tablet=&#8221;50px&#8221; custom_padding=&#8221;20px|20px|20px|20px&#8221; animation_direction=&#8221;right&#8221; hover_enabled=&#8221;0&#8243; border_width_all=&#8221;8px&#8221; border_color_all=&#8221;#65adce&#8221; use_border_color=&#8221;on&#8221; global_colors_info=&#8221;{}&#8221; title_text=&#8221;Blazebird-Dual-Mono-front-top-768&#215;512&#8243; sticky_enabled=&#8221;0&#8243;]<\/p>\n<h5>Preamp Dual Mono<\/h5>\n<div class=\"row\">\n<div class=\"col-md-2\"><i data-item=\"1\" class=\"wba-text-button bxm-fa-active fa fa-2x fa-align-justify\" aria-hidden=\"true\"><\/i><br \/><i data-item=\"1\" class=\"wba-specs-button bxm-fa-inactive fa fa-2x fa-table\" aria-hidden=\"true\"><\/i><\/div>\n<div class=\"col-md-10 wba-text\">Blazebird Dual Mono &#8211; pracuj\u0105cy w trybie dw\u00f3ch ca\u0142kowicie odseparowanych tor\u00f3w audio oraz zasilania w pe\u0142ni lampowy przedwzmacniacz przeznaczony do wsp\u00f3\u0142pracy z sygna\u0142ami liniowymi (np. z CD, DAC itp.) Jego tor opiera si\u0119 na lampach ECC88 Gold Lion oraz 2A3 EH Gold.<\/div>\n<div class=\"col-md-10 wba-specs wba-hided\">Typ: <strong>lampowy, klasa A, trioda, Dual Mono<\/strong><br \/>Amplituda napi\u0119cia wyj\u015bciowego: <strong>2 V \u2013 12 V (max)<\/strong><br \/>Impedancja wej\u015bciowa: <strong>50k \u03a9 <\/strong><br \/>Impedancja wyj\u015bciowa: <strong>85 \u03a9<\/strong><br \/>Lampy: <strong>ECC88 Gold Lion x 2, 2A3 x 2<\/strong><br \/>Pob\u00f3r mocy: <strong>50W<\/strong><\/div>\n<\/div>\n<p class=\"center\"><a class=\"wba-more\" href=\"http:\/\/wbamp.com\/pl\/produkt\/blazebird-dual-mono\/\">Czytaj dalej<\/a><\/p>\n<p>[\/et_pb_blurb][et_pb_blurb title=&#8221;Phoenix&#8221; url=&#8221;\/pl\/produkt\/phoenix-source-driver\/&#8221; image=&#8221;http:\/\/wbamp.com\/wp-content\/uploads\/\/Pheonix-Source-Selector-Side-700&#215;467.jpg&#8221; admin_label=&#8221;Phoenix&#8221; module_id=&#8221;item_1&#8243; module_class=&#8221;shadow aqua wba-product-list wba-round&#8221; _builder_version=&#8221;4.24.2&#8243; header_font=&#8221;|on|||&#8221; header_font_size=&#8221;22&#8243; background_color=&#8221;#ffffff&#8221; max_width_tablet=&#8221;50px&#8221; custom_padding=&#8221;20px|20px|20px|20px&#8221; animation_direction=&#8221;right&#8221; border_width_all=&#8221;8px&#8221; border_color_all=&#8221;#65adce&#8221; use_border_color=&#8221;on&#8221; global_colors_info=&#8221;{}&#8221;]<\/p>\n<h5>Source Driver<\/h5>\n<div class=\"row\">\n<div class=\"col-md-2\"><i data-item=\"1\" class=\"wba-text-button bxm-fa-active fa fa-2x fa-align-justify\" aria-hidden=\"true\"> <\/i><br \/><i data-item=\"1\" class=\"wba-specs-button bxm-fa-inactive fa fa-2x fa-table\" aria-hidden=\"true\"> <\/i><\/div>\n<div class=\"col-md-10 wba-text\">Phoenix \u2013 modu\u0142 steruj\u0105cy \u017ar\u00f3d\u0142ami sygna\u0142u w tym (opcjonalnie) sygna\u0142ami z gramofonowych wk\u0142adek typu MM. Sygna\u0142 z wej\u015bcia gramofonowego podawany jest na aktywny uk\u0142ad elektroniczny, kt\u00f3ry odpowiedzialny jest za wzmocnienie napi\u0119ciowe oraz korekcj\u0119 wyr\u00f3wnawcz\u0105 pasma zgodnie z mi\u0119dzynarodow\u0105 norm\u0105 RIAA.<\/div>\n<div class=\"col-md-10 wba-specs wba-hided\">Typ: <strong> pasywny + opcja: sekcja Phono Op-Amp OPA2111<\/strong><br \/>Impedancja wej\u015bciowa sekcji Phono: <strong>47,5k\u03a9<\/strong><br \/>Impedancja wyj\u015bciowa secji Phono: <strong>&lt; 100\u03a9<\/strong><br \/>Amplituda napi\u0119cia wej\u015bciowego Phono: <strong>1 mV \u2013 10mV (max)<\/strong><br \/>Zasilanie sekcji Phono: <strong>2 x 12VDC<\/strong><br \/>Pob\u00f3r mocy: <strong>5W<\/strong><\/div>\n<\/div>\n<p class=\"center\"><a class=\"wba-more\" href=\"http:\/\/wbamp.com\/pl\/produkt\/phoenix-source-driver\/\">Czytaj dalej<\/a><\/p>\n<p>[\/et_pb_blurb][\/et_pb_column][\/et_pb_row][\/et_pb_section]<\/p>\n","protected":false},"excerpt":{"rendered":"<p>Przedwzmacniacze lampowe Single-Ended (klasa A)Preamp Dual Mono Firebird Balanced &#8211; najwy\u017cszy model linii przedwzmacniaczy Firebird obs\u0142uguj\u0105cy sygna\u0142y zbalansowane. Preamp zbudowany jest w oparciu o dwa w pe\u0142ni odseparowane od siebie modu\u0142y wzmacniaj\u0105ce. W takim rozwi\u0105zaniu w jednym kanale pracuj\u0105 dwie lampy ECC88 Gold Lion, a w ca\u0142ym urz\u0105dzeniu \u2013 cztery Typ: lampowy, klasa A, trioda, Dual MonoAmplituda napi\u0119cia wej\u015bciowego: 2 V \u2013 12 V (max)Impedancja wej\u015bciowa: 50k \u03a9 Impedancja wyj\u015bciowa: 85 \u03a9Lampy: ECC88 Gold Lion x 4Pob\u00f3r mocy: 40W Czytaj dalejPreamp Dual Mono Firebird \u2013 przedwzmacniacz lampowy przeznaczony do wsp\u00f3\u0142pracy z sygna\u0142ami liniowymi (np. z CD, DAC itp.) Jego tor audio (w 100% lampowy) opiera si\u0119 na dw\u00f3ch lampach ECC88 Gold Lion.\u00a0 Typ: lampowy, klasa A, trioda, Dual MonoAmplituda napi\u0119cia wyj\u015bciowego: 2 V \u2013 12 V (max)Impedancja wej\u015bciowa: 50 k\u03a9 Impedancja wyj\u015bciowa: 85 \u03a9Lampy: ECC88 Gold Lion x 2Pob\u00f3r mocy: 20W Czytaj dalejPreamp Dual Mono Blazebird Dual Mono &#8211; pracuj\u0105cy w trybie dw\u00f3ch ca\u0142kowicie odseparowanych tor\u00f3w audio oraz zasilania w pe\u0142ni lampowy przedwzmacniacz przeznaczony do wsp\u00f3\u0142pracy z sygna\u0142ami liniowymi (np. z CD, DAC itp.) Jego tor opiera si\u0119 na lampach ECC88 Gold Lion oraz 2A3 EH Gold. Typ: lampowy, klasa A, trioda, Dual MonoAmplituda napi\u0119cia wyj\u015bciowego: 2 V \u2013 12 [&hellip;]<\/p>\n","protected":false},"author":1,"featured_media":4113,"parent":0,"menu_order":0,"comment_status":"closed","ping_status":"closed","template":"","meta":{"_et_pb_use_builder":"on","_et_pb_old_content":"","_et_gb_content_width":"","footnotes":""},"class_list":["post-3415","page","type-page","status-publish","has-post-thumbnail","hentry"],"yoast_head":"<!-- This site is optimized with the Yoast SEO plugin v25.3.1 - https:\/\/yoast.com\/wordpress\/plugins\/seo\/ -->\n<title>Przedwzmacniacze Lampowe - White Bird Amplification<\/title>\n<meta name=\"robots\" content=\"index, follow, max-snippet:-1, max-image-preview:large, max-video-preview:-1\" \/>\n<link rel=\"canonical\" href=\"http:\/\/www.wbamp.com\/pl\/przedwzmacniacze-lampowe\/\" \/>\n<meta property=\"og:locale\" content=\"pl_PL\" \/>\n<meta property=\"og:type\" content=\"article\" \/>\n<meta property=\"og:title\" content=\"Przedwzmacniacze Lampowe - White Bird Amplification\" \/>\n<meta property=\"og:description\" content=\"Przedwzmacniacze lampowe Single-Ended (klasa A)Preamp Dual Mono Firebird Balanced - najwy\u017cszy model linii przedwzmacniaczy Firebird obs\u0142uguj\u0105cy sygna\u0142y zbalansowane. Preamp zbudowany jest w oparciu o dwa w pe\u0142ni odseparowane od siebie modu\u0142y wzmacniaj\u0105ce. W takim rozwi\u0105zaniu w jednym kanale pracuj\u0105 dwie lampy ECC88 Gold Lion, a w ca\u0142ym urz\u0105dzeniu \u2013 cztery Typ: lampowy, klasa A, trioda, Dual MonoAmplituda napi\u0119cia wej\u015bciowego: 2 V \u2013 12 V (max)Impedancja wej\u015bciowa: 50k \u03a9 Impedancja wyj\u015bciowa: 85 \u03a9Lampy: ECC88 Gold Lion x 4Pob\u00f3r mocy: 40W Czytaj dalejPreamp Dual Mono Firebird \u2013 przedwzmacniacz lampowy przeznaczony do wsp\u00f3\u0142pracy z sygna\u0142ami liniowymi (np. z CD, DAC itp.) Jego tor audio (w 100% lampowy) opiera si\u0119 na dw\u00f3ch lampach ECC88 Gold Lion.\u00a0 Typ: lampowy, klasa A, trioda, Dual MonoAmplituda napi\u0119cia wyj\u015bciowego: 2 V \u2013 12 V (max)Impedancja wej\u015bciowa: 50 k\u03a9 Impedancja wyj\u015bciowa: 85 \u03a9Lampy: ECC88 Gold Lion x 2Pob\u00f3r mocy: 20W Czytaj dalejPreamp Dual Mono Blazebird Dual Mono - pracuj\u0105cy w trybie dw\u00f3ch ca\u0142kowicie odseparowanych tor\u00f3w audio oraz zasilania w pe\u0142ni lampowy przedwzmacniacz przeznaczony do wsp\u00f3\u0142pracy z sygna\u0142ami liniowymi (np. z CD, DAC itp.) Jego tor opiera si\u0119 na lampach ECC88 Gold Lion oraz 2A3 EH Gold. Typ: lampowy, klasa A, trioda, Dual MonoAmplituda napi\u0119cia wyj\u015bciowego: 2 V \u2013 12 [&hellip;]\" \/>\n<meta property=\"og:url\" content=\"http:\/\/www.wbamp.com\/pl\/przedwzmacniacze-lampowe\/\" \/>\n<meta property=\"og:site_name\" content=\"White Bird Amplification\" \/>\n<meta property=\"article:modified_time\" content=\"2025-06-26T08:37:33+00:00\" \/>\n<meta name=\"twitter:card\" content=\"summary_large_image\" \/>\n<meta name=\"twitter:label1\" content=\"Szacowany czas czytania\" \/>\n\t<meta name=\"twitter:data1\" content=\"5 minut\" \/>\n<script type=\"application\/ld+json\" class=\"yoast-schema-graph\">{\"@context\":\"https:\/\/schema.org\",\"@graph\":[{\"@type\":\"WebPage\",\"@id\":\"http:\/\/www.wbamp.com\/pl\/przedwzmacniacze-lampowe\/\",\"url\":\"http:\/\/www.wbamp.com\/pl\/przedwzmacniacze-lampowe\/\",\"name\":\"Przedwzmacniacze Lampowe - White Bird Amplification\",\"isPartOf\":{\"@id\":\"http:\/\/www.wbamp.com\/pl\/#website\"},\"primaryImageOfPage\":{\"@id\":\"http:\/\/www.wbamp.com\/pl\/przedwzmacniacze-lampowe\/#primaryimage\"},\"image\":{\"@id\":\"http:\/\/www.wbamp.com\/pl\/przedwzmacniacze-lampowe\/#primaryimage\"},\"thumbnailUrl\":\"\",\"datePublished\":\"2018-03-20T22:06:04+00:00\",\"dateModified\":\"2025-06-26T08:37:33+00:00\",\"breadcrumb\":{\"@id\":\"http:\/\/www.wbamp.com\/pl\/przedwzmacniacze-lampowe\/#breadcrumb\"},\"inLanguage\":\"pl-PL\",\"potentialAction\":[{\"@type\":\"ReadAction\",\"target\":[\"http:\/\/www.wbamp.com\/pl\/przedwzmacniacze-lampowe\/\"]}]},{\"@type\":\"ImageObject\",\"inLanguage\":\"pl-PL\",\"@id\":\"http:\/\/www.wbamp.com\/pl\/przedwzmacniacze-lampowe\/#primaryimage\",\"url\":\"\",\"contentUrl\":\"\"},{\"@type\":\"BreadcrumbList\",\"@id\":\"http:\/\/www.wbamp.com\/pl\/przedwzmacniacze-lampowe\/#breadcrumb\",\"itemListElement\":[{\"@type\":\"ListItem\",\"position\":1,\"name\":\"Home\",\"item\":\"http:\/\/www.wbamp.com\/pl\/\"},{\"@type\":\"ListItem\",\"position\":2,\"name\":\"Przedwzmacniacze Lampowe\"}]},{\"@type\":\"WebSite\",\"@id\":\"http:\/\/www.wbamp.com\/pl\/#website\",\"url\":\"http:\/\/www.wbamp.com\/pl\/\",\"name\":\"White Bird Amplification\",\"description\":\"Tube Amplifiers and Preamplifiers\",\"potentialAction\":[{\"@type\":\"SearchAction\",\"target\":{\"@type\":\"EntryPoint\",\"urlTemplate\":\"http:\/\/www.wbamp.com\/pl\/?s={search_term_string}\"},\"query-input\":{\"@type\":\"PropertyValueSpecification\",\"valueRequired\":true,\"valueName\":\"search_term_string\"}}],\"inLanguage\":\"pl-PL\"}]}<\/script>\n<!-- \/ Yoast SEO plugin. -->","yoast_head_json":{"title":"Przedwzmacniacze Lampowe - White Bird Amplification","robots":{"index":"index","follow":"follow","max-snippet":"max-snippet:-1","max-image-preview":"max-image-preview:large","max-video-preview":"max-video-preview:-1"},"canonical":"http:\/\/www.wbamp.com\/pl\/przedwzmacniacze-lampowe\/","og_locale":"pl_PL","og_type":"article","og_title":"Przedwzmacniacze Lampowe - White Bird Amplification","og_description":"Przedwzmacniacze lampowe Single-Ended (klasa A)Preamp Dual Mono Firebird Balanced - najwy\u017cszy model linii przedwzmacniaczy Firebird obs\u0142uguj\u0105cy sygna\u0142y zbalansowane. Preamp zbudowany jest w oparciu o dwa w pe\u0142ni odseparowane od siebie modu\u0142y wzmacniaj\u0105ce. W takim rozwi\u0105zaniu w jednym kanale pracuj\u0105 dwie lampy ECC88 Gold Lion, a w ca\u0142ym urz\u0105dzeniu \u2013 cztery Typ: lampowy, klasa A, trioda, Dual MonoAmplituda napi\u0119cia wej\u015bciowego: 2 V \u2013 12 V (max)Impedancja wej\u015bciowa: 50k \u03a9 Impedancja wyj\u015bciowa: 85 \u03a9Lampy: ECC88 Gold Lion x 4Pob\u00f3r mocy: 40W Czytaj dalejPreamp Dual Mono Firebird \u2013 przedwzmacniacz lampowy przeznaczony do wsp\u00f3\u0142pracy z sygna\u0142ami liniowymi (np. z CD, DAC itp.) Jego tor audio (w 100% lampowy) opiera si\u0119 na dw\u00f3ch lampach ECC88 Gold Lion.\u00a0 Typ: lampowy, klasa A, trioda, Dual MonoAmplituda napi\u0119cia wyj\u015bciowego: 2 V \u2013 12 V (max)Impedancja wej\u015bciowa: 50 k\u03a9 Impedancja wyj\u015bciowa: 85 \u03a9Lampy: ECC88 Gold Lion x 2Pob\u00f3r mocy: 20W Czytaj dalejPreamp Dual Mono Blazebird Dual Mono - pracuj\u0105cy w trybie dw\u00f3ch ca\u0142kowicie odseparowanych tor\u00f3w audio oraz zasilania w pe\u0142ni lampowy przedwzmacniacz przeznaczony do wsp\u00f3\u0142pracy z sygna\u0142ami liniowymi (np. z CD, DAC itp.) Jego tor opiera si\u0119 na lampach ECC88 Gold Lion oraz 2A3 EH Gold. Typ: lampowy, klasa A, trioda, Dual MonoAmplituda napi\u0119cia wyj\u015bciowego: 2 V \u2013 12 [&hellip;]","og_url":"http:\/\/www.wbamp.com\/pl\/przedwzmacniacze-lampowe\/","og_site_name":"White Bird Amplification","article_modified_time":"2025-06-26T08:37:33+00:00","twitter_card":"summary_large_image","twitter_misc":{"Szacowany czas czytania":"5 minut"},"schema":{"@context":"https:\/\/schema.org","@graph":[{"@type":"WebPage","@id":"http:\/\/www.wbamp.com\/pl\/przedwzmacniacze-lampowe\/","url":"http:\/\/www.wbamp.com\/pl\/przedwzmacniacze-lampowe\/","name":"Przedwzmacniacze Lampowe - White Bird Amplification","isPartOf":{"@id":"http:\/\/www.wbamp.com\/pl\/#website"},"primaryImageOfPage":{"@id":"http:\/\/www.wbamp.com\/pl\/przedwzmacniacze-lampowe\/#primaryimage"},"image":{"@id":"http:\/\/www.wbamp.com\/pl\/przedwzmacniacze-lampowe\/#primaryimage"},"thumbnailUrl":"","datePublished":"2018-03-20T22:06:04+00:00","dateModified":"2025-06-26T08:37:33+00:00","breadcrumb":{"@id":"http:\/\/www.wbamp.com\/pl\/przedwzmacniacze-lampowe\/#breadcrumb"},"inLanguage":"pl-PL","potentialAction":[{"@type":"ReadAction","target":["http:\/\/www.wbamp.com\/pl\/przedwzmacniacze-lampowe\/"]}]},{"@type":"ImageObject","inLanguage":"pl-PL","@id":"http:\/\/www.wbamp.com\/pl\/przedwzmacniacze-lampowe\/#primaryimage","url":"","contentUrl":""},{"@type":"BreadcrumbList","@id":"http:\/\/www.wbamp.com\/pl\/przedwzmacniacze-lampowe\/#breadcrumb","itemListElement":[{"@type":"ListItem","position":1,"name":"Home","item":"http:\/\/www.wbamp.com\/pl\/"},{"@type":"ListItem","position":2,"name":"Przedwzmacniacze Lampowe"}]},{"@type":"WebSite","@id":"http:\/\/www.wbamp.com\/pl\/#website","url":"http:\/\/www.wbamp.com\/pl\/","name":"White Bird Amplification","description":"Tube Amplifiers and Preamplifiers","potentialAction":[{"@type":"SearchAction","target":{"@type":"EntryPoint","urlTemplate":"http:\/\/www.wbamp.com\/pl\/?s={search_term_string}"},"query-input":{"@type":"PropertyValueSpecification","valueRequired":true,"valueName":"search_term_string"}}],"inLanguage":"pl-PL"}]}},"_links":{"self":[{"href":"http:\/\/www.wbamp.com\/pl\/wp-json\/wp\/v2\/pages\/3415","targetHints":{"allow":["GET"]}}],"collection":[{"href":"http:\/\/www.wbamp.com\/pl\/wp-json\/wp\/v2\/pages"}],"about":[{"href":"http:\/\/www.wbamp.com\/pl\/wp-json\/wp\/v2\/types\/page"}],"author":[{"embeddable":true,"href":"http:\/\/www.wbamp.com\/pl\/wp-json\/wp\/v2\/users\/1"}],"replies":[{"embeddable":true,"href":"http:\/\/www.wbamp.com\/pl\/wp-json\/wp\/v2\/comments?post=3415"}],"version-history":[{"count":4,"href":"http:\/\/www.wbamp.com\/pl\/wp-json\/wp\/v2\/pages\/3415\/revisions"}],"predecessor-version":[{"id":4712,"href":"http:\/\/www.wbamp.com\/pl\/wp-json\/wp\/v2\/pages\/3415\/revisions\/4712"}],"wp:featuredmedia":[{"embeddable":true,"href":"http:\/\/www.wbamp.com\/pl\/wp-json\/"}],"wp:attachment":[{"href":"http:\/\/www.wbamp.com\/pl\/wp-json\/wp\/v2\/media?parent=3415"}],"curies":[{"name":"wp","href":"https:\/\/api.w.org\/{rel}","templated":true}]}}