{"id":3399,"date":"2018-03-20T21:59:18","date_gmt":"2018-03-20T21:59:18","guid":{"rendered":"http:\/\/wbamp.com\/polityka-prywatnosci\/"},"modified":"2018-04-06T18:12:16","modified_gmt":"2018-04-06T18:12:16","slug":"polityka-prywatnosci","status":"publish","type":"page","link":"http:\/\/www.wbamp.com\/pl\/polityka-prywatnosci\/","title":{"rendered":"Polityka Prywatno\u015bci"},"content":{"rendered":"<p>[et_pb_section bb_built=&#8221;1&#8243; fullwidth=&#8221;off&#8221; specialty=&#8221;off&#8221; _builder_version=&#8221;3.0.106&#8243; background_image=&#8221;http:\/\/wbamp.com\/wp-content\/uploads\/photo-back-penthode-switcher-blurred.jpg&#8221; background_position=&#8221;top_left&#8221; background_size=&#8221;initial&#8221; parallax=&#8221;on&#8221; parallax_method=&#8221;off&#8221; animation_style=&#8221;fade&#8221; animation_duration=&#8221;500ms&#8221;][et_pb_row _builder_version=&#8221;3.0.69&#8243; background_position_1=&#8221;top_left&#8221; background_repeat_1=&#8221;no-repeat&#8221; background_color=&#8221;#ffffff&#8221; custom_padding=&#8221;40px|||&#8221; module_class=&#8221;strong-shadow  header-lined&#8221;][et_pb_column type=&#8221;4_4&#8243;][et_pb_text admin_label=&#8221;Pocz\u0105tki&#8221; _builder_version=&#8221;3.0.106&#8243; background_layout=&#8221;light&#8221; text_orientation=&#8221;center&#8221; border_style=&#8221;solid&#8221; text_font_size=&#8221;22&#8243;]<\/p>\n<h1>Polityka Prywatno\u015bci<\/h1>\n<p>[\/et_pb_text][\/et_pb_column][\/et_pb_row][et_pb_row _builder_version=&#8221;3.0.105&#8243; background_color=&#8221;#ffffff&#8221; background_position_1=&#8221;top_left&#8221; background_repeat_1=&#8221;no-repeat&#8221; background_position_2=&#8221;top_left&#8221; background_repeat_2=&#8221;no-repeat&#8221; custom_padding=&#8221;20px|40px|40px|40px&#8221; width_unit=&#8221;off&#8221; custom_width_percent=&#8221;70%&#8221; module_class=&#8221;strong-shadow&#8221;][et_pb_column type=&#8221;4_4&#8243;][et_pb_text _builder_version=&#8221;3.0.105&#8243; background_layout=&#8221;light&#8221; border_style=&#8221;solid&#8221;]<\/p>\n<p>Poni\u017csza Polityka Cookies okre\u015bla zasady zapisywania i uzyskiwania dost\u0119pu do danych na Urz\u0105dzeniach U\u017cytkownik\u00f3w korzystaj\u0105cych z Serwisu do cel\u00f3w \u015bwiadczenia us\u0142ug drog\u0105 elektroniczn\u0105 przez Administratora Serwisu.<\/p>\n<h6 style=\"text-align:center\">\u00a7 1 Definicje<\/h6>\n<ul>\n<li>\n<p><strong>Serwis<\/strong> &#8211; serwis internetowy dzia\u0142aj\u0105cy pod adresem <span id=\"serwis\"><span class=\"colored\">www.wbamp.com<\/span><\/span><\/p>\n<\/li>\n<li>\n<p><strong>Serwis zewn\u0119trzny<\/strong> &#8211; serwis internetowe partner\u00f3w, us\u0142ugodawc\u00f3w lub us\u0142ugobiorc\u00f3w Administratora<\/p>\n<\/li>\n<li>\n<p><strong>Administrator<\/strong> &#8211; firma <span id=\"firma\"><span class=\"colored\">White Bird Amplification<\/span>, prowadz\u0105ca dzia\u0142alno\u015b\u0107 pod adresem: <span class=\"colored\">Drzyma\u0142y, 12<\/span>, o nadanym numerze identyfikacji podatkowej (NIP): <span class=\"colored\">7511738472<\/span><\/span>, \u015bwiadcz\u0105ca us\u0142ugi drog\u0105 elektroniczn\u0105 za po\u015brednictwem Serwisu oraz przechowuj\u0105ca i uzyskuj\u0105ca dost\u0119p do informacji w urz\u0105dzeniach U\u017cytkownika<\/p>\n<\/li>\n<li>\n<p><strong>U\u017cytkownik<\/strong> &#8211; osba fizyczna, dla kt\u00f3rej Administrator \u015bwiadczy us\u0142ugi drog\u0105 elektroniczna za po\u015brednictwem Serwisu.<\/p>\n<\/li>\n<li>\n<p><strong>Urz\u0105dzenie<\/strong> &#8211; elektroniczne urz\u0105dzenie wraz z oprogramowaniem, za po\u015brednictwem, kt\u00f3rego U\u017cytkownik uzyskuje dost\u0119p do Serwisu<\/p>\n<\/li>\n<li>\n<p><strong>Cookies (ciasteczka)<\/strong> &#8211; dane tekstowe gromadzone w formie plik\u00f3w zamieszczanych na Urz\u0105dzeniu U\u017cytkownika<\/p>\n<\/li>\n<\/ul>\n<h6 style=\"text-align:center\">\u00a7 2 Rodzaje Cookies<\/h6>\n<ul>\n<li>\n<p><strong>Cookies wewn\u0119trzne<\/strong> &#8211; pliki zamieszczane i odczytywane z Urz\u0105dzenia U\u017cytkownika przes system teleinformatyczny Serwisu<\/p>\n<\/li>\n<li>\n<p><strong>Cookies zewn\u0119trzne<\/strong> &#8211; pliki zamieszczane i odczytywane z Urz\u0105dzenia U\u017cytkownika przez systemy teleinformatyczne Serwis\u00f3w zewn\u0119trznych<\/p>\n<\/li>\n<li>\n<p><strong>Cookies sesyjne<\/strong> &#8211; pliki zamieszczane i odczytywane z Urz\u0105dzenia U\u017cytkownika przez Serwis <span id=\"sz1\" style=\"display: inline;\">lub Serwisy zewn\u0119trzne<\/span> podczas jednej sesji danego Urz\u0105dzenia. Po zako\u0144czeniu sesji pliki s\u0105 usuwane z Urz\u0105dzenia U\u017cytkownika.<\/p>\n<\/li>\n<li>\n<p><strong>Cookies trwa\u0142e<\/strong> &#8211; pliki zamieszczane i odczytywane z Urz\u0105dzenia U\u017cytkownika przez Serwis <span id=\"sz2\" style=\"display: inline;\">lub Serwisy zewn\u0119trzne<\/span> do momentu ich r\u0119cznego usuni\u0119cia. Pliki nie s\u0105 usuwane automatycznie po zako\u0144czeniu sesji Urz\u0105dzenia chyba \u017ce konfiguracja Urz\u0105dzenia U\u017cytkownika jest ustawiona na tryb usuwanie plik\u00f3w Cookie po zako\u0144czeniu sesji Urz\u0105dzenia.<\/p>\n<\/li>\n<\/ul>\n<h6 style=\"text-align:center\">\u00a7 3 Bezpiecze\u0144stwo<\/h6>\n<ul>\n<li>\n<p><strong>Mechanizmy sk\u0142adowania i odczytu<\/strong> &#8211; Mechanizmy sk\u0142adowania i odczytu Cookies nie pozwalaj\u0105 na pobierania jakichkolwiek danych osobowych ani \u017cadnych informacji poufnych z Urz\u0105dzenia U\u017cytkownika. Przeniesienie na Urz\u0105dzenie U\u017cytkownika wirus\u00f3w, koni troja\u0144skich oraz innych robak\u00f3w jest praktynie niemo\u017cliwe.<\/p>\n<\/li>\n<li>\n<p><strong>Cookie wewn\u0119trzne<\/strong> &#8211; zastosowane przez Administratora Cookie wewn\u0119trzne s\u0105 bezpieczne dla Urz\u0105dze\u0144 U\u017cytkownik\u00f3w<\/p>\n<\/li>\n<li>\n<p><strong>Cookie zewn\u0119trzne<\/strong> &#8211; za bezpiecze\u0144stwo plik\u00f3w Cookie pochodz\u0105cych od partner\u00f3w Serwisu Administrator nie ponosi odpowiedzialno\u015bci. Lista partner\u00f3w zamieszczona jest w dalszej cz\u0119\u015bci Polityki Cookie.<\/p>\n<\/li>\n<\/ul>\n<h6 style=\"text-align:center\">\u00a7 4 Cele do kt\u00f3rych wykorzystywane s\u0105 pliki Cookie<\/h6>\n<ul id=\"cele\">\n<li>\n<p><strong><span class=\"colored\">Usprawnienie i u\u0142atwienie dost\u0119pu do Serwisu<\/span><\/strong> &#8211; Administrator mo\u017ce przechowywa\u0107 w plikach Cookie informacje o prefernecjach i ustawieniach u\u017cytkownika dotycz\u0105cych Serwisu aby usprawni\u0107, polepszy\u0107 i przy\u015bpieszy\u0107 \u015bwiadczenie us\u0142ug w ramach Serwisu.<\/p>\n<\/li>\n<li>\n<p><strong><span class=\"colored\">Logowanie<\/span><\/strong> &#8211; Administrator wykorzystuje pliki Cookie do cel\u00f3w logowania U\u017cytkownik\u00f3w w Serwisie<\/p>\n<\/li>\n<li>\n<p><strong><span class=\"colored\">Marketing i reklama<\/span><\/strong> &#8211; Administrator <span id=\"sz3\" style=\"display:inline\">oraz Serwisy zewn\u0119trzne<\/span> wykorzystuj\u0105 pliki Cookie do cel\u00f3w marketingowych oraz serwowania reklam U\u017cytkownik\u00f3w.<\/p>\n<\/li>\n<li>\n<p><strong><span class=\"colored\">Dane statystyczne<\/span><\/strong> &#8211; Administrator <span id=\"sz4\" style=\"display:inline\">oraz Serwisy zewn\u0119trzne<\/span> wykorzystuje pliki Cookie do zbirania i przetwarzania danych statystycznych takich jak np. statystyki odwiedzin, statystyki Urz\u0105dze\u0144 U\u017cytkownik\u00f3w czy statystyki zachowa\u0144 u\u017cytkownik\u00f3w. Dane te zbierane s\u0105 w celu analizy i ulepszania Serwisu.<\/p>\n<\/li>\n<li>\n<p><strong><span class=\"colored\">Us\u0142ugi spo\u0142eczno\u015bciowe<\/span><\/strong> &#8211; Administrator <span id=\"sz7\" style=\"display:inline\">oraz Serwisy zewn\u0119trzne<\/span> wykorzystuj\u0105 pliki Cookie do wsparcia us\u0142ug spo\u0142eczno\u015bciowych<\/p>\n<\/li>\n<\/ul>\n<h6 style=\"text-align:center\">\u00a7 5 Serwisy zewn\u0119trzne<\/h6>\n<p id=\"zewinfo\"><span class=\"colored\">Administrator wsp\u00f3\u0142pracuje z nast\u0119puj\u0105cymi serwisami zewn\u0119trznymi, kt\u00f3re mog\u0105 zamieszcza\u0107 pliki Cookie na Urz\u0105dzeniach U\u017cytkownika:<\/span><\/p>\n<ul id=\"zewnetrzne\">\n<li>\n<p><strong><span class=\"colored\">Google Analytics<\/span><\/strong><\/p>\n<\/li>\n<li>\n<p><strong><span class=\"colored\">Facebook<\/span><\/strong><\/p>\n<\/li>\n<\/ul>\n<h6 style=\"text-align:center\">\u00a7 6 Mo\u017cliwo\u015bci okre\u015blania warunk\u00f3w przechowywania i uzyskiwania dost\u0119pu na Urz\u0105dzeniach U\u017cytkownika przez Serwis<span id=\"sz6\" style=\"display: inline;\"> i Serwisy zewn\u0119trzne<\/span><\/h6>\n<ul>\n<li>\n<p>U\u017cytkownik mo\u017ce w dowolnym momencie, samodzielnie zmieni\u0107 ustawienia dotycz\u0105ce zapisywania, usuwania oraz dost\u0119pu do danych zapisanych plik\u00f3w Cookies<\/p>\n<\/li>\n<li>\n<p>Informacje o sposobie wy\u0142\u0105czenia plik\u00f3w Cookie w najpopularniejszych przegl\u0105darkach komputerowych i urz\u0105dze\u0144 mobilnych dost\u0119pna s\u0105 na stronie: <a href=\"http:\/\/jakwylaczyccookie.pl\">jak wy\u0142\u0105czy\u0107 cookie<\/a>.<\/p>\n<\/li>\n<li>\n<p>U\u017cytkownik mo\u017ce w dowolnym momencie usun\u0105\u0107 wszelkie zapisane do tej pory pliki Cookie korzystaj\u0105c z narz\u0119dzi Urz\u0105dzenia U\u017cytkownika za po\u015brednictwem kt\u00f3rego U\u017cytkowanik korzysta z us\u0142ug Serwisu.<\/p>\n<\/li>\n<\/ul>\n<h6 style=\"text-align:center\">\u00a7 7 Wymagania Serwisu<\/h6>\n<ul>\n<li>\n<p>Ograniczenie zapisu i dost\u0119pu do plik\u00f3w Cookie na Urz\u0105dzeniu U\u017cytkownika mo\u017ce spowodowa\u0107 nieprawid\u0142owe dzia\u0142anie niekt\u00f3rych funkcji Serwisu.<\/p>\n<\/li>\n<li>\n<p>Administrator nie ponosi \u017cadnej odpowiedzialno\u015bci za nieprawid\u0142owo dzia\u0142aj\u0105ce funkcje Serwisu w przypadku gdy U\u017cytkownik ograniczy w jakikolwiek spos\u00f3b mo\u017cliwo\u015b\u0107 zapisywania i odczytu plik\u00f3w Cookie.<\/p>\n<\/li>\n<\/ul>\n<h6 style=\"text-align:center\">\u00a7 8 Zmiany w Polityce Cookie<\/h6>\n<ul>\n<li>\n<p>Administrator zastrzega sobie prawo do dowolnej zmiany niniejszej Polityki Cookie bez konieczno\u015bci informowania o tym u\u017cytkownik\u00f3w.<\/p>\n<\/li>\n<li>\n<p>Wprowadzone zmiany w Polityce Cookie zawsze b\u0119d\u0105 publikowane na tej stronie.<\/p>\n<\/li>\n<li>\n<p>Wprowadzone zmiany wchodz\u0105 w \u017cycie w dniu publikacji Polityki Cookie.<\/p>\n<\/li>\n<\/ul>\n<p>[\/et_pb_text][\/et_pb_column][\/et_pb_row][\/et_pb_section]<\/p>\n","protected":false},"excerpt":{"rendered":"<p>Polityka Prywatno\u015bci Poni\u017csza Polityka Cookies okre\u015bla zasady zapisywania i uzyskiwania dost\u0119pu do danych na Urz\u0105dzeniach U\u017cytkownik\u00f3w korzystaj\u0105cych z Serwisu do cel\u00f3w \u015bwiadczenia us\u0142ug drog\u0105 elektroniczn\u0105 przez Administratora Serwisu. \u00a7 1 Definicje Serwis &#8211; serwis internetowy dzia\u0142aj\u0105cy pod adresem www.wbamp.com Serwis zewn\u0119trzny &#8211; serwis internetowe partner\u00f3w, us\u0142ugodawc\u00f3w lub us\u0142ugobiorc\u00f3w Administratora Administrator &#8211; firma White Bird Amplification, prowadz\u0105ca dzia\u0142alno\u015b\u0107 pod adresem: Drzyma\u0142y, 12, o nadanym numerze identyfikacji podatkowej (NIP): 7511738472, \u015bwiadcz\u0105ca us\u0142ugi drog\u0105 elektroniczn\u0105 za po\u015brednictwem Serwisu oraz przechowuj\u0105ca i uzyskuj\u0105ca dost\u0119p do informacji w urz\u0105dzeniach U\u017cytkownika U\u017cytkownik &#8211; osba fizyczna, dla kt\u00f3rej Administrator \u015bwiadczy us\u0142ugi drog\u0105 elektroniczna za po\u015brednictwem Serwisu. Urz\u0105dzenie &#8211; elektroniczne urz\u0105dzenie wraz z oprogramowaniem, za po\u015brednictwem, kt\u00f3rego U\u017cytkownik uzyskuje dost\u0119p do Serwisu Cookies (ciasteczka) &#8211; dane tekstowe gromadzone w formie plik\u00f3w zamieszczanych na Urz\u0105dzeniu U\u017cytkownika \u00a7 2 Rodzaje Cookies Cookies wewn\u0119trzne &#8211; pliki zamieszczane i odczytywane z Urz\u0105dzenia U\u017cytkownika przes system teleinformatyczny Serwisu Cookies zewn\u0119trzne &#8211; pliki zamieszczane i odczytywane z Urz\u0105dzenia U\u017cytkownika przez systemy teleinformatyczne Serwis\u00f3w zewn\u0119trznych Cookies sesyjne &#8211; pliki zamieszczane i odczytywane z Urz\u0105dzenia U\u017cytkownika przez Serwis lub Serwisy zewn\u0119trzne podczas jednej sesji danego Urz\u0105dzenia. Po zako\u0144czeniu sesji pliki s\u0105 usuwane z Urz\u0105dzenia U\u017cytkownika. Cookies trwa\u0142e &#8211; pliki zamieszczane i odczytywane z Urz\u0105dzenia U\u017cytkownika przez [&hellip;]<\/p>\n","protected":false},"author":1,"featured_media":0,"parent":0,"menu_order":0,"comment_status":"closed","ping_status":"closed","template":"","meta":{"_et_pb_use_builder":"on","_et_pb_old_content":"","_et_gb_content_width":"","footnotes":""},"class_list":["post-3399","page","type-page","status-publish","hentry"],"yoast_head":"<!-- This site is optimized with the Yoast SEO plugin v25.3.1 - https:\/\/yoast.com\/wordpress\/plugins\/seo\/ -->\n<title>Polityka Prywatno\u015bci - White Bird Amplification<\/title>\n<meta name=\"robots\" content=\"index, follow, max-snippet:-1, max-image-preview:large, max-video-preview:-1\" \/>\n<link rel=\"canonical\" href=\"https:\/\/www.wbamp.com\/pl\/polityka-prywatnosci\/\" \/>\n<meta property=\"og:locale\" content=\"pl_PL\" \/>\n<meta property=\"og:type\" content=\"article\" \/>\n<meta property=\"og:title\" content=\"Polityka Prywatno\u015bci - White Bird Amplification\" \/>\n<meta property=\"og:description\" content=\"Polityka Prywatno\u015bci Poni\u017csza Polityka Cookies okre\u015bla zasady zapisywania i uzyskiwania dost\u0119pu do danych na Urz\u0105dzeniach U\u017cytkownik\u00f3w korzystaj\u0105cych z Serwisu do cel\u00f3w \u015bwiadczenia us\u0142ug drog\u0105 elektroniczn\u0105 przez Administratora Serwisu. \u00a7 1 Definicje Serwis - serwis internetowy dzia\u0142aj\u0105cy pod adresem www.wbamp.com Serwis zewn\u0119trzny - serwis internetowe partner\u00f3w, us\u0142ugodawc\u00f3w lub us\u0142ugobiorc\u00f3w Administratora Administrator - firma White Bird Amplification, prowadz\u0105ca dzia\u0142alno\u015b\u0107 pod adresem: Drzyma\u0142y, 12, o nadanym numerze identyfikacji podatkowej (NIP): 7511738472, \u015bwiadcz\u0105ca us\u0142ugi drog\u0105 elektroniczn\u0105 za po\u015brednictwem Serwisu oraz przechowuj\u0105ca i uzyskuj\u0105ca dost\u0119p do informacji w urz\u0105dzeniach U\u017cytkownika U\u017cytkownik - osba fizyczna, dla kt\u00f3rej Administrator \u015bwiadczy us\u0142ugi drog\u0105 elektroniczna za po\u015brednictwem Serwisu. Urz\u0105dzenie - elektroniczne urz\u0105dzenie wraz z oprogramowaniem, za po\u015brednictwem, kt\u00f3rego U\u017cytkownik uzyskuje dost\u0119p do Serwisu Cookies (ciasteczka) - dane tekstowe gromadzone w formie plik\u00f3w zamieszczanych na Urz\u0105dzeniu U\u017cytkownika \u00a7 2 Rodzaje Cookies Cookies wewn\u0119trzne - pliki zamieszczane i odczytywane z Urz\u0105dzenia U\u017cytkownika przes system teleinformatyczny Serwisu Cookies zewn\u0119trzne - pliki zamieszczane i odczytywane z Urz\u0105dzenia U\u017cytkownika przez systemy teleinformatyczne Serwis\u00f3w zewn\u0119trznych Cookies sesyjne - pliki zamieszczane i odczytywane z Urz\u0105dzenia U\u017cytkownika przez Serwis lub Serwisy zewn\u0119trzne podczas jednej sesji danego Urz\u0105dzenia. Po zako\u0144czeniu sesji pliki s\u0105 usuwane z Urz\u0105dzenia U\u017cytkownika. Cookies trwa\u0142e - pliki zamieszczane i odczytywane z Urz\u0105dzenia U\u017cytkownika przez [&hellip;]\" \/>\n<meta property=\"og:url\" content=\"https:\/\/www.wbamp.com\/pl\/polityka-prywatnosci\/\" \/>\n<meta property=\"og:site_name\" content=\"White Bird Amplification\" \/>\n<meta property=\"article:modified_time\" content=\"2018-04-06T18:12:16+00:00\" \/>\n<meta name=\"twitter:card\" content=\"summary_large_image\" \/>\n<meta name=\"twitter:label1\" content=\"Szacowany czas czytania\" \/>\n\t<meta name=\"twitter:data1\" content=\"5 minut\" \/>\n<script type=\"application\/ld+json\" class=\"yoast-schema-graph\">{\"@context\":\"https:\/\/schema.org\",\"@graph\":[{\"@type\":\"WebPage\",\"@id\":\"https:\/\/www.wbamp.com\/pl\/polityka-prywatnosci\/\",\"url\":\"https:\/\/www.wbamp.com\/pl\/polityka-prywatnosci\/\",\"name\":\"Polityka Prywatno\u015bci - White Bird Amplification\",\"isPartOf\":{\"@id\":\"https:\/\/www.wbamp.com\/#website\"},\"datePublished\":\"2018-03-20T21:59:18+00:00\",\"dateModified\":\"2018-04-06T18:12:16+00:00\",\"breadcrumb\":{\"@id\":\"https:\/\/www.wbamp.com\/pl\/polityka-prywatnosci\/#breadcrumb\"},\"inLanguage\":\"pl-PL\",\"potentialAction\":[{\"@type\":\"ReadAction\",\"target\":[\"https:\/\/www.wbamp.com\/pl\/polityka-prywatnosci\/\"]}]},{\"@type\":\"BreadcrumbList\",\"@id\":\"https:\/\/www.wbamp.com\/pl\/polityka-prywatnosci\/#breadcrumb\",\"itemListElement\":[{\"@type\":\"ListItem\",\"position\":1,\"name\":\"Home\",\"item\":\"https:\/\/www.wbamp.com\/pl\/\"},{\"@type\":\"ListItem\",\"position\":2,\"name\":\"Polityka Prywatno\u015bci\"}]},{\"@type\":\"WebSite\",\"@id\":\"https:\/\/www.wbamp.com\/#website\",\"url\":\"https:\/\/www.wbamp.com\/\",\"name\":\"White Bird Amplification\",\"description\":\"Tube Amplifiers and Preamplifiers\",\"potentialAction\":[{\"@type\":\"SearchAction\",\"target\":{\"@type\":\"EntryPoint\",\"urlTemplate\":\"https:\/\/www.wbamp.com\/?s={search_term_string}\"},\"query-input\":{\"@type\":\"PropertyValueSpecification\",\"valueRequired\":true,\"valueName\":\"search_term_string\"}}],\"inLanguage\":\"pl-PL\"}]}<\/script>\n<!-- \/ Yoast SEO plugin. -->","yoast_head_json":{"title":"Polityka Prywatno\u015bci - White Bird Amplification","robots":{"index":"index","follow":"follow","max-snippet":"max-snippet:-1","max-image-preview":"max-image-preview:large","max-video-preview":"max-video-preview:-1"},"canonical":"https:\/\/www.wbamp.com\/pl\/polityka-prywatnosci\/","og_locale":"pl_PL","og_type":"article","og_title":"Polityka Prywatno\u015bci - White Bird Amplification","og_description":"Polityka Prywatno\u015bci Poni\u017csza Polityka Cookies okre\u015bla zasady zapisywania i uzyskiwania dost\u0119pu do danych na Urz\u0105dzeniach U\u017cytkownik\u00f3w korzystaj\u0105cych z Serwisu do cel\u00f3w \u015bwiadczenia us\u0142ug drog\u0105 elektroniczn\u0105 przez Administratora Serwisu. \u00a7 1 Definicje Serwis - serwis internetowy dzia\u0142aj\u0105cy pod adresem www.wbamp.com Serwis zewn\u0119trzny - serwis internetowe partner\u00f3w, us\u0142ugodawc\u00f3w lub us\u0142ugobiorc\u00f3w Administratora Administrator - firma White Bird Amplification, prowadz\u0105ca dzia\u0142alno\u015b\u0107 pod adresem: Drzyma\u0142y, 12, o nadanym numerze identyfikacji podatkowej (NIP): 7511738472, \u015bwiadcz\u0105ca us\u0142ugi drog\u0105 elektroniczn\u0105 za po\u015brednictwem Serwisu oraz przechowuj\u0105ca i uzyskuj\u0105ca dost\u0119p do informacji w urz\u0105dzeniach U\u017cytkownika U\u017cytkownik - osba fizyczna, dla kt\u00f3rej Administrator \u015bwiadczy us\u0142ugi drog\u0105 elektroniczna za po\u015brednictwem Serwisu. Urz\u0105dzenie - elektroniczne urz\u0105dzenie wraz z oprogramowaniem, za po\u015brednictwem, kt\u00f3rego U\u017cytkownik uzyskuje dost\u0119p do Serwisu Cookies (ciasteczka) - dane tekstowe gromadzone w formie plik\u00f3w zamieszczanych na Urz\u0105dzeniu U\u017cytkownika \u00a7 2 Rodzaje Cookies Cookies wewn\u0119trzne - pliki zamieszczane i odczytywane z Urz\u0105dzenia U\u017cytkownika przes system teleinformatyczny Serwisu Cookies zewn\u0119trzne - pliki zamieszczane i odczytywane z Urz\u0105dzenia U\u017cytkownika przez systemy teleinformatyczne Serwis\u00f3w zewn\u0119trznych Cookies sesyjne - pliki zamieszczane i odczytywane z Urz\u0105dzenia U\u017cytkownika przez Serwis lub Serwisy zewn\u0119trzne podczas jednej sesji danego Urz\u0105dzenia. Po zako\u0144czeniu sesji pliki s\u0105 usuwane z Urz\u0105dzenia U\u017cytkownika. Cookies trwa\u0142e - pliki zamieszczane i odczytywane z Urz\u0105dzenia U\u017cytkownika przez [&hellip;]","og_url":"https:\/\/www.wbamp.com\/pl\/polityka-prywatnosci\/","og_site_name":"White Bird Amplification","article_modified_time":"2018-04-06T18:12:16+00:00","twitter_card":"summary_large_image","twitter_misc":{"Szacowany czas czytania":"5 minut"},"schema":{"@context":"https:\/\/schema.org","@graph":[{"@type":"WebPage","@id":"https:\/\/www.wbamp.com\/pl\/polityka-prywatnosci\/","url":"https:\/\/www.wbamp.com\/pl\/polityka-prywatnosci\/","name":"Polityka Prywatno\u015bci - White Bird Amplification","isPartOf":{"@id":"https:\/\/www.wbamp.com\/#website"},"datePublished":"2018-03-20T21:59:18+00:00","dateModified":"2018-04-06T18:12:16+00:00","breadcrumb":{"@id":"https:\/\/www.wbamp.com\/pl\/polityka-prywatnosci\/#breadcrumb"},"inLanguage":"pl-PL","potentialAction":[{"@type":"ReadAction","target":["https:\/\/www.wbamp.com\/pl\/polityka-prywatnosci\/"]}]},{"@type":"BreadcrumbList","@id":"https:\/\/www.wbamp.com\/pl\/polityka-prywatnosci\/#breadcrumb","itemListElement":[{"@type":"ListItem","position":1,"name":"Home","item":"https:\/\/www.wbamp.com\/pl\/"},{"@type":"ListItem","position":2,"name":"Polityka Prywatno\u015bci"}]},{"@type":"WebSite","@id":"https:\/\/www.wbamp.com\/#website","url":"https:\/\/www.wbamp.com\/","name":"White Bird Amplification","description":"Tube Amplifiers and Preamplifiers","potentialAction":[{"@type":"SearchAction","target":{"@type":"EntryPoint","urlTemplate":"https:\/\/www.wbamp.com\/?s={search_term_string}"},"query-input":{"@type":"PropertyValueSpecification","valueRequired":true,"valueName":"search_term_string"}}],"inLanguage":"pl-PL"}]}},"_links":{"self":[{"href":"http:\/\/www.wbamp.com\/pl\/wp-json\/wp\/v2\/pages\/3399","targetHints":{"allow":["GET"]}}],"collection":[{"href":"http:\/\/www.wbamp.com\/pl\/wp-json\/wp\/v2\/pages"}],"about":[{"href":"http:\/\/www.wbamp.com\/pl\/wp-json\/wp\/v2\/types\/page"}],"author":[{"embeddable":true,"href":"http:\/\/www.wbamp.com\/pl\/wp-json\/wp\/v2\/users\/1"}],"replies":[{"embeddable":true,"href":"http:\/\/www.wbamp.com\/pl\/wp-json\/wp\/v2\/comments?post=3399"}],"version-history":[{"count":0,"href":"http:\/\/www.wbamp.com\/pl\/wp-json\/wp\/v2\/pages\/3399\/revisions"}],"wp:attachment":[{"href":"http:\/\/www.wbamp.com\/pl\/wp-json\/wp\/v2\/media?parent=3399"}],"curies":[{"name":"wp","href":"https:\/\/api.w.org\/{rel}","templated":true}]}}