{"id":3380,"date":"2018-03-20T21:50:11","date_gmt":"2018-03-20T21:50:11","guid":{"rendered":"http:\/\/wbamp.com\/wzmacniacze-sluchawkowe\/"},"modified":"2025-06-26T08:33:15","modified_gmt":"2025-06-26T08:33:15","slug":"wzmacniacze-sluchawkowe","status":"publish","type":"page","link":"http:\/\/www.wbamp.com\/pl\/wzmacniacze-sluchawkowe\/","title":{"rendered":"Lampowe Wzmacniacze S\u0142uchawkowe"},"content":{"rendered":"<p>[et_pb_section fb_built=&#8221;1&#8243; _builder_version=&#8221;4.16&#8243; background_image=&#8221;http:\/\/www.wbamp.com\/wp-content\/uploads\/wba-headphone-amps-background-2.jpg&#8221; parallax=&#8221;on&#8221; parallax_method=&#8221;off&#8221; animation_style=&#8221;fade&#8221; animation_duration=&#8221;500ms&#8221; global_colors_info=&#8221;{}&#8221;][et_pb_row _builder_version=&#8221;4.16&#8243; global_colors_info=&#8221;{}&#8221;][et_pb_column type=&#8221;4_4&#8243; _builder_version=&#8221;4.16&#8243; background_position=&#8221;top_left&#8221; custom_padding=&#8221;|||&#8221; global_colors_info=&#8221;{}&#8221; custom_padding__hover=&#8221;|||&#8221;][et_pb_cta title=&#8221;Wzmacniacze S\u0142uchawkowe&#8221; module_class=&#8221;strong-shadow wba-text-head text-shadow wba-round&#8221; _builder_version=&#8221;4.24.2&#8243; background_color=&#8221;#62c4e5&#8243; use_background_color_gradient=&#8221;on&#8221; background_color_gradient_direction=&#8221;170deg&#8221; background_color_gradient_stops=&#8221;#0c8905 0%|#65963f 80%&#8221; background_color_gradient_start=&#8221;#0c8905&#8243; background_color_gradient_end=&#8221;#65963f&#8221; background_color_gradient_end_position=&#8221;80%&#8221; animation_direction=&#8221;top&#8221; global_colors_info=&#8221;{}&#8221; button_text_size__hover_enabled=&#8221;off&#8221; button_one_text_size__hover_enabled=&#8221;off&#8221; button_two_text_size__hover_enabled=&#8221;off&#8221; button_text_color__hover_enabled=&#8221;off&#8221; button_one_text_color__hover_enabled=&#8221;off&#8221; button_two_text_color__hover_enabled=&#8221;off&#8221; button_border_width__hover_enabled=&#8221;off&#8221; button_one_border_width__hover_enabled=&#8221;off&#8221; button_two_border_width__hover_enabled=&#8221;off&#8221; button_border_color__hover_enabled=&#8221;off&#8221; button_one_border_color__hover_enabled=&#8221;off&#8221; button_two_border_color__hover_enabled=&#8221;off&#8221; button_border_radius__hover_enabled=&#8221;off&#8221; button_one_border_radius__hover_enabled=&#8221;off&#8221; button_two_border_radius__hover_enabled=&#8221;off&#8221; button_letter_spacing__hover_enabled=&#8221;off&#8221; button_one_letter_spacing__hover_enabled=&#8221;off&#8221; button_two_letter_spacing__hover_enabled=&#8221;off&#8221; button_bg_color__hover_enabled=&#8221;off&#8221; button_one_bg_color__hover_enabled=&#8221;off&#8221; button_two_bg_color__hover_enabled=&#8221;off&#8221;]<\/p>\n<p style=\"text-align: center;\">Wzmacniacze lampowe klasy Single-Ended (klasa A) &amp; Push-Pull (klasa AB) Output Transformerless (OTL)<\/p>\n<p>[\/et_pb_cta][\/et_pb_column][\/et_pb_row][et_pb_row column_structure=&#8221;1_2,1_2&#8243; _builder_version=&#8221;4.16&#8243; global_colors_info=&#8221;{}&#8221;][et_pb_column type=&#8221;1_2&#8243; _builder_version=&#8221;4.16&#8243; background_position=&#8221;top_left&#8221; custom_padding=&#8221;|||&#8221; global_colors_info=&#8221;{}&#8221; custom_padding__hover=&#8221;|||&#8221;][et_pb_blurb title=&#8221;Virtus-300B&#8221; url=&#8221;\/pl\/produkt\/virtus-300b-wzmacniacz-sluchawkowy-olt-se-klasa-a\/&#8221; image=&#8221;http:\/\/wbamp.com\/wp-content\/uploads\/\/IMG_9009-700&#215;467.jpg&#8221; admin_label=&#8221;Virtus-300B&#8221; module_id=&#8221;item_1&#8243; module_class=&#8221;shadow green wba-product-list wba-round&#8221; _builder_version=&#8221;4.24.2&#8243; header_font=&#8221;|on|||&#8221; header_font_size=&#8221;22&#8243; background_color=&#8221;#ffffff&#8221; max_width_tablet=&#8221;50px&#8221; custom_padding=&#8221;20px|20px|20px|20px&#8221; animation_direction=&#8221;left&#8221; border_width_all=&#8221;8px&#8221; border_color_all=&#8221;#65963f&#8221; use_border_color=&#8221;on&#8221; global_colors_info=&#8221;{}&#8221;]<\/p>\n<h5>Wzmacniacz s\u0142uchawkowy<br \/>OTL-SE (klasa A) Dual Mono<\/h5>\n<div class=\"row\">\n<div class=\"col-md-2\"><i data-item=\"1\" class=\"wba-text-button bxm-fa-active fa fa-2x fa-align-justify\" aria-hidden=\"true\"><\/i><br \/><i data-item=\"1\" class=\"wba-specs-button bxm-fa-inactive fa fa-2x fa-table\" aria-hidden=\"true\"><\/i><\/div>\n<div class=\"col-md-10 wba-text\">Virtus-300B \u2013 wzmacniacz s\u0142uchawkowy OTL Single Ended (bez transformatora wyj\u015bciowego; klasa A) w architekturze Dual Mono. Zastosowanie w stopniu mocy bezpo\u015brednio \u017carzonych triod typu 300B w wydajnym uk\u0142adzie pracy umo\u017cliwia wsp\u00f3\u0142prac\u0119 urz\u0105dzenia z wieloma modelami s\u0142uchawek dynamicznych. Optimum dopasowania impedancyjnego (op\u00f3r s\u0142uchawek) wzmacniacz osi\u0105ga przy 200 Ohm, ale dzi\u0119ki stosunkowo du\u017cej mocy wyj\u015bciowej (tryb OTL) sprz\u0119t zapewnia s\u0142uchawkom 2 x 1W mocy<\/div>\n<div class=\"col-md-10 wba-specs wba-hided\">Typ: <strong> lampowy, klasa A, trioda, OTL<\/strong><br \/>Amplituda napi\u0119cia wej\u015bciowego: <strong> 2 V &#8211; 12 V (max)<\/strong><br \/>Impedancja wej\u015bciowa: <strong>50k\u03a9<\/strong><br \/>Moc wyj\u015bciowa przy 200\u03a9 obci\u0105\u017cenia:<br \/><strong> 2 x 1W<\/strong><br \/>Zasilanie anodowe: <strong> 250 VDC<\/strong><br \/>Zasilanie \u017carzenia: <strong> 6.3 VDC, 5 VDC <\/strong><br \/>Pob\u00f3r mocy: <strong> 200W<\/strong><\/div>\n<\/div>\n<p class=\"center\"><a class=\"wba-more\" href=\"http:\/\/wbamp.com\/pl\/produkt\/virtus-300b-wzmacniacz-sluchawkowy-olt-se-klasa-a\/\">Czytaj dalej<\/a><\/p>\n<p>[\/et_pb_blurb][et_pb_blurb title=&#8221;HPA Master Pro&#8221; url=&#8221;\/pl\/produkt\/hpa-master-pro-wzmacniacz-sluchawkowy-otl\/&#8221; image=&#8221;http:\/\/www.wbamp.com\/wp-content\/uploads\/HPA-Master-Pro-top-side-768&#215;512.jpg&#8221; admin_label=&#8221;HPA Master Pro&#8221; module_id=&#8221;item_1&#8243; module_class=&#8221;shadow green wba-product-list wba-round&#8221; _builder_version=&#8221;4.24.2&#8243; header_font=&#8221;|on|||&#8221; header_font_size=&#8221;22&#8243; background_color=&#8221;#ffffff&#8221; max_width_tablet=&#8221;50px&#8221; custom_padding=&#8221;20px|20px|20px|20px&#8221; animation_direction=&#8221;left&#8221; border_width_all=&#8221;8px&#8221; border_color_all=&#8221;#65963f&#8221; use_border_color=&#8221;on&#8221; global_colors_info=&#8221;{}&#8221;]<\/p>\n<h5>Wzmacniacz s\u0142uchawkowy<br \/>OTL-SE (klasa A)<\/h5>\n<div class=\"row\">\n<div class=\"col-md-2\"><i data-item=\"1\" class=\"wba-text-button bxm-fa-active fa-2x fas fa-align-justify\" aria-hidden=\"true\"><\/i><br \/><i data-item=\"1\" class=\"wba-specs-button bxm-fa-inactive fa fa-2x fa-table\" aria-hidden=\"true\"><\/i><\/div>\n<div class=\"col-md-10 wba-text\">HPA Master PRO \u2013 wzmacniacz s\u0142uchawkowy OTL Single Ended (bez transformatora wyj\u015bciowego; klasa A) z funkcj\u0105 przedwzmacniacza sygna\u0142\u00f3w liniowych. Jest to rozbudowana wersja wzmacniacza s\u0142uchawkowego HPA Master. Zastosowanie w stopniu mocy podw\u00f3jnych triod 6N6P, kt\u00f3re s\u0105 po\u0142\u0105czone r\u00f3wnolegle w ka\u017cdym z kana\u0142\u00f3w umo\u017cliwia wsp\u00f3\u0142prac\u0119 urz\u0105dzenia z wieloma modelami s\u0142uchawek dynamicznych. Jako lampa steruj\u0105ca zastosowana jest standardowo 6922 EHG czyli odpowiednik popularnej ECC88.<\/div>\n<div class=\"col-md-10 wba-specs wba-hided\">Typ wzmacniacza: <strong>lampowy, klasa A, trioda, OTL<\/strong><br \/>Moc wyj\u015bciowa dla impedancji obci\u0105\u017cenia 34\u03a9:<strong> 2 x 300mW<\/strong><br \/>Moc wyj\u015bciowa: <strong>2 x 300mW \/34 \u03a9<\/strong><br \/>Zasilanie anodowe: <strong>200 VDC<\/strong><br \/>Zasilanie \u017carzenia: <strong>6,3 VAC<\/strong><br \/>Lampy: <strong>1 x 6922 EHG, 2 x 6N6P<\/strong><br \/>Przedzia\u0142 impedancji obci\u0105\u017cenia:<strong> 24\u03a9 &#8211; 400\u03a9<\/strong><br \/>Wej\u015bcia: <strong>3 x RCA Stereo<\/strong><br \/>Wyj\u015bcia: <strong>1 x TRS Stereo, 2 x RCA Stereo<\/strong><\/div>\n<\/div>\n<p class=\"center\"><a class=\"wba-more\" href=\"http:\/\/wbamp.com\/pl\/produkt\/hpa-master-pro-wzmacniacz-sluchawkowy-otl\/\">Czytaj dalej<\/a><\/p>\n<p>[\/et_pb_blurb][\/et_pb_column][et_pb_column type=&#8221;1_2&#8243; _builder_version=&#8221;4.16&#8243; background_position=&#8221;top_left&#8221; custom_padding=&#8221;|||&#8221; global_colors_info=&#8221;{}&#8221; custom_padding__hover=&#8221;|||&#8221;][et_pb_blurb title=&#8221;Virtus-01&#8243; url=&#8221;\/pl\/produkt\/virtus-01-wzmacniacz-sluchawkowy-otl\/&#8221; image=&#8221;http:\/\/www.wbamp.com\/wp-content\/uploads\/Virtus-01v2-side-top-768&#215;512.jpg&#8221; admin_label=&#8221;Virtus-01&#8243; module_id=&#8221;item_1&#8243; module_class=&#8221;shadow green wba-product-list wba-round&#8221; _builder_version=&#8221;4.24.2&#8243; header_font=&#8221;|on|||&#8221; header_font_size=&#8221;22&#8243; background_color=&#8221;#ffffff&#8221; max_width_tablet=&#8221;50px&#8221; custom_padding=&#8221;20px|20px|20px|20px&#8221; animation_direction=&#8221;right&#8221; border_width_all=&#8221;8px&#8221; border_color_all=&#8221;#65963f&#8221; use_border_color=&#8221;on&#8221; global_colors_info=&#8221;{}&#8221;]<\/p>\n<h5>Wzmacniacz s\u0142uchawkowy<br \/>OTL-SE (klasa A) Dual Mono<\/h5>\n<div class=\"row\">\n<div class=\"col-md-2\"><i data-item=\"1\" class=\"wba-text-button bxm-fa-active fa fa-2x fa-align-justify\" aria-hidden=\"true\"><\/i><br \/><i data-item=\"1\" class=\"wba-specs-button bxm-fa-inactive fa fa-2x fa-table\" aria-hidden=\"true\"><\/i><\/div>\n<div class=\"col-md-10 wba-text\">Virtus-01- wzmacniacz s\u0142uchawkowy OTL Single Ended (bez transformatora wyj\u015bciowego; klasa A) w architekturze Dual Mono. Zastosowanie w stopniu mocy tetrod typu KT88\/KT120\/KT150 umo\u017cliwia wsp\u00f3\u0142prac\u0119 urz\u0105dzenia z wieloma modelami s\u0142uchawek dynamicznych, a tak\u017ce niekt\u00f3rymi modelami s\u0142uchawek planarnych. Jako lampy steruj\u0105ce zastosowane s\u0105 standardowo 6922 EHG czyli odpowiednik popularnej ECC88.<\/div>\n<div class=\"col-md-10 wba-specs wba-hided\">Typ: <strong>lampowy, klasa A, trioda, tetroda, OTL<\/strong><br \/>Amplituda napi\u0119cia wej\u015bciowego: <strong>2 V &#8211; 12 V (max)<\/strong><br \/>Moc wyj\u015bciowa dla impedancji obci\u0105\u017cenia 85\u03a9:<br \/><strong>2 x 1W (KT88);<br \/>2 x 1,2W (KT120);<br \/>2 x 1,5W (KT150)<\/strong><br \/>Zasilanie anodowe: <strong>250 VDC<\/strong><br \/>Zasilanie \u017carzenia: <strong>6,3 VAC, 6,3 VDC<\/strong><br \/>Pob\u00f3r mocy: <strong>200W <\/strong><\/div>\n<\/div>\n<p class=\"center\"><a class=\"wba-more\" href=\"http:\/\/wbamp.com\/pl\/produkt\/virtus-01-wzmacniacz-sluchawkowy-otl\/\">Czytaj dalej<\/a><\/p>\n<p>[\/et_pb_blurb][et_pb_blurb title=&#8221;HPA Master&#8221; url=&#8221;\/pl\/produkt\/hpa-master-wzmacniacz-sluchawkowy-otl\/&#8221; image=&#8221;http:\/\/www.wbamp.com\/wp-content\/uploads\/HPA-Master-side-top-768&#215;512.jpg&#8221; admin_label=&#8221;HPA Master&#8221; module_id=&#8221;item_1&#8243; module_class=&#8221;shadow green wba-product-list wba-round&#8221; _builder_version=&#8221;4.24.2&#8243; header_font=&#8221;|on|||&#8221; header_font_size=&#8221;22&#8243; background_color=&#8221;#ffffff&#8221; max_width_tablet=&#8221;50px&#8221; custom_padding=&#8221;20px|20px|20px|20px&#8221; animation_direction=&#8221;right&#8221; border_width_all=&#8221;8px&#8221; border_color_all=&#8221;#65963f&#8221; use_border_color=&#8221;on&#8221; global_colors_info=&#8221;{}&#8221;]<\/p>\n<h5>Wzmacniacz s\u0142uchawkowy<br \/>OTL-SE (klasa A)<\/h5>\n<div class=\"row\">\n<div class=\"col-md-2\"><i data-item=\"1\" class=\"wba-text-button bxm-fa-active fa fa-2x fa-align-justify\" aria-hidden=\"true\"><\/i><br \/><i data-item=\"1\" class=\"wba-specs-button bxm-fa-inactive fa fa-2x fa-table\" aria-hidden=\"true\"><\/i><\/div>\n<div class=\"col-md-10 wba-text\">HPA Master \u2013 wzmacniacz s\u0142uchawkowy OTL Single Ended (bez transformatora wyj\u015bciowego; klasa A). Jest to podstawowy model w ofercie wzmacniaczy s\u0142uchawkowych White Bird Amplification. Zastosowanie w stopniu mocy podw\u00f3jnych triod 6N6P, kt\u00f3re s\u0105 po\u0142\u0105czone r\u00f3wnolegle w ka\u017cdym z kana\u0142\u00f3w umo\u017cliwia wsp\u00f3\u0142prac\u0119 urz\u0105dzenia z wieloma modelami s\u0142uchawek dynamicznych. Jako lampa steruj\u0105ca zastosowana jest standardowo 6922 EHG czyli odpowiednik popularnej ECC88.<\/div>\n<div class=\"col-md-10 wba-specs wba-hided\">\n<p>Typ wzmacniacza: <strong>lampowy, klasa A, trioda, OTL<\/strong><br \/>Moc wyj\u015bciowa: <strong>2 x 300mW \/34 \u03a9<\/strong><br \/>Amplituda napi\u0119cia wej\u015bciowego: <strong>2 V &#8211; 12 V (max)<\/strong><br \/>Zasilanie anodowe: <strong>200 VDC<\/strong><br \/>Zasilanie \u017carzenia: <strong>6,3 VAC<\/strong><br \/>Lampy: <strong>1 x 6922 EHG, 2 x 6N6P<\/strong><br \/>Przedzia\u0142 impedancji obci\u0105\u017cenia: <strong>24\u03a9 &#8211; 400\u03a9<\/strong><br \/>Wej\u015bcia: <strong>1 x RCA Stereo<\/strong><br \/>Wyj\u015bcia: <strong>1 x TRS Stereo<\/strong>\u00a0<\/p>\n<p>&nbsp;<\/p>\n<\/div>\n<\/div>\n<p class=\"center\"><a class=\"wba-more\" href=\"http:\/\/wbamp.com\/pl\/produkt\/hpa-master-wzmacniacz-sluchawkowy-otl\/\">Czytaj dalej<\/a><\/p>\n<p>[\/et_pb_blurb][\/et_pb_column][\/et_pb_row][\/et_pb_section]<\/p>\n","protected":false},"excerpt":{"rendered":"<p>Wzmacniacze lampowe klasy Single-Ended (klasa A) &amp; Push-Pull (klasa AB) Output Transformerless (OTL)Wzmacniacz s\u0142uchawkowyOTL-SE (klasa A) Dual Mono Virtus-300B \u2013 wzmacniacz s\u0142uchawkowy OTL Single Ended (bez transformatora wyj\u015bciowego; klasa A) w architekturze Dual Mono. Zastosowanie w stopniu mocy bezpo\u015brednio \u017carzonych triod typu 300B w wydajnym uk\u0142adzie pracy umo\u017cliwia wsp\u00f3\u0142prac\u0119 urz\u0105dzenia z wieloma modelami s\u0142uchawek dynamicznych. Optimum dopasowania impedancyjnego (op\u00f3r s\u0142uchawek) wzmacniacz osi\u0105ga przy 200 Ohm, ale dzi\u0119ki stosunkowo du\u017cej mocy wyj\u015bciowej (tryb OTL) sprz\u0119t zapewnia s\u0142uchawkom 2 x 1W mocy Typ: lampowy, klasa A, trioda, OTLAmplituda napi\u0119cia wej\u015bciowego: 2 V &#8211; 12 V (max)Impedancja wej\u015bciowa: 50k\u03a9Moc wyj\u015bciowa przy 200\u03a9 obci\u0105\u017cenia: 2 x 1WZasilanie anodowe: 250 VDCZasilanie \u017carzenia: 6.3 VDC, 5 VDC Pob\u00f3r mocy: 200W Czytaj dalejWzmacniacz s\u0142uchawkowyOTL-SE (klasa A) HPA Master PRO \u2013 wzmacniacz s\u0142uchawkowy OTL Single Ended (bez transformatora wyj\u015bciowego; klasa A) z funkcj\u0105 przedwzmacniacza sygna\u0142\u00f3w liniowych. Jest to rozbudowana wersja wzmacniacza s\u0142uchawkowego HPA Master. Zastosowanie w stopniu mocy podw\u00f3jnych triod 6N6P, kt\u00f3re s\u0105 po\u0142\u0105czone r\u00f3wnolegle w ka\u017cdym z kana\u0142\u00f3w umo\u017cliwia wsp\u00f3\u0142prac\u0119 urz\u0105dzenia z wieloma modelami s\u0142uchawek dynamicznych. Jako lampa steruj\u0105ca zastosowana jest standardowo 6922 EHG czyli odpowiednik popularnej ECC88. Typ wzmacniacza: lampowy, klasa A, trioda, OTLMoc wyj\u015bciowa dla impedancji obci\u0105\u017cenia 34\u03a9: 2 x 300mWMoc wyj\u015bciowa: 2 x 300mW [&hellip;]<\/p>\n","protected":false},"author":1,"featured_media":3149,"parent":0,"menu_order":0,"comment_status":"closed","ping_status":"closed","template":"","meta":{"_et_pb_use_builder":"on","_et_pb_old_content":"","_et_gb_content_width":"","footnotes":""},"class_list":["post-3380","page","type-page","status-publish","has-post-thumbnail","hentry"],"yoast_head":"<!-- This site is optimized with the Yoast SEO plugin v25.3.1 - https:\/\/yoast.com\/wordpress\/plugins\/seo\/ -->\n<title>Lampowe Wzmacniacze S\u0142uchawkowe - White Bird Amplification<\/title>\n<meta name=\"robots\" content=\"index, follow, max-snippet:-1, max-image-preview:large, max-video-preview:-1\" \/>\n<link rel=\"canonical\" href=\"http:\/\/www.wbamp.com\/pl\/wzmacniacze-sluchawkowe\/\" \/>\n<meta property=\"og:locale\" content=\"pl_PL\" \/>\n<meta property=\"og:type\" content=\"article\" \/>\n<meta property=\"og:title\" content=\"Lampowe Wzmacniacze S\u0142uchawkowe - White Bird Amplification\" \/>\n<meta property=\"og:description\" content=\"Wzmacniacze lampowe klasy Single-Ended (klasa A) &amp; Push-Pull (klasa AB) Output Transformerless (OTL)Wzmacniacz s\u0142uchawkowyOTL-SE (klasa A) Dual Mono Virtus-300B \u2013 wzmacniacz s\u0142uchawkowy OTL Single Ended (bez transformatora wyj\u015bciowego; klasa A) w architekturze Dual Mono. Zastosowanie w stopniu mocy bezpo\u015brednio \u017carzonych triod typu 300B w wydajnym uk\u0142adzie pracy umo\u017cliwia wsp\u00f3\u0142prac\u0119 urz\u0105dzenia z wieloma modelami s\u0142uchawek dynamicznych. Optimum dopasowania impedancyjnego (op\u00f3r s\u0142uchawek) wzmacniacz osi\u0105ga przy 200 Ohm, ale dzi\u0119ki stosunkowo du\u017cej mocy wyj\u015bciowej (tryb OTL) sprz\u0119t zapewnia s\u0142uchawkom 2 x 1W mocy Typ: lampowy, klasa A, trioda, OTLAmplituda napi\u0119cia wej\u015bciowego: 2 V - 12 V (max)Impedancja wej\u015bciowa: 50k\u03a9Moc wyj\u015bciowa przy 200\u03a9 obci\u0105\u017cenia: 2 x 1WZasilanie anodowe: 250 VDCZasilanie \u017carzenia: 6.3 VDC, 5 VDC Pob\u00f3r mocy: 200W Czytaj dalejWzmacniacz s\u0142uchawkowyOTL-SE (klasa A) HPA Master PRO \u2013 wzmacniacz s\u0142uchawkowy OTL Single Ended (bez transformatora wyj\u015bciowego; klasa A) z funkcj\u0105 przedwzmacniacza sygna\u0142\u00f3w liniowych. Jest to rozbudowana wersja wzmacniacza s\u0142uchawkowego HPA Master. Zastosowanie w stopniu mocy podw\u00f3jnych triod 6N6P, kt\u00f3re s\u0105 po\u0142\u0105czone r\u00f3wnolegle w ka\u017cdym z kana\u0142\u00f3w umo\u017cliwia wsp\u00f3\u0142prac\u0119 urz\u0105dzenia z wieloma modelami s\u0142uchawek dynamicznych. Jako lampa steruj\u0105ca zastosowana jest standardowo 6922 EHG czyli odpowiednik popularnej ECC88. Typ wzmacniacza: lampowy, klasa A, trioda, OTLMoc wyj\u015bciowa dla impedancji obci\u0105\u017cenia 34\u03a9: 2 x 300mWMoc wyj\u015bciowa: 2 x 300mW [&hellip;]\" \/>\n<meta property=\"og:url\" content=\"http:\/\/www.wbamp.com\/pl\/wzmacniacze-sluchawkowe\/\" \/>\n<meta property=\"og:site_name\" content=\"White Bird Amplification\" \/>\n<meta property=\"article:modified_time\" content=\"2025-06-26T08:33:15+00:00\" \/>\n<meta property=\"og:image\" content=\"http:\/\/www.wbamp.com\/wp-content\/uploads\/Virtus-01-Headphones-OTL-Tube-Amplifier-side-top.jpg\" \/>\n\t<meta property=\"og:image:width\" content=\"1500\" \/>\n\t<meta property=\"og:image:height\" content=\"1000\" \/>\n\t<meta property=\"og:image:type\" content=\"image\/jpeg\" \/>\n<meta name=\"twitter:card\" content=\"summary_large_image\" \/>\n<meta name=\"twitter:label1\" content=\"Szacowany czas czytania\" \/>\n\t<meta name=\"twitter:data1\" content=\"6 minut\" \/>\n<script type=\"application\/ld+json\" class=\"yoast-schema-graph\">{\"@context\":\"https:\/\/schema.org\",\"@graph\":[{\"@type\":\"WebPage\",\"@id\":\"http:\/\/www.wbamp.com\/pl\/wzmacniacze-sluchawkowe\/\",\"url\":\"http:\/\/www.wbamp.com\/pl\/wzmacniacze-sluchawkowe\/\",\"name\":\"Lampowe Wzmacniacze S\u0142uchawkowe - White Bird Amplification\",\"isPartOf\":{\"@id\":\"http:\/\/www.wbamp.com\/pl\/#website\"},\"primaryImageOfPage\":{\"@id\":\"http:\/\/www.wbamp.com\/pl\/wzmacniacze-sluchawkowe\/#primaryimage\"},\"image\":{\"@id\":\"http:\/\/www.wbamp.com\/pl\/wzmacniacze-sluchawkowe\/#primaryimage\"},\"thumbnailUrl\":\"http:\/\/www.wbamp.com\/wp-content\/uploads\/Virtus-01-Headphones-OTL-Tube-Amplifier-side-top.jpg\",\"datePublished\":\"2018-03-20T21:50:11+00:00\",\"dateModified\":\"2025-06-26T08:33:15+00:00\",\"breadcrumb\":{\"@id\":\"http:\/\/www.wbamp.com\/pl\/wzmacniacze-sluchawkowe\/#breadcrumb\"},\"inLanguage\":\"pl-PL\",\"potentialAction\":[{\"@type\":\"ReadAction\",\"target\":[\"http:\/\/www.wbamp.com\/pl\/wzmacniacze-sluchawkowe\/\"]}]},{\"@type\":\"ImageObject\",\"inLanguage\":\"pl-PL\",\"@id\":\"http:\/\/www.wbamp.com\/pl\/wzmacniacze-sluchawkowe\/#primaryimage\",\"url\":\"http:\/\/www.wbamp.com\/wp-content\/uploads\/Virtus-01-Headphones-OTL-Tube-Amplifier-side-top.jpg\",\"contentUrl\":\"http:\/\/www.wbamp.com\/wp-content\/uploads\/Virtus-01-Headphones-OTL-Tube-Amplifier-side-top.jpg\",\"width\":1500,\"height\":1000},{\"@type\":\"BreadcrumbList\",\"@id\":\"http:\/\/www.wbamp.com\/pl\/wzmacniacze-sluchawkowe\/#breadcrumb\",\"itemListElement\":[{\"@type\":\"ListItem\",\"position\":1,\"name\":\"Home\",\"item\":\"http:\/\/www.wbamp.com\/pl\/\"},{\"@type\":\"ListItem\",\"position\":2,\"name\":\"Lampowe Wzmacniacze S\u0142uchawkowe\"}]},{\"@type\":\"WebSite\",\"@id\":\"http:\/\/www.wbamp.com\/pl\/#website\",\"url\":\"http:\/\/www.wbamp.com\/pl\/\",\"name\":\"White Bird Amplification\",\"description\":\"Tube Amplifiers and Preamplifiers\",\"potentialAction\":[{\"@type\":\"SearchAction\",\"target\":{\"@type\":\"EntryPoint\",\"urlTemplate\":\"http:\/\/www.wbamp.com\/pl\/?s={search_term_string}\"},\"query-input\":{\"@type\":\"PropertyValueSpecification\",\"valueRequired\":true,\"valueName\":\"search_term_string\"}}],\"inLanguage\":\"pl-PL\"}]}<\/script>\n<!-- \/ Yoast SEO plugin. -->","yoast_head_json":{"title":"Lampowe Wzmacniacze S\u0142uchawkowe - White Bird Amplification","robots":{"index":"index","follow":"follow","max-snippet":"max-snippet:-1","max-image-preview":"max-image-preview:large","max-video-preview":"max-video-preview:-1"},"canonical":"http:\/\/www.wbamp.com\/pl\/wzmacniacze-sluchawkowe\/","og_locale":"pl_PL","og_type":"article","og_title":"Lampowe Wzmacniacze S\u0142uchawkowe - White Bird Amplification","og_description":"Wzmacniacze lampowe klasy Single-Ended (klasa A) &amp; Push-Pull (klasa AB) Output Transformerless (OTL)Wzmacniacz s\u0142uchawkowyOTL-SE (klasa A) Dual Mono Virtus-300B \u2013 wzmacniacz s\u0142uchawkowy OTL Single Ended (bez transformatora wyj\u015bciowego; klasa A) w architekturze Dual Mono. Zastosowanie w stopniu mocy bezpo\u015brednio \u017carzonych triod typu 300B w wydajnym uk\u0142adzie pracy umo\u017cliwia wsp\u00f3\u0142prac\u0119 urz\u0105dzenia z wieloma modelami s\u0142uchawek dynamicznych. Optimum dopasowania impedancyjnego (op\u00f3r s\u0142uchawek) wzmacniacz osi\u0105ga przy 200 Ohm, ale dzi\u0119ki stosunkowo du\u017cej mocy wyj\u015bciowej (tryb OTL) sprz\u0119t zapewnia s\u0142uchawkom 2 x 1W mocy Typ: lampowy, klasa A, trioda, OTLAmplituda napi\u0119cia wej\u015bciowego: 2 V - 12 V (max)Impedancja wej\u015bciowa: 50k\u03a9Moc wyj\u015bciowa przy 200\u03a9 obci\u0105\u017cenia: 2 x 1WZasilanie anodowe: 250 VDCZasilanie \u017carzenia: 6.3 VDC, 5 VDC Pob\u00f3r mocy: 200W Czytaj dalejWzmacniacz s\u0142uchawkowyOTL-SE (klasa A) HPA Master PRO \u2013 wzmacniacz s\u0142uchawkowy OTL Single Ended (bez transformatora wyj\u015bciowego; klasa A) z funkcj\u0105 przedwzmacniacza sygna\u0142\u00f3w liniowych. Jest to rozbudowana wersja wzmacniacza s\u0142uchawkowego HPA Master. Zastosowanie w stopniu mocy podw\u00f3jnych triod 6N6P, kt\u00f3re s\u0105 po\u0142\u0105czone r\u00f3wnolegle w ka\u017cdym z kana\u0142\u00f3w umo\u017cliwia wsp\u00f3\u0142prac\u0119 urz\u0105dzenia z wieloma modelami s\u0142uchawek dynamicznych. Jako lampa steruj\u0105ca zastosowana jest standardowo 6922 EHG czyli odpowiednik popularnej ECC88. Typ wzmacniacza: lampowy, klasa A, trioda, OTLMoc wyj\u015bciowa dla impedancji obci\u0105\u017cenia 34\u03a9: 2 x 300mWMoc wyj\u015bciowa: 2 x 300mW [&hellip;]","og_url":"http:\/\/www.wbamp.com\/pl\/wzmacniacze-sluchawkowe\/","og_site_name":"White Bird Amplification","article_modified_time":"2025-06-26T08:33:15+00:00","og_image":[{"width":1500,"height":1000,"url":"http:\/\/www.wbamp.com\/wp-content\/uploads\/Virtus-01-Headphones-OTL-Tube-Amplifier-side-top.jpg","type":"image\/jpeg"}],"twitter_card":"summary_large_image","twitter_misc":{"Szacowany czas czytania":"6 minut"},"schema":{"@context":"https:\/\/schema.org","@graph":[{"@type":"WebPage","@id":"http:\/\/www.wbamp.com\/pl\/wzmacniacze-sluchawkowe\/","url":"http:\/\/www.wbamp.com\/pl\/wzmacniacze-sluchawkowe\/","name":"Lampowe Wzmacniacze S\u0142uchawkowe - White Bird Amplification","isPartOf":{"@id":"http:\/\/www.wbamp.com\/pl\/#website"},"primaryImageOfPage":{"@id":"http:\/\/www.wbamp.com\/pl\/wzmacniacze-sluchawkowe\/#primaryimage"},"image":{"@id":"http:\/\/www.wbamp.com\/pl\/wzmacniacze-sluchawkowe\/#primaryimage"},"thumbnailUrl":"http:\/\/www.wbamp.com\/wp-content\/uploads\/Virtus-01-Headphones-OTL-Tube-Amplifier-side-top.jpg","datePublished":"2018-03-20T21:50:11+00:00","dateModified":"2025-06-26T08:33:15+00:00","breadcrumb":{"@id":"http:\/\/www.wbamp.com\/pl\/wzmacniacze-sluchawkowe\/#breadcrumb"},"inLanguage":"pl-PL","potentialAction":[{"@type":"ReadAction","target":["http:\/\/www.wbamp.com\/pl\/wzmacniacze-sluchawkowe\/"]}]},{"@type":"ImageObject","inLanguage":"pl-PL","@id":"http:\/\/www.wbamp.com\/pl\/wzmacniacze-sluchawkowe\/#primaryimage","url":"http:\/\/www.wbamp.com\/wp-content\/uploads\/Virtus-01-Headphones-OTL-Tube-Amplifier-side-top.jpg","contentUrl":"http:\/\/www.wbamp.com\/wp-content\/uploads\/Virtus-01-Headphones-OTL-Tube-Amplifier-side-top.jpg","width":1500,"height":1000},{"@type":"BreadcrumbList","@id":"http:\/\/www.wbamp.com\/pl\/wzmacniacze-sluchawkowe\/#breadcrumb","itemListElement":[{"@type":"ListItem","position":1,"name":"Home","item":"http:\/\/www.wbamp.com\/pl\/"},{"@type":"ListItem","position":2,"name":"Lampowe Wzmacniacze S\u0142uchawkowe"}]},{"@type":"WebSite","@id":"http:\/\/www.wbamp.com\/pl\/#website","url":"http:\/\/www.wbamp.com\/pl\/","name":"White Bird Amplification","description":"Tube Amplifiers and Preamplifiers","potentialAction":[{"@type":"SearchAction","target":{"@type":"EntryPoint","urlTemplate":"http:\/\/www.wbamp.com\/pl\/?s={search_term_string}"},"query-input":{"@type":"PropertyValueSpecification","valueRequired":true,"valueName":"search_term_string"}}],"inLanguage":"pl-PL"}]}},"_links":{"self":[{"href":"http:\/\/www.wbamp.com\/pl\/wp-json\/wp\/v2\/pages\/3380","targetHints":{"allow":["GET"]}}],"collection":[{"href":"http:\/\/www.wbamp.com\/pl\/wp-json\/wp\/v2\/pages"}],"about":[{"href":"http:\/\/www.wbamp.com\/pl\/wp-json\/wp\/v2\/types\/page"}],"author":[{"embeddable":true,"href":"http:\/\/www.wbamp.com\/pl\/wp-json\/wp\/v2\/users\/1"}],"replies":[{"embeddable":true,"href":"http:\/\/www.wbamp.com\/pl\/wp-json\/wp\/v2\/comments?post=3380"}],"version-history":[{"count":1,"href":"http:\/\/www.wbamp.com\/pl\/wp-json\/wp\/v2\/pages\/3380\/revisions"}],"predecessor-version":[{"id":4709,"href":"http:\/\/www.wbamp.com\/pl\/wp-json\/wp\/v2\/pages\/3380\/revisions\/4709"}],"wp:featuredmedia":[{"embeddable":true,"href":"http:\/\/www.wbamp.com\/pl\/wp-json\/wp\/v2\/media\/3149"}],"wp:attachment":[{"href":"http:\/\/www.wbamp.com\/pl\/wp-json\/wp\/v2\/media?parent=3380"}],"curies":[{"name":"wp","href":"https:\/\/api.w.org\/{rel}","templated":true}]}}