{"id":3374,"date":"2018-03-20T21:45:51","date_gmt":"2018-03-20T21:45:51","guid":{"rendered":"http:\/\/wbamp.com\/custom-shop\/"},"modified":"2022-10-28T10:10:36","modified_gmt":"2022-10-28T10:10:36","slug":"custom-shop","status":"publish","type":"page","link":"http:\/\/www.wbamp.com\/pl\/custom-shop\/","title":{"rendered":"Custom Shop"},"content":{"rendered":"<p>[et_pb_section fb_built=&#8221;1&#8243; _builder_version=&#8221;3.22&#8243; background_image=&#8221;http:\/\/wbamp.com\/wp-content\/uploads\/photo-tube-amps-light.jpg&#8221; parallax=&#8221;on&#8221; parallax_method=&#8221;off&#8221; animation_style=&#8221;fade&#8221; animation_duration=&#8221;500ms&#8221;][et_pb_row module_class=&#8221;strong-shadow  header-lined&#8221; _builder_version=&#8221;3.25&#8243; background_color=&#8221;#ffffff&#8221; custom_padding=&#8221;40px|||&#8221;][et_pb_column type=&#8221;4_4&#8243; _builder_version=&#8221;3.25&#8243; background_position=&#8221;top_left&#8221; custom_padding=&#8221;|||&#8221; custom_padding__hover=&#8221;|||&#8221;][et_pb_text admin_label=&#8221;Custom Shop&#8221; _builder_version=&#8221;3.27.4&#8243; text_font_size=&#8221;22&#8243; text_orientation=&#8221;center&#8221; module_alignment=&#8221;center&#8221; border_style=&#8221;solid&#8221;]<\/p>\n<h1>Custom Shop<\/h1>\n<p>[\/et_pb_text][\/et_pb_column][\/et_pb_row][et_pb_row module_class=&#8221;strong-shadow&#8221; _builder_version=&#8221;3.25&#8243; background_color=&#8221;#ffffff&#8221; custom_padding=&#8221;20px|40px|0px|40px&#8221; width_unit=&#8221;off&#8221; custom_width_percent=&#8221;70%&#8221;][et_pb_column type=&#8221;4_4&#8243; _builder_version=&#8221;3.25&#8243; background_position=&#8221;top_left&#8221; custom_padding=&#8221;|||&#8221; custom_padding__hover=&#8221;|||&#8221;][et_pb_text _builder_version=&#8221;3.27.4&#8243;]W ofercie White Bird Amplification poza modelami w podstawowych konfiguracjach znajduje si\u0119 tak\u017ce pozycja, kt\u00f3r\u0105 okre\u015blamy jako Custom Shop.<br \/>\n[\/et_pb_text][\/et_pb_column][\/et_pb_row][et_pb_row column_structure=&#8221;2_3,1_3&#8243; module_class=&#8221;strong-shadow&#8221; _builder_version=&#8221;3.25&#8243; background_color=&#8221;#ffffff&#8221; custom_padding=&#8221;20px|40px|40px|40px&#8221;][et_pb_column type=&#8221;2_3&#8243; _builder_version=&#8221;3.25&#8243; background_position=&#8221;top_left&#8221; custom_padding=&#8221;|||&#8221; custom_padding__hover=&#8221;|||&#8221;][et_pb_text _builder_version=&#8221;3.27.4&#8243;]Klient mo\u017ce samodzielnie konfigurowa\u0107 zamawiane u nas urz\u0105dzenia. Do dyspozycji s\u0105 r\u00f3\u017cnego rodzaju podzespo\u0142y, rodzaj i liczba wej\u015b\u0107 oraz wyj\u015b\u0107, typ sterowania g\u0142o\u015bno\u015bci\u0105, rodzaj z\u0142\u0105cz, lamp czy nawet wykonanie tabliczki znamionowej z tre\u015bci\u0105 zaproponowan\u0105 przez klienta. Custom Shop zak\u0142ada tak\u017ce mo\u017cliwo\u015b\u0107 wykonania od podstaw urz\u0105dze\u0144 audio w technologii lampowej lub hybrydowej zupe\u0142nie innych ni\u017c modele proponowane w aktualnej ofercie firmy. Jako konstruktorzy i projektanci jeste\u015bmy otwarci na oryginalne pomys\u0142y swoich klient\u00f3w i zawsze ch\u0119tni do dialogu w temacie podejmowania nowych wyzwa\u0144. Je\u015bli chodzi o projekty specjalne prosimy o kontakt mailowy lub telefoniczny. Zlecenia tego typu b\u0119d\u0105 omawiane zawsze indywidualnie. Nie wykluczamy, \u017ce modele stworzone jako Custom Shop pojawi\u0105 si\u0119 w sta\u0142ej ofercie urz\u0105dze\u0144 WBA.<br \/>\n[\/et_pb_text][\/et_pb_column][et_pb_column type=&#8221;1_3&#8243; _builder_version=&#8221;3.25&#8243; background_position=&#8221;top_left&#8221; custom_padding=&#8221;|||&#8221; custom_padding__hover=&#8221;|||&#8221;][et_pb_image src=&#8221;http:\/\/wbamp.com\/wp-content\/uploads\/Custom-Shop-Resistors.jpg&#8221; align=&#8221;center&#8221; align_tablet=&#8221;center&#8221; align_phone=&#8221;&#8221; align_last_edited=&#8221;on|desktop&#8221; _builder_version=&#8221;3.23&#8243; animation_style=&#8221;slide&#8221; animation_direction=&#8221;left&#8221; animation_duration=&#8221;500ms&#8221; animation_intensity_slide=&#8221;10%&#8221; border_width_all=&#8221;5px&#8221; border_color_all=&#8221;#f2f2f2&#8243; use_border_color=&#8221;on&#8221; always_center_on_mobile=&#8221;on&#8221;][\/et_pb_image][\/et_pb_column][\/et_pb_row][et_pb_row module_class=&#8221;strong-shadow&#8221; _builder_version=&#8221;3.25&#8243; background_color=&#8221;#ffffff&#8221; custom_padding=&#8221;40px|40px|40px|40px&#8221;][et_pb_column type=&#8221;4_4&#8243; _builder_version=&#8221;3.25&#8243; custom_padding=&#8221;|||&#8221; custom_padding__hover=&#8221;|||&#8221;][et_pb_text _builder_version=&#8221;3.27.4&#8243;]<\/p>\n<p>Kontakt dost\u0119pny jest tak\u017ce pod numerem telefonu 608 728 660 od godziny 15:00 do 20:00 lub e-mailem: <a href=\"mailto:info@wbamp.com\">info@wbamp.com<\/a><\/p>\n<p>[\/et_pb_text][\/et_pb_column][\/et_pb_row][\/et_pb_section]<\/p>\n","protected":false},"excerpt":{"rendered":"<p>Custom Shop W ofercie White Bird Amplification poza modelami w podstawowych konfiguracjach znajduje si\u0119 tak\u017ce pozycja, kt\u00f3r\u0105 okre\u015blamy jako Custom Shop. Klient mo\u017ce samodzielnie konfigurowa\u0107 zamawiane u nas urz\u0105dzenia. Do dyspozycji s\u0105 r\u00f3\u017cnego rodzaju podzespo\u0142y, rodzaj i liczba wej\u015b\u0107 oraz wyj\u015b\u0107, typ sterowania g\u0142o\u015bno\u015bci\u0105, rodzaj z\u0142\u0105cz, lamp czy nawet wykonanie tabliczki znamionowej z tre\u015bci\u0105 zaproponowan\u0105 przez klienta. Custom Shop zak\u0142ada tak\u017ce mo\u017cliwo\u015b\u0107 wykonania od podstaw urz\u0105dze\u0144 audio w technologii lampowej lub hybrydowej zupe\u0142nie innych ni\u017c modele proponowane w aktualnej ofercie firmy. Jako konstruktorzy i projektanci jeste\u015bmy otwarci na oryginalne pomys\u0142y swoich klient\u00f3w i zawsze ch\u0119tni do dialogu w temacie podejmowania nowych wyzwa\u0144. Je\u015bli chodzi o projekty specjalne prosimy o kontakt mailowy lub telefoniczny. Zlecenia tego typu b\u0119d\u0105 omawiane zawsze indywidualnie. Nie wykluczamy, \u017ce modele stworzone jako Custom Shop pojawi\u0105 si\u0119 w sta\u0142ej ofercie urz\u0105dze\u0144 WBA. Kontakt dost\u0119pny jest tak\u017ce pod numerem telefonu 608 728 660 od godziny 15:00 do 20:00 lub e-mailem: info@wbamp.com<\/p>\n","protected":false},"author":1,"featured_media":0,"parent":0,"menu_order":0,"comment_status":"closed","ping_status":"closed","template":"","meta":{"_et_pb_use_builder":"on","_et_pb_old_content":"","_et_gb_content_width":"","footnotes":""},"class_list":["post-3374","page","type-page","status-publish","hentry"],"yoast_head":"<!-- This site is optimized with the Yoast SEO plugin v25.3.1 - https:\/\/yoast.com\/wordpress\/plugins\/seo\/ -->\n<title>Custom Shop - White Bird Amplification<\/title>\n<meta name=\"robots\" content=\"index, follow, max-snippet:-1, max-image-preview:large, max-video-preview:-1\" \/>\n<link rel=\"canonical\" href=\"https:\/\/www.wbamp.com\/pl\/custom-shop\/\" \/>\n<meta property=\"og:locale\" content=\"pl_PL\" \/>\n<meta property=\"og:type\" content=\"article\" \/>\n<meta property=\"og:title\" content=\"Custom Shop - White Bird Amplification\" \/>\n<meta property=\"og:description\" content=\"Custom Shop W ofercie White Bird Amplification poza modelami w podstawowych konfiguracjach znajduje si\u0119 tak\u017ce pozycja, kt\u00f3r\u0105 okre\u015blamy jako Custom Shop. Klient mo\u017ce samodzielnie konfigurowa\u0107 zamawiane u nas urz\u0105dzenia. Do dyspozycji s\u0105 r\u00f3\u017cnego rodzaju podzespo\u0142y, rodzaj i liczba wej\u015b\u0107 oraz wyj\u015b\u0107, typ sterowania g\u0142o\u015bno\u015bci\u0105, rodzaj z\u0142\u0105cz, lamp czy nawet wykonanie tabliczki znamionowej z tre\u015bci\u0105 zaproponowan\u0105 przez klienta. Custom Shop zak\u0142ada tak\u017ce mo\u017cliwo\u015b\u0107 wykonania od podstaw urz\u0105dze\u0144 audio w technologii lampowej lub hybrydowej zupe\u0142nie innych ni\u017c modele proponowane w aktualnej ofercie firmy. Jako konstruktorzy i projektanci jeste\u015bmy otwarci na oryginalne pomys\u0142y swoich klient\u00f3w i zawsze ch\u0119tni do dialogu w temacie podejmowania nowych wyzwa\u0144. Je\u015bli chodzi o projekty specjalne prosimy o kontakt mailowy lub telefoniczny. Zlecenia tego typu b\u0119d\u0105 omawiane zawsze indywidualnie. Nie wykluczamy, \u017ce modele stworzone jako Custom Shop pojawi\u0105 si\u0119 w sta\u0142ej ofercie urz\u0105dze\u0144 WBA. Kontakt dost\u0119pny jest tak\u017ce pod numerem telefonu 608 728 660 od godziny 15:00 do 20:00 lub e-mailem: info@wbamp.com\" \/>\n<meta property=\"og:url\" content=\"https:\/\/www.wbamp.com\/pl\/custom-shop\/\" \/>\n<meta property=\"og:site_name\" content=\"White Bird Amplification\" \/>\n<meta property=\"article:modified_time\" content=\"2022-10-28T10:10:36+00:00\" \/>\n<meta name=\"twitter:card\" content=\"summary_large_image\" \/>\n<meta name=\"twitter:label1\" content=\"Szacowany czas czytania\" \/>\n\t<meta name=\"twitter:data1\" content=\"2 minuty\" \/>\n<script type=\"application\/ld+json\" class=\"yoast-schema-graph\">{\"@context\":\"https:\/\/schema.org\",\"@graph\":[{\"@type\":\"WebPage\",\"@id\":\"https:\/\/www.wbamp.com\/pl\/custom-shop\/\",\"url\":\"https:\/\/www.wbamp.com\/pl\/custom-shop\/\",\"name\":\"Custom Shop - White Bird Amplification\",\"isPartOf\":{\"@id\":\"https:\/\/www.wbamp.com\/#website\"},\"datePublished\":\"2018-03-20T21:45:51+00:00\",\"dateModified\":\"2022-10-28T10:10:36+00:00\",\"breadcrumb\":{\"@id\":\"https:\/\/www.wbamp.com\/pl\/custom-shop\/#breadcrumb\"},\"inLanguage\":\"pl-PL\",\"potentialAction\":[{\"@type\":\"ReadAction\",\"target\":[\"https:\/\/www.wbamp.com\/pl\/custom-shop\/\"]}]},{\"@type\":\"BreadcrumbList\",\"@id\":\"https:\/\/www.wbamp.com\/pl\/custom-shop\/#breadcrumb\",\"itemListElement\":[{\"@type\":\"ListItem\",\"position\":1,\"name\":\"Home\",\"item\":\"https:\/\/www.wbamp.com\/pl\/\"},{\"@type\":\"ListItem\",\"position\":2,\"name\":\"Custom Shop\"}]},{\"@type\":\"WebSite\",\"@id\":\"https:\/\/www.wbamp.com\/#website\",\"url\":\"https:\/\/www.wbamp.com\/\",\"name\":\"White Bird Amplification\",\"description\":\"Tube Amplifiers and Preamplifiers\",\"potentialAction\":[{\"@type\":\"SearchAction\",\"target\":{\"@type\":\"EntryPoint\",\"urlTemplate\":\"https:\/\/www.wbamp.com\/?s={search_term_string}\"},\"query-input\":{\"@type\":\"PropertyValueSpecification\",\"valueRequired\":true,\"valueName\":\"search_term_string\"}}],\"inLanguage\":\"pl-PL\"}]}<\/script>\n<!-- \/ Yoast SEO plugin. -->","yoast_head_json":{"title":"Custom Shop - White Bird Amplification","robots":{"index":"index","follow":"follow","max-snippet":"max-snippet:-1","max-image-preview":"max-image-preview:large","max-video-preview":"max-video-preview:-1"},"canonical":"https:\/\/www.wbamp.com\/pl\/custom-shop\/","og_locale":"pl_PL","og_type":"article","og_title":"Custom Shop - White Bird Amplification","og_description":"Custom Shop W ofercie White Bird Amplification poza modelami w podstawowych konfiguracjach znajduje si\u0119 tak\u017ce pozycja, kt\u00f3r\u0105 okre\u015blamy jako Custom Shop. Klient mo\u017ce samodzielnie konfigurowa\u0107 zamawiane u nas urz\u0105dzenia. Do dyspozycji s\u0105 r\u00f3\u017cnego rodzaju podzespo\u0142y, rodzaj i liczba wej\u015b\u0107 oraz wyj\u015b\u0107, typ sterowania g\u0142o\u015bno\u015bci\u0105, rodzaj z\u0142\u0105cz, lamp czy nawet wykonanie tabliczki znamionowej z tre\u015bci\u0105 zaproponowan\u0105 przez klienta. Custom Shop zak\u0142ada tak\u017ce mo\u017cliwo\u015b\u0107 wykonania od podstaw urz\u0105dze\u0144 audio w technologii lampowej lub hybrydowej zupe\u0142nie innych ni\u017c modele proponowane w aktualnej ofercie firmy. Jako konstruktorzy i projektanci jeste\u015bmy otwarci na oryginalne pomys\u0142y swoich klient\u00f3w i zawsze ch\u0119tni do dialogu w temacie podejmowania nowych wyzwa\u0144. Je\u015bli chodzi o projekty specjalne prosimy o kontakt mailowy lub telefoniczny. Zlecenia tego typu b\u0119d\u0105 omawiane zawsze indywidualnie. Nie wykluczamy, \u017ce modele stworzone jako Custom Shop pojawi\u0105 si\u0119 w sta\u0142ej ofercie urz\u0105dze\u0144 WBA. Kontakt dost\u0119pny jest tak\u017ce pod numerem telefonu 608 728 660 od godziny 15:00 do 20:00 lub e-mailem: info@wbamp.com","og_url":"https:\/\/www.wbamp.com\/pl\/custom-shop\/","og_site_name":"White Bird Amplification","article_modified_time":"2022-10-28T10:10:36+00:00","twitter_card":"summary_large_image","twitter_misc":{"Szacowany czas czytania":"2 minuty"},"schema":{"@context":"https:\/\/schema.org","@graph":[{"@type":"WebPage","@id":"https:\/\/www.wbamp.com\/pl\/custom-shop\/","url":"https:\/\/www.wbamp.com\/pl\/custom-shop\/","name":"Custom Shop - White Bird Amplification","isPartOf":{"@id":"https:\/\/www.wbamp.com\/#website"},"datePublished":"2018-03-20T21:45:51+00:00","dateModified":"2022-10-28T10:10:36+00:00","breadcrumb":{"@id":"https:\/\/www.wbamp.com\/pl\/custom-shop\/#breadcrumb"},"inLanguage":"pl-PL","potentialAction":[{"@type":"ReadAction","target":["https:\/\/www.wbamp.com\/pl\/custom-shop\/"]}]},{"@type":"BreadcrumbList","@id":"https:\/\/www.wbamp.com\/pl\/custom-shop\/#breadcrumb","itemListElement":[{"@type":"ListItem","position":1,"name":"Home","item":"https:\/\/www.wbamp.com\/pl\/"},{"@type":"ListItem","position":2,"name":"Custom Shop"}]},{"@type":"WebSite","@id":"https:\/\/www.wbamp.com\/#website","url":"https:\/\/www.wbamp.com\/","name":"White Bird Amplification","description":"Tube Amplifiers and Preamplifiers","potentialAction":[{"@type":"SearchAction","target":{"@type":"EntryPoint","urlTemplate":"https:\/\/www.wbamp.com\/?s={search_term_string}"},"query-input":{"@type":"PropertyValueSpecification","valueRequired":true,"valueName":"search_term_string"}}],"inLanguage":"pl-PL"}]}},"_links":{"self":[{"href":"http:\/\/www.wbamp.com\/pl\/wp-json\/wp\/v2\/pages\/3374","targetHints":{"allow":["GET"]}}],"collection":[{"href":"http:\/\/www.wbamp.com\/pl\/wp-json\/wp\/v2\/pages"}],"about":[{"href":"http:\/\/www.wbamp.com\/pl\/wp-json\/wp\/v2\/types\/page"}],"author":[{"embeddable":true,"href":"http:\/\/www.wbamp.com\/pl\/wp-json\/wp\/v2\/users\/1"}],"replies":[{"embeddable":true,"href":"http:\/\/www.wbamp.com\/pl\/wp-json\/wp\/v2\/comments?post=3374"}],"version-history":[{"count":0,"href":"http:\/\/www.wbamp.com\/pl\/wp-json\/wp\/v2\/pages\/3374\/revisions"}],"wp:attachment":[{"href":"http:\/\/www.wbamp.com\/pl\/wp-json\/wp\/v2\/media?parent=3374"}],"curies":[{"name":"wp","href":"https:\/\/api.w.org\/{rel}","templated":true}]}}