{"id":3368,"date":"2018-03-20T21:44:24","date_gmt":"2018-03-20T21:44:24","guid":{"rendered":"http:\/\/wbamp.com\/kontakt\/"},"modified":"2022-10-28T09:07:51","modified_gmt":"2022-10-28T09:07:51","slug":"kontakt","status":"publish","type":"page","link":"http:\/\/www.wbamp.com\/pl\/kontakt\/","title":{"rendered":"Kontakt"},"content":{"rendered":"<p>[et_pb_section fb_built=&#8221;1&#8243; fullwidth=&#8221;on&#8221; _builder_version=&#8221;3.22&#8243; animation_style=&#8221;fade&#8221; animation_duration=&#8221;500ms&#8221;][\/et_pb_section][et_pb_section fb_built=&#8221;1&#8243; _builder_version=&#8221;3.22&#8243; animation_style=&#8221;fade&#8221; animation_duration=&#8221;500ms&#8221;][et_pb_row _builder_version=&#8221;3.25&#8243; background_size=&#8221;initial&#8221; background_position=&#8221;top_left&#8221; background_repeat=&#8221;repeat&#8221; custom_margin=&#8221;0px|auto||auto||&#8221;][et_pb_column type=&#8221;4_4&#8243; _builder_version=&#8221;3.25&#8243; custom_padding=&#8221;|||&#8221; custom_padding__hover=&#8221;|||&#8221;][et_pb_text _builder_version=&#8221;3.27.4&#8243;]<\/p>\n<h3>Napisz do nas<\/h3>\n<p><span style=\"font-size: 14px; text-align: left;\">Zach\u0119camy do skontaktowania si\u0119 z nami w sprawie uzyskania dodatkowych informacji na temat produkt\u00f3w WBA oraz realizacji i sk\u0142adania zam\u00f3wie\u0144. <br \/>Bezpo\u015bredni kontakt z producentem zapewnia maksimum fachowego podej\u015bcia do klienta oraz gwarancj\u0119 rzetelno\u015bci.<\/span><\/p>\n<p>[\/et_pb_text][\/et_pb_column][\/et_pb_row][et_pb_row column_structure=&#8221;2_3,1_3&#8243; _builder_version=&#8221;3.25&#8243; background_size=&#8221;initial&#8221; background_position=&#8221;top_left&#8221; background_repeat=&#8221;repeat&#8221; custom_margin=&#8221;40px|auto||auto||&#8221; custom_padding=&#8221;0px|||||&#8221; min_height=&#8221;555px&#8221;][et_pb_column type=&#8221;2_3&#8243; _builder_version=&#8221;3.25&#8243; custom_padding=&#8221;|||&#8221; custom_padding__hover=&#8221;|||&#8221;][et_pb_text _builder_version=&#8221;3.27.4&#8243;]<\/p>\n<h3>Kontakt<\/h3>\n<p style=\"text-align: left !important;\"><strong style=\"font-size: 14px; text-align: justify;\">White Bird Amplification, Piotr Bocianek<\/strong><\/p>\n<p><strong>Address:<\/strong> Sikorskiego 12<\/p>\n<p>46-200 Kluczbork<\/p>\n<p><strong>Telefon:<\/strong> 608 728 660 <br \/>(od godziny 15:00 do 23:00)<\/p>\n<p><strong>Email:<\/strong> <a href=\"mailto:info@wbamp.com\">info@wbamp.com<\/a><\/p>\n<p><strong>Numer konta:<\/strong><\/p>\n<p>31 1050 1171 1000 0092 5379 3971<\/p>\n<p><strong>NIP:<\/strong> 7511738472<\/p>\n<p><strong>REGON:<\/strong> 160224994<\/p>\n<p>[\/et_pb_text][\/et_pb_column][et_pb_column type=&#8221;1_3&#8243; _builder_version=&#8221;3.25&#8243; custom_padding=&#8221;|||&#8221; custom_padding__hover=&#8221;|||&#8221;][et_pb_code _builder_version=&#8221;4.4.2&#8243;]<iframe src=\"https:\/\/www.google.com\/maps\/embed?pb=!1m14!1m8!1m3!1d10051.868686949518!2d18.2161919!3d50.9613112!3m2!1i1024!2i768!4f13.1!3m3!1m2!1s0x0%3A0x3ad9db6ed50cb953!2sWhite%20Bird%20Amplification!5e0!3m2!1spl!2spl!4v1663939597208!5m2!1spl!2spl\" width=\"100%\" height=\"450\" style=\"border:0;\" allowfullscreen=\"\" loading=\"lazy\" referrerpolicy=\"no-referrer-when-downgrade\"><\/iframe>[\/et_pb_code][\/et_pb_column][\/et_pb_row][\/et_pb_section]<\/p>\n","protected":false},"excerpt":{"rendered":"<p>Napisz do nas Zach\u0119camy do skontaktowania si\u0119 z nami w sprawie uzyskania dodatkowych informacji na temat produkt\u00f3w WBA oraz realizacji i sk\u0142adania zam\u00f3wie\u0144. Bezpo\u015bredni kontakt z producentem zapewnia maksimum fachowego podej\u015bcia do klienta oraz gwarancj\u0119 rzetelno\u015bci.Kontakt White Bird Amplification, Piotr Bocianek Address: Sikorskiego 12 46-200 Kluczbork Telefon: 608 728 660 (od godziny 15:00 do 23:00) Email: info@wbamp.com Numer konta: 31 1050 1171 1000 0092 5379 3971 NIP: 7511738472 REGON: 160224994<\/p>\n","protected":false},"author":1,"featured_media":0,"parent":0,"menu_order":0,"comment_status":"closed","ping_status":"closed","template":"","meta":{"_et_pb_use_builder":"on","_et_pb_old_content":"","_et_gb_content_width":"","footnotes":""},"class_list":["post-3368","page","type-page","status-publish","hentry"],"yoast_head":"<!-- This site is optimized with the Yoast SEO plugin v25.3.1 - https:\/\/yoast.com\/wordpress\/plugins\/seo\/ -->\n<title>Kontakt - White Bird Amplification<\/title>\n<meta name=\"robots\" content=\"index, follow, max-snippet:-1, max-image-preview:large, max-video-preview:-1\" \/>\n<link rel=\"canonical\" href=\"https:\/\/www.wbamp.com\/pl\/kontakt\/\" \/>\n<meta property=\"og:locale\" content=\"pl_PL\" \/>\n<meta property=\"og:type\" content=\"article\" \/>\n<meta property=\"og:title\" content=\"Kontakt - White Bird Amplification\" \/>\n<meta property=\"og:description\" content=\"Napisz do nas Zach\u0119camy do skontaktowania si\u0119 z nami w sprawie uzyskania dodatkowych informacji na temat produkt\u00f3w WBA oraz realizacji i sk\u0142adania zam\u00f3wie\u0144. Bezpo\u015bredni kontakt z producentem zapewnia maksimum fachowego podej\u015bcia do klienta oraz gwarancj\u0119 rzetelno\u015bci.Kontakt White Bird Amplification, Piotr Bocianek Address: Sikorskiego 12 46-200 Kluczbork Telefon: 608 728 660 (od godziny 15:00 do 23:00) Email: info@wbamp.com Numer konta: 31 1050 1171 1000 0092 5379 3971 NIP: 7511738472 REGON: 160224994\" \/>\n<meta property=\"og:url\" content=\"https:\/\/www.wbamp.com\/pl\/kontakt\/\" \/>\n<meta property=\"og:site_name\" content=\"White Bird Amplification\" \/>\n<meta property=\"article:modified_time\" content=\"2022-10-28T09:07:51+00:00\" \/>\n<meta name=\"twitter:card\" content=\"summary_large_image\" \/>\n<meta name=\"twitter:label1\" content=\"Szacowany czas czytania\" \/>\n\t<meta name=\"twitter:data1\" content=\"1 minuta\" \/>\n<script type=\"application\/ld+json\" class=\"yoast-schema-graph\">{\"@context\":\"https:\/\/schema.org\",\"@graph\":[{\"@type\":\"WebPage\",\"@id\":\"https:\/\/www.wbamp.com\/pl\/kontakt\/\",\"url\":\"https:\/\/www.wbamp.com\/pl\/kontakt\/\",\"name\":\"Kontakt - White Bird Amplification\",\"isPartOf\":{\"@id\":\"http:\/\/www.wbamp.com\/#website\"},\"datePublished\":\"2018-03-20T21:44:24+00:00\",\"dateModified\":\"2022-10-28T09:07:51+00:00\",\"breadcrumb\":{\"@id\":\"https:\/\/www.wbamp.com\/pl\/kontakt\/#breadcrumb\"},\"inLanguage\":\"pl-PL\",\"potentialAction\":[{\"@type\":\"ReadAction\",\"target\":[\"https:\/\/www.wbamp.com\/pl\/kontakt\/\"]}]},{\"@type\":\"BreadcrumbList\",\"@id\":\"https:\/\/www.wbamp.com\/pl\/kontakt\/#breadcrumb\",\"itemListElement\":[{\"@type\":\"ListItem\",\"position\":1,\"name\":\"Home\",\"item\":\"https:\/\/www.wbamp.com\/pl\/\"},{\"@type\":\"ListItem\",\"position\":2,\"name\":\"Kontakt\"}]},{\"@type\":\"WebSite\",\"@id\":\"http:\/\/www.wbamp.com\/#website\",\"url\":\"http:\/\/www.wbamp.com\/\",\"name\":\"White Bird Amplification\",\"description\":\"Tube Amplifiers and Preamplifiers\",\"potentialAction\":[{\"@type\":\"SearchAction\",\"target\":{\"@type\":\"EntryPoint\",\"urlTemplate\":\"http:\/\/www.wbamp.com\/?s={search_term_string}\"},\"query-input\":{\"@type\":\"PropertyValueSpecification\",\"valueRequired\":true,\"valueName\":\"search_term_string\"}}],\"inLanguage\":\"pl-PL\"}]}<\/script>\n<!-- \/ Yoast SEO plugin. -->","yoast_head_json":{"title":"Kontakt - White Bird Amplification","robots":{"index":"index","follow":"follow","max-snippet":"max-snippet:-1","max-image-preview":"max-image-preview:large","max-video-preview":"max-video-preview:-1"},"canonical":"https:\/\/www.wbamp.com\/pl\/kontakt\/","og_locale":"pl_PL","og_type":"article","og_title":"Kontakt - White Bird Amplification","og_description":"Napisz do nas Zach\u0119camy do skontaktowania si\u0119 z nami w sprawie uzyskania dodatkowych informacji na temat produkt\u00f3w WBA oraz realizacji i sk\u0142adania zam\u00f3wie\u0144. Bezpo\u015bredni kontakt z producentem zapewnia maksimum fachowego podej\u015bcia do klienta oraz gwarancj\u0119 rzetelno\u015bci.Kontakt White Bird Amplification, Piotr Bocianek Address: Sikorskiego 12 46-200 Kluczbork Telefon: 608 728 660 (od godziny 15:00 do 23:00) Email: info@wbamp.com Numer konta: 31 1050 1171 1000 0092 5379 3971 NIP: 7511738472 REGON: 160224994","og_url":"https:\/\/www.wbamp.com\/pl\/kontakt\/","og_site_name":"White Bird Amplification","article_modified_time":"2022-10-28T09:07:51+00:00","twitter_card":"summary_large_image","twitter_misc":{"Szacowany czas czytania":"1 minuta"},"schema":{"@context":"https:\/\/schema.org","@graph":[{"@type":"WebPage","@id":"https:\/\/www.wbamp.com\/pl\/kontakt\/","url":"https:\/\/www.wbamp.com\/pl\/kontakt\/","name":"Kontakt - White Bird Amplification","isPartOf":{"@id":"http:\/\/www.wbamp.com\/#website"},"datePublished":"2018-03-20T21:44:24+00:00","dateModified":"2022-10-28T09:07:51+00:00","breadcrumb":{"@id":"https:\/\/www.wbamp.com\/pl\/kontakt\/#breadcrumb"},"inLanguage":"pl-PL","potentialAction":[{"@type":"ReadAction","target":["https:\/\/www.wbamp.com\/pl\/kontakt\/"]}]},{"@type":"BreadcrumbList","@id":"https:\/\/www.wbamp.com\/pl\/kontakt\/#breadcrumb","itemListElement":[{"@type":"ListItem","position":1,"name":"Home","item":"https:\/\/www.wbamp.com\/pl\/"},{"@type":"ListItem","position":2,"name":"Kontakt"}]},{"@type":"WebSite","@id":"http:\/\/www.wbamp.com\/#website","url":"http:\/\/www.wbamp.com\/","name":"White Bird Amplification","description":"Tube Amplifiers and Preamplifiers","potentialAction":[{"@type":"SearchAction","target":{"@type":"EntryPoint","urlTemplate":"http:\/\/www.wbamp.com\/?s={search_term_string}"},"query-input":{"@type":"PropertyValueSpecification","valueRequired":true,"valueName":"search_term_string"}}],"inLanguage":"pl-PL"}]}},"_links":{"self":[{"href":"http:\/\/www.wbamp.com\/pl\/wp-json\/wp\/v2\/pages\/3368","targetHints":{"allow":["GET"]}}],"collection":[{"href":"http:\/\/www.wbamp.com\/pl\/wp-json\/wp\/v2\/pages"}],"about":[{"href":"http:\/\/www.wbamp.com\/pl\/wp-json\/wp\/v2\/types\/page"}],"author":[{"embeddable":true,"href":"http:\/\/www.wbamp.com\/pl\/wp-json\/wp\/v2\/users\/1"}],"replies":[{"embeddable":true,"href":"http:\/\/www.wbamp.com\/pl\/wp-json\/wp\/v2\/comments?post=3368"}],"version-history":[{"count":0,"href":"http:\/\/www.wbamp.com\/pl\/wp-json\/wp\/v2\/pages\/3368\/revisions"}],"wp:attachment":[{"href":"http:\/\/www.wbamp.com\/pl\/wp-json\/wp\/v2\/media?parent=3368"}],"curies":[{"name":"wp","href":"https:\/\/api.w.org\/{rel}","templated":true}]}}